{"id":1431,"date":"2023-03-08T10:39:32","date_gmt":"2023-03-08T10:39:32","guid":{"rendered":"https:\/\/puzzle3d.co\/product\/pasare-puzzle-3d-mecanic-copy\/"},"modified":"2026-01-02T05:29:01","modified_gmt":"2026-01-02T05:29:01","slug":"drewniana-mechaniczna-ukladanka-triceratops","status":"publish","type":"product","link":"https:\/\/puzzle3d.co\/pl\/prodotto\/triceratopo-puzzle-meccanico-in-legno\/","title":{"rendered":"Drewniany model mechaniczny dinozaura Triceratops - 283 elementy"},"content":{"rendered":"<div>\n<p><strong>Drewniany mechaniczny model dinozaura Triceratops<\/strong> \u2013 <strong>283 sztuk<\/strong><\/p>\n<div><\/div>\n<\/div>\n<div>\n<div>\n<div>Oko\u0142o 65-68 milion\u00f3w lat temu gatunek ro\u015blino\u017cernego dinozaura z trzema rogami na pysku - triceratops - nadal \u017cy\u0142 na kontynencie p\u00f3\u0142nocnoameryka\u0144skim.<\/div>\n<div><\/div>\n<div>Przyczyna wygini\u0119cia dinozaur\u00f3w jest badana od ponad 100 lat. Istniej\u0105 tylko hipotezy, takie jak infekcje ko\u015bci, problemy genetyczne, asteroida, kt\u00f3ra uderzy\u0142a w Ziemi\u0119 65 milion\u00f3w lat temu lub pot\u0119\u017cna erupcja wulkanu.<\/div>\n<div><\/div>\n<div>Nawet dzi\u015b dinozaury nadal interesuj\u0105 zar\u00f3wno dzieci, jak i doros\u0142ych.<\/div>\n<div>Teraz masz mo\u017cliwo\u015b\u0107 samodzielnego z\u0142o\u017cenia i uruchomienia go.<\/div>\n<div><\/div>\n<div>Tw\u00f3j prehistoryczny przyjaciel mo\u017ce porusza\u0107 g\u0142ow\u0105, ogonem i nogami.<\/div>\n<div><\/div>\n<div>Projektanci dok\u0142adnie przestudiowali anatomi\u0119 i upewnili si\u0119, \u017ce wszystkie stawy i ruchy przypominaj\u0105 te, kt\u00f3re wykonuje prawdziwy triceratops.<\/div>\n<div><\/div>\n<div><\/div>\n<div><strong>SZCZEG\u00d3\u0141Y PRODUKTU:<\/strong><\/div>\n<div>Wymiary modelu: 320*160*105 mm<\/div>\n<div>Wymiary opakowania: 245*188*33 mm<\/div>\n<div>Liczba sztuk: 283<\/div>\n<\/div>\n<div><\/div>\n<\/div>","protected":false},"excerpt":{"rendered":"<div>Nawet dzi\u015b dinozaury nadal interesuj\u0105 zar\u00f3wno dzieci, jak i doros\u0142ych.<br \/>\nTeraz masz mo\u017cliwo\u015b\u0107 samodzielnego z\u0142o\u017cenia i uruchomienia go.<\/div>\n<p>&nbsp;<\/p>","protected":false},"featured_media":1437,"comment_status":"open","ping_status":"closed","template":"","meta":[],"product_brand":[],"product_cat":[73,88,74,76,89,90,91],"product_tag":[],"woo-feed-brand":[],"class_list":{"0":"post-1431","1":"product","2":"type-product","3":"status-publish","4":"has-post-thumbnail","6":"product_cat-puzzle-3d","7":"product_cat-puzzle-3d-adulti","8":"product_cat-puzzle-3d-in-legno","9":"product_cat-puzzle-3d-per-bambini","10":"product_cat-puzzle-meccanici-3d-in-legno","11":"product_cat-puzzle-meccanici-per-bambini","12":"product_cat-puzzle-meccanici-per-adulti","14":"first","15":"outofstock","16":"shipping-taxable","17":"purchasable","18":"product-type-simple"},"_links":{"self":[{"href":"https:\/\/puzzle3d.co\/pl\/wp-json\/wp\/v2\/product\/1431","targetHints":{"allow":["GET"]}}],"collection":[{"href":"https:\/\/puzzle3d.co\/pl\/wp-json\/wp\/v2\/product"}],"about":[{"href":"https:\/\/puzzle3d.co\/pl\/wp-json\/wp\/v2\/types\/product"}],"replies":[{"embeddable":true,"href":"https:\/\/puzzle3d.co\/pl\/wp-json\/wp\/v2\/comments?post=1431"}],"wp:featuredmedia":[{"embeddable":true,"href":"https:\/\/puzzle3d.co\/pl\/wp-json\/wp\/v2\/media\/1437"}],"wp:attachment":[{"href":"https:\/\/puzzle3d.co\/pl\/wp-json\/wp\/v2\/media?parent=1431"}],"wp:term":[{"taxonomy":"product_brand","embeddable":true,"href":"https:\/\/puzzle3d.co\/pl\/wp-json\/wp\/v2\/product_brand?post=1431"},{"taxonomy":"product_cat","embeddable":true,"href":"https:\/\/puzzle3d.co\/pl\/wp-json\/wp\/v2\/product_cat?post=1431"},{"taxonomy":"product_tag","embeddable":true,"href":"https:\/\/puzzle3d.co\/pl\/wp-json\/wp\/v2\/product_tag?post=1431"},{"taxonomy":"woo-feed-brand","embeddable":true,"href":"https:\/\/puzzle3d.co\/pl\/wp-json\/wp\/v2\/woo-feed-brand?post=1431"}],"curies":[{"name":"wp","href":"https:\/\/api.w.org\/{rel}","templated":true}]}}