{"id":1423,"date":"2023-03-08T09:40:19","date_gmt":"2023-03-08T09:40:19","guid":{"rendered":"https:\/\/puzzle3d.co\/product\/retro-car-puzzle-3d-mecanic-copy\/"},"modified":"2026-01-02T05:29:01","modified_gmt":"2026-01-02T05:29:01","slug":"drewniana-mechaniczna-ukladanka-ptak","status":"publish","type":"product","link":"https:\/\/puzzle3d.co\/pl\/prodotto\/uccello-puzzle-meccanico-in-legno\/","title":{"rendered":"Uccello Pude\u0142ko na Wyka\u0142aczki Drewniane \u2013 37 sztuk"},"content":{"rendered":"<p><strong>Ptak - Drewniane pude\u0142ko na wyka\u0142aczki - 37 sztuk<\/strong><\/p>\n<div>\n<div>Ma\u0142e szczeg\u00f3\u0142y robi\u0105 wielk\u0105 r\u00f3\u017cnic\u0119!<\/div>\n<div><\/div>\n<div>Dlaczego lubimy wybiera\u0107 najpi\u0119kniejsze pojemniki na kaw\u0119 i herbat\u0119?<\/div>\n<div>Poniewa\u017c zachwyca nasze oczy i nasz\u0105 dusz\u0119. Postaw na oryginalno\u015b\u0107 w kuchni i na stole dzi\u0119ki specjalnemu pude\u0142ku na wyka\u0142aczki, ozdobionemu ptaszkiem. Mo\u017cna w nim r\u00f3wnie\u017c przechowywa\u0107 inne drobne przedmioty, takie jak pier\u015bcionki, monety czy mi\u0142osne notatki.<\/div>\n<div><\/div>\n<div>Mo\u017cna pozostawi\u0107 go w kolorze drewna lub pomalowa\u0107, aby pasowa\u0142 do wystroju domu. Wiosn\u0105 mo\u017cna j\u0105 umie\u015bci\u0107 na tarasie.<\/div>\n<div>Tak, nie mo\u017cna zrobi\u0107 wiosny tylko z jednym ptakiem, ale dzi\u0119ki tej wspania\u0142ej uk\u0142adance mo\u017cesz stworzy\u0107 pi\u0119kny obiekt, kt\u00f3ry sprawi, \u017ce poczujesz wiosn\u0119 za ka\u017cdym razem, gdy go podziwiasz. Prawdopodobnie najbardziej odpowiedni prezent dla wszystkich matek i bab\u0107, kt\u00f3rych dzieci doros\u0142y i wyfrun\u0119\u0142y z gniazda...<\/div>\n<div><\/div>\n<div><strong>SZCZEG\u00d3\u0141Y PRODUKTU:<\/strong><\/div>\n<div>Wymiary modelu: 125*80*140 mm<\/div>\n<div>Wymiary opakowania: 190 x 123 x 19 mm<\/div>\n<div>Liczba sztuk: 38<\/div>\n<\/div>","protected":false},"excerpt":{"rendered":"<div>Postaw na oryginalno\u015b\u0107 w kuchni i na stole dzi\u0119ki specjalnemu pude\u0142ku na wyka\u0142aczki, ozdobionemu ptaszkiem.<\/div>\n<p>&nbsp;<\/p>","protected":false},"featured_media":1427,"comment_status":"open","ping_status":"closed","template":"","meta":[],"product_brand":[],"product_cat":[73,88,74,76,89,90,91],"product_tag":[],"woo-feed-brand":[],"class_list":{"0":"post-1423","1":"product","2":"type-product","3":"status-publish","4":"has-post-thumbnail","6":"product_cat-puzzle-3d","7":"product_cat-puzzle-3d-adulti","8":"product_cat-puzzle-3d-in-legno","9":"product_cat-puzzle-3d-per-bambini","10":"product_cat-puzzle-meccanici-3d-in-legno","11":"product_cat-puzzle-meccanici-per-bambini","12":"product_cat-puzzle-meccanici-per-adulti","14":"first","15":"instock","16":"shipping-taxable","17":"purchasable","18":"product-type-simple"},"_links":{"self":[{"href":"https:\/\/puzzle3d.co\/pl\/wp-json\/wp\/v2\/product\/1423","targetHints":{"allow":["GET"]}}],"collection":[{"href":"https:\/\/puzzle3d.co\/pl\/wp-json\/wp\/v2\/product"}],"about":[{"href":"https:\/\/puzzle3d.co\/pl\/wp-json\/wp\/v2\/types\/product"}],"replies":[{"embeddable":true,"href":"https:\/\/puzzle3d.co\/pl\/wp-json\/wp\/v2\/comments?post=1423"}],"wp:featuredmedia":[{"embeddable":true,"href":"https:\/\/puzzle3d.co\/pl\/wp-json\/wp\/v2\/media\/1427"}],"wp:attachment":[{"href":"https:\/\/puzzle3d.co\/pl\/wp-json\/wp\/v2\/media?parent=1423"}],"wp:term":[{"taxonomy":"product_brand","embeddable":true,"href":"https:\/\/puzzle3d.co\/pl\/wp-json\/wp\/v2\/product_brand?post=1423"},{"taxonomy":"product_cat","embeddable":true,"href":"https:\/\/puzzle3d.co\/pl\/wp-json\/wp\/v2\/product_cat?post=1423"},{"taxonomy":"product_tag","embeddable":true,"href":"https:\/\/puzzle3d.co\/pl\/wp-json\/wp\/v2\/product_tag?post=1423"},{"taxonomy":"woo-feed-brand","embeddable":true,"href":"https:\/\/puzzle3d.co\/pl\/wp-json\/wp\/v2\/woo-feed-brand?post=1423"}],"curies":[{"name":"wp","href":"https:\/\/api.w.org\/{rel}","templated":true}]}}