{"id":1184,"date":"2023-02-06T10:42:01","date_gmt":"2023-02-06T10:42:01","guid":{"rendered":"https:\/\/puzzle3d.co\/product\/locomotiva-puzzle-3d-mecanic-copy\/"},"modified":"2026-03-27T20:03:28","modified_gmt":"2026-03-27T20:03:28","slug":"modelarstwo-samochodowe-retro-mechaniczne","status":"publish","type":"product","link":"https:\/\/puzzle3d.co\/pl\/prodotto\/modellismo-auto-retro-meccanico\/","title":{"rendered":"Modelarstwo Samoch\u00f3d retro mechaniczny z drewna, 315 element\u00f3w"},"content":{"rendered":"<div>\n<p><strong>Modelarstwo Samoch\u00f3d retro mechaniczny z drewna, 315 element\u00f3w<\/strong><\/p>\n<div>Chocia\u017c \u017cyjemy w erze pr\u0119dko\u015bci, w kt\u00f3rej mocne samochody s\u0105 coraz bardziej poszukiwane, z pewno\u015bci\u0105 nikt nie odm\u00f3wi\u0142by podr\u00f3\u017cy samochodem retro.<\/div>\n<\/div>\n<div>\n<div>\n<div><\/div>\n<div>Na co zwracasz uwag\u0119, gdy masz okazj\u0119 podziwia\u0107 wystaw\u0119 samochod\u00f3w retro?<\/div>\n<div><\/div>\n<div>Wyrafinowane detale, eleganckie dodatki, funkcje niespotykane w dzisiejszych modelach - wszystko to sprawia, \u017ce na klasyczny samoch\u00f3d patrzy si\u0119 nieco d\u0142u\u017cej.<\/div>\n<div><\/div>\n<div>Uwielbiany przez dzieci, doros\u0142ych i osoby starsze, samoch\u00f3d retro pozostaje uniwersalnym symbolem motoryzacyjnej historii i pi\u0119kna, obejmuj\u0105cym pokolenia i zyskuj\u0105cym coraz wi\u0119ksz\u0105 popularno\u015b\u0107.<\/div>\n<div><\/div>\n<div>Zapraszamy w podr\u00f3\u017c do przesz\u0142o\u015bci z absolutnie osza\u0142amiaj\u0105cym modelem vintage.<\/div>\n<div><\/div>\n<div>Nie wiem nawet, co b\u0119dzie bardziej ekscytuj\u0105ce: monta\u017c ponad 300 element\u00f3w uk\u0142adanki, kt\u00f3ry zajmie ci prawie 8 godzin, czy produkt ko\u0144cowy, kt\u00f3ry \"oczaruje\" ci\u0119 jak wy\u015bmienite wino. To b\u0119dzie niezapomniane do\u015bwiadczenie!<\/div>\n<div><\/div>\n<div>Mechanizm rozrusznika jest enigmatycznie ukryty w bocznym kole zapasowym. Otw\u00f3rz szeroko drzwi i usi\u0105d\u017a wygodnie. Obr\u00f3\u0107 kierownic\u0119 w prawo, a ko\u0142a skr\u0119c\u0105 w tym samym kierunku. Masz jeszcze wolne miejsce obok siebie, kto b\u0119dzie Ci towarzyszy\u0142 w historycznej podr\u00f3\u017cy?<\/div>\n<div><\/div>\n<div><\/div>\n<div>Samoch\u00f3d retro to \u015bwietny prezent dla wszystkich fan\u00f3w motoryzacji, historii, podr\u00f3\u017cy, kolekcjoner\u00f3w i najlepszych przyjaci\u00f3\u0142, niezale\u017cnie od wieku.<\/div>\n<div><\/div>\n<div>Drewno, z kt\u00f3rego wykonany jest samoch\u00f3d, nadaje mu odrobin\u0119 luksusu i trwa\u0142o\u015bci. Mo\u017cemy szczerze powiedzie\u0107, \u017ce jest to inwestycja w przedmiot drogi duszy.<\/div>\n<div><\/div>\n<div>Kup teraz w\u0142asny klasyczny samoch\u00f3d, z\u0142\u00f3\u017c go w\u0142asnymi r\u0119kami, a z czasem b\u0119dzie on coraz bardziej warto\u015bciowy.<\/div>\n<div><\/div>\n<div><\/div>\n<div><strong>SZCZEG\u00d3\u0141Y PRODUKTU:<\/strong><\/div>\n<div>Wymiary modelu: 300*170*155 mm<\/div>\n<div>Wymiary opakowania: 374*243*28 mm<\/div>\n<div>Liczba sztuk: 315<\/div>\n<\/div>\n<div><\/div>\n<\/div>","protected":false},"excerpt":{"rendered":"<div>Uwielbiany przez dzieci, doros\u0142ych i osoby starsze, samoch\u00f3d retro pozostaje uniwersalnym symbolem motoryzacyjnej historii i pi\u0119kna, obejmuj\u0105cym pokolenia i zyskuj\u0105cym coraz wi\u0119ksz\u0105 popularno\u015b\u0107.<\/div>","protected":false},"featured_media":1187,"comment_status":"open","ping_status":"closed","template":"","meta":[],"product_brand":[],"product_cat":[73,88,74,76,89,90,91],"product_tag":[],"woo-feed-brand":[],"class_list":{"0":"post-1184","1":"product","2":"type-product","3":"status-publish","4":"has-post-thumbnail","6":"product_cat-puzzle-3d","7":"product_cat-puzzle-3d-adulti","8":"product_cat-puzzle-3d-in-legno","9":"product_cat-puzzle-3d-per-bambini","10":"product_cat-puzzle-meccanici-3d-in-legno","11":"product_cat-puzzle-meccanici-per-bambini","12":"product_cat-puzzle-meccanici-per-adulti","14":"first","15":"instock","16":"shipping-taxable","17":"purchasable","18":"product-type-simple"},"_links":{"self":[{"href":"https:\/\/puzzle3d.co\/pl\/wp-json\/wp\/v2\/product\/1184","targetHints":{"allow":["GET"]}}],"collection":[{"href":"https:\/\/puzzle3d.co\/pl\/wp-json\/wp\/v2\/product"}],"about":[{"href":"https:\/\/puzzle3d.co\/pl\/wp-json\/wp\/v2\/types\/product"}],"replies":[{"embeddable":true,"href":"https:\/\/puzzle3d.co\/pl\/wp-json\/wp\/v2\/comments?post=1184"}],"wp:featuredmedia":[{"embeddable":true,"href":"https:\/\/puzzle3d.co\/pl\/wp-json\/wp\/v2\/media\/1187"}],"wp:attachment":[{"href":"https:\/\/puzzle3d.co\/pl\/wp-json\/wp\/v2\/media?parent=1184"}],"wp:term":[{"taxonomy":"product_brand","embeddable":true,"href":"https:\/\/puzzle3d.co\/pl\/wp-json\/wp\/v2\/product_brand?post=1184"},{"taxonomy":"product_cat","embeddable":true,"href":"https:\/\/puzzle3d.co\/pl\/wp-json\/wp\/v2\/product_cat?post=1184"},{"taxonomy":"product_tag","embeddable":true,"href":"https:\/\/puzzle3d.co\/pl\/wp-json\/wp\/v2\/product_tag?post=1184"},{"taxonomy":"woo-feed-brand","embeddable":true,"href":"https:\/\/puzzle3d.co\/pl\/wp-json\/wp\/v2\/woo-feed-brand?post=1184"}],"curies":[{"name":"wp","href":"https:\/\/api.w.org\/{rel}","templated":true}]}}