{"id":1177,"date":"2023-02-06T10:20:19","date_gmt":"2023-02-06T10:20:19","guid":{"rendered":"https:\/\/puzzle3d.co\/product\/gramophone-puzzle-3d-copy\/"},"modified":"2026-01-02T05:29:01","modified_gmt":"2026-01-02T05:29:01","slug":"lokomotywa-parowa-mechaniczna-lamiglowka","status":"publish","type":"product","link":"https:\/\/puzzle3d.co\/pl\/prodotto\/locomotiva-a-vapore-puzzle-meccanico\/","title":{"rendered":"Drewniany mechaniczny model poci\u0105gu, 325 sztuk"},"content":{"rendered":"<div>\n<p><strong>Drewniany mechaniczny model poci\u0105gu, 325 element\u00f3w - Lokomotywa parowa<\/strong><\/p>\n<div>Pierwsza na \u015bwiecie lokomotywa zosta\u0142a wynaleziona w Anglii przez George'a Stephensona i jego syna Roberta w 1804 roku.<\/div>\n<\/div>\n<div>\n<div>\n<div><\/div>\n<div>Populacja Anglii ros\u0142a, powstawa\u0142o coraz wi\u0119cej fabryk i potrzebny by\u0142 \u015brodek transportu ludzi i towar\u00f3w na du\u017ce odleg\u0142o\u015bci.<\/div>\n<div><\/div>\n<div>Nazywano j\u0105 \"lokomotyw\u0105 parow\u0105\", a jej pr\u0119dko\u015b\u0107 maksymalna wynosi\u0142a 16 km\/h.<\/div>\n<div><\/div>\n<div>Ciekawe, \u017ce przeszkodzili im wrogo nastawieni rolnicy, kt\u00f3rzy u\u017cywali koni do trakcji i byli niezadowoleni, \u017ce przemys\u0142 kolejowy spowodowa\u0142 za\u0142amanie rynku owsa.<\/div>\n<div><\/div>\n<div>Interesuj\u0105ce, prawda?<\/div>\n<div><\/div>\n<div>Teraz mo\u017cesz z\u0142o\u017cy\u0107 pierwsz\u0105 lokomotyw\u0119 z gumowym silnikiem bez kropli kleju. Naturalne drewniane elementy nadaj\u0105 jej styl vintage i wyrafinowany wygl\u0105d.<\/div>\n<div><\/div>\n<div>Prezent dla ca\u0142ej rodziny<\/div>\n<div><\/div>\n<div>Z\u0142\u00f3\u017c mechaniczn\u0105 lokomotyw\u0119 razem z ukochan\u0105 osob\u0105, tak jak powinna wygl\u0105da\u0107 podr\u00f3\u017c. Nast\u0119pnie umie\u015b\u0107 pojazd na sobie i ruszaj w drog\u0119!<\/div>\n<div>Co chcia\u0142by\u015b umie\u015bci\u0107 w wagonie? Jest tam wystarczaj\u0105co du\u017co miejsca... (na pier\u015bcionek, bilet lub klucz).<\/div>\n<div><\/div>\n<div>Po zako\u0144czeniu podr\u00f3\u017cy umie\u015b\u0107 t\u0119 wspania\u0142\u0105 lokomotyw\u0119 w widocznym miejscu w domu.<\/div>\n<div><\/div>\n<div>Jest to idealny prezent dla wszystkich mi\u0142o\u015bnik\u00f3w podr\u00f3\u017cy, entuzjast\u00f3w mechaniki i dzieci w wieku do 99 lat.<\/div>\n<div><\/div>\n<div>Teraz, gdy masz ju\u017c swoj\u0105 w\u0142asn\u0105 lokomotyw\u0119, ciesz si\u0119 romantycznymi podr\u00f3\u017cami tak cz\u0119sto, jak to mo\u017cliwe!<\/div>\n<div><\/div>\n<div><\/div>\n<div><\/div>\n<div><strong>SZCZEG\u00d3\u0141Y PRODUKTU:<\/strong><\/div>\n<div>Wymiary modelu: 400*103*178 mm<\/div>\n<div>Wymiary opakowania: 245*188*30 mm<\/div>\n<div><strong>Liczba sztuk: 325<\/strong><\/div>\n<\/div>\n<div><\/div>\n<\/div>","protected":false},"excerpt":{"rendered":"<div>Jest to idealny prezent dla wszystkich mi\u0142o\u015bnik\u00f3w podr\u00f3\u017cy, entuzjast\u00f3w mechaniki i dzieci w wieku do 99 lat.<\/div>\n<p>&nbsp;<\/p>","protected":false},"featured_media":1180,"comment_status":"open","ping_status":"closed","template":"","meta":[],"product_brand":[],"product_cat":[73,108,88,74,76,89,90,91],"product_tag":[],"woo-feed-brand":[],"class_list":{"0":"post-1177","1":"product","2":"type-product","3":"status-publish","4":"has-post-thumbnail","6":"product_cat-puzzle-3d","7":"product_cat-modellismo-da-costruire-per-adulti","8":"product_cat-puzzle-3d-adulti","9":"product_cat-puzzle-3d-in-legno","10":"product_cat-puzzle-3d-per-bambini","11":"product_cat-puzzle-meccanici-3d-in-legno","12":"product_cat-puzzle-meccanici-per-bambini","13":"product_cat-puzzle-meccanici-per-adulti","15":"first","16":"instock","17":"shipping-taxable","18":"purchasable","19":"product-type-simple"},"_links":{"self":[{"href":"https:\/\/puzzle3d.co\/pl\/wp-json\/wp\/v2\/product\/1177","targetHints":{"allow":["GET"]}}],"collection":[{"href":"https:\/\/puzzle3d.co\/pl\/wp-json\/wp\/v2\/product"}],"about":[{"href":"https:\/\/puzzle3d.co\/pl\/wp-json\/wp\/v2\/types\/product"}],"replies":[{"embeddable":true,"href":"https:\/\/puzzle3d.co\/pl\/wp-json\/wp\/v2\/comments?post=1177"}],"wp:featuredmedia":[{"embeddable":true,"href":"https:\/\/puzzle3d.co\/pl\/wp-json\/wp\/v2\/media\/1180"}],"wp:attachment":[{"href":"https:\/\/puzzle3d.co\/pl\/wp-json\/wp\/v2\/media?parent=1177"}],"wp:term":[{"taxonomy":"product_brand","embeddable":true,"href":"https:\/\/puzzle3d.co\/pl\/wp-json\/wp\/v2\/product_brand?post=1177"},{"taxonomy":"product_cat","embeddable":true,"href":"https:\/\/puzzle3d.co\/pl\/wp-json\/wp\/v2\/product_cat?post=1177"},{"taxonomy":"product_tag","embeddable":true,"href":"https:\/\/puzzle3d.co\/pl\/wp-json\/wp\/v2\/product_tag?post=1177"},{"taxonomy":"woo-feed-brand","embeddable":true,"href":"https:\/\/puzzle3d.co\/pl\/wp-json\/wp\/v2\/woo-feed-brand?post=1177"}],"curies":[{"name":"wp","href":"https:\/\/api.w.org\/{rel}","templated":true}]}}