{"id":1139,"date":"2023-02-03T13:44:29","date_gmt":"2023-02-03T13:44:29","guid":{"rendered":"https:\/\/puzzle3d.co\/product\/moara-de-vant-puzzle-3d-mecanic-copy\/"},"modified":"2026-01-02T05:29:02","modified_gmt":"2026-01-02T05:29:02","slug":"czarny-drewniany-domek-dla-kota","status":"publish","type":"product","link":"https:\/\/puzzle3d.co\/pl\/prodotto\/casetta-per-gatti-in-legno-nero\/","title":{"rendered":"152-cz\u0119\u015bciowy drewniany domek dla kota"},"content":{"rendered":"<p><strong>152-cz\u0119\u015bciowy drewniany domek dla kota w r\u00f3\u017cnych kolorach<\/strong><\/p>\n<div>\n<div>Kiedy \u015bni\u0105, koty potrz\u0105saj\u0105 \u0142apami, mrucz\u0105 i u\u015bmiechaj\u0105 si\u0119. Po przyjemnym \u015bnie s\u0105 w niezwyk\u0142ym nastroju: oferuj\u0105 swojemu w\u0142a\u015bcicielowi wiele czu\u0142o\u015bci i pieszczot.<\/div>\n<div><\/div>\n<div>Wiemy, jak bardzo zale\u017cy Ci na Twoim ukochanym zwierzaku. Dlatego kawa\u0142ki naturalnego drewna s\u0105 ci\u0119te i montowane tak idealnie, \u017ce nie jest potrzebna ani jedna kropla kleju. Tylko mi\u0119kki koc.<\/div>\n<div><\/div>\n<div>Drewniany domek jest jak wyznanie mi\u0142o\u015bci dla kota. Kochaj j\u0105 tak bardzo, jak ona kocha Ciebie.<\/div>\n<div><\/div>\n<div>Drewniany domek dla kota z futerkiem. Dostarczany w 4 opcjach kolorystycznych:<\/div>\n<\/div>\n<ul>\n<li>ma\u0142y czarny domek z bia\u0142ym futerkiem<\/li>\n<li>bia\u0142y dom z czarnym futrem<\/li>\n<li>bia\u0142y dom z r\u00f3\u017cowym futrem<\/li>\n<li>drewniany dom z bia\u0142ym futrem.<\/li>\n<\/ul>\n<div>\n<div><\/div>\n<div><strong>SZCZEG\u00d3\u0141Y PRODUKTU:<\/strong><\/div>\n<div><\/div>\n<div>Wymiary modelu: 480*362*456 mm<\/div>\n<div>Wymiary opakowania: 580*380*40 mm<\/div>\n<div>Liczba sztuk: 152<\/div>\n<\/div>\n<div><\/div>","protected":false},"excerpt":{"rendered":"<div><\/div>\n<p>&nbsp;<\/p>","protected":false},"featured_media":2672,"comment_status":"open","ping_status":"closed","template":"","meta":[],"product_brand":[],"product_cat":[99],"product_tag":[],"woo-feed-brand":[],"class_list":{"0":"post-1139","1":"product","2":"type-product","3":"status-publish","4":"has-post-thumbnail","6":"product_cat-casette-per-gatti-da-interno","8":"first","9":"instock","10":"shipping-taxable","11":"purchasable","12":"product-type-variable"},"_links":{"self":[{"href":"https:\/\/puzzle3d.co\/pl\/wp-json\/wp\/v2\/product\/1139","targetHints":{"allow":["GET"]}}],"collection":[{"href":"https:\/\/puzzle3d.co\/pl\/wp-json\/wp\/v2\/product"}],"about":[{"href":"https:\/\/puzzle3d.co\/pl\/wp-json\/wp\/v2\/types\/product"}],"replies":[{"embeddable":true,"href":"https:\/\/puzzle3d.co\/pl\/wp-json\/wp\/v2\/comments?post=1139"}],"wp:featuredmedia":[{"embeddable":true,"href":"https:\/\/puzzle3d.co\/pl\/wp-json\/wp\/v2\/media\/2672"}],"wp:attachment":[{"href":"https:\/\/puzzle3d.co\/pl\/wp-json\/wp\/v2\/media?parent=1139"}],"wp:term":[{"taxonomy":"product_brand","embeddable":true,"href":"https:\/\/puzzle3d.co\/pl\/wp-json\/wp\/v2\/product_brand?post=1139"},{"taxonomy":"product_cat","embeddable":true,"href":"https:\/\/puzzle3d.co\/pl\/wp-json\/wp\/v2\/product_cat?post=1139"},{"taxonomy":"product_tag","embeddable":true,"href":"https:\/\/puzzle3d.co\/pl\/wp-json\/wp\/v2\/product_tag?post=1139"},{"taxonomy":"woo-feed-brand","embeddable":true,"href":"https:\/\/puzzle3d.co\/pl\/wp-json\/wp\/v2\/woo-feed-brand?post=1139"}],"curies":[{"name":"wp","href":"https:\/\/api.w.org\/{rel}","templated":true}]}}