{"id":457,"date":"2023-01-12T16:12:45","date_gmt":"2023-01-12T16:12:45","guid":{"rendered":"https:\/\/puzzle3d.co\/?page_id=457"},"modified":"2025-02-16T07:17:23","modified_gmt":"2025-02-16T07:17:23","slug":"kim-jestesmy","status":"publish","type":"page","link":"https:\/\/puzzle3d.co\/pl\/chi-siamo\/","title":{"rendered":"O nas"},"content":{"rendered":"<section class=\"section\" id=\"section_1869851171\">\n\t\t<div class=\"section-bg fill\" >\n\t\t\t\t\t\t\t\t\t\n\t\t\t\n\n\t\t<\/div>\n\n\t\t\n\n\t\t<div class=\"section-content relative\">\n\t\t\t\n<div class=\"row row-collapse row-full-width align-middle\"  id=\"row-1715003297\">\n\n\t<div id=\"col-284302266\" class=\"col medium-12 small-12 large-6\"  >\n\t\t\t\t<div class=\"col-inner\"  >\n\t\t\t\n\t\t\t\n\t<div id=\"gap-617410544\" class=\"gap-element clearfix\" style=\"display:block; height:auto;\">\n\t\t\n<style>\n#gap-617410544 {\n  padding-top: 50px;\n}\n<\/style>\n\t<\/div>\n\t\n<div class=\"row align-center\"  id=\"row-1114892906\">\n\n\t<div id=\"col-1825875405\" class=\"col small-12 large-12\"  >\n\t\t\t\t<div class=\"col-inner text-center\"  >\n\t\t\t\n\t\t\t\n\t<div id=\"text-2902807519\" class=\"text\">\n\t\t\n<h1 class=\"uppercase\">O nas<\/h1>\n\t\t\n<style>\n#text-2902807519 {\n  font-size: 1.75rem;\n}\n@media (min-width:550px) {\n  #text-2902807519 {\n    font-size: 2rem;\n  }\n}\n<\/style>\n\t<\/div>\n\t\n<div>Jeste\u015bmy oficjalnymi dystrybutorami marki Ewa Eco Wood Art Italia. Modele mechaniczne w formie konstruktora do samodzielnego z\u0142o\u017cenia (bez kleju i specjalnych narz\u0119dzi), puzzle, zabawki, upominki i prezenty firmowe wykonane z naturalnych materia\u0142\u00f3w.<\/div>\n<div><\/div>\n<div>W coraz bardziej po\u015bpiesznym \u015bwiecie postanowili\u015bmy zebra\u0107 rodzin\u0119 i przyjaci\u00f3\u0142, aby sp\u0119dzi\u0107 razem troch\u0119 czasu. <a class=\"wpil_keyword_link\" title=\"uk\u0142adanka\" href=\"https:\/\/puzzle3d.co\/collection\/puzzle-3d\/\" data-wpil-keyword-link=\"linked\">uk\u0142adanka<\/a>.<\/div>\n<div><\/div>\n<div>Nasze warto\u015bci to rodzina, zdrowie i natura.<\/div>\n<div>Je\u015bli w ka\u017cdej rodzinie b\u0119dzie istnia\u0142a kultura wsp\u00f3lnego rozwi\u0105zywania zagadek, na tle g\u0142\u0119bokiej i autentycznej komunikacji, b\u0119dzie to oznacza\u0142o, \u017ce nasza misja zostanie wype\u0142niona.<\/div>\n<div><\/div>\n<div>Badania przeprowadzone przez neurochirurg\u00f3w i profesor\u00f3w psychologii wykaza\u0142y korzystny wp\u0142yw \u0142amig\u0142\u00f3wek na zdrowie m\u00f3zgu i ludzkie zachowanie.<\/div>\n<div><\/div>\n<div>Zr\u00f3wnowa\u017cony materia\u0142 i dba\u0142o\u015b\u0107 o natur\u0119 to jedne z naszych priorytet\u00f3w. Elementy wykonane s\u0105 z drewna i montowane bez u\u017cycia ani jednej kropli kleju.<\/div>\n<div><\/div>\n<div>Coraz wi\u0119cej doros\u0142ych zdaje sobie spraw\u0119 z tych zalet i decyduje si\u0119 uczyni\u0107 \u0142amig\u0142\u00f3wki dost\u0119pnym i interesuj\u0105cym hobby. I to nas cieszy!<\/div>\n<div>Pandemia nauczy\u0142a nas prawdziwej warto\u015bci komunikacji i spotka\u0144 z bliskimi. Nie wahaj si\u0119 wi\u0119c: wybierz swoj\u0105 ulubion\u0105 uk\u0142adank\u0119 i \u017cyj pi\u0119knie!<\/div>\n<div><\/div>\n<div>Wierzymy, \u017ce \"pi\u0119kno uratuje \u015bwiat!\". A w dobie technologii i robotyki tworzenie czego\u015b pi\u0119knego w\u0142asnymi r\u0119kami jest jak latanie po niebie na w\u0142asnych skrzyd\u0142ach.<\/div>\n\t<div id=\"gap-339288121\" class=\"gap-element clearfix\" style=\"display:block; height:auto;\">\n\t\t\n<style>\n#gap-339288121 {\n  padding-top: 20px;\n}\n@media (min-width:550px) {\n  #gap-339288121 {\n    padding-top: 0px;\n  }\n}\n<\/style>\n\t<\/div>\n\t\n<a href=\"https:\/\/puzzle3d.co\/\" class=\"button secondary is-underline\" >\n\t\t<span>odkrycie<\/span>\n\t<\/a>\n\n\t\t<\/div>\n\t\t\t\t\n<style>\n#col-1825875405 > .col-inner {\n  padding: 30px 5% 30px 5%;\n}\n@media (min-width:550px) {\n  #col-1825875405 > .col-inner {\n    padding: 50px 10% 50px 10%;\n  }\n}\n@media (min-width:850px) {\n  #col-1825875405 > .col-inner {\n    padding: 0px 5% 0px 5%;\n  }\n}\n<\/style>\n\t<\/div>\n\n\t\n<\/div>\n\t\t<\/div>\n\t\t\t\t\t<\/div>\n\n\t\n\n\t<div id=\"col-57593897\" class=\"col medium-12 small-12 large-6\"  >\n\t\t\t\t<div class=\"col-inner\" style=\"background-color:rgb(255, 255, 255);\" >\n\t\t\t\n\t\t\t\n<div class=\"slider-wrapper relative\" id=\"slider-1248095225\" >\n    <div class=\"slider slider-nav-circle slider-nav-large slider-nav-light slider-style-container\"\n        data-flickity-options='{            \"cellAlign\": \"center\",            \"imagesLoaded\": true,            \"lazyLoad\": 1,            \"freeScroll\": true,            \"wrapAround\": true,            \"autoPlay\": 100,            \"pauseAutoPlayOnHover\" : false,            \"prevNextButtons\": false,            \"contain\" : true,            \"adaptiveHeight\" : true,            \"dragThreshold\" : 10,            \"percentPosition\": true,            \"pageDots\": true,            \"rightToLeft\": false,            \"draggable\": true,            \"selectedAttraction\": 0.1,            \"parallax\" : 0,            \"friction\": 0.6        }'\n        >\n        \n\n  <div class=\"banner has-hover\" id=\"banner-41374519\">\n          <div class=\"banner-inner fill\">\n        <div class=\"banner-bg fill\" >\n            <img loading=\"lazy\" decoding=\"async\" width=\"1000\" height=\"650\" src=\"https:\/\/puzzle3d.co\/wp-content\/uploads\/2013\/12\/tren-abur2.jpg\" class=\"bg attachment-large size-large\" alt=\"\" \/>                                    \n                    <\/div>\n\t\t\n        <div class=\"banner-layers container\">\n            <div class=\"fill banner-link\"><\/div>            \n   <div id=\"text-box-636908621\" class=\"text-box banner-layer x50 md-x50 lg-x50 y50 md-y50 lg-y50 res-text\">\n                                <div class=\"text-box-content text dark\">\n              \n              <div class=\"text-inner text-center\">\n                  \n              <\/div>\n           <\/div>\n                            \n<style>\n#text-box-636908621 {\n  width: 60%;\n}\n#text-box-636908621 .text-box-content {\n  font-size: 100%;\n}\n<\/style>\n    <\/div>\n \n        <\/div>\n      <\/div>\n\n            \n<style>\n#banner-41374519 {\n  padding-top: 300px;\n  background-color: rgba(255, 255, 255, 0);\n}\n#banner-41374519 .banner-bg img {\n  object-position: 28% 50%;\n}\n@media (min-width:550px) {\n  #banner-41374519 {\n    padding-top: 450px;\n  }\n}\n@media (min-width:850px) {\n  #banner-41374519 {\n    padding-top: 750px;\n  }\n}\n<\/style>\n  <\/div>\n\n\n\n  <div class=\"banner has-hover\" id=\"banner-337163029\">\n          <div class=\"banner-inner fill\">\n        <div class=\"banner-bg fill\" >\n            <img loading=\"lazy\" decoding=\"async\" width=\"1000\" height=\"650\" src=\"https:\/\/puzzle3d.co\/wp-content\/uploads\/2023\/01\/caine.jpg\" class=\"bg attachment-large size-large\" alt=\"\" \/>                                    \n                    <\/div>\n\t\t\n        <div class=\"banner-layers container\">\n            <div class=\"fill banner-link\"><\/div>            \n   <div id=\"text-box-1991669984\" class=\"text-box banner-layer x50 md-x50 lg-x50 y50 md-y50 lg-y50 res-text\">\n                                <div class=\"text-box-content text dark\">\n              \n              <div class=\"text-inner text-center\">\n                  \n              <\/div>\n           <\/div>\n                            \n<style>\n#text-box-1991669984 {\n  width: 60%;\n}\n#text-box-1991669984 .text-box-content {\n  font-size: 100%;\n}\n<\/style>\n    <\/div>\n \n        <\/div>\n      <\/div>\n\n            \n<style>\n#banner-337163029 {\n  padding-top: 300px;\n  background-color: rgba(255, 255, 255, 0);\n}\n#banner-337163029 .banner-bg img {\n  object-position: 41% 8%;\n}\n@media (min-width:550px) {\n  #banner-337163029 {\n    padding-top: 450px;\n  }\n}\n@media (min-width:850px) {\n  #banner-337163029 {\n    padding-top: 750px;\n  }\n}\n<\/style>\n  <\/div>\n\n\n\n  <div class=\"banner has-hover\" id=\"banner-391894113\">\n          <div class=\"banner-inner fill\">\n        <div class=\"banner-bg fill\" >\n            <img loading=\"lazy\" decoding=\"async\" width=\"1000\" height=\"650\" src=\"https:\/\/puzzle3d.co\/wp-content\/uploads\/2023\/01\/lion.jpg\" class=\"bg attachment-large size-large\" alt=\"\" \/>                                    \n                    <\/div>\n\t\t\n        <div class=\"banner-layers container\">\n            <div class=\"fill banner-link\"><\/div>            \n   <div id=\"text-box-597639727\" class=\"text-box banner-layer x50 md-x50 lg-x50 y50 md-y50 lg-y50 res-text\">\n                                <div class=\"text-box-content text dark\">\n              \n              <div class=\"text-inner text-center\">\n                  \n              <\/div>\n           <\/div>\n                            \n<style>\n#text-box-597639727 {\n  width: 60%;\n}\n#text-box-597639727 .text-box-content {\n  font-size: 100%;\n}\n<\/style>\n    <\/div>\n \n        <\/div>\n      <\/div>\n\n            \n<style>\n#banner-391894113 {\n  padding-top: 300px;\n  background-color: rgba(255, 255, 255, 0);\n}\n#banner-391894113 .banner-bg img {\n  object-position: 42% 48%;\n}\n@media (min-width:550px) {\n  #banner-391894113 {\n    padding-top: 450px;\n  }\n}\n@media (min-width:850px) {\n  #banner-391894113 {\n    padding-top: 750px;\n  }\n}\n<\/style>\n  <\/div>\n\n\n     <\/div>\n\n     <div class=\"loading-spin dark large centered\"><\/div>\n\n\t<\/div>\n\n\n\t<div id=\"gap-1551833412\" class=\"gap-element clearfix\" style=\"display:block; height:auto;\">\n\t\t\n<style>\n#gap-1551833412 {\n  padding-top: 30px;\n}\n<\/style>\n\t<\/div>\n\t\n<div class=\"row\"  id=\"row-1936664485\">\n\n\t<div id=\"col-1337176933\" class=\"col small-12 large-12\"  >\n\t\t\t\t<div class=\"col-inner\"  >\n\t\t\t\n\t\t\t\n<div class=\"row row-solid\"  id=\"row-794135812\">\n\n\t<div id=\"col-573816028\" class=\"col medium-4 small-12 large-4\"  >\n\t\t\t\t<div class=\"col-inner text-center\"  >\n\t\t\t\n\t\t\t\n\t<div id=\"gap-1557614612\" class=\"gap-element clearfix\" style=\"display:block; height:auto;\">\n\t\t\n<style>\n#gap-1557614612 {\n  padding-top: 5px;\n}\n<\/style>\n\t<\/div>\n\t\n\t<div id=\"text-2449333091\" class=\"text\">\n\t\t\n<h4>Bez Coli<\/h4>\n\t\t\n<style>\n#text-2449333091 {\n  line-height: 0.75;\n}\n<\/style>\n\t<\/div>\n\t\n\t\t<\/div>\n\t\t\t\t\t<\/div>\n\n\t\n\n\t<div id=\"col-763229195\" class=\"col medium-4 small-12 large-4\"  >\n\t\t\t\t<div class=\"col-inner text-center\"  >\n\t\t\t\n\t\t\t\n\t<div id=\"gap-1558649365\" class=\"gap-element clearfix\" style=\"display:block; height:auto;\">\n\t\t\n<style>\n#gap-1558649365 {\n  padding-top: 5px;\n}\n<\/style>\n\t<\/div>\n\t\n\t<div id=\"text-2850073795\" class=\"text\">\n\t\t\n<h4>Zr\u00f3wnowa\u017cony<\/h4>\n\t\t\n<style>\n#text-2850073795 {\n  line-height: 0.75;\n}\n<\/style>\n\t<\/div>\n\t\n\t\t<\/div>\n\t\t\t\t\t<\/div>\n\n\t\n\n\t<div id=\"col-1738689554\" class=\"col medium-4 small-12 large-4\"  >\n\t\t\t\t<div class=\"col-inner text-center\"  >\n\t\t\t\n\t\t\t\n\t<div id=\"gap-793238284\" class=\"gap-element clearfix\" style=\"display:block; height:auto;\">\n\t\t\n<style>\n#gap-793238284 {\n  padding-top: 5px;\n}\n<\/style>\n\t<\/div>\n\t\n\t<div id=\"text-3590571122\" class=\"text\">\n\t\t\n<h4>Kreatywny<\/h4>\n\t\t\n<style>\n#text-3590571122 {\n  line-height: 0.75;\n}\n<\/style>\n\t<\/div>\n\t\n\t\t<\/div>\n\t\t\t\t\t<\/div>\n\n\t\n<\/div>\n\t\t<\/div>\n\t\t\t\t\n<style>\n#col-1337176933 > .col-inner {\n  padding: 0px 5% 0px 5%;\n  margin: 0px 0px 0px 0px;\n}\n@media (min-width:850px) {\n  #col-1337176933 > .col-inner {\n    padding: 0px 10% 0px 10%;\n    margin: 0px 0px -15px 0px;\n  }\n}\n<\/style>\n\t<\/div>\n\n\t\n<\/div>\n\t\t<\/div>\n\t\t\t\t\t<\/div>\n\n\t\n<\/div>\n\t\t<\/div>\n\n\t\t\n<style>\n#section_1869851171 {\n  padding-top: 50px;\n  padding-bottom: 50px;\n  background-color: rgb(237, 236, 232);\n}\n<\/style>\n\t<\/section>","protected":false},"excerpt":{"rendered":"","protected":false},"author":10,"featured_media":0,"parent":0,"menu_order":0,"comment_status":"closed","ping_status":"closed","template":"","meta":{"slim_seo":{"title":"O nas - puzzle 3D","description":"O nas Jeste\u015bmy oficjalnym dystrybutorem marki Ewa Eco Wood Art Italia. Modele mechaniczne w formie konstrukcyjnej do samodzielnego monta\u017cu (bez kleju i kleju)."},"footnotes":""},"class_list":["post-457","page","type-page","status-publish","hentry"],"_links":{"self":[{"href":"https:\/\/puzzle3d.co\/pl\/wp-json\/wp\/v2\/pages\/457","targetHints":{"allow":["GET"]}}],"collection":[{"href":"https:\/\/puzzle3d.co\/pl\/wp-json\/wp\/v2\/pages"}],"about":[{"href":"https:\/\/puzzle3d.co\/pl\/wp-json\/wp\/v2\/types\/page"}],"author":[{"embeddable":true,"href":"https:\/\/puzzle3d.co\/pl\/wp-json\/wp\/v2\/users\/10"}],"replies":[{"embeddable":true,"href":"https:\/\/puzzle3d.co\/pl\/wp-json\/wp\/v2\/comments?post=457"}],"version-history":[{"count":0,"href":"https:\/\/puzzle3d.co\/pl\/wp-json\/wp\/v2\/pages\/457\/revisions"}],"wp:attachment":[{"href":"https:\/\/puzzle3d.co\/pl\/wp-json\/wp\/v2\/media?parent=457"}],"curies":[{"name":"wp","href":"https:\/\/api.w.org\/{rel}","templated":true}]}}