{"id":3303,"date":"2024-04-10T10:56:05","date_gmt":"2024-04-10T10:56:05","guid":{"rendered":"https:\/\/puzzle3d.co\/?page_id=3303"},"modified":"2025-10-07T14:08:53","modified_gmt":"2025-10-07T14:08:53","slug":"skontaktuj-sie-z-nami","status":"publish","type":"page","link":"https:\/\/puzzle3d.co\/pl\/contact-us\/","title":{"rendered":"Skontaktuj si\u0119 z nami"},"content":{"rendered":"<section class=\"section\" id=\"section_1643406514\">\n\t\t<div class=\"section-bg fill\" >\n\t\t\t\t\t\t\t\t\t\n\t\t\t\n\n\t\t<\/div>\n\n\t\t\n\n\t\t<div class=\"section-content relative\">\n\t\t\t\n<div class=\"row align-center\"  id=\"row-168739482\">\n\n\t<div id=\"col-1813816130\" class=\"col medium-8 small-11 large-7\"  >\n\t\t\t\t<div class=\"col-inner text-center\"  >\n\t\t\t\n\t\t\t\n<h1 style=\"font-size: 200%;\">Skontaktuj si\u0119 z nami<\/h1>\n\t\t<\/div>\n\t\t\t\t\t<\/div>\n\n\t\n<\/div>\n\t<div id=\"gap-2146216056\" class=\"gap-element clearfix\" style=\"display:block; height:auto;\">\n\t\t\n<style>\n#gap-2146216056 {\n  padding-top: 30px;\n}\n<\/style>\n\t<\/div>\n\t\n\t\t<\/div>\n\n\t\t\n<style>\n#section_1643406514 {\n  padding-top: 100px;\n  padding-bottom: 100px;\n  background-color: rgb(237, 236, 232);\n}\n<\/style>\n\t<\/section>\n\t\n<div class=\"row align-center\"  id=\"row-1140199672\">\n\n\t<div id=\"col-895334574\" class=\"col medium-11 small-12 large-11\"  >\n\t\t\t\t<div class=\"col-inner\"  >\n\t\t\t\n\t\t\t\n<div class=\"row\"  id=\"row-2036967432\">\n\n\t<div id=\"col-245076047\" class=\"col medium-6 small-12 large-6\"  >\n\t\t\t\t<div class=\"col-inner\"  >\n\t\t\t\n\t\t\t\n\t<div class=\"box has-hover   has-hover box-text-bottom\" >\n\n\t\t<div class=\"box-image\" >\n\t\t\t\t\t\t<div class=\"image-cover\" style=\"padding-top:70%;\">\n\t\t\t\t<img loading=\"lazy\" decoding=\"async\" width=\"1000\" height=\"650\" src=\"https:\/\/puzzle3d.co\/wp-content\/uploads\/2013\/12\/domino.jpg\" class=\"attachment- size-\" alt=\"\" srcset=\"https:\/\/puzzle3d.co\/wp-content\/uploads\/2013\/12\/domino.jpg 1000w, https:\/\/puzzle3d.co\/wp-content\/uploads\/2013\/12\/domino-600x390.jpg 600w, https:\/\/puzzle3d.co\/wp-content\/uploads\/2013\/12\/domino-64x42.jpg 64w, https:\/\/puzzle3d.co\/wp-content\/uploads\/2013\/12\/domino-615x400.jpg 615w, https:\/\/puzzle3d.co\/wp-content\/uploads\/2013\/12\/domino-768x499.jpg 768w\" sizes=\"auto, (max-width: 1000px) 100vw, 1000px\">\t\t\t\t\t\t\t\t\t\t\t<\/div>\n\t\t\t\t\t<\/div>\n\n\t\t<div class=\"box-text text-center\" style=\"padding:20px 0px 0px 0px;\">\n\t\t\t<div class=\"box-text-inner\">\n\t\t\t\t\n\t<div id=\"gap-678461405\" class=\"gap-element clearfix\" style=\"display:block; height:auto;\">\n\t\t\n<style>\n#gap-678461405 {\n  padding-top: 20px;\n}\n<\/style>\n\t<\/div>\n\t\n\t\t\t<\/div>\n\t\t<\/div>\n\t<\/div>\n\t\n\t\t<\/div>\n\t\t\t\t\t<\/div>\n\n\t\n\n\t<div id=\"col-499233850\" class=\"col medium-6 small-12 large-6\"  >\n\t\t\t\t<div class=\"col-inner\"  >\n\t\t\t\n\t\t\t\n\t<div class=\"box has-hover   has-hover box-text-bottom\" >\n\n\t\t<div class=\"box-image\" >\n\t\t\t\t\t\t<div class=\"image-cover\" style=\"padding-top:70%;\">\n\t\t\t\t<img loading=\"lazy\" decoding=\"async\" width=\"1000\" height=\"650\" src=\"https:\/\/puzzle3d.co\/wp-content\/uploads\/2023\/01\/lion.jpg\" class=\"attachment- size-\" alt=\"\" srcset=\"https:\/\/puzzle3d.co\/wp-content\/uploads\/2023\/01\/lion.jpg 1000w, https:\/\/puzzle3d.co\/wp-content\/uploads\/2023\/01\/lion-600x390.jpg 600w, https:\/\/puzzle3d.co\/wp-content\/uploads\/2023\/01\/lion-64x42.jpg 64w, https:\/\/puzzle3d.co\/wp-content\/uploads\/2023\/01\/lion-615x400.jpg 615w, https:\/\/puzzle3d.co\/wp-content\/uploads\/2023\/01\/lion-768x499.jpg 768w\" sizes=\"auto, (max-width: 1000px) 100vw, 1000px\">\t\t\t\t\t\t\t\t\t\t\t<\/div>\n\t\t\t\t\t<\/div>\n\n\t\t<div class=\"box-text text-center\" style=\"padding:20px 0px 0px 0px;\">\n\t\t\t<div class=\"box-text-inner\">\n\t\t\t\t\n\t<div id=\"gap-1666311975\" class=\"gap-element clearfix\" style=\"display:block; height:auto;\">\n\t\t\n<style>\n#gap-1666311975 {\n  padding-top: 20px;\n}\n<\/style>\n\t<\/div>\n\t\n\t\t\t<\/div>\n\t\t<\/div>\n\t<\/div>\n\t\n\t\t<\/div>\n\t\t\t\t\t<\/div>\n\n\t\n<\/div>\n<div class=\"container section-title-container\" ><h3 class=\"section-title section-title-center\"><b aria-hidden=\"true\"><\/b><span class=\"section-title-main\" >Cz\u0119sto zadawane pytania<\/span><b aria-hidden=\"true\"><\/b><\/h3><\/div>\n<div class=\"accordion\">\n\t<div id=\"accordion-1929964331\" class=\"accordion-item\">\n\t\t<a id=\"accordion-1929964331-label\" class=\"accordion-title plain\" href=\"#accordion-item-i-prezzi-visualizzati-sul-sito-sono-comprensivi-di-iva?\" aria-expanded=\"false\" aria-controls=\"accordion-1929964331-content\">\n\t\t\t<button class=\"toggle\" aria-label=\"Prze\u0142\u0105cznik\"><i class=\"icon-angle-down\" aria-hidden=\"true\"><\/i><\/button>\n\t\t\t<span>Czy ceny wy\u015bwietlane na stronie zawieraj\u0105 podatek VAT?<\/span>\n\t\t<\/a>\n\t\t<div id=\"accordion-1929964331-content\" class=\"accordion-inner\" aria-labelledby=\"accordion-1929964331-label\">\n\t\t\t\n<p>Cena ka\u017cdego produktu zawiera ju\u017c podatek VAT. Przed finalizacj\u0105 zam\u00f3wienia podawana jest cena dostawy. Zam\u00f3wienia o warto\u015bci co najmniej 60 euro dostarczamy ca\u0142kowicie bezp\u0142atnie do ka\u017cdego zak\u0105tka kraju.<\/p>\n\t\t<\/div>\n\t<\/div>\n\t\n\t<div id=\"accordion-3642993746\" class=\"accordion-item\">\n\t\t<a id=\"accordion-3642993746-label\" class=\"accordion-title plain\" href=\"#accordion-item-i-prodotti-sono-in-garanzia?\" aria-expanded=\"false\" aria-controls=\"accordion-3642993746-content\">\n\t\t\t<button class=\"toggle\" aria-label=\"Prze\u0142\u0105cznik\"><i class=\"icon-angle-down\" aria-hidden=\"true\"><\/i><\/button>\n\t\t\t<span>Czy produkty s\u0105 obj\u0119te gwarancj\u0105?<\/span>\n\t\t<\/a>\n\t\t<div id=\"accordion-3642993746-content\" class=\"accordion-inner\" aria-labelledby=\"accordion-3642993746-label\">\n\t\t\t\n<p>Wszystkie produkty obj\u0119te s\u0105 prawn\u0105 gwarancj\u0105 zgodno\u015bci. Twoja gwarancja jest jednym z naszych priorytet\u00f3w<\/p>\n\t\t<\/div>\n\t<\/div>\n\t\n\t<div id=\"accordion-440884774\" class=\"accordion-item\">\n\t\t<a id=\"accordion-440884774-label\" class=\"accordion-title plain\" href=\"#accordion-item-quali-sono-i-metodi-di-pagamento?\" aria-expanded=\"false\" aria-controls=\"accordion-440884774-content\">\n\t\t\t<button class=\"toggle\" aria-label=\"Prze\u0142\u0105cznik\"><i class=\"icon-angle-down\" aria-hidden=\"true\"><\/i><\/button>\n\t\t\t<span>Jakie s\u0105 metody p\u0142atno\u015bci?<\/span>\n\t\t<\/a>\n\t\t<div id=\"accordion-440884774-content\" class=\"accordion-inner\" aria-labelledby=\"accordion-440884774-label\">\n\t\t\t\n<div>P\u0142atno\u015bci za zam\u00f3wienie mo\u017cna dokona\u0107 za pomoc\u0105 jednej z poni\u017cszych opcji:<\/div>\n<div><\/div>\n<ul>\n<li>P\u0142atno\u015b\u0107 przy odbiorze<\/li>\n<li>P\u0142atno\u015b\u0107 przez <a href=\"https:\/\/stripe.com\/en-ro\" target=\"_blank\" rel=\"nofollow noopener\">Pasek<\/a> (mi\u0119dzynarodowy procesor p\u0142atno\u015bci)<\/li>\n<li>P\u0142atno\u015b\u0107 przez <a href=\"https:\/\/www.paypal.com\/it\/business\" target=\"_blank\" rel=\"nofollow noopener\">PayPal<\/a> (mi\u0119dzynarodowy procesor p\u0142atno\u015bci)<\/li>\n<\/ul>\n<div><\/div>\n<div>W przypadku wybrania metody p\u0142atno\u015bci za pobraniem, p\u0142atno\u015b\u0107 nale\u017cy ui\u015bci\u0107 w ca\u0142o\u015bci got\u00f3wk\u0105, w lei, przewo\u017anikowi, kt\u00f3ry dostarczy przesy\u0142k\u0119, na podstawie faktury fiskalnej wystawionej przez MEDDYS SNC.<\/div>\n<div><\/div>\n<div>Je\u015bli wybra\u0142e\u015b metod\u0119 p\u0142atno\u015bci \"Online kart\u0105 bankow\u0105\", musisz wype\u0142ni\u0107 formularz z danymi swojej karty na stronie bezpiecznego procesora p\u0142atno\u015bci.<\/div>\n\t\t<\/div>\n\t<\/div>\n\t\n\t<div id=\"accordion-997737105\" class=\"accordion-item\">\n\t\t<a id=\"accordion-997737105-label\" class=\"accordion-title plain\" href=\"#accordion-item-qual-\u00e8-il-metodo-di-consegna-del-prodotto?\" aria-expanded=\"false\" aria-controls=\"accordion-997737105-content\">\n\t\t\t<button class=\"toggle\" aria-label=\"Prze\u0142\u0105cznik\"><i class=\"icon-angle-down\" aria-hidden=\"true\"><\/i><\/button>\n\t\t\t<span>Jaka jest metoda dostawy produktu?<\/span>\n\t\t<\/a>\n\t\t<div id=\"accordion-997737105-content\" class=\"accordion-inner\" aria-labelledby=\"accordion-997737105-label\">\n\t\t\t\n<p>Dostarczamy do ka\u017cdego zak\u0105tka Rumunii. Zam\u00f3wienie o warto\u015bci 80 lei lub wi\u0119cej, aby skorzysta\u0107 z bezp\u0142atnej dostawy. W przypadku zam\u00f3wie\u0144 o warto\u015bci poni\u017cej 60 euro koszty wysy\u0142ki wynosz\u0105 tylko 5 euro.<\/p>\n\t\t<\/div>\n\t<\/div>\n\t\n\t<div id=\"accordion-1459098954\" class=\"accordion-item\">\n\t\t<a id=\"accordion-1459098954-label\" class=\"accordion-title plain\" href=\"#accordion-item-quanto-tempo-ci-vuole-per-la-consegna?\" aria-expanded=\"false\" aria-controls=\"accordion-1459098954-content\">\n\t\t\t<button class=\"toggle\" aria-label=\"Prze\u0142\u0105cznik\"><i class=\"icon-angle-down\" aria-hidden=\"true\"><\/i><\/button>\n\t\t\t<span>Jak d\u0142ugo trwa dostawa?<\/span>\n\t\t<\/a>\n\t\t<div id=\"accordion-1459098954-content\" class=\"accordion-inner\" aria-labelledby=\"accordion-1459098954-label\">\n\t\t\t\n<p>Z\u0142\u00f3\u017c zam\u00f3wienie ju\u017c dzi\u015b, aby otrzyma\u0107 produkt w ci\u0105gu 24\/48 dni roboczych, nawet na Wyspach!<\/p>\n\t\t<\/div>\n\t<\/div>\n\t\n<\/div>\n\t\t<\/div>\n\t\t\t\t\n<style>\n#col-895334574 > .col-inner {\n  margin: -150px 0px 0px 0px;\n}\n<\/style>\n\t<\/div>\n\n\t\n<\/div>\n<div class=\"row align-center\"  id=\"row-1037862615\">\n\n\t<div id=\"col-1455087556\" class=\"col medium-11 small-12 large-11\"  >\n\t\t\t\t<div class=\"col-inner\"  >\n\t\t\t\n\t\t\t\n\n\t<section class=\"section\" id=\"section_1836127063\">\n\t\t<div class=\"section-bg fill\" >\n\t\t\t\t\t\t\t\t\t\n\t\t\t\n\t<div class=\"is-border\"\n\t\tstyle=\"border-color:rgb(235, 235, 235);border-width:1px 1px 1px 1px;\">\n\t<\/div>\n\n\t\t<\/div>\n\n\t\t\n\n\t\t<div class=\"section-content relative\">\n\t\t\t\n<div class=\"row row-large\"  id=\"row-1500452522\">\n\n\t<div id=\"col-1532199604\" class=\"col medium-8 small-12 large-8\"  >\n\t\t\t\t<div class=\"col-inner\"  >\n\t\t\t\n\t\t\t\n\n<div class=\"wpcf7 no-js\" id=\"wpcf7-f6-o1\" lang=\"en-US\" dir=\"ltr\" data-wpcf7-id=\"6\">\n<div class=\"screen-reader-response\"><p role=\"status\" aria-live=\"polite\" aria-atomic=\"true\"><\/p> <ul><\/ul><\/div>\n<form action=\"\/pl\/wp-json\/wp\/v2\/pages\/3303#wpcf7-f6-o1\" method=\"post\" class=\"wpcf7-form init\" aria-label=\"Formularz kontaktowy\" novalidate=\"novalidate\" data-status=\"init\" data-trp-original-action=\"\/pl\/wp-json\/wp\/v2\/pages\/3303#wpcf7-f6-o1\">\n<fieldset class=\"hidden-fields-container\"><input type=\"hidden\" name=\"_wpcf7\" value=\"6\" \/><input type=\"hidden\" name=\"_wpcf7_version\" value=\"6.1.5\" \/><input type=\"hidden\" name=\"_wpcf7_locale\" value=\"en_US\" \/><input type=\"hidden\" name=\"_wpcf7_unit_tag\" value=\"wpcf7-f6-o1\" \/><input type=\"hidden\" name=\"_wpcf7_container_post\" value=\"0\" \/><input type=\"hidden\" name=\"_wpcf7_posted_data_hash\" value=\"\" \/>\n<\/fieldset>\n<p><label> Nazwa*<br \/>\n<span class=\"wpcf7-form-control-wrap\" data-name=\"your-name\"><input size=\"40\" maxlength=\"400\" class=\"wpcf7-form-control wpcf7-text wpcf7-validates-as-required\" autocomplete=\"name\" aria-required=\"true\" aria-invalid=\"false\" value=\"\" type=\"text\" name=\"your-name\" \/><\/span> <\/label>\n<\/p>\n<p><label> E-mail*<br \/>\n<span class=\"wpcf7-form-control-wrap\" data-name=\"your-email\"><input size=\"40\" maxlength=\"400\" class=\"wpcf7-form-control wpcf7-email wpcf7-validates-as-required wpcf7-text wpcf7-validates-as-email\" autocomplete=\"email\" aria-required=\"true\" aria-invalid=\"false\" value=\"\" type=\"email\" name=\"your-email\" \/><\/span> <\/label>\n<\/p>\n<p><label> Przedmiot*<br \/>\n<span class=\"wpcf7-form-control-wrap\" data-name=\"your-subject\"><input size=\"40\" maxlength=\"400\" class=\"wpcf7-form-control wpcf7-text wpcf7-validates-as-required\" aria-required=\"true\" aria-invalid=\"false\" value=\"\" type=\"text\" name=\"your-subject\" \/><\/span> <\/label>\n<\/p>\n<p><label> Wiadomo\u015b\u0107 (opcjonalnie)<br \/>\n<span class=\"wpcf7-form-control-wrap\" data-name=\"your-message\"><textarea cols=\"40\" rows=\"10\" maxlength=\"2000\" class=\"wpcf7-form-control wpcf7-textarea\" aria-invalid=\"false\" name=\"your-message\"><\/textarea><\/span> <\/label>\n<\/p>\n<p><input class=\"wpcf7-form-control wpcf7-submit has-spinner\" type=\"submit\" value=\"Wy\u015blij wiadomo\u015b\u0107\" \/>\n<\/p><div class=\"wpcf7-response-output\" aria-hidden=\"true\"><\/div>\n<input type=\"hidden\" name=\"trp-form-language\" value=\"pl\"\/><\/form>\n<\/div>\n\n\t\t<\/div>\n\t\t\t\t\t<\/div>\n\n\t\n\n\t<div id=\"col-1189180933\" class=\"col medium-4 small-12 large-4\"  >\n\t\t\t\t<div class=\"col-inner\"  >\n\t\t\t\n\t\t\t\n<h6>Firma<\/h6>\n<p>MEDDYS by Saca E&amp;Co SNC<br \/>\nNUMER VAT: 03644140984<\/p>\n\t<div id=\"gap-871330194\" class=\"gap-element clearfix\" style=\"display:block; height:auto;\">\n\t\t\n<style>\n#gap-871330194 {\n  padding-top: 20px;\n}\n<\/style>\n\t<\/div>\n\t\n<h6>Adres<\/h6>\n<p>W\u0142ochy, Via Bologna10, CAP-25073, Bovezzo (BS)<\/p>\n<p><strong>Telefon:<\/strong> 371 5394 647<br \/>\n<strong>E-mail: <\/strong>support@puzzle3d.co<\/p>\n<h6><strong>Godziny pracy:<\/strong><\/h6>\n<p>Od poniedzia\u0142ku do pi\u0105tku: 9:00 - 17:00*.<br \/>\nSobota: zamkni\u0119te<br \/>\nNiedziela: zamkni\u0119te<\/p>\n<p><span style=\"font-size: 80%;\">*z wy\u0142\u0105czeniem dni ustawowo wolnych od pracy<\/span><\/p>\n<div class=\"social-icons follow-icons\" style=\"font-size:80%\"><a href=\"#\" target=\"_blank\" data-label=\"Facebook\" class=\"icon primary button circle tooltip facebook\" title=\"\u015aled\u017a na Facebooku\" aria-label=\"\u015aled\u017a na Facebooku\" rel=\"noopener nofollow\"><i class=\"icon-facebook\" aria-hidden=\"true\"><\/i><\/a><a href=\"#\" target=\"_blank\" data-label=\"Instagram\" class=\"icon primary button circle tooltip instagram\" title=\"Obserwuj na Instagramie\" aria-label=\"Obserwuj na Instagramie\" rel=\"noopener nofollow\"><i class=\"icon-instagram\" aria-hidden=\"true\"><\/i><\/a><a href=\"#\" data-label=\"Twitter\" target=\"_blank\" class=\"icon primary button circle tooltip twitter\" title=\"\u015aled\u017a nas na Twitterze\" aria-label=\"\u015aled\u017a nas na Twitterze\" rel=\"noopener nofollow\"><i class=\"icon-twitter\" aria-hidden=\"true\"><\/i><\/a><a href=\"#\" data-label=\"LinkedIn\" target=\"_blank\" class=\"icon primary button circle tooltip linkedin\" title=\"\u015aled\u017a na LinkedIn\" aria-label=\"\u015aled\u017a na LinkedIn\" rel=\"noopener nofollow\"><i class=\"icon-linkedin\" aria-hidden=\"true\"><\/i><\/a><\/div>\n\t\t<\/div>\n\t\t\t\t\t<\/div>\n\n\t\n\n<style>\n#row-1500452522 > .col > .col-inner {\n  padding: 10px 10px 10px 10px;\n}\n@media (min-width:550px) {\n  #row-1500452522 > .col > .col-inner {\n    padding: 30px 30px 0 30px;\n  }\n}\n<\/style>\n<\/div>\n\t\t<\/div>\n\n\t\t\n<style>\n#section_1836127063 {\n  padding-top: 30px;\n  padding-bottom: 30px;\n}\n<\/style>\n\t<\/section>\n\t\n\t\t<\/div>\n\t\t\t\t\n<style>\n#col-1455087556 > .col-inner {\n  margin: 0px 0px 30px 0px;\n}\n<\/style>\n\t<\/div>\n\n\t\n<\/div>","protected":false},"excerpt":{"rendered":"","protected":false},"author":10,"featured_media":0,"parent":0,"menu_order":0,"comment_status":"closed","ping_status":"closed","template":"","meta":{"footnotes":""},"class_list":["post-3303","page","type-page","status-publish","hentry"],"_links":{"self":[{"href":"https:\/\/puzzle3d.co\/pl\/wp-json\/wp\/v2\/pages\/3303","targetHints":{"allow":["GET"]}}],"collection":[{"href":"https:\/\/puzzle3d.co\/pl\/wp-json\/wp\/v2\/pages"}],"about":[{"href":"https:\/\/puzzle3d.co\/pl\/wp-json\/wp\/v2\/types\/page"}],"author":[{"embeddable":true,"href":"https:\/\/puzzle3d.co\/pl\/wp-json\/wp\/v2\/users\/10"}],"replies":[{"embeddable":true,"href":"https:\/\/puzzle3d.co\/pl\/wp-json\/wp\/v2\/comments?post=3303"}],"version-history":[{"count":0,"href":"https:\/\/puzzle3d.co\/pl\/wp-json\/wp\/v2\/pages\/3303\/revisions"}],"wp:attachment":[{"href":"https:\/\/puzzle3d.co\/pl\/wp-json\/wp\/v2\/media?parent=3303"}],"curies":[{"name":"wp","href":"https:\/\/api.w.org\/{rel}","templated":true}]}}