{"id":3037,"date":"2023-11-15T18:15:18","date_gmt":"2023-11-15T18:15:18","guid":{"rendered":"https:\/\/puzzle3d.co\/?page_id=3037"},"modified":"2025-02-16T07:14:26","modified_gmt":"2025-02-16T07:14:26","slug":"oswiadczenie-o-ochronie-prywatnosci-ue","status":"publish","type":"page","link":"https:\/\/puzzle3d.co\/pl\/dichiarazione-sulla-privacy-ue\/","title":{"rendered":"O\u015bwiadczenie o ochronie prywatno\u015bci (UE)"},"content":{"rendered":"<h1><span id=\"Dichiarazione_sulla_Privacy_UE\"><strong>O\u015bwiadczenie o ochronie prywatno\u015bci (UE)<\/strong><\/span><\/h1>\n<p><em>Niniejsze o\u015bwiadczenie o ochronie prywatno\u015bci zosta\u0142o ostatnio zaktualizowane 21 pa\u017adziernika 2022 r. i ma zastosowanie do obywateli i legalnych sta\u0142ych mieszka\u0144c\u00f3w Europejskiego Obszaru Gospodarczego i Szwajcarii<\/em><\/p>\n<p>W niniejszym o\u015bwiadczeniu o ochronie prywatno\u015bci wyja\u015bniamy, co robimy z danymi, kt\u00f3re uzyskujemy od u\u017cytkownika za po\u015brednictwem strony https:\/\/puzzle3d.co. Zalecamy uwa\u017cne przeczytanie o\u015bwiadczenia. Podczas przetwarzania danych przestrzegamy wymog\u00f3w przepis\u00f3w o ochronie prywatno\u015bci. Oznacza to mi\u0119dzy innymi, \u017ce:<\/p>\n<ul>\n<li>jasno informujemy, dlaczego przetwarzamy dane osobowe. Robimy to za pomoc\u0105 niniejszego o\u015bwiadczenia o ochronie prywatno\u015bci;<\/li>\n<li>Naszym celem jest ograniczenie gromadzenia danych osobowych wy\u0142\u0105cznie do tych, kt\u00f3re s\u0105 wymagane do cel\u00f3w zgodnych z prawem;<\/li>\n<li>w przypadkach wymagaj\u0105cych zgody najpierw prosimy o wyra\u017an\u0105 zgod\u0119 u\u017cytkownika na przetwarzanie jego danych osobowych;<\/li>\n<li>Podejmujemy odpowiednie \u015brodki bezpiecze\u0144stwa w celu ochrony danych osobowych u\u017cytkownik\u00f3w, a tak\u017ce wymagamy tego od stron, kt\u00f3re przetwarzaj\u0105 dane osobowe w naszym imieniu;<\/li>\n<li>szanujemy prawo u\u017cytkownika do dost\u0119pu do jego danych osobowych lub do ich poprawienia lub usuni\u0119cia na jego \u017c\u0105danie.<\/li>\n<\/ul>\n<p>W przypadku jakichkolwiek pyta\u0144 lub ch\u0119ci uzyskania dok\u0142adnych informacji na temat przechowywanych przez nas danych, prosimy o kontakt.<\/p>\n<ol>\n<li><strong>Cel, dane i okres przechowywania<\/strong><\/li>\n<\/ol>\n<p>Mo\u017cemy gromadzi\u0107 lub otrzymywa\u0107 dane osobowe w r\u00f3\u017cnych celach zwi\u0105zanych z nasz\u0105 dzia\u0142alno\u015bci\u0105 biznesow\u0105, kt\u00f3re mog\u0105 obejmowa\u0107 nast\u0119puj\u0105ce: (kliknij, aby rozwin\u0105\u0107)<\/p>\n<h3><span id=\"11_Contatto_8211_Tramite_telefono_posta_email_eo_moduli_web\">1.1 Kontakt - przez telefon, poczt\u0119, e-mail i\/lub formularze internetowe<\/span><\/h3>\n<p><strong>W tym celu wykorzystujemy nast\u0119puj\u0105ce dane:<\/strong><\/p>\n<ul>\n<li>Imi\u0119 i nazwisko<\/li>\n<li>Nazwa konta lub alias<\/li>\n<li>Dom lub inny adres fizyczny, w tym nazwa ulicy i miejscowo\u015b\u0107<\/li>\n<li>Adres e-mail<\/li>\n<li>Numer telefonu<\/li>\n<li>Adres IP<\/li>\n<li>informacje o aktywno\u015bci w Internecie, w tym mi\u0119dzy innymi historia przegl\u0105dania, historia wyszukiwania oraz informacje dotycz\u0105ce interakcji u\u017cytkownika ze stron\u0105 internetow\u0105, aplikacj\u0105 lub reklam\u0105<\/li>\n<li>Dane geolokalizacyjne<\/li>\n<\/ul>\n<p><strong>Podstaw\u0105 przetwarzania danych jest:<\/strong><\/p>\n<p><a href=\"https:\/\/cookiedatabase.org\/legal-bases\/#consent\">Za zgod\u0105.<\/a><\/p>\n<p><strong>Okres przechowywania<\/strong><\/p>\n<p>Po zako\u0144czeniu \u015bwiadczenia us\u0142ugi przechowujemy te dane przez nast\u0119puj\u0105cy okres: 24 miesi\u0105ce.<\/p>\n<h3><span id=\"12_Pagamenti\">1.2 P\u0142atno\u015bci<\/span><\/h3>\n<p><strong>W tym celu wykorzystujemy nast\u0119puj\u0105ce dane:<\/strong><\/p>\n<ul>\n<li>Imi\u0119 i nazwisko<\/li>\n<li>Nazwa konta lub alias<\/li>\n<li>Dom lub inny adres fizyczny, w tym nazwa ulicy i miejscowo\u015b\u0107<\/li>\n<li>Adres e-mail<\/li>\n<li>Numer telefonu<\/li>\n<li>Adres IP<\/li>\n<li>informacje o aktywno\u015bci w Internecie, w tym mi\u0119dzy innymi historia przegl\u0105dania, historia wyszukiwania oraz informacje dotycz\u0105ce interakcji u\u017cytkownika ze stron\u0105 internetow\u0105, aplikacj\u0105 lub reklam\u0105<\/li>\n<\/ul>\n<p><strong>Podstaw\u0105 przetwarzania danych jest:<\/strong><\/p>\n<p><a href=\"https:\/\/cookiedatabase.org\/legal-bases\/#consent\">Za zgod\u0105.<\/a><\/p>\n<p><strong>Okres przechowywania<\/strong><\/p>\n<p>Po zako\u0144czeniu \u015bwiadczenia us\u0142ugi przechowujemy te dane przez nast\u0119puj\u0105cy okres: 24 miesi\u0105ce.<\/p>\n<h3><span id=\"13_Registrazione_account\">1.3 Rejestracja konta<\/span><\/h3>\n<p><strong>W tym celu wykorzystujemy nast\u0119puj\u0105ce dane:<\/strong><\/p>\n<ul>\n<li>Imi\u0119 i nazwisko<\/li>\n<li>Nazwa konta lub alias<\/li>\n<li>Dom lub inny adres fizyczny, w tym nazwa ulicy i miejscowo\u015b\u0107<\/li>\n<li>Adres e-mail<\/li>\n<li>Numer telefonu<\/li>\n<li>Adres IP<\/li>\n<li>informacje o aktywno\u015bci w Internecie, w tym mi\u0119dzy innymi historia przegl\u0105dania, historia wyszukiwania oraz informacje dotycz\u0105ce interakcji u\u017cytkownika ze stron\u0105 internetow\u0105, aplikacj\u0105 lub reklam\u0105<\/li>\n<\/ul>\n<p><strong>Podstaw\u0105 przetwarzania danych jest:<\/strong><\/p>\n<p><a href=\"https:\/\/cookiedatabase.org\/legal-bases\/#consent\">Za zgod\u0105.<\/a><\/p>\n<p><strong>Okres przechowywania<\/strong><\/p>\n<p>Po zako\u0144czeniu \u015bwiadczenia us\u0142ugi przechowujemy te dane przez nast\u0119puj\u0105cy okres: 24 miesi\u0105ce.<\/p>\n<h3><span id=\"14_Newsletter\">1.4 Newsletter<\/span><\/h3>\n<p><strong>W tym celu wykorzystujemy nast\u0119puj\u0105ce dane:<\/strong><\/p>\n<ul>\n<li>Imi\u0119 i nazwisko<\/li>\n<li>Nazwa konta lub alias<\/li>\n<li>Dom lub inny adres fizyczny, w tym nazwa ulicy i miejscowo\u015b\u0107<\/li>\n<li>Adres e-mail<\/li>\n<li>Numer telefonu<\/li>\n<li>Adres IP<\/li>\n<li>informacje o aktywno\u015bci w Internecie, w tym mi\u0119dzy innymi historia przegl\u0105dania, historia wyszukiwania oraz informacje dotycz\u0105ce interakcji u\u017cytkownika ze stron\u0105 internetow\u0105, aplikacj\u0105 lub reklam\u0105<\/li>\n<\/ul>\n<p><strong>Podstaw\u0105 przetwarzania danych jest:<\/strong><\/p>\n<p><a href=\"https:\/\/cookiedatabase.org\/legal-bases\/#consent\">Za zgod\u0105.<\/a><\/p>\n<p><strong>Okres przechowywania<\/strong><\/p>\n<p>Po zako\u0144czeniu \u015bwiadczenia us\u0142ugi przechowujemy te dane przez nast\u0119puj\u0105cy okres: 24 miesi\u0105ce.<\/p>\n<h3><span id=\"15_Per_supportare_servizi_o_prodotti_che_un_cliente_vogliono_o_hanno_comprato\">1.5 Wspieranie us\u0142ug lub produkt\u00f3w, kt\u00f3re klient chce lub kupi\u0142<\/span><\/h3>\n<p><strong>W tym celu wykorzystujemy nast\u0119puj\u0105ce dane:<\/strong><\/p>\n<ul>\n<li>Imi\u0119 i nazwisko<\/li>\n<li>Nazwa konta lub alias<\/li>\n<li>Dom lub inny adres fizyczny, w tym nazwa ulicy i miejscowo\u015b\u0107<\/li>\n<li>Adres e-mail<\/li>\n<li>Numer telefonu<\/li>\n<li>Adres IP<\/li>\n<li>informacje o aktywno\u015bci w Internecie, w tym mi\u0119dzy innymi historia przegl\u0105dania, historia wyszukiwania oraz informacje dotycz\u0105ce interakcji u\u017cytkownika ze stron\u0105 internetow\u0105, aplikacj\u0105 lub reklam\u0105<\/li>\n<li>Dane geolokalizacyjne<\/li>\n<\/ul>\n<p><strong>Podstaw\u0105 przetwarzania danych jest:<\/strong><\/p>\n<p><a href=\"https:\/\/cookiedatabase.org\/legal-bases\/#consent\">Za zgod\u0105.<\/a><\/p>\n<p><strong>Okres przechowywania<\/strong><\/p>\n<p>Po zako\u0144czeniu \u015bwiadczenia us\u0142ugi przechowujemy te dane przez nast\u0119puj\u0105cy okres: 24 miesi\u0105ce.<\/p>\n<h3><span id=\"16_Per_essere_in_grado_di_rispettare_gli_obblighi_legali\">1.6 Aby m\u00f3c przestrzega\u0107 zobowi\u0105za\u0144 prawnych<\/span><\/h3>\n<p><strong>W tym celu wykorzystujemy nast\u0119puj\u0105ce dane:<\/strong><\/p>\n<ul>\n<li>Imi\u0119 i nazwisko<\/li>\n<li>Nazwa konta lub alias<\/li>\n<li>Dom lub inny adres fizyczny, w tym nazwa ulicy i miejscowo\u015b\u0107<\/li>\n<li>Adres e-mail<\/li>\n<li>Numer telefonu<\/li>\n<li>Adres IP<\/li>\n<li>informacje o aktywno\u015bci w Internecie, w tym mi\u0119dzy innymi historia przegl\u0105dania, historia wyszukiwania oraz informacje dotycz\u0105ce interakcji u\u017cytkownika ze stron\u0105 internetow\u0105, aplikacj\u0105 lub reklam\u0105<\/li>\n<\/ul>\n<p><strong>Podstaw\u0105 przetwarzania danych jest:<\/strong><\/p>\n<p><a href=\"https:\/\/cookiedatabase.org\/legal-bases\/#consent\">Za zgod\u0105.<\/a><\/p>\n<p><strong>Okres przechowywania<\/strong><\/p>\n<p>Po zako\u0144czeniu \u015bwiadczenia us\u0142ugi przechowujemy te dane przez nast\u0119puj\u0105cy okres: 24 miesi\u0105ce.<\/p>\n<h3><span id=\"17_Compilazione_ed_analisi_di_statistiche_per_migliore_il_sito\">1.7 Kompilacja i analiza statystyk w celu ulepszenia strony.<\/span><\/h3>\n<p><strong>W tym celu wykorzystujemy nast\u0119puj\u0105ce dane:<\/strong><\/p>\n<ul>\n<li>Imi\u0119 i nazwisko<\/li>\n<li>Nazwa konta lub alias<\/li>\n<li>Dom lub inny adres fizyczny, w tym nazwa ulicy i miejscowo\u015b\u0107<\/li>\n<li>Adres e-mail<\/li>\n<li>Numer telefonu<\/li>\n<li>Adres IP<\/li>\n<li>informacje o aktywno\u015bci w Internecie, w tym mi\u0119dzy innymi historia przegl\u0105dania, historia wyszukiwania oraz informacje dotycz\u0105ce interakcji u\u017cytkownika ze stron\u0105 internetow\u0105, aplikacj\u0105 lub reklam\u0105<\/li>\n<li>Dane geolokalizacyjne<\/li>\n<\/ul>\n<p><strong>Podstaw\u0105 przetwarzania danych jest:<\/strong><\/p>\n<p><a href=\"https:\/\/cookiedatabase.org\/legal-bases\/#consent\">Za zgod\u0105.<\/a><\/p>\n<p><strong>Okres przechowywania<\/strong><\/p>\n<p>Po zako\u0144czeniu \u015bwiadczenia us\u0142ugi przechowujemy te dane przez nast\u0119puj\u0105cy okres: 24 miesi\u0105ce.<\/p>\n<h3><span id=\"18_Per_poter_offrire_prodotti_e_servizi_personalizzati\">1.8 Mo\u017cliwo\u015b\u0107 oferowania spersonalizowanych produkt\u00f3w i us\u0142ug<\/span><\/h3>\n<p><strong>W tym celu wykorzystujemy nast\u0119puj\u0105ce dane:<\/strong><\/p>\n<ul>\n<li>Imi\u0119 i nazwisko<\/li>\n<li>Nazwa konta lub alias<\/li>\n<li>Dom lub inny adres fizyczny, w tym nazwa ulicy i miejscowo\u015b\u0107<\/li>\n<li>Adres e-mail<\/li>\n<li>Numer telefonu<\/li>\n<li>Adres IP<\/li>\n<li>informacje o aktywno\u015bci w Internecie, w tym mi\u0119dzy innymi historia przegl\u0105dania, historia wyszukiwania oraz informacje dotycz\u0105ce interakcji u\u017cytkownika ze stron\u0105 internetow\u0105, aplikacj\u0105 lub reklam\u0105<\/li>\n<li>Dane geolokalizacyjne<\/li>\n<\/ul>\n<p><strong>Podstaw\u0105 przetwarzania danych jest:<\/strong><\/p>\n<p><a href=\"https:\/\/cookiedatabase.org\/legal-bases\/#consent\">Za zgod\u0105.<\/a><\/p>\n<p><strong>Okres przechowywania<\/strong><\/p>\n<p>Po zako\u0144czeniu \u015bwiadczenia us\u0142ugi przechowujemy te dane przez nast\u0119puj\u0105cy okres: 24 miesi\u0105ce.<\/p>\n<ol start=\"2\">\n<li><strong>Pliki cookie<\/strong><\/li>\n<\/ol>\n<p>Nasza strona u\u017cywa plik\u00f3w cookie. Wi\u0119cej informacji na temat plik\u00f3w cookie mo\u017cna znale\u017a\u0107 w naszej Polityce plik\u00f3w cookie.<\/p>\n<p>Zawarli\u015bmy z Google umow\u0119 o przetwarzanie danych.<\/p>\n<p>Google nie mo\u017ce wykorzystywa\u0107 tych danych do innych us\u0142ug Google.<\/p>\n<ol start=\"3\">\n<li><strong>Bezpiecze\u0144stwo<\/strong><\/li>\n<\/ol>\n<p>Dbamy o bezpiecze\u0144stwo danych osobowych. Podejmujemy odpowiednie \u015brodki bezpiecze\u0144stwa w celu ograniczenia niew\u0142a\u015bciwego wykorzystania i nieuprawnionego dost\u0119pu do danych osobowych. Gwarantuje to, \u017ce tylko niezb\u0119dne osoby maj\u0105 dost\u0119p do danych u\u017cytkownika, \u017ce dost\u0119p do danych jest chroniony i \u017ce nasze \u015brodki bezpiecze\u0144stwa s\u0105 regularnie weryfikowane.<\/p>\n<ol start=\"4\">\n<li><strong>Strony internetowe os\u00f3b trzecich<\/strong><\/li>\n<\/ol>\n<p>Niniejsze o\u015bwiadczenie o ochronie prywatno\u015bci nie ma zastosowania do witryn internetowych os\u00f3b trzecich, do kt\u00f3rych \u0142\u0105cza znajduj\u0105 si\u0119 w naszej witrynie. Nie mo\u017cemy zagwarantowa\u0107, \u017ce te strony trzecie przetwarzaj\u0105 dane osobowe u\u017cytkownika w spos\u00f3b niezawodny i bezpieczny. Zalecamy zapoznanie si\u0119 z o\u015bwiadczeniami o ochronie prywatno\u015bci tych witryn przed skorzystaniem z nich.<\/p>\n<ol start=\"5\">\n<li><strong>Grzywny dotycz\u0105ce niniejszego o\u015bwiadczenia o ochronie prywatno\u015bci.<\/strong><\/li>\n<\/ol>\n<p>Zastrzegamy sobie prawo do wprowadzania zmian w niniejszym o\u015bwiadczeniu o ochronie prywatno\u015bci. Zalecamy regularne zapoznawanie si\u0119 z niniejszym o\u015bwiadczeniem o ochronie prywatno\u015bci, aby mie\u0107 \u015bwiadomo\u015b\u0107 wszelkich zmian. Ponadto w miar\u0119 mo\u017cliwo\u015bci b\u0119dziemy aktywnie informowa\u0107 u\u017cytkownik\u00f3w.<\/p>\n<ol start=\"6\">\n<li><strong>Dost\u0119p do danych i ich edycja<\/strong><\/li>\n<\/ol>\n<p>W przypadku jakichkolwiek pyta\u0144 lub ch\u0119ci uzyskania dok\u0142adnych informacji na temat posiadanych przez nas danych osobowych, prosimy o kontakt.<\/p>\n<ul>\n<li>U\u017cytkownik ma prawo wiedzie\u0107, kiedy jego dane osobowe s\u0105 potrzebne, co si\u0119 z nimi dzieje i jak d\u0142ugo b\u0119d\u0105 przechowywane.<\/li>\n<li>Prawo dost\u0119pu: u\u017cytkownik ma prawo dost\u0119pu do swoich danych osobowych, o kt\u00f3rych wiemy.<\/li>\n<li>Prawo do sprostowania: u\u017cytkownik ma prawo do uzupe\u0142nienia, poprawienia, usuni\u0119cia lub zablokowania swoich danych osobowych w dowolnym momencie.<\/li>\n<li>W przypadku jakichkolwiek pyta\u0144 lub problem\u00f3w zwi\u0105zanych z dost\u0119pno\u015bci\u0105 strony internetowej, prosimy o kontakt.<\/li>\n<li>Prawo do przenoszenia danych: u\u017cytkownik ma prawo za\u017c\u0105da\u0107 od administratora wszystkich swoich danych i przenie\u015b\u0107 je do innego administratora.<\/li>\n<li>Prawo do sprzeciwu: u\u017cytkownik ma prawo sprzeciwi\u0107 si\u0119 przetwarzaniu jego danych. B\u0119dziemy respektowa\u0107 ten wyb\u00f3r, chyba \u017ce istnieje wa\u017cna podstawa do przetwarzania.<\/li>\n<\/ul>\n<p>Upewnij si\u0119, \u017ce zawsze wyra\u017anie okre\u015blasz, kim jeste\u015b, aby mie\u0107 pewno\u015b\u0107, \u017ce nie usuniesz ani nie zmodyfikujesz danych niew\u0142a\u015bciwej osoby.<\/p>\n<ol start=\"7\">\n<li><strong>Wysy\u0142anie skargi<\/strong><\/li>\n<\/ol>\n<p>Je\u015bli u\u017cytkownik nie jest zadowolony ze sposobu, w jaki przetwarzamy jego dane osobowe (skarga), ma prawo przes\u0142a\u0107 skarg\u0119 do Urz\u0119du Ochrony Danych Osobowych.<\/p>\n<ol start=\"8\">\n<li><strong>Dane kontaktowe<\/strong><\/li>\n<\/ol>\n<p><strong>PUZZLE3D.CO<\/strong><br \/>\n<span style=\"font-size: 75%;\">(MEDDYS SNC)<\/span><\/p>\n<p>Via Bologna 10<br \/>\nBovezzo (BS) 25073<br \/>\nW\u0142ochy<\/p>\n<p>Strona internetowa: https:\/\/puzzle3d.co<br \/>\nE-mail: support@puzzle3d.co<br \/>\nNumer telefonu: 371 5394 647<\/p>","protected":false},"excerpt":{"rendered":"<p>Dichiarazione sulla Privacy (UE) Questa dichiarazione sulla privacy \u00e8 stata aggiornata l\u2019ultima volta il Ottobre 21, 2022 e si applica ai cittadini e ai residenti permanenti legali dello Spazio Economico Europeo e della Svizzera In questa dichiarazione sulla privacy, spieghiamo cosa facciamo con i dati che otteniamo da te attraverso\u00a0https:\/\/puzzle3d.co\u00a0Ti consigliamo di leggere attentamente la [&#8230;]\n","protected":false},"author":10,"featured_media":0,"parent":0,"menu_order":0,"comment_status":"closed","ping_status":"closed","template":"","meta":{"slim_seo":{"title":"Dichiarazione sulla Privacy (UE) - Puzzle 3D","description":"O\u015bwiadczenie o ochronie prywatno\u015bci (UE) Niniejsze o\u015bwiadczenie o ochronie prywatno\u015bci zosta\u0142o ostatnio zaktualizowane 21 pa\u017adziernika 2022 r. i ma zastosowanie do obywateli i mieszka\u0144c\u00f3w UE."},"footnotes":""},"class_list":["post-3037","page","type-page","status-publish","hentry"],"_links":{"self":[{"href":"https:\/\/puzzle3d.co\/pl\/wp-json\/wp\/v2\/pages\/3037","targetHints":{"allow":["GET"]}}],"collection":[{"href":"https:\/\/puzzle3d.co\/pl\/wp-json\/wp\/v2\/pages"}],"about":[{"href":"https:\/\/puzzle3d.co\/pl\/wp-json\/wp\/v2\/types\/page"}],"author":[{"embeddable":true,"href":"https:\/\/puzzle3d.co\/pl\/wp-json\/wp\/v2\/users\/10"}],"replies":[{"embeddable":true,"href":"https:\/\/puzzle3d.co\/pl\/wp-json\/wp\/v2\/comments?post=3037"}],"version-history":[{"count":0,"href":"https:\/\/puzzle3d.co\/pl\/wp-json\/wp\/v2\/pages\/3037\/revisions"}],"wp:attachment":[{"href":"https:\/\/puzzle3d.co\/pl\/wp-json\/wp\/v2\/media?parent=3037"}],"curies":[{"name":"wp","href":"https:\/\/api.w.org\/{rel}","templated":true}]}}