{"id":1249,"date":"2023-02-09T10:27:01","date_gmt":"2023-02-09T10:27:01","guid":{"rendered":"https:\/\/puzzle3d.co\/politica-de-confidentialitate-ro-copy\/"},"modified":"2025-02-16T07:14:42","modified_gmt":"2025-02-16T07:14:42","slug":"prawo-do-odstapienia-od-umowy","status":"publish","type":"page","link":"https:\/\/puzzle3d.co\/pl\/diritto-di-recesso\/","title":{"rendered":"Prawo do odst\u0105pienia od umowy"},"content":{"rendered":"<header class=\"entry-header ast-no-thumbnail ast-no-meta\">\n<h1 class=\"h3-classico-pag\"><span id=\"Diritto_di_recessodirettiva_201183UE_ratificata_in_Italia_con_il_D_LGS_21_febbraio_2014_N_21\"><strong>Prawo do odst\u0105pienia od umowy<\/strong><\/span><\/h1>\n<div><strong>DOSTAWA<\/strong><\/div>\n<div>\u00a0<\/div>\n<div>Produkty dostarczane s\u0105 szybk\u0105 przesy\u0142k\u0105 kuriersk\u0105. Maksymalna warto\u015b\u0107 zobowi\u0105za\u0144 Puzzle 3D wobec ka\u017cdego klienta w przypadku niedostarczenia lub niew\u0142a\u015bciwego dostarczenia zakupionych produkt\u00f3w to kwota pobrana przez nasz\u0105 firm\u0119 od danego klienta. W przypadku, gdy ceny lub inne szczeg\u00f3\u0142y produktu s\u0105 wy\u015bwietlane nieprawid\u0142owo, r\u00f3wnie\u017c z powodu b\u0142\u0119dnego wprowadzenia ich do bazy danych, Puzzle3D.co zastrzega sobie prawo do anulowania dostawy danego produktu i jak najszybszego powiadomienia klienta o zaistnia\u0142ym b\u0142\u0119dzie.<\/div>\n<div>\u00a0<\/div>\n<div><strong>Zam\u00f3wienia za pobraniem niepotwierdzone telefonicznie b\u0119d\u0105 anulowane.<\/strong><\/div>\n<div>\u00a0<\/div>\n<div>Op\u0142ata za dostaw\u0119 wynosi 3,95 euro dla zam\u00f3wie\u0144 do 80 lei, niezale\u017cnie od wagi i adresu dostawy.<\/div>\n<div>Zam\u00f3wienia o warto\u015bci powy\u017cej 80 euro obj\u0119te s\u0105 darmow\u0105 dostaw\u0105.<\/div>\n<div>Zam\u00f3wienia z\u0142o\u017cone za pobraniem, je\u015bli nie zostan\u0105 potwierdzone telefonicznie, zostan\u0105 anulowane.<\/div>\n<div>Produkty zam\u00f3wione w witrynie s\u0105 dostarczane natychmiast po potwierdzeniu zam\u00f3wienia przez u\u017cytkownika telefonicznie jednemu z naszych operator\u00f3w.<\/div>\n<div>Od momentu potwierdzenia zam\u00f3wienia skontaktujemy si\u0119 z Tob\u0105 e-mailem lub telefonicznie, a nast\u0119pnie otrzymasz numer AWB i b\u0119dziesz m\u00f3g\u0142 \u015bledzi\u0107, gdzie znajduje si\u0119 Twoja paczka bezpo\u015brednio na stronie internetowej kuriera.<\/div>\n<div>\u00a0<\/div>\n<div>Czas wysy\u0142ki produkt\u00f3w zale\u017cy od ich stanu magazynowego. Zwykle w ci\u0105gu 24-48 godzin od potwierdzenia zam\u00f3wienia otrzymasz produkt do domu, je\u015bli dany produkt znajduje si\u0119 w naszym magazynie. Je\u015bli w niekt\u00f3rych przypadkach produktu nie ma w magazynie, operator poinformuje Ci\u0119 telefonicznie lub e-mailem o czasie wysy\u0142ki zam\u00f3wionych produkt\u00f3w.<\/div>\n<h3 class=\"h3-classico-pag\"><span id=\"Diritto_di_recessodirettiva_201183UE_ratificata_in_Italia_con_il_D_LGS_21_febbraio_2014_N_21\">(Dyrektywa 2011\/83\/UE, ratyfikowana we W\u0142oszech dekretem ustawodawczym nr 21 z dnia 21 lutego 2014 r.)<\/span><\/h3>\n<p class=\"p-classico-pag\">\"Konsument\" (tj. osoba fizyczna, kt\u00f3ra kupuje towary w celach niezwi\u0105zanych z jej dzia\u0142alno\u015bci\u0105 zawodow\u0105, tj. kt\u00f3ra nie dokonuje zakupu poprzez wskazanie numeru VAT na formularzu zam\u00f3wienia), ma prawo odst\u0105pi\u0107 od umowy zakupu zawartej na odleg\u0142o\u015b\u0107, bez podania przyczyny i bez ponoszenia kary.<\/p>\n<p class=\"p-classico-pag\">Po otrzymaniu towar\u00f3w konsument ma <strong>14 dni<\/strong> poinformowa\u0107 o ch\u0119ci skorzystania z prawa do odst\u0105pienia od umowy. Komunikacja mo\u017ce odbywa\u0107 si\u0119 na przyk\u0142ad za pomoc\u0105 biletu serwisowego, listu poleconego lub wiadomo\u015bci e-mail. Takie powiadomienie musi zawiera\u0107 imi\u0119 i nazwisko kupuj\u0105cego, numer zam\u00f3wienia, numer faktury i dat\u0119 zakupu.<\/p>\n<p class=\"p-classico-pag\">Konsument jest zobowi\u0105zany do zwrotu produkt\u00f3w w takim samym stanie, w jakim je otrzyma\u0142, z oryginalnym opakowaniem (nienaruszonym i kompletnym we wszystkich jego cz\u0119\u015bciach, poniewa\u017c s\u0105 one uwa\u017cane za integralne cz\u0119\u015bci towar\u00f3w), instrukcjami obs\u0142ugi, akcesoriami, komponentami, kluczami i wszystkim innym, co zosta\u0142o dostarczone, bez \u017cadnych brak\u00f3w.<\/p>\n<p class=\"p-classico-pag\">Konsument ponosi odpowiedzialno\u015b\u0107 wy\u0142\u0105cznie za zmniejszenie warto\u015bci towar\u00f3w wynikaj\u0105ce z obchodzenia si\u0119 z nimi w spos\u00f3b inny ni\u017c konieczny do ustalenia charakteru, cech i funkcjonowania towar\u00f3w.<br \/>W przypadku, gdy towary s\u0105 oczywi\u015bcie u\u017cywane i\/lub maj\u0105 brakuj\u0105ce lub nienaruszone opakowanie, wynikaj\u0105ca z tego dewaluacja handlowa przy ponownym wprowadzeniu do obrotu jako \"produkt u\u017cywany\" doprowadzi do obni\u017cenia warto\u015bci.<\/p>\n<p class=\"p-classico-pag\">Aby ograniczy\u0107 uszkodzenia oryginalnego opakowania, w miar\u0119 mo\u017cliwo\u015bci sugerujemy umieszczenie go w drugim pude\u0142ku, unikaj\u0105c w ka\u017cdym przypadku umieszczania etykiet lub ta\u015bmy samoprzylepnej bezpo\u015brednio na oryginalnym opakowaniu produktu.<\/p>\n<p class=\"p-classico-pag\">W ci\u0105gu 14 dni od z\u0142o\u017cenia o\u015bwiadczenia o odst\u0105pieniu od umowy, Konsument powinien zorganizowa\u0107 zwrot produktu do Puzzle 3D (MEDDYS SNC ) - Via Bologna 10, 25073 Bovezzo (BS), W\u0142ochy, za po\u015brednictwem w\u0142asnego spedytora. Koszty zwrotu ponosi Konsument.<br \/>Do momentu potwierdzenia odbioru pod wy\u017cej wymienionym adresem towary b\u0119d\u0105 podr\u00f3\u017cowa\u0107 na odpowiedzialno\u015b\u0107 Konsumenta; dlatego zaleca si\u0119 ubezpieczenie przesy\u0142ki zwrotnej od kradzie\u017cy, utraty lub uszkodzenia w transporcie, za kt\u00f3re AgriEuro nie ponosi odpowiedzialno\u015bci.<\/p>\n<p class=\"p-classico-pag\">W ci\u0105gu 14 dni od otrzymania towar\u00f3w zwr\u00f3cimy klientowi pe\u0142n\u0105 kwot\u0119 transakcji (z zastrze\u017ceniem ogranicze\u0144 okre\u015blonych powy\u017cej) przy u\u017cyciu tej samej metody p\u0142atno\u015bci, kt\u00f3rej u\u017cyto do pierwotnego zakupu. Zwrot mo\u017ce zosta\u0107 zawieszony do czasu udowodnienia przez konsumenta, \u017ce faktycznie odes\u0142a\u0142 towary.<\/p>\n<h3 class=\"h3-classico-pag\"><span id=\"Recesso_del_Fornitore\"><strong>Wycofanie si\u0119 dostawcy<\/strong><\/span><\/h3>\n<p class=\"p-classico-pag\">MEDDYS SNC ma prawo odst\u0105pi\u0107 od umowy sprzeda\u017cy, przekazuj\u0105c klientowi zwyk\u0142e uzasadnione powiadomienie w przypadku si\u0142y wy\u017cszej lub nadzorowanej niemo\u017cliwo\u015bci, kt\u00f3rej nie mo\u017cna przypisa\u0107 sklepowi internetowemu lub przewo\u017anikowi. W takich przypadkach klientowi przys\u0142uguje jedynie zwrot wszelkich ju\u017c zap\u0142aconych kwot.<\/p>\n<div><strong>\u00a0<\/strong><\/div>\n<div><strong>JAK ZWR\u00d3CI\u0106 PRODUKT?<\/strong><\/div>\n<div>\u00a0<\/div>\n<div>Zgodnie z obowi\u0105zuj\u0105cymi przepisami GEO 34\/2014 mo\u017cesz zwr\u00f3ci\u0107 produkty zakupione na Puzzle3D.co w ci\u0105gu 14 dni od ich zakupu.<\/div>\n<div>\u00a0<\/div>\n<div>Produkt mo\u017ce zosta\u0107 zwr\u00f3cony pod nast\u0119puj\u0105cymi warunkami:<\/div>\n<div>\u00a0<\/div>\n<div>brak \u015blad\u00f3w monta\u017cu, zadrapa\u0144, uderze\u0144<\/div>\n<div>nienaruszone opakowania, etykiety i akcesoria<\/div>\n<div>nie wykazywa\u0107 oznak u\u017cytkowania<\/div>\n<div>Produkt mo\u017ce zosta\u0107 zwr\u00f3cony tylko wtedy, gdy jest w idealnym stanie (\u0142\u0105cznie z opakowaniem) i nie wykazuje oznak zu\u017cycia. W przypadku odrzucenia produktu prosimy o kontakt telefoniczny lub mailowy w ci\u0105gu 24 godzin od jego otrzymania w celu ustalenia szczeg\u00f3\u0142\u00f3w zwrotu.<\/div>\n<div>\u00a0<\/div>\n<div>Koszty zwrotu ponosi klient, a zwrot warto\u015bci produktu nast\u0105pi w ci\u0105gu oko\u0142o 5-7 dni roboczych i nie mo\u017ce przekroczy\u0107 ustawowego terminu 14 dni.<\/div>\n<div>\u00a0<\/div>\n<div>Je\u015bli zwr\u00f3cony produkt jest uszkodzony, wykazuje oczywiste oznaki u\u017cytkowania i nie mo\u017ce by\u0107 sprzedany jako nowy produkt, zastrzegamy sobie prawo do odrzucenia produktu. Wszystkie te klauzule i warunki s\u0105 okre\u015blone w:<\/div>\n<div>\u00a0<\/div>\n<div>Rozporz\u0105dzenie nadzwyczajne nr 34\/2014 w sprawie re\u017cimu prawnego um\u00f3w zawieranych na odleg\u0142o\u015b\u0107.<\/div>\n<div>\u00a0<\/div>\n<div>Prosimy o kontakt przez e-mail: support@puzzle3D.co<\/div>\n<div>Adres zwrotny produktu:<\/div>\n<div>\u00a0<\/div>\n<div>Via Bologna 10<\/div>\n<div>Bovezz (BS) 25073<\/div>\n<div>W\u0142ochy<\/div>\n<div>\u00a0<\/div>\n<div>Uwaga: nie wysy\u0142aj produktu przed uzyskaniem zgody dzia\u0142u zwrot\u00f3w, adres zwrotny mo\u017ce by\u0107 inny ni\u017c adres firmy!<\/div>\n<div>\u00a0<\/div>\n<div>JAK ZWRACAMY PIENI\u0104DZE?<\/div>\n<div>\u00a0<\/div>\n<div>w przypadku zam\u00f3wie\u0144 op\u0142aconych kart\u0105 online - poprzez zwrot \u015brodk\u00f3w na rachunek bankowy, z kt\u00f3rego dokonano p\u0142atno\u015bci<\/div>\n<div>dla zam\u00f3wie\u0144 op\u0142aconych za pobraniem\/przelewem\/- przelewem bankowym<\/div>\n<div>Puzzle3D.co mo\u017ce odroczy\u0107 zwrot kwoty do czasu otrzymania sprzedanych Towar\u00f3w lub do czasu otrzymania dowodu ich wysy\u0142ki, w przypadku gdy nie zaoferowa\u0142 odbioru Towar\u00f3w (w zale\u017cno\u015bci od tego, co nast\u0105pi p\u00f3\u017aniej). .<\/div>\n<div>\u00a0<\/div>\n<div>W przypadku, gdy zam\u00f3wiony przez Kupuj\u0105cego produkt nie mo\u017ce zosta\u0107 dostarczony przez Sprzedawc\u0119, Sprzedawca poinformuje o tym fakcie Klienta\/Kupuj\u0105cego i zwr\u00f3ci r\u00f3wnowarto\u015b\u0107 produktu na konto Kupuj\u0105cego, w terminie nie d\u0142u\u017cszym ni\u017c 14 dni od dnia, w kt\u00f3rym Sprzedawca powzi\u0105\u0142 wiadomo\u015b\u0107 o tym fakcie.<\/div>\n<\/header>\n<p>\u00a0<\/p>\n<div class=\"is-divider divider clearfix\" style=\"max-width:0px;height:25px;background-color:rgb(255, 255, 255);\"><\/div>","protected":false},"excerpt":{"rendered":"<p>Diritto di recesso CONSEGNA \u00a0 La consegna dei prodotti viene effettuata tramite corriere veloce. Il valore massimo degli obblighi di Puzzle 3D nei confronti di qualsiasi cliente in caso di mancata consegna o consegna impropria dei prodotti acquistati \u00e8 l&#8217;importo riscosso dalla nostra azienda dal rispettivo cliente. Nel caso in cui i prezzi o altri [&#8230;]\n","protected":false},"author":10,"featured_media":0,"parent":0,"menu_order":0,"comment_status":"closed","ping_status":"closed","template":"","meta":{"slim_seo":{"title":"Prawo do odst\u0105pienia od umowy - puzzle 3D","description":"\"Konsument\" (tj. osoba fizyczna, kt\u00f3ra kupuje towary w celach niezwi\u0105zanych z jej dzia\u0142alno\u015bci\u0105 zawodow\u0105, tj. kt\u00f3ra nie dokonuje zakupu poprzez wskazanie numeru VAT na formularzu zam\u00f3wienia), ma prawo odst\u0105pi\u0107 od umowy zakupu zawartej na odleg\u0142o\u015b\u0107, bez podania przyczyny i bez ponoszenia kary."},"footnotes":""},"class_list":["post-1249","page","type-page","status-publish","hentry"],"_links":{"self":[{"href":"https:\/\/puzzle3d.co\/pl\/wp-json\/wp\/v2\/pages\/1249","targetHints":{"allow":["GET"]}}],"collection":[{"href":"https:\/\/puzzle3d.co\/pl\/wp-json\/wp\/v2\/pages"}],"about":[{"href":"https:\/\/puzzle3d.co\/pl\/wp-json\/wp\/v2\/types\/page"}],"author":[{"embeddable":true,"href":"https:\/\/puzzle3d.co\/pl\/wp-json\/wp\/v2\/users\/10"}],"replies":[{"embeddable":true,"href":"https:\/\/puzzle3d.co\/pl\/wp-json\/wp\/v2\/comments?post=1249"}],"version-history":[{"count":0,"href":"https:\/\/puzzle3d.co\/pl\/wp-json\/wp\/v2\/pages\/1249\/revisions"}],"wp:attachment":[{"href":"https:\/\/puzzle3d.co\/pl\/wp-json\/wp\/v2\/media?parent=1249"}],"curies":[{"name":"wp","href":"https:\/\/api.w.org\/{rel}","templated":true}]}}