{"id":942,"date":"2023-01-31T09:32:58","date_gmt":"2023-01-31T09:32:58","guid":{"rendered":"https:\/\/puzzle3d.co\/product\/kinetic-globe-puzzle-3d-copy\/"},"modified":"2025-06-11T19:04:17","modified_gmt":"2025-06-11T19:04:17","slug":"mechanikus-szelmalom-3d-puzzle","status":"publish","type":"product","link":"https:\/\/puzzle3d.co\/hu\/prodotto\/mulino-a-vento-meccanico-puzzle-3d\/","title":{"rendered":"F\u00e1b\u00f3l k\u00e9sz\u00fclt mechanikus sz\u00e9lmalom \u00e9p\u00edt\u00e9s\u00e9hez 227 db"},"content":{"rendered":"<div>\n<div>\n<div>\n<p><strong>F\u00e1b\u00f3l k\u00e9sz\u00fclt mechanikus sz\u00e9lmalom \u00e9p\u00edt\u00e9s\u00e9hez 227 db<\/strong><\/p>\n<\/div>\n<div><\/div>\n<div>A sz\u00e9lmalmok megmentett\u00e9k Hollandi\u00e1t az \u00e1rvizekt\u0151l.<\/div>\n<div><\/div>\n<div>Hogyan tudna ez t\u00e9ged is \"megmenteni\"?<\/div>\n<div><\/div>\n<div>Szereljen \u00f6ssze egy sz\u00e9lmalmot, amikor ki akar t\u00f6rni a rutinb\u00f3l, n\u00e9zze a propellerek forg\u00e1s\u00e1t, amikor f\u00e1radt, vagy egyszer\u0171en csak adjon egy sz\u00e9lmalmot egy szerett\u00e9nek, \u00e9s nagyon h\u00e1l\u00e1s lesz \u00e9rte.<\/div>\n<div><\/div>\n<div>T\u00f6k\u00e9letes aj\u00e1nd\u00e9k a term\u00e9szet szerelmeseinek<\/div>\n<div><\/div>\n<div>Gyermek\u00e9vel egy\u00fctt \u00f6ssze\u00e1ll\u00edthatja. Kis t\u00e1rsadat leny\u0171g\u00f6zi majd ez a modell, \u00e9s k\u00f6zben mes\u00e9lni fog, k\u00e9pzeld el, hogyan \u0151r\u00f6lt\u00e9k t\u00f6bb sz\u00e1z \u00e9vvel ezel\u0151tt az emberek a gabon\u00e1t, a gabonaf\u00e9l\u00e9ket, pr\u00e9selt\u00e9k az olajat, apr\u00edtott\u00e1k a doh\u00e1nyt, s\u0151t m\u00e9g pap\u00edrt is k\u00e9sz\u00edtettek.<\/div>\n<div><\/div>\n<div>Az els\u0151 sz\u00e9lmalmokat egy\u00e9bk\u00e9nt a 9. sz\u00e1zad k\u00f6r\u00fcl tal\u00e1lt\u00e1k fel az \u00f3kori Perzsi\u00e1ban, \u00e9s a 18. sz\u00e1zad k\u00f6r\u00fcl terjedtek el Eur\u00f3p\u00e1ban.<\/div>\n<div><\/div>\n<div>A sz\u00e9lmalom egy olyan b\u00fatordarab, amelyet ott akar majd ki\u00e1ll\u00edtani, ahol a legt\u00f6bb id\u0151t t\u00f6lti.<\/div>\n<div><\/div>\n<\/div>\n<div>\n<div><strong>TERM\u00c9K R\u00c9SZLETEK:<\/strong><\/div>\n<div><\/div>\n<div>Modell m\u00e9retei: 195*340*400 mm<\/div>\n<div>Csomagol\u00e1si m\u00e9retek: 375 x 243 x 20 mm<\/div>\n<div>Darabsz\u00e1m: 227<\/div>\n<\/div>\n<\/div>\n<div>\n<div><\/div>\n<\/div>","protected":false},"excerpt":{"rendered":"<div>Szereljen \u00f6ssze egy sz\u00e9lmalmot, amikor ki akar t\u00f6rni a rutinb\u00f3l, n\u00e9zze a propellerek forg\u00e1s\u00e1t, amikor f\u00e1radt, vagy egyszer\u0171en csak adjon egy sz\u00e9lmalmot egy szerett\u00e9nek, \u00e9s nagyon h\u00e1l\u00e1s lesz \u00e9rte.<\/div>\n<p>&nbsp;<\/p>","protected":false},"featured_media":948,"comment_status":"open","ping_status":"closed","template":"","meta":{"slim_seo":{"title":"\ud83c\udfa1 F\u00e1b\u00f3l k\u00e9sz\u00fclt mechanikus sz\u00e9lmalom \u00e9p\u00edt\u00e9s\u00e9hez 227 darab","description":"3D f\u00e1b\u00f3l k\u00e9sz\u00fclt mechanikus puzzle sz\u00e9lmalom \u00e9p\u00edt\u00e9se. Rakj \u00f6ssze egy sz\u00e9lmalmot, ha szeretn\u00e9l kiszakadni a rutinb\u00f3l, n\u00e9zd a propellerek forg\u00e1s\u00e1t, ha f\u00e1radt vagy egyszer\u0171en csak adj egy sz\u00e9lmalmot egy szerettednek, \u00e9s nagyon h\u00e1l\u00e1s lesz \u00e9rte."}},"product_brand":[],"product_cat":[89,91,90,73,74,76],"product_tag":[],"woo-feed-brand":[],"class_list":{"0":"post-942","1":"product","2":"type-product","3":"status-publish","4":"has-post-thumbnail","6":"product_cat-puzzle-meccanici-3d-in-legno","7":"product_cat-puzzle-meccanici-per-adulti","8":"product_cat-puzzle-meccanici-per-bambini","9":"product_cat-puzzle-3d","10":"product_cat-puzzle-3d-in-legno","11":"product_cat-puzzle-3d-per-bambini","13":"first","14":"instock","15":"shipping-taxable","16":"purchasable","17":"product-type-simple"},"_links":{"self":[{"href":"https:\/\/puzzle3d.co\/hu\/wp-json\/wp\/v2\/product\/942","targetHints":{"allow":["GET"]}}],"collection":[{"href":"https:\/\/puzzle3d.co\/hu\/wp-json\/wp\/v2\/product"}],"about":[{"href":"https:\/\/puzzle3d.co\/hu\/wp-json\/wp\/v2\/types\/product"}],"replies":[{"embeddable":true,"href":"https:\/\/puzzle3d.co\/hu\/wp-json\/wp\/v2\/comments?post=942"}],"wp:featuredmedia":[{"embeddable":true,"href":"https:\/\/puzzle3d.co\/hu\/wp-json\/wp\/v2\/media\/948"}],"wp:attachment":[{"href":"https:\/\/puzzle3d.co\/hu\/wp-json\/wp\/v2\/media?parent=942"}],"wp:term":[{"taxonomy":"product_brand","embeddable":true,"href":"https:\/\/puzzle3d.co\/hu\/wp-json\/wp\/v2\/product_brand?post=942"},{"taxonomy":"product_cat","embeddable":true,"href":"https:\/\/puzzle3d.co\/hu\/wp-json\/wp\/v2\/product_cat?post=942"},{"taxonomy":"product_tag","embeddable":true,"href":"https:\/\/puzzle3d.co\/hu\/wp-json\/wp\/v2\/product_tag?post=942"},{"taxonomy":"woo-feed-brand","embeddable":true,"href":"https:\/\/puzzle3d.co\/hu\/wp-json\/wp\/v2\/woo-feed-brand?post=942"}],"curies":[{"name":"wp","href":"https:\/\/api.w.org\/{rel}","templated":true}]}}