{"id":879,"date":"2023-01-26T12:35:38","date_gmt":"2023-01-26T12:35:38","guid":{"rendered":"https:\/\/puzzle3d.co\/product\/t-rex-tyrannosaurus-rex-puzzle-classic-lemn-puzzle-jigsaw-copy\/"},"modified":"2025-06-11T19:04:33","modified_gmt":"2025-06-11T19:04:33","slug":"kameleon-kirako-2d-fa","status":"publish","type":"product","link":"https:\/\/puzzle3d.co\/hu\/prodotto\/camaleonte-puzzle-2d-jigsaw-legno\/","title":{"rendered":"Camaleonte Puzzle 2D Jigsaw f\u00e1b\u00f3l , 111 darab"},"content":{"rendered":"<div>\n<p><strong>Camaleonte Puzzle 2D Jigsaw f\u00e1b\u00f3l , 111 darab<\/strong><\/p>\n<div><\/div>\n<\/div>\n<div>\n<div>\n<div>Ez a kam\u00e9leon megtan\u00edthat valami alapvet\u0151 dolgot arr\u00f3l, amit az elm\u00falt h\u00e1rom \u00e9vben tapasztaltunk: az alkalmazkod\u00f3k\u00e9pess\u00e9get.<\/div>\n<div><\/div>\n<div>A kam\u00e9leon idegrendszere ir\u00e1ny\u00edtja a pigmenteket tartalmaz\u00f3 kromatof\u00f3r sejteket, \u00e9s lehet\u0151v\u00e9 teszi, hogy a k\u00f6rnyezet\u00e9t\u0151l f\u00fcgg\u0151en v\u00e1ltoztassa a sz\u00edn\u00e9t.<\/div>\n<div><\/div>\n<div>Ha v\u00e1ltozatoss\u00e1gra v\u00e1gysz, medit\u00e1lj, mik\u00f6zben \u00f6ssze\u00e1ll\u00edtasz egy kam\u00e9leon-puzzle-t. Koncentr\u00e1ld a gondolataidat, \u00e9s tal\u00e1n a v\u00e1ltozatoss\u00e1g kedv\u00e9\u00e9rt \u00faj megold\u00e1sokat tal\u00e1lsz.<\/div>\n<div><\/div>\n<div>Ha extra kih\u00edv\u00e1st \u00e9s t\u00f6bb id\u0151t szeretne mag\u00e1val t\u00f6lteni, v\u00e1lassza az 505 darabot tartalmaz\u00f3 L m\u00e9retet.<\/div>\n<div><\/div>\n<div><\/div>\n<div><strong>TERM\u00c9K R\u00c9SZLETEK:<\/strong><\/div>\n<div>A modell m\u00e9retei: 371*280*5 mm<\/div>\n<div>Csomagol\u00e1si m\u00e9retek: 255 x 192 x 42 mm<\/div>\n<div>Darabsz\u00e1m: 111<\/div>\n<\/div>\n<div><\/div>\n<\/div>","protected":false},"excerpt":{"rendered":"<p>Ez a kam\u00e9leon megtan\u00edthat valami alapvet\u0151 dolgot arr\u00f3l, amit az elm\u00falt h\u00e1rom \u00e9vben tapasztaltunk: az alkalmazkod\u00f3k\u00e9pess\u00e9get.<\/p>","protected":false},"featured_media":850,"comment_status":"open","ping_status":"closed","template":"","meta":[],"product_brand":[],"product_cat":[80,84,83],"product_tag":[],"woo-feed-brand":[],"class_list":{"0":"post-879","1":"product","2":"type-product","3":"status-publish","4":"has-post-thumbnail","6":"product_cat-puzzle-jigsaw","7":"product_cat-puzzle-jigsaw-in-legno","8":"product_cat-puzzle-jigsaw-bambini","10":"first","11":"instock","12":"shipping-taxable","13":"purchasable","14":"product-type-simple"},"_links":{"self":[{"href":"https:\/\/puzzle3d.co\/hu\/wp-json\/wp\/v2\/product\/879","targetHints":{"allow":["GET"]}}],"collection":[{"href":"https:\/\/puzzle3d.co\/hu\/wp-json\/wp\/v2\/product"}],"about":[{"href":"https:\/\/puzzle3d.co\/hu\/wp-json\/wp\/v2\/types\/product"}],"replies":[{"embeddable":true,"href":"https:\/\/puzzle3d.co\/hu\/wp-json\/wp\/v2\/comments?post=879"}],"wp:featuredmedia":[{"embeddable":true,"href":"https:\/\/puzzle3d.co\/hu\/wp-json\/wp\/v2\/media\/850"}],"wp:attachment":[{"href":"https:\/\/puzzle3d.co\/hu\/wp-json\/wp\/v2\/media?parent=879"}],"wp:term":[{"taxonomy":"product_brand","embeddable":true,"href":"https:\/\/puzzle3d.co\/hu\/wp-json\/wp\/v2\/product_brand?post=879"},{"taxonomy":"product_cat","embeddable":true,"href":"https:\/\/puzzle3d.co\/hu\/wp-json\/wp\/v2\/product_cat?post=879"},{"taxonomy":"product_tag","embeddable":true,"href":"https:\/\/puzzle3d.co\/hu\/wp-json\/wp\/v2\/product_tag?post=879"},{"taxonomy":"woo-feed-brand","embeddable":true,"href":"https:\/\/puzzle3d.co\/hu\/wp-json\/wp\/v2\/woo-feed-brand?post=879"}],"curies":[{"name":"wp","href":"https:\/\/api.w.org\/{rel}","templated":true}]}}