{"id":877,"date":"2023-01-26T12:26:03","date_gmt":"2023-01-26T12:26:03","guid":{"rendered":"https:\/\/puzzle3d.co\/product\/lynx-puzzle-classic-lemn-copy\/"},"modified":"2025-06-11T19:05:15","modified_gmt":"2025-06-11T19:05:15","slug":"t-rex-dinoszaurusz-kirakos-fa","status":"publish","type":"product","link":"https:\/\/puzzle3d.co\/hu\/prodotto\/t-rex-dinosauro-puzzle-jigsaw-legno\/","title":{"rendered":"Dinoszaurusz 2D puzzle f\u00e1b\u00f3l. 129 darab"},"content":{"rendered":"<div>\n<p><strong>T-Rex dinoszaurusz 2D puzzle f\u00e1b\u00f3l, 129 darabb\u00f3l<\/strong><\/p>\n<div><\/div>\n<\/div>\n<div>\n<div>\n<div>67 vagy 65 milli\u00f3 \u00e9vvel ezel\u0151tt \u00c9szak-Amerik\u00e1ban \u00e9lt a h\u00edres Tyrannosaurus Rex, azaz T-Rex.<\/div>\n<div><\/div>\n<div>Egy nagy \u00e9s er\u0151s dinoszaurusz k\u00e9p\u00e9t t\u00e1rs\u00edtj\u00e1k hozz\u00e1, impoz\u00e1ns \u00e1llkapoccsal \u00e9s hossz\u00fa, \u00e9les fogakkal.<\/div>\n<div><\/div>\n<div>S\u00falya k\u00f6r\u00fclbel\u00fcl 6-8 tonna, testhossza pedig 12-13 m\u00e9ter volt.<\/div>\n<div><\/div>\n<div>Hihetetlen, nem igaz?<\/div>\n<div><\/div>\n<div>Ha szereti a dinoszauruszokat, vagy szeretne egy eredeti dekor\u00e1ci\u00f3t otthon\u00e1ba, esetleg aj\u00e1nd\u00e9kot keres egy \u0151skorrajong\u00f3nak, a T-rez biztosan \u00e9rt\u00e9kelni fogja.<\/div>\n<div><\/div>\n<div>Irigyl\u00e9sre m\u00e9lt\u00f3 fogai felel\u0151ss\u00e9get r\u00f3nak majd a gyerekekre a fog\u00e1pol\u00e1s\u00e9rt.<\/div>\n<div><\/div>\n<div>A f\u00e1b\u00f3l k\u00e9sz\u00fclt kirak\u00f3s t\u00f6bbi darabja k\u00f6z\u00f6tt felismerhet egy dinoszauruszt, egy rep\u00fcl\u0151 denev\u00e9rt, egy kengurut \u00e9s egy kengurut.<\/div>\n<div>.<\/div>\n<div><\/div>\n<div><strong>TERM\u00c9K R\u00c9SZLETEK:<\/strong><\/div>\n<div>A modell m\u00e9retei: 400*244*5 mm<\/div>\n<div>Csomagol\u00e1si m\u00e9retek: 255 x 192 x 42 mm<\/div>\n<div>Darabsz\u00e1m: 129<\/div>\n<\/div>\n<div><\/div>\n<\/div>","protected":false},"excerpt":{"rendered":"<p>T-REX-Tyrannosaurus Rex klasszikus fa kirak\u00f3s\/puzzle. A fa puzzle t\u00f6bbi darabja k\u00f6z\u00f6tt felismerhet egy dinoszauruszt, egy rep\u00fcl\u0151 denev\u00e9rt, egy kengurut \u00e9s egy kengurut.<\/p>","protected":false},"featured_media":858,"comment_status":"open","ping_status":"closed","template":"","meta":[],"product_brand":[],"product_cat":[80,84,83],"product_tag":[],"woo-feed-brand":[],"class_list":{"0":"post-877","1":"product","2":"type-product","3":"status-publish","4":"has-post-thumbnail","6":"product_cat-puzzle-jigsaw","7":"product_cat-puzzle-jigsaw-in-legno","8":"product_cat-puzzle-jigsaw-bambini","10":"first","11":"instock","12":"shipping-taxable","13":"purchasable","14":"product-type-simple"},"_links":{"self":[{"href":"https:\/\/puzzle3d.co\/hu\/wp-json\/wp\/v2\/product\/877","targetHints":{"allow":["GET"]}}],"collection":[{"href":"https:\/\/puzzle3d.co\/hu\/wp-json\/wp\/v2\/product"}],"about":[{"href":"https:\/\/puzzle3d.co\/hu\/wp-json\/wp\/v2\/types\/product"}],"replies":[{"embeddable":true,"href":"https:\/\/puzzle3d.co\/hu\/wp-json\/wp\/v2\/comments?post=877"}],"wp:featuredmedia":[{"embeddable":true,"href":"https:\/\/puzzle3d.co\/hu\/wp-json\/wp\/v2\/media\/858"}],"wp:attachment":[{"href":"https:\/\/puzzle3d.co\/hu\/wp-json\/wp\/v2\/media?parent=877"}],"wp:term":[{"taxonomy":"product_brand","embeddable":true,"href":"https:\/\/puzzle3d.co\/hu\/wp-json\/wp\/v2\/product_brand?post=877"},{"taxonomy":"product_cat","embeddable":true,"href":"https:\/\/puzzle3d.co\/hu\/wp-json\/wp\/v2\/product_cat?post=877"},{"taxonomy":"product_tag","embeddable":true,"href":"https:\/\/puzzle3d.co\/hu\/wp-json\/wp\/v2\/product_tag?post=877"},{"taxonomy":"woo-feed-brand","embeddable":true,"href":"https:\/\/puzzle3d.co\/hu\/wp-json\/wp\/v2\/woo-feed-brand?post=877"}],"curies":[{"name":"wp","href":"https:\/\/api.w.org\/{rel}","templated":true}]}}