{"id":875,"date":"2023-01-26T12:17:36","date_gmt":"2023-01-26T12:17:36","guid":{"rendered":"https:\/\/puzzle3d.co\/product\/panther-puzzle-classic-lemn-copy\/"},"modified":"2025-09-10T09:44:49","modified_gmt":"2025-09-10T09:44:49","slug":"linx-kirakos-fa","status":"publish","type":"product","link":"https:\/\/puzzle3d.co\/hu\/prodotto\/linx-puzzle-jigsaw-legno\/","title":{"rendered":"Linx Eur\u00e1zsiai - 2D fapuzzle, 139 db"},"content":{"rendered":"<div><strong>Linx Eur\u00e1zsiai - 2D fapuzzle, 139 db<\/strong><\/div>\n<div><\/div>\n<div>\u00d6n azt hitte, hogy oroszl\u00e1n, de ez egy hi\u00faz, egy vadmacskafaj, amelyet h\u00f3p\u00e1rducnak vagy h\u00f3macsk\u00e1nak is neveznek.<\/div>\n<div><\/div>\n<div>A \"hi\u00faz\" kifejez\u00e9s olyan szem\u00e9lyre is utalhat, aki nagyon \u00e9ber \u00e9s figyelmes, vagy nagyon j\u00f3 l\u00e1t\u00e1ssal rendelkezik.<\/div>\n<div><\/div>\n<div>Teh\u00e1t, ha figyelmesnek \u00e9s \u00e9bernek tartja mag\u00e1t, kih\u00edvom \u00d6nt, hogy kipr\u00f3b\u00e1ljon egy ilyen klasszikus fa kirak\u00f3s modellt, amely nemcsak a r\u00e9szletekre val\u00f3 figyelmet, hanem a koncentr\u00e1ci\u00f3j\u00e1t is pr\u00f3b\u00e1ra teszi.<\/div>\n<div><\/div>\n<div><strong>TERM\u00c9K R\u00c9SZLETEK:<\/strong><\/div>\n<div>Modell m\u00e9retei: 353*280*5mm<\/div>\n<div>Csomagol\u00e1si m\u00e9retek: 255 x 192 x 42 mm<\/div>\n<div>Darabsz\u00e1m: 139<\/div>","protected":false},"excerpt":{"rendered":"<p>LYNX - klasszikus fa kirak\u00f3s j\u00e1t\u00e9k vadmacsk\u00e1val<\/p>","protected":false},"featured_media":854,"comment_status":"open","ping_status":"closed","template":"","meta":{"slim_seo":{"title":"\ud83d\udc3eLinx Eur\u00e1zsiai 2D fa kirak\u00f3, 139 db","description":"Linx - Klasszikus fa kirak\u00f3s j\u00e1t\u00e9k vadmacsk\u00e1val. Teh\u00e1t, ha figyelmesnek \u00e9s \u00e9bernek tartod magad, kih\u00edvlak erre a klasszikus fa kirak\u00f3s modellre, amely nemcsak a figyelmedet, hanem a koncentr\u00e1ci\u00f3dat is pr\u00f3b\u00e1ra teszi."}},"product_brand":[],"product_cat":[80,83,84],"product_tag":[],"woo-feed-brand":[],"class_list":{"0":"post-875","1":"product","2":"type-product","3":"status-publish","4":"has-post-thumbnail","6":"product_cat-puzzle-jigsaw","7":"product_cat-puzzle-jigsaw-bambini","8":"product_cat-puzzle-jigsaw-in-legno","10":"first","11":"instock","12":"shipping-taxable","13":"purchasable","14":"product-type-simple"},"_links":{"self":[{"href":"https:\/\/puzzle3d.co\/hu\/wp-json\/wp\/v2\/product\/875","targetHints":{"allow":["GET"]}}],"collection":[{"href":"https:\/\/puzzle3d.co\/hu\/wp-json\/wp\/v2\/product"}],"about":[{"href":"https:\/\/puzzle3d.co\/hu\/wp-json\/wp\/v2\/types\/product"}],"replies":[{"embeddable":true,"href":"https:\/\/puzzle3d.co\/hu\/wp-json\/wp\/v2\/comments?post=875"}],"wp:featuredmedia":[{"embeddable":true,"href":"https:\/\/puzzle3d.co\/hu\/wp-json\/wp\/v2\/media\/854"}],"wp:attachment":[{"href":"https:\/\/puzzle3d.co\/hu\/wp-json\/wp\/v2\/media?parent=875"}],"wp:term":[{"taxonomy":"product_brand","embeddable":true,"href":"https:\/\/puzzle3d.co\/hu\/wp-json\/wp\/v2\/product_brand?post=875"},{"taxonomy":"product_cat","embeddable":true,"href":"https:\/\/puzzle3d.co\/hu\/wp-json\/wp\/v2\/product_cat?post=875"},{"taxonomy":"product_tag","embeddable":true,"href":"https:\/\/puzzle3d.co\/hu\/wp-json\/wp\/v2\/product_tag?post=875"},{"taxonomy":"woo-feed-brand","embeddable":true,"href":"https:\/\/puzzle3d.co\/hu\/wp-json\/wp\/v2\/woo-feed-brand?post=875"}],"curies":[{"name":"wp","href":"https:\/\/api.w.org\/{rel}","templated":true}]}}