{"id":873,"date":"2023-01-26T12:01:44","date_gmt":"2023-01-26T12:01:44","guid":{"rendered":"https:\/\/puzzle3d.co\/product\/lion-puzzle-classic-lemn-copy\/"},"modified":"2025-06-11T19:05:45","modified_gmt":"2025-06-11T19:05:45","slug":"pantera-puzzle-klasszikus-fa-kirako","status":"publish","type":"product","link":"https:\/\/puzzle3d.co\/hu\/prodotto\/pantera-puzzle-classic-legno-jigsaw\/","title":{"rendered":"PANTERA Nera Puzzle 2D Kirak\u00f3 fa, 102 darab"},"content":{"rendered":"<div><strong>PANTERA Nera Puzzle 2D Kirak\u00f3 fa, 102 darab<\/strong><\/div>\n<div><\/div>\n<div>Tudtad, hogy a fekete p\u00e1rduc tudom\u00e1nyos neve pardus?<\/div>\n<div><\/div>\n<div>Afrika, \u00c1zsia \u00e9s India sz\u00e1mos hagyom\u00e1nyos kult\u00far\u00e1j\u00e1ban a fekete p\u00e1rducot az er\u0151 \u00e9s a b\u00e1tors\u00e1g, a j\u00f3l\u00e9t \u00e9s a szerencse szimb\u00f3lum\u00e1nak tekintik.<\/div>\n<div><\/div>\n<div>M\u00e9g mindig keresed az okokat, hogy mi\u00e9rt \u00e9rdemes ezt az aranyos fa puzzle-t v\u00e1lasztanod?<\/div>\n<div><\/div>\n<div>Ha \u00d6n is b\u00e1tor ember, a darabok \u00f6sszep\u00e1ros\u00edt\u00e1sa \u00e9rdekes folyamat lesz. A darabok k\u00f6z\u00f6tt vadmacsk\u00e1kat, jagu\u00e1rokat, tigriseket \u00e9s m\u00e1s macskaf\u00e9l\u00e9ket tal\u00e1lsz, \u00edgy akci\u00f3d\u00fas \u00e9lm\u00e9nyben lesz r\u00e9szed.<\/div>\n<div><\/div>\n<div><\/div>\n<div><strong>TERM\u00c9K R\u00c9SZLETEK:<\/strong><\/div>\n<div>Modell m\u00e9retei: 311*280*5 mm<\/div>\n<div>Csomagol\u00e1si m\u00e9retek: 255 x 192 x 42 mm<\/div>\n<div>Darabsz\u00e1m: 102<\/div>","protected":false},"excerpt":{"rendered":"<p>A fekete p\u00e1rducot az er\u0151 \u00e9s a b\u00e1tors\u00e1g, a j\u00f3l\u00e9t \u00e9s a szerencse szimb\u00f3lum\u00e1nak tekintik. A kirak\u00f3s darabjai k\u00f6z\u00f6tt vadmacsk\u00e1kat, jagu\u00e1rokat, tigriseket \u00e9s m\u00e1s macskaf\u00e9l\u00e9ket tal\u00e1lsz az akci\u00f3d\u00fas \u00e9lm\u00e9ny\u00e9rt.<\/p>","protected":false},"featured_media":857,"comment_status":"open","ping_status":"closed","template":"","meta":[],"product_brand":[],"product_cat":[80,84,83],"product_tag":[],"woo-feed-brand":[],"class_list":{"0":"post-873","1":"product","2":"type-product","3":"status-publish","4":"has-post-thumbnail","6":"product_cat-puzzle-jigsaw","7":"product_cat-puzzle-jigsaw-in-legno","8":"product_cat-puzzle-jigsaw-bambini","10":"first","11":"instock","12":"shipping-taxable","13":"purchasable","14":"product-type-simple"},"_links":{"self":[{"href":"https:\/\/puzzle3d.co\/hu\/wp-json\/wp\/v2\/product\/873","targetHints":{"allow":["GET"]}}],"collection":[{"href":"https:\/\/puzzle3d.co\/hu\/wp-json\/wp\/v2\/product"}],"about":[{"href":"https:\/\/puzzle3d.co\/hu\/wp-json\/wp\/v2\/types\/product"}],"replies":[{"embeddable":true,"href":"https:\/\/puzzle3d.co\/hu\/wp-json\/wp\/v2\/comments?post=873"}],"wp:featuredmedia":[{"embeddable":true,"href":"https:\/\/puzzle3d.co\/hu\/wp-json\/wp\/v2\/media\/857"}],"wp:attachment":[{"href":"https:\/\/puzzle3d.co\/hu\/wp-json\/wp\/v2\/media?parent=873"}],"wp:term":[{"taxonomy":"product_brand","embeddable":true,"href":"https:\/\/puzzle3d.co\/hu\/wp-json\/wp\/v2\/product_brand?post=873"},{"taxonomy":"product_cat","embeddable":true,"href":"https:\/\/puzzle3d.co\/hu\/wp-json\/wp\/v2\/product_cat?post=873"},{"taxonomy":"product_tag","embeddable":true,"href":"https:\/\/puzzle3d.co\/hu\/wp-json\/wp\/v2\/product_tag?post=873"},{"taxonomy":"woo-feed-brand","embeddable":true,"href":"https:\/\/puzzle3d.co\/hu\/wp-json\/wp\/v2\/woo-feed-brand?post=873"}],"curies":[{"name":"wp","href":"https:\/\/api.w.org\/{rel}","templated":true}]}}