{"id":870,"date":"2023-01-26T11:45:24","date_gmt":"2023-01-26T11:45:24","guid":{"rendered":"https:\/\/puzzle3d.co\/product\/fox-puzzle-classic-lemn-copy\/"},"modified":"2025-06-11T19:06:20","modified_gmt":"2025-06-11T19:06:20","slug":"oroszlan-puzzle-klasszikus-kirakos-fa","status":"publish","type":"product","link":"https:\/\/puzzle3d.co\/hu\/prodotto\/leone-puzzle-classic-jigsaw-legno\/","title":{"rendered":"2D fa oroszl\u00e1n puzzle , 100 darab"},"content":{"rendered":"<div><span style=\"font-size: 100%;\"><strong>LION - klasszikus fa puzzle<\/strong><\/span><\/div>\n<div><\/div>\n<div><span style=\"font-size: 100%;\">A vad\u00e1llatok kir\u00e1lya most otthon van.<\/span><\/div>\n<div><\/div>\n<div><span style=\"font-size: 100%;\">Els\u0151 l\u00e1t\u00e1sra beleszeretsz ebbe az oroszl\u00e1nba. A kifinomult r\u00e9szletek \u00e9s a b\u0151s\u00e9ges sz\u00ednek vonzz\u00e1k a tekinteteket \u00e9s a csod\u00e1latot.<\/span><\/div>\n<div><\/div>\n<div><span style=\"font-size: 100%;\">Nem egyed\u00fcl \u00e9rkezik, hanem a nagy csal\u00e1dj\u00e1val: elef\u00e1nt, tigris, zsir\u00e1f (milyen m\u00e1s \u00e1llatokat ismersz m\u00e9g fel benne?), amelyeket a f\u00e1b\u00f3l k\u00e9sz\u00fclt puzzle-darabk\u00e1k k\u00f6z\u00f6tt felismerhetsz.<\/span><\/div>\n<div><\/div>\n<div><span style=\"font-size: 100%;\">Azt k\u00e9rdezi, mi\u00e9rt? Mert er\u0151snek lenni \u00e9s az \u00e1llatok kir\u00e1ly\u00e1nak nevezni els\u0151sorban azt jelenti, hogy v\u00e1llvetve kell lenni m\u00e1sokkal.<\/span><\/div>\n<div><\/div>\n<div><span style=\"font-size: 100%;\">Ha egy \u00e9rdekes est\u00e9t szeretne elt\u00f6lteni valakivel, akit szeret, akkor v\u00e1lassza ezt az oroszl\u00e1nt, \u00e9s besz\u00e9lgessenek egy filoz\u00f3fiai t\u00e9m\u00e1r\u00f3l.<\/span><\/div>\n<div><\/div>\n<div><span style=\"font-size: 100%;\">A filoz\u00f3fi\u00e1ban p\u00e9ld\u00e1ul az oroszl\u00e1nt az emberi term\u00e9szet szimb\u00f3lum\u00e1nak tekintik, amely k\u00e9t r\u00e9szre oszthat\u00f3: egy racion\u00e1lis \u00e9s egy \u00e1llati r\u00e9szre.<\/span><\/div>\n<div><\/div>\n<div><span style=\"font-size: 100%;\">3 m\u00e9retet k\u00edn\u00e1lunk (S, M, L), amelyek k\u00f6z\u00fcl kiv\u00e1laszthatja a megfelel\u0151t otthona vagy irod\u00e1ja fal\u00e1ra. Vagy esetleg keretbe szeretn\u00e9d tenni ezt az aranyos puzzle-t - a v\u00e1laszt\u00e1s a ti\u00e9d.<\/span><\/div>\n<div><\/div>\n<div><span style=\"font-size: 100%;\"><strong>TERM\u00c9K R\u00c9SZLETEK:<\/strong><\/span><\/div>\n<div><span style=\"font-size: 100%;\">Modell m\u00e9retei: 310*280*5mm<\/span><\/div>\n<div><span style=\"font-size: 100%;\">Csomagol\u00e1si m\u00e9retek: 255 x 192 x 42 mm<\/span><\/div>\n<div><span style=\"font-size: 100%;\">Darabsz\u00e1m: 100<\/span><\/div>","protected":false},"excerpt":{"rendered":"<p>Els\u0151 l\u00e1t\u00e1sra beleszeretsz ebbe az oroszl\u00e1nba. A kifinomult r\u00e9szletek \u00e9s a b\u0151s\u00e9ges sz\u00ednek vonzz\u00e1k a tekinteteket \u00e9s a csod\u00e1latot.<br \/>\nNem egyed\u00fcl \u00e9rkezik, hanem a nagy csal\u00e1dj\u00e1val: elef\u00e1nt, tigris, zsir\u00e1f, akiket a f\u00e1b\u00f3l k\u00e9sz\u00fclt puzzle-darabk\u00e1k k\u00f6z\u00f6tt felismerhetsz.<\/p>","protected":false},"featured_media":853,"comment_status":"open","ping_status":"closed","template":"","meta":{"slim_seo":{"title":"\ud83e\udd81 LEONE 2D fa kirak\u00f3s j\u00e1t\u00e9k, 100 darab","description":"Els\u0151 l\u00e1t\u00e1sra beleszeretsz ebbe az oroszl\u00e1nba. A kifinomult r\u00e9szletek \u00e9s a b\u0151s\u00e9ges sz\u00ednek vonzz\u00e1k a tekinteteket \u00e9s a csod\u00e1latot. Nem egyed\u00fcl \u00e9rkezik, hanem nagy csal\u00e1dj\u00e1val: elef\u00e1nt, tigris, zsir\u00e1f, amelyeket fel fogsz ismerni a f\u00e1b\u00f3l k\u00e9sz\u00fclt puzzle-darabk\u00e1k k\u00f6z\u00f6tt."}},"product_brand":[],"product_cat":[80,83,84],"product_tag":[],"woo-feed-brand":[],"class_list":{"0":"post-870","1":"product","2":"type-product","3":"status-publish","4":"has-post-thumbnail","6":"product_cat-puzzle-jigsaw","7":"product_cat-puzzle-jigsaw-bambini","8":"product_cat-puzzle-jigsaw-in-legno","10":"first","11":"instock","12":"sale","13":"shipping-taxable","14":"purchasable","15":"product-type-simple"},"_links":{"self":[{"href":"https:\/\/puzzle3d.co\/hu\/wp-json\/wp\/v2\/product\/870","targetHints":{"allow":["GET"]}}],"collection":[{"href":"https:\/\/puzzle3d.co\/hu\/wp-json\/wp\/v2\/product"}],"about":[{"href":"https:\/\/puzzle3d.co\/hu\/wp-json\/wp\/v2\/types\/product"}],"replies":[{"embeddable":true,"href":"https:\/\/puzzle3d.co\/hu\/wp-json\/wp\/v2\/comments?post=870"}],"wp:featuredmedia":[{"embeddable":true,"href":"https:\/\/puzzle3d.co\/hu\/wp-json\/wp\/v2\/media\/853"}],"wp:attachment":[{"href":"https:\/\/puzzle3d.co\/hu\/wp-json\/wp\/v2\/media?parent=870"}],"wp:term":[{"taxonomy":"product_brand","embeddable":true,"href":"https:\/\/puzzle3d.co\/hu\/wp-json\/wp\/v2\/product_brand?post=870"},{"taxonomy":"product_cat","embeddable":true,"href":"https:\/\/puzzle3d.co\/hu\/wp-json\/wp\/v2\/product_cat?post=870"},{"taxonomy":"product_tag","embeddable":true,"href":"https:\/\/puzzle3d.co\/hu\/wp-json\/wp\/v2\/product_tag?post=870"},{"taxonomy":"woo-feed-brand","embeddable":true,"href":"https:\/\/puzzle3d.co\/hu\/wp-json\/wp\/v2\/woo-feed-brand?post=870"}],"curies":[{"name":"wp","href":"https:\/\/api.w.org\/{rel}","templated":true}]}}