{"id":868,"date":"2023-01-26T10:56:46","date_gmt":"2023-01-26T10:56:46","guid":{"rendered":"https:\/\/puzzle3d.co\/product\/turtle-puzzle-classic-lemn-copy\/"},"modified":"2025-06-11T19:06:33","modified_gmt":"2025-06-11T19:06:33","slug":"vulpa-puzzle-klasszikus-fa","status":"publish","type":"product","link":"https:\/\/puzzle3d.co\/hu\/prodotto\/vulpa-puzzle-classic-legno\/","title":{"rendered":"VULPA 2D fa puzzle , 141 darab"},"content":{"rendered":"<div><strong>VULPA klasszikus fa kirak\u00f3s j\u00e1t\u00e9k<\/strong><\/div>\n<div><\/div>\n<div>A b\u00e1jjal \u00e9s kih\u00edv\u00e1sokkal teli kirak\u00f3s j\u00e1t\u00e9k finom r\u00e9szletekkel \u00e9s b\u0151s\u00e9ges sz\u00ednekkel var\u00e1zsolja el \u00d6nt.<\/div>\n<div>Mit l\u00e1tsz a szem\u00e9ben: ravaszs\u00e1got \u00e9s cs\u00e1b\u00edt\u00e1st vagy intelligenci\u00e1t, b\u00e1tors\u00e1got \u00e9s f\u00fcggetlens\u00e9get?<\/div>\n<div><\/div>\n<div>Az, ahogyan ezt \u00e9rz\u00e9keled, sokat el\u00e1rulhat r\u00f3lad, mint szem\u00e9lyis\u00e9gr\u0151l is.<\/div>\n<div><\/div>\n<div>A kirak\u00f3s darabjai k\u00f6z\u00f6tt, amelyek ezt a csod\u00e1latos dekor\u00e1ci\u00f3t alkotj\u00e1k, t\u00f6bb r\u00f3k\u00e1t, farkast, nyulat, patk\u00e1nyt, csirk\u00e9t tal\u00e1lsz.<\/div>\n<div>K\u00e9pzeld el ezeket az \u00e1llatokat, majd dekor\u00e1lj ki egy olyan helyet, ahol sz\u00edvesen t\u00f6ltesz id\u0151t, hogy min\u00e9l gyakrabban megcsod\u00e1lhasd \u0151ket.<\/div>\n<div><\/div>\n<div>A r\u00f3ka is eml\u00e9keztetni fogja az erd\u0151re, ez\u00e9rt amikor csak lehet\u0151s\u00e9ge van r\u00e1, menjen a parkba vagy az erd\u0151be, \u00e9s mer\u00fclj\u00f6n el a term\u00e9szetben.<\/div>\n<div><\/div>\n<div><strong>TERM\u00c9K R\u00c9SZLETEK:<\/strong><\/div>\n<div>Modell m\u00e9retei: 400*280*5 mm<\/div>\n<div>Csomagol\u00e1si m\u00e9retek: 255 x 192 x 42 mm<\/div>\n<div>Darabsz\u00e1m: 141<\/div>","protected":false},"excerpt":{"rendered":"<p>A kirak\u00f3s darabjai k\u00f6z\u00f6tt, amelyek ezt a csod\u00e1latos dekor\u00e1ci\u00f3t alkotj\u00e1k, t\u00f6bb r\u00f3k\u00e1t, farkast, nyulat, patk\u00e1nyt, csirk\u00e9t tal\u00e1lsz.<\/p>","protected":false},"featured_media":851,"comment_status":"open","ping_status":"closed","template":"","meta":{"slim_seo":{"title":"\ud83e\udd8a VULPA 2D Puzzle \/Jigsaw ECO f\u00e1b\u00f3l, 141 db","description":"A kirak\u00f3s darabjai k\u00f6z\u00f6tt, amelyek ezt a csod\u00e1latos dekor\u00e1ci\u00f3t alkotj\u00e1k, t\u00f6bb r\u00f3k\u00e1t, farkast, nyulat, patk\u00e1nyt, csirk\u00e9t tal\u00e1lsz."}},"product_brand":[],"product_cat":[80,83,84],"product_tag":[],"woo-feed-brand":[],"class_list":{"0":"post-868","1":"product","2":"type-product","3":"status-publish","4":"has-post-thumbnail","6":"product_cat-puzzle-jigsaw","7":"product_cat-puzzle-jigsaw-bambini","8":"product_cat-puzzle-jigsaw-in-legno","10":"first","11":"instock","12":"shipping-taxable","13":"purchasable","14":"product-type-simple"},"_links":{"self":[{"href":"https:\/\/puzzle3d.co\/hu\/wp-json\/wp\/v2\/product\/868","targetHints":{"allow":["GET"]}}],"collection":[{"href":"https:\/\/puzzle3d.co\/hu\/wp-json\/wp\/v2\/product"}],"about":[{"href":"https:\/\/puzzle3d.co\/hu\/wp-json\/wp\/v2\/types\/product"}],"replies":[{"embeddable":true,"href":"https:\/\/puzzle3d.co\/hu\/wp-json\/wp\/v2\/comments?post=868"}],"wp:featuredmedia":[{"embeddable":true,"href":"https:\/\/puzzle3d.co\/hu\/wp-json\/wp\/v2\/media\/851"}],"wp:attachment":[{"href":"https:\/\/puzzle3d.co\/hu\/wp-json\/wp\/v2\/media?parent=868"}],"wp:term":[{"taxonomy":"product_brand","embeddable":true,"href":"https:\/\/puzzle3d.co\/hu\/wp-json\/wp\/v2\/product_brand?post=868"},{"taxonomy":"product_cat","embeddable":true,"href":"https:\/\/puzzle3d.co\/hu\/wp-json\/wp\/v2\/product_cat?post=868"},{"taxonomy":"product_tag","embeddable":true,"href":"https:\/\/puzzle3d.co\/hu\/wp-json\/wp\/v2\/product_tag?post=868"},{"taxonomy":"woo-feed-brand","embeddable":true,"href":"https:\/\/puzzle3d.co\/hu\/wp-json\/wp\/v2\/woo-feed-brand?post=868"}],"curies":[{"name":"wp","href":"https:\/\/api.w.org\/{rel}","templated":true}]}}