{"id":866,"date":"2023-01-25T22:19:56","date_gmt":"2023-01-25T22:19:56","guid":{"rendered":"https:\/\/puzzle3d.co\/product\/owl-puzzle-classic-lemn-copy\/"},"modified":"2026-01-21T16:50:41","modified_gmt":"2026-01-21T16:50:41","slug":"teknos-puzzle","status":"publish","type":"product","link":"https:\/\/puzzle3d.co\/hu\/prodotto\/tartaruga-puzzle\/","title":{"rendered":"TARTARUGA 2D Puzzle \/ F\u00e1b\u00f3l k\u00e9sz\u00fclt kirak\u00f3s, 150 db"},"content":{"rendered":"<div><strong>TARTARUGA 2D Calssic Puzzle \/ F\u00e1b\u00f3l k\u00e9sz\u00fclt kirak\u00f3s, 150 db<\/strong><\/div>\n<div><\/div>\n<div>Te is k\u00edv\u00e1ncsi vagy, honnan indult a b\u00e9ka? Keress\u00fck egy\u00fctt a v\u00e1laszt.<\/div>\n<div><\/div>\n<div>\u00c9rdekes m\u00f3don a tekn\u0151s\u00f6k a hossz\u00fa \u00e9let szimb\u00f3lumai, mivel t\u00f6bb mint 100 \u00e9vig \u00e9lnek. P\u00e1nc\u00e9ljuk v\u00e9delmet \u00e9s biztons\u00e1got jelent, ment\u00e1lis \u00e9s fizikai v\u00e9delmet ny\u00fajt.<\/div>\n<div><\/div>\n<div>Ha kimer\u00fcltnek \u00e9rzi mag\u00e1t, c\u00e9lszer\u0171 egy olyan kirak\u00f3t \u00e9p\u00edteni, mint a k\u00e9pen l\u00e1that\u00f3. Ett\u0151l ellazulsz, koncentr\u00e1lsz, \u00e9s m\u00e9g a kimer\u00edt\u0151 rutin f\u00f6l\u00e9 is burokba teszed magad.<\/div>\n<div><\/div>\n<div>Izgulj a tekn\u0151s\u00e9rt a k\u00e9pen l\u00e1that\u00f3 kirak\u00f3sban, \u00e9s a v\u00e9g\u00e9n megtudod, honnan indult.<\/div>\n<div><\/div>\n<div><strong>TERM\u00c9K R\u00c9SZLETEK:<\/strong><\/div>\n<div>Modell m\u00e9retei: 281*395*5 mm<\/div>\n<div>Csomagol\u00e1si m\u00e9retek: 255 x 192 x 42 mm<\/div>\n<div>Darabsz\u00e1m: 150<\/div>","protected":false},"excerpt":{"rendered":"<p>TARTARUGA Puzzle 2D Calssico \/ Jigsaw in legno, 150 pezzi Ti chiedi anche tu dove \u00e8 iniziata la rana? Cerchiamo insieme la risposta. \u00c8 interessante sapere che le tartarughe sono il simbolo della longevit\u00e0, perch\u00e9 vivono oltre 100 anni. Il loro guscio significa protezione e sicurezza, offrendo una barriera mentale e fisica. Quando ti senti [&#8230;]\n","protected":false},"featured_media":859,"comment_status":"open","ping_status":"closed","template":"","meta":{"slim_seo":{"title":"\ud83d\udc22 TARTARUGA 2D Calssic Puzzle \/ Fa kirak\u00f3s, 150 db","description":"TARTARUGA Puzzle. \u00c9rdekes m\u00f3don a tekn\u0151s\u00f6k a hossz\u00fa \u00e9let szimb\u00f3lumai, mivel t\u00f6bb mint 100 \u00e9vig \u00e9lnek."}},"product_brand":[],"product_cat":[80,83,84],"product_tag":[],"woo-feed-brand":[],"class_list":{"0":"post-866","1":"product","2":"type-product","3":"status-publish","4":"has-post-thumbnail","6":"product_cat-puzzle-jigsaw","7":"product_cat-puzzle-jigsaw-bambini","8":"product_cat-puzzle-jigsaw-in-legno","10":"first","11":"instock","12":"shipping-taxable","13":"purchasable","14":"product-type-simple"},"_links":{"self":[{"href":"https:\/\/puzzle3d.co\/hu\/wp-json\/wp\/v2\/product\/866","targetHints":{"allow":["GET"]}}],"collection":[{"href":"https:\/\/puzzle3d.co\/hu\/wp-json\/wp\/v2\/product"}],"about":[{"href":"https:\/\/puzzle3d.co\/hu\/wp-json\/wp\/v2\/types\/product"}],"replies":[{"embeddable":true,"href":"https:\/\/puzzle3d.co\/hu\/wp-json\/wp\/v2\/comments?post=866"}],"wp:featuredmedia":[{"embeddable":true,"href":"https:\/\/puzzle3d.co\/hu\/wp-json\/wp\/v2\/media\/859"}],"wp:attachment":[{"href":"https:\/\/puzzle3d.co\/hu\/wp-json\/wp\/v2\/media?parent=866"}],"wp:term":[{"taxonomy":"product_brand","embeddable":true,"href":"https:\/\/puzzle3d.co\/hu\/wp-json\/wp\/v2\/product_brand?post=866"},{"taxonomy":"product_cat","embeddable":true,"href":"https:\/\/puzzle3d.co\/hu\/wp-json\/wp\/v2\/product_cat?post=866"},{"taxonomy":"product_tag","embeddable":true,"href":"https:\/\/puzzle3d.co\/hu\/wp-json\/wp\/v2\/product_tag?post=866"},{"taxonomy":"woo-feed-brand","embeddable":true,"href":"https:\/\/puzzle3d.co\/hu\/wp-json\/wp\/v2\/woo-feed-brand?post=866"}],"curies":[{"name":"wp","href":"https:\/\/api.w.org\/{rel}","templated":true}]}}