{"id":864,"date":"2023-01-25T22:15:13","date_gmt":"2023-01-25T22:15:13","guid":{"rendered":"https:\/\/puzzle3d.co\/product\/mastodon-puzzle-classic-lemn-copy\/"},"modified":"2025-06-11T19:07:05","modified_gmt":"2025-06-11T19:07:05","slug":"bagoly-puzzle-klasszikus-fa","status":"publish","type":"product","link":"https:\/\/puzzle3d.co\/hu\/prodotto\/gufo-puzzle-classic-legno\/","title":{"rendered":"2D f\u00e1b\u00f3l k\u00e9sz\u00fclt OWL puzzle, 120 db"},"content":{"rendered":"<div>\n<h2><strong>2D f\u00e1b\u00f3l k\u00e9sz\u00fclt OWL puzzle, 120 db<\/strong><\/h2>\n<div>A \"l\u00e1t\u00e1s a s\u00f6t\u00e9tben\" nem csak azt jelenti, hogy \u00e9jszaka eligazodsz egy vil\u00e1g\u00edt\u00e1s n\u00e9lk\u00fcli szob\u00e1ban... Ez a rejtett igazs\u00e1g meg\u00e9rt\u00e9s\u00e9nek \u00e9s megl\u00e1t\u00e1s\u00e1nak k\u00e9pess\u00e9ge.<\/div>\n<\/div>\n<div>\n<div>Ez\u00e9rt van az, hogy a g\u00f6r\u00f6g mitol\u00f3gi\u00e1ban a bagoly a b\u00f6lcsess\u00e9g \u00e9s az intelligencia szimb\u00f3luma.<\/div>\n<div>A f\u00e1b\u00f3l k\u00e9sz\u00fclt kirak\u00f3s j\u00e1t\u00e9k darabjaib\u00f3l k\u00e9sz\u00fclt bagoly pedig a r\u00e9szletekre val\u00f3 odafigyel\u00e9st, a koncentr\u00e1ci\u00f3t \u00e9s az elsz\u00e1nts\u00e1got sugallja.<\/div>\n<div>A darabok k\u00f6z\u00f6tt m\u00e1s erdei t\u00e1rsakat is tal\u00e1lsz, p\u00e9ld\u00e1ul farkast, r\u00f3k\u00e1t, nyulat, sast, medv\u00e9t.<\/div>\n<div>Mi lenne, ha ezeket a karaktereket haszn\u00e1ln\u00e1d arra, hogy b\u00f6lcsess\u00e9gre tan\u00edtsd gyermeked?<\/div>\n<div><\/div>\n<div>Elmondod neki, hogy a r\u00f3ka kedves, a ny\u00fal pedig f\u00e9l\u0151s, vagy megmutatod neki, hogy mind k\u00fcl\u00f6nb\u00f6z\u0151ek, n\u00e9melyik nagyobb, n\u00e9melyik kisebb, de a term\u00e9szet ir\u00e1nti tiszteletet \u00e9s egyens\u00falyt tan\u00fas\u00edtva p\u00e1rbesz\u00e9det folytatnak egym\u00e1ssal.<\/div>\n<div><\/div>\n<div>Rakd \u00f6ssze, \u00e9rezd j\u00f3l magad, \u00e9s n\u00e9zz a bagoly m\u00e9lyen \u00fcl\u0151 szemeibe, amit nem l\u00e1tsz.<\/div>\n<div><\/div>\n<div><strong>TERM\u00c9K R\u00c9SZLETEK:<\/strong><\/div>\n<div>Modell m\u00e9retei: 283*297*5 mm<\/div>\n<div>Csomagol\u00e1si m\u00e9retek: 255 x 192 x 42 mm<\/div>\n<div>Darabsz\u00e1m: 120<\/div>\n<\/div>","protected":false},"excerpt":{"rendered":"<p>A g\u00f6r\u00f6g mitol\u00f3gi\u00e1ban a bagoly a b\u00f6lcsess\u00e9g \u00e9s az intelligencia szimb\u00f3luma, \u00e9s a f\u00e1b\u00f3l k\u00e9sz\u00fclt kirak\u00f3s darabjaib\u00f3l k\u00e9sz\u00fclt bagoly a r\u00e9szletekre val\u00f3 odafigyel\u00e9st, a koncentr\u00e1ci\u00f3t \u00e9s az elsz\u00e1nts\u00e1got sugallja.<\/p>","protected":false},"featured_media":856,"comment_status":"open","ping_status":"closed","template":"","meta":[],"product_brand":[],"product_cat":[80,84,83],"product_tag":[],"woo-feed-brand":[],"class_list":{"0":"post-864","1":"product","2":"type-product","3":"status-publish","4":"has-post-thumbnail","6":"product_cat-puzzle-jigsaw","7":"product_cat-puzzle-jigsaw-in-legno","8":"product_cat-puzzle-jigsaw-bambini","10":"first","11":"instock","12":"shipping-taxable","13":"purchasable","14":"product-type-simple"},"_links":{"self":[{"href":"https:\/\/puzzle3d.co\/hu\/wp-json\/wp\/v2\/product\/864","targetHints":{"allow":["GET"]}}],"collection":[{"href":"https:\/\/puzzle3d.co\/hu\/wp-json\/wp\/v2\/product"}],"about":[{"href":"https:\/\/puzzle3d.co\/hu\/wp-json\/wp\/v2\/types\/product"}],"replies":[{"embeddable":true,"href":"https:\/\/puzzle3d.co\/hu\/wp-json\/wp\/v2\/comments?post=864"}],"wp:featuredmedia":[{"embeddable":true,"href":"https:\/\/puzzle3d.co\/hu\/wp-json\/wp\/v2\/media\/856"}],"wp:attachment":[{"href":"https:\/\/puzzle3d.co\/hu\/wp-json\/wp\/v2\/media?parent=864"}],"wp:term":[{"taxonomy":"product_brand","embeddable":true,"href":"https:\/\/puzzle3d.co\/hu\/wp-json\/wp\/v2\/product_brand?post=864"},{"taxonomy":"product_cat","embeddable":true,"href":"https:\/\/puzzle3d.co\/hu\/wp-json\/wp\/v2\/product_cat?post=864"},{"taxonomy":"product_tag","embeddable":true,"href":"https:\/\/puzzle3d.co\/hu\/wp-json\/wp\/v2\/product_tag?post=864"},{"taxonomy":"woo-feed-brand","embeddable":true,"href":"https:\/\/puzzle3d.co\/hu\/wp-json\/wp\/v2\/woo-feed-brand?post=864"}],"curies":[{"name":"wp","href":"https:\/\/api.w.org\/{rel}","templated":true}]}}