{"id":862,"date":"2023-01-25T22:08:41","date_gmt":"2023-01-25T22:08:41","guid":{"rendered":"https:\/\/puzzle3d.co\/product\/bat-m-puzzle-classic-lemn-copy\/"},"modified":"2025-06-11T19:07:19","modified_gmt":"2025-06-11T19:07:19","slug":"masztodon-kirakos-klasszikus-kirakos","status":"publish","type":"product","link":"https:\/\/puzzle3d.co\/hu\/prodotto\/mastodon-puzzle-classic-jigsaw\/","title":{"rendered":"MASTODON 2D fapuzzle, 180 db"},"content":{"rendered":"<div>\n<p><strong>MASTODON Klasszikus 2D puzzle\/ fa kirak\u00f3s, 180 darab<\/strong><\/p>\n<div>Hov\u00e1 t\u0171nt a masztodon? M\u00e9g a kutat\u00f3k sem tudj\u00e1k.<\/div>\n<\/div>\n<div>\n<div>\n<div><\/div>\n<div>Csak most der\u00fclt ki, hogy k\u00f6r\u00fclbel\u00fcl 10 000 \u00e9vvel ezel\u0151tt egy 4 \u00e9s 10 tonna k\u00f6z\u00f6tti s\u00faly\u00fa \u00e9s ak\u00e1r 10 m\u00e9ter hossz\u00fa eml\u0151s \u00e9lt az \u00e9szak-amerikai kontinensen.<\/div>\n<div><\/div>\n<div>A csontv\u00e1zszerkezet n\u00e9mileg hasonl\u00edtott az elef\u00e1nt\u00e9hoz, de az ar\u00e1nyok nagyon elt\u00e9r\u0151ek voltak.<\/div>\n<div><\/div>\n<div>\u00c1ll\u00edt\u00f3lag az \u00e9ghajlat miatt t\u0171ntek el....<\/div>\n<div>T\u00f6rekedjen az eredetis\u00e9gre, \u00e9s d\u00edsz\u00edtse otthon\u00e1t vagy irod\u00e1j\u00e1t egy olyan \u0151skori eml\u0151s\u00e1llattal, amelyet m\u00e9g senki sem l\u00e1tott.<\/div>\n<div><\/div>\n<div>Sz\u00f3rakoztat\u00f3 tev\u00e9kenys\u00e9g egy olyan kirak\u00f3s \u00f6sszerak\u00e1sa, amelyben elef\u00e1ntokat, medv\u00e9ket, tigriseket, orrszarv\u00faakat \u00e9s m\u00e1s b\u00e1tor bar\u00e1tokat tal\u00e1lsz a fa alkatr\u00e9szek k\u00f6z\u00f6tt.<\/div>\n<div><\/div>\n<div>Ugyanakkor ellazulsz, koncentr\u00e1lsz, \u00e9s \u00e9rzed, hogy az agyad mennyire \u00e9rt\u00e9keli a kih\u00edv\u00e1st.<\/div>\n<div><\/div>\n<div>3 m\u00e9retet k\u00edn\u00e1lunk (S, M, L), amelyek k\u00f6z\u00fcl kiv\u00e1laszthatja a megfelel\u0151t otthona vagy irod\u00e1ja fal\u00e1ra. Vagy esetleg keretbe szeretn\u00e9d tenni ezt az aranyos puzzle-t - a v\u00e1laszt\u00e1s a ti\u00e9d.<\/div>\n<div><\/div>\n<div><strong>TERM\u00c9K R\u00c9SZLETEK:<\/strong><\/div>\n<div>Modell m\u00e9retei: 286*387*5 mm<\/div>\n<div>Csomagol\u00e1si m\u00e9retek: 255 x 192 x 42 mm<\/div>\n<div>Darabsz\u00e1m: 180<\/div>\n<\/div>\n<div><\/div>\n<\/div>","protected":false},"excerpt":{"rendered":"<p>Sz\u00f3rakoztat\u00f3 tev\u00e9kenys\u00e9g egy olyan kirak\u00f3s \u00f6sszerak\u00e1sa, amelyben elef\u00e1ntokat, medv\u00e9ket, tigriseket, orrszarv\u00faakat \u00e9s m\u00e1s b\u00e1tor bar\u00e1tokat tal\u00e1lsz a fa alkatr\u00e9szek k\u00f6z\u00f6tt.<\/p>","protected":false},"featured_media":855,"comment_status":"open","ping_status":"closed","template":"","meta":{"slim_seo":{"title":"\ud83e\udda3 MASTODON Classic 2D Puzzle\/ Fa kirak\u00f3s, 180 db","description":"MASTODON Puzzle. Sz\u00f3rakoztat\u00f3 tev\u00e9kenys\u00e9g egy olyan kirak\u00f3s \u00f6sszerak\u00e1sa, amelyben elef\u00e1ntokat, medv\u00e9ket, tigriseket, orrszarv\u00faakat \u00e9s m\u00e1s b\u00e1tor bar\u00e1tokat tal\u00e1lsz a fa alkatr\u00e9szek k\u00f6z\u00f6tt."}},"product_brand":[],"product_cat":[80,83,84],"product_tag":[],"woo-feed-brand":[],"class_list":{"0":"post-862","1":"product","2":"type-product","3":"status-publish","4":"has-post-thumbnail","6":"product_cat-puzzle-jigsaw","7":"product_cat-puzzle-jigsaw-bambini","8":"product_cat-puzzle-jigsaw-in-legno","10":"first","11":"instock","12":"shipping-taxable","13":"purchasable","14":"product-type-simple"},"_links":{"self":[{"href":"https:\/\/puzzle3d.co\/hu\/wp-json\/wp\/v2\/product\/862","targetHints":{"allow":["GET"]}}],"collection":[{"href":"https:\/\/puzzle3d.co\/hu\/wp-json\/wp\/v2\/product"}],"about":[{"href":"https:\/\/puzzle3d.co\/hu\/wp-json\/wp\/v2\/types\/product"}],"replies":[{"embeddable":true,"href":"https:\/\/puzzle3d.co\/hu\/wp-json\/wp\/v2\/comments?post=862"}],"wp:featuredmedia":[{"embeddable":true,"href":"https:\/\/puzzle3d.co\/hu\/wp-json\/wp\/v2\/media\/855"}],"wp:attachment":[{"href":"https:\/\/puzzle3d.co\/hu\/wp-json\/wp\/v2\/media?parent=862"}],"wp:term":[{"taxonomy":"product_brand","embeddable":true,"href":"https:\/\/puzzle3d.co\/hu\/wp-json\/wp\/v2\/product_brand?post=862"},{"taxonomy":"product_cat","embeddable":true,"href":"https:\/\/puzzle3d.co\/hu\/wp-json\/wp\/v2\/product_cat?post=862"},{"taxonomy":"product_tag","embeddable":true,"href":"https:\/\/puzzle3d.co\/hu\/wp-json\/wp\/v2\/product_tag?post=862"},{"taxonomy":"woo-feed-brand","embeddable":true,"href":"https:\/\/puzzle3d.co\/hu\/wp-json\/wp\/v2\/woo-feed-brand?post=862"}],"curies":[{"name":"wp","href":"https:\/\/api.w.org\/{rel}","templated":true}]}}