{"id":860,"date":"2023-01-25T22:03:04","date_gmt":"2023-01-25T22:03:04","guid":{"rendered":"https:\/\/puzzle3d.co\/product\/koi-puzzle-classic-lemn-copy\/"},"modified":"2025-06-11T19:07:35","modified_gmt":"2025-06-11T19:07:35","slug":"denever-kirakos-2d-kirakos","status":"publish","type":"product","link":"https:\/\/puzzle3d.co\/hu\/prodotto\/pipistrello-jigsaw-2d-puzzle\/","title":{"rendered":"Denev\u00e9r 2D fa puzzle, 130 darab"},"content":{"rendered":"<div>\n<p><strong>Denev\u00e9r 2D fa kirak\u00f3s, 130 db<\/strong><\/p>\n<\/div>\n<div>\n<div>\n<div>Tudod, honnan sz\u00e1rmazik a Flying Bat n\u00e9v?<\/div>\n<div><\/div>\n<div>Ez az eleg\u00e1ns pillang\u00f3 l\u00e1rvast\u00e1diumban, amikor a n\u0151st\u00e9ny lerakja toj\u00e1sait, lila levelekkel t\u00e1pl\u00e1lkozik.<\/div>\n<div><\/div>\n<div>\u00c9rett kor\u00e1ban a denev\u00e9r \u00e9lvezi a vir\u00e1gok nekt\u00e1rj\u00e1t. M\u00e1just\u00f3l j\u00faliusig a kertek \u00e9s parkok vir\u00e1gai k\u00f6r\u00fcl rep\u00fcl.<\/div>\n<div><\/div>\n<div>V\u00e1lasszon egy denev\u00e9r puzzle-t, \u00e9s d\u00edsz\u00edtse otthon\u00e1t a tavasz \u00e9s az \u00fajj\u00e1sz\u00fclet\u00e9s szimb\u00f3lum\u00e1val.<\/div>\n<div><\/div>\n<div>Laz\u00edtson \u00e9s koncentr\u00e1ljon, mik\u00f6zben \u00f6sszeilleszti a darabokat, majd adjon nekik egy d\u00edszes helyet a falon vagy egy keretben.<\/div>\n<div><\/div>\n<div><strong>TERM\u00c9K R\u00c9SZLETEK:<\/strong><\/div>\n<div>Modell m\u00e9retei: 280*390*5 mm<\/div>\n<div>Csomagol\u00e1si m\u00e9retek: 255 x 192 x 42 mm<\/div>\n<div>Darabsz\u00e1m: 130<\/div>\n<\/div>\n<div><\/div>\n<\/div>","protected":false},"excerpt":{"rendered":"<p>V\u00e1lasszon egy denev\u00e9r puzzle-t, \u00e9s d\u00edsz\u00edtse otthon\u00e1t a tavasz \u00e9s az \u00fajj\u00e1sz\u00fclet\u00e9s szimb\u00f3lum\u00e1val.<\/p>","protected":false},"featured_media":849,"comment_status":"open","ping_status":"closed","template":"","meta":{"slim_seo":{"title":"\ud83e\udd87 Denev\u00e9r fa kirak\u00f3s, 130 db","description":"Bat Puzzle Classic. V\u00e1lasszon egy denev\u00e9r puzzle-t, \u00e9s d\u00edsz\u00edtse otthon\u00e1t a tavasz \u00e9s az \u00fajj\u00e1sz\u00fclet\u00e9s szimb\u00f3lum\u00e1val."}},"product_brand":[],"product_cat":[80,83,84],"product_tag":[],"woo-feed-brand":[],"class_list":{"0":"post-860","1":"product","2":"type-product","3":"status-publish","4":"has-post-thumbnail","6":"product_cat-puzzle-jigsaw","7":"product_cat-puzzle-jigsaw-bambini","8":"product_cat-puzzle-jigsaw-in-legno","10":"first","11":"instock","12":"shipping-taxable","13":"purchasable","14":"product-type-simple"},"_links":{"self":[{"href":"https:\/\/puzzle3d.co\/hu\/wp-json\/wp\/v2\/product\/860","targetHints":{"allow":["GET"]}}],"collection":[{"href":"https:\/\/puzzle3d.co\/hu\/wp-json\/wp\/v2\/product"}],"about":[{"href":"https:\/\/puzzle3d.co\/hu\/wp-json\/wp\/v2\/types\/product"}],"replies":[{"embeddable":true,"href":"https:\/\/puzzle3d.co\/hu\/wp-json\/wp\/v2\/comments?post=860"}],"wp:featuredmedia":[{"embeddable":true,"href":"https:\/\/puzzle3d.co\/hu\/wp-json\/wp\/v2\/media\/849"}],"wp:attachment":[{"href":"https:\/\/puzzle3d.co\/hu\/wp-json\/wp\/v2\/media?parent=860"}],"wp:term":[{"taxonomy":"product_brand","embeddable":true,"href":"https:\/\/puzzle3d.co\/hu\/wp-json\/wp\/v2\/product_brand?post=860"},{"taxonomy":"product_cat","embeddable":true,"href":"https:\/\/puzzle3d.co\/hu\/wp-json\/wp\/v2\/product_cat?post=860"},{"taxonomy":"product_tag","embeddable":true,"href":"https:\/\/puzzle3d.co\/hu\/wp-json\/wp\/v2\/product_tag?post=860"},{"taxonomy":"woo-feed-brand","embeddable":true,"href":"https:\/\/puzzle3d.co\/hu\/wp-json\/wp\/v2\/woo-feed-brand?post=860"}],"curies":[{"name":"wp","href":"https:\/\/api.w.org\/{rel}","templated":true}]}}