{"id":847,"date":"2023-01-25T21:56:10","date_gmt":"2023-01-25T21:56:10","guid":{"rendered":"https:\/\/puzzle3d.co\/product\/ram-puzzle-classic-copy\/"},"modified":"2025-06-11T19:07:50","modified_gmt":"2025-06-11T19:07:50","slug":"fa-puzzle-2d-fa-legno","status":"publish","type":"product","link":"https:\/\/puzzle3d.co\/hu\/prodotto\/pesci-puzzle-2d-in-legno\/","title":{"rendered":"Pesci Puzzle 2D f\u00e1b\u00f3l \u2013 150 darab"},"content":{"rendered":"<div>\n<p><strong>Hal 2D fa puzzle , 150 darab<\/strong><\/p>\n<\/div>\n<div>\n<div>\n<div>Egy aranyos \u00e9s intelligens halat n\u00e9zel: a koit. \u00c1zsi\u00e1ban \u0151shonos faj, pontosabban K\u00edna \u00e9s Jap\u00e1n \u00e9desvizeiben \u00e9lnek.<\/div>\n<div><\/div>\n<div>Keleten a b\u00e1tors\u00e1g \u00e9s a kitart\u00e1s szimb\u00f3luma.<\/div>\n<div><\/div>\n<div>Csak tiszta, oxig\u00e9nd\u00fas, 10 \u00e9s 30 Celsius-fok k\u00f6z\u00f6tti h\u0151m\u00e9rs\u00e9klet\u0171 v\u00edzben fejl\u0151dnek, \u00e9s kiegyens\u00falyozott n\u00f6v\u00e9nyi \u00e9s algat\u00e1pl\u00e1l\u00e9kkal t\u00e1pl\u00e1lkoznak.<\/div>\n<div><\/div>\n<div>Ennek a kirak\u00f3snak az \u00f6sszerak\u00e1sa a b\u00e9ke \u00e9s a kikapcsol\u00f3d\u00e1s kellemes pillanata lesz, \u00e9s ha ut\u00e1na megcsod\u00e1lod, az egyens\u00falyra \u00e9s a harm\u00f3ni\u00e1ra fog eml\u00e9keztetni.<\/div>\n<div><\/div>\n<div>Csod\u00e1latos dolog, ha egyens\u00falyra \u00e9s harm\u00f3ni\u00e1ra t\u00f6reksz\u00fcnk \u00f6nmagunkkal \u00e9s a k\u00f6r\u00fcl\u00f6tt\u00fcnk \u00e9l\u0151kkel!<\/div>\n<div><\/div>\n<div><strong>TERM\u00c9K R\u00c9SZLETEK:<\/strong><\/div>\n<div>Modell m\u00e9retei: 282*387*5 mm<\/div>\n<div>Csomagol\u00e1si m\u00e9retek: 255 x 192 x 42 mm<\/div>\n<div>Darabsz\u00e1m: 150<\/div>\n<\/div>\n<div><\/div>\n<\/div>","protected":false},"excerpt":{"rendered":"<div>KOI - klasszikus fa puzzle\/puzzle<br \/>\nEnnek a kirak\u00f3snak az \u00f6sszerak\u00e1sa a b\u00e9ke \u00e9s a kikapcsol\u00f3d\u00e1s kellemes pillanata lesz, \u00e9s ha ut\u00e1na megcsod\u00e1lod, az egyens\u00falyra \u00e9s a harm\u00f3ni\u00e1ra fog eml\u00e9keztetni.<\/div>\n<p>&nbsp;<\/p>","protected":false},"featured_media":852,"comment_status":"open","ping_status":"closed","template":"","meta":[],"product_brand":[],"product_cat":[80,84,83],"product_tag":[],"woo-feed-brand":[],"class_list":{"0":"post-847","1":"product","2":"type-product","3":"status-publish","4":"has-post-thumbnail","6":"product_cat-puzzle-jigsaw","7":"product_cat-puzzle-jigsaw-in-legno","8":"product_cat-puzzle-jigsaw-bambini","10":"first","11":"instock","12":"shipping-taxable","13":"purchasable","14":"product-type-simple"},"_links":{"self":[{"href":"https:\/\/puzzle3d.co\/hu\/wp-json\/wp\/v2\/product\/847","targetHints":{"allow":["GET"]}}],"collection":[{"href":"https:\/\/puzzle3d.co\/hu\/wp-json\/wp\/v2\/product"}],"about":[{"href":"https:\/\/puzzle3d.co\/hu\/wp-json\/wp\/v2\/types\/product"}],"replies":[{"embeddable":true,"href":"https:\/\/puzzle3d.co\/hu\/wp-json\/wp\/v2\/comments?post=847"}],"wp:featuredmedia":[{"embeddable":true,"href":"https:\/\/puzzle3d.co\/hu\/wp-json\/wp\/v2\/media\/852"}],"wp:attachment":[{"href":"https:\/\/puzzle3d.co\/hu\/wp-json\/wp\/v2\/media?parent=847"}],"wp:term":[{"taxonomy":"product_brand","embeddable":true,"href":"https:\/\/puzzle3d.co\/hu\/wp-json\/wp\/v2\/product_brand?post=847"},{"taxonomy":"product_cat","embeddable":true,"href":"https:\/\/puzzle3d.co\/hu\/wp-json\/wp\/v2\/product_cat?post=847"},{"taxonomy":"product_tag","embeddable":true,"href":"https:\/\/puzzle3d.co\/hu\/wp-json\/wp\/v2\/product_tag?post=847"},{"taxonomy":"woo-feed-brand","embeddable":true,"href":"https:\/\/puzzle3d.co\/hu\/wp-json\/wp\/v2\/woo-feed-brand?post=847"}],"curies":[{"name":"wp","href":"https:\/\/api.w.org\/{rel}","templated":true}]}}