{"id":843,"date":"2023-01-25T21:31:29","date_gmt":"2023-01-25T21:31:29","guid":{"rendered":"https:\/\/puzzle3d.co\/product\/gramophone-puzzle-3d-copy\/"},"modified":"2025-06-11T19:08:06","modified_gmt":"2025-06-11T19:08:06","slug":"ram-2d-fa-kirakos-130-darabos-puzzle","status":"publish","type":"product","link":"https:\/\/puzzle3d.co\/hu\/prodotto\/ariete-puzzle-2d-jigsaw-in-legno-130-pezzi\/","title":{"rendered":"ARIETE 2D fa kirak\u00f3s, 130 darabos puzzle"},"content":{"rendered":"<div>\n<p><strong>ARIETE 2D fa kirak\u00f3s, 130 darabos puzzle<\/strong><\/p>\n<\/div>\n<div>\n<div>\n<div>Nem kell a Kos jegy\u00e9ben sz\u00fcletni ahhoz, hogy \u00f6ssze\u00e1ll\u00edtsd ezt a csod\u00e1latos kirak\u00f3s j\u00e1t\u00e9kot.<\/div>\n<div><\/div>\n<div>De vegy\u00fcnk \u00e9szre valami \u00e9rdekeset vel\u00fck kapcsolatban:<\/div>\n<div>ambici\u00f3zusak \u00e9s energikusak, alkalmazkod\u00f3k\u00e9pesek a v\u00e1ltoz\u00e1sokhoz, \u00e9s f\u00e9lelem n\u00e9lk\u00fcli vezet\u0151knek tartj\u00e1k magukat.<\/div>\n<div><\/div>\n<div>Elon Musk - a SpaceX \u00e9s a Tesla alap\u00edt\u00f3ja \u00e9s vez\u00e9rigazgat\u00f3ja;<\/div>\n<div><\/div>\n<div>Albert Einstein - a fizikus, aki forradalmas\u00edtotta a vil\u00e1got;<\/div>\n<div><\/div>\n<div>Mark Zuckerberg - a Facebook alap\u00edt\u00f3ja \u00e9s vez\u00e9rigazgat\u00f3ja;<\/div>\n<div><\/div>\n<div>K\u00e1roly herceg - II;<\/div>\n<div><\/div>\n<div>Nicolae Ceausescu \u00e9s sok m\u00e1s h\u00edres ember a Kos csillagjegyben tal\u00e1lhat\u00f3.<\/div>\n<div><\/div>\n<div>Most m\u00e1r meggy\u0151z\u0151dt\u00e9l arr\u00f3l, hogy egy Kos kirak\u00f3s egy pillant\u00e1sra rendk\u00edv\u00fcli tulajdons\u00e1gokat szabad\u00edt fel?<\/div>\n<div><\/div>\n<div><strong>TERM\u00c9K R\u00c9SZLETEK:<\/strong><\/div>\n<div>Modell m\u00e9retei: 282*387*5 mm<\/div>\n<div>Csomagol\u00e1si m\u00e9retek: 255 x 192 x 42 mm<\/div>\n<div>Darabsz\u00e1m: 130<\/div>\n<\/div>\n<div><\/div>\n<\/div>","protected":false},"excerpt":{"rendered":"<p>Nem sz\u00fcks\u00e9ges a Kos jegy\u00e9ben sz\u00fcletni ahhoz, hogy \u00f6ssze\u00e1lljon ez a csod\u00e1latos kirak\u00f3s. De vegy\u00fcnk figyelembe valami \u00e9rdekeset r\u00f3luk: ambici\u00f3zusak \u00e9s energikusak, alkalmazkodnak a v\u00e1ltoz\u00e1sokhoz, \u00e9s rettenthetetlen vezet\u0151knek tartj\u00e1k magukat.<\/p>","protected":false},"featured_media":845,"comment_status":"open","ping_status":"closed","template":"","meta":[],"product_brand":[],"product_cat":[80,84,83],"product_tag":[],"woo-feed-brand":[],"class_list":{"0":"post-843","1":"product","2":"type-product","3":"status-publish","4":"has-post-thumbnail","6":"product_cat-puzzle-jigsaw","7":"product_cat-puzzle-jigsaw-in-legno","8":"product_cat-puzzle-jigsaw-bambini","10":"first","11":"instock","12":"shipping-taxable","13":"purchasable","14":"product-type-simple"},"_links":{"self":[{"href":"https:\/\/puzzle3d.co\/hu\/wp-json\/wp\/v2\/product\/843","targetHints":{"allow":["GET"]}}],"collection":[{"href":"https:\/\/puzzle3d.co\/hu\/wp-json\/wp\/v2\/product"}],"about":[{"href":"https:\/\/puzzle3d.co\/hu\/wp-json\/wp\/v2\/types\/product"}],"replies":[{"embeddable":true,"href":"https:\/\/puzzle3d.co\/hu\/wp-json\/wp\/v2\/comments?post=843"}],"wp:featuredmedia":[{"embeddable":true,"href":"https:\/\/puzzle3d.co\/hu\/wp-json\/wp\/v2\/media\/845"}],"wp:attachment":[{"href":"https:\/\/puzzle3d.co\/hu\/wp-json\/wp\/v2\/media?parent=843"}],"wp:term":[{"taxonomy":"product_brand","embeddable":true,"href":"https:\/\/puzzle3d.co\/hu\/wp-json\/wp\/v2\/product_brand?post=843"},{"taxonomy":"product_cat","embeddable":true,"href":"https:\/\/puzzle3d.co\/hu\/wp-json\/wp\/v2\/product_cat?post=843"},{"taxonomy":"product_tag","embeddable":true,"href":"https:\/\/puzzle3d.co\/hu\/wp-json\/wp\/v2\/product_tag?post=843"},{"taxonomy":"woo-feed-brand","embeddable":true,"href":"https:\/\/puzzle3d.co\/hu\/wp-json\/wp\/v2\/woo-feed-brand?post=843"}],"curies":[{"name":"wp","href":"https:\/\/api.w.org\/{rel}","templated":true}]}}