{"id":834,"date":"2023-01-25T15:04:00","date_gmt":"2023-01-25T15:04:00","guid":{"rendered":"https:\/\/puzzle3d.co\/product\/kinetic-globe-puzzle-3d-copy\/"},"modified":"2025-06-11T19:09:09","modified_gmt":"2025-06-11T19:09:09","slug":"3d-mechanikus-fa-puzzle-gramofon","status":"publish","type":"product","link":"https:\/\/puzzle3d.co\/hu\/prodotto\/grammofono-puzzle-meccanico-3d-in-legno\/","title":{"rendered":"A gramofon 3D mechanikus fa \u00e9p\u00edt\u0151ipari modell, 321 db"},"content":{"rendered":"<div><strong>A gramofon - 3D mechanikus fa puzzle - 321 darab - 321 darab<\/strong><\/div>\n<div><\/div>\n<div>Thomas Edison, a technikat\u00f6rt\u00e9net egyik legjelent\u0151sebb alakja 1877-ben tal\u00e1lta fel a gramofont egy viaszr\u00faddal. Kereskedelmi sikert aratott, \u00e9s gyorsan n\u00e9pszer\u0171v\u00e9 v\u00e1lt az Egyes\u00fclt \u00c1llamokban.<\/div>\n<div><\/div>\n<div>10 \u00e9vvel k\u00e9s\u0151bb a n\u00e9met sz\u00e1rmaz\u00e1s\u00fa amerikai m\u00e9rn\u00f6k, Emil Berliner feltal\u00e1lta a gramofont, amely lemezeket haszn\u00e1lt.<\/div>\n<div><\/div>\n<div>Mindk\u00e9t gramofon kolossz\u00e1lis m\u00e9rt\u00e9kben hozz\u00e1j\u00e1rult a zene- \u00e9s kommunik\u00e1ci\u00f3s iparhoz.<\/div>\n<div><\/div>\n<div>Az el\u0151tted l\u00e9v\u0151 gramofon minden nap k\u00fcl\u00f6nleges m\u00f3don \u00f6rvendeztet meg t\u00e9ged.<\/div>\n<div><\/div>\n<div>J\u00f3 lesz a napot ezzel a gramofonnal kezdeni, amely mellett nyugodt l\u00e9gk\u00f6rben \u00e9lvezheti a k\u00e1v\u00e9j\u00e1t. Ezut\u00e1n el\u0151veszed az \u00f3r\u00e1dat vagy a nap \u00e9kszer\u00e9t a titkos dobozb\u00f3l. Este ism\u00e9t kinyitod a dobozt, hogy elrakt\u00e1rozd az \u00e9kszert. \u00cdgy a napi ritu\u00e1l\u00e9id a gramofont olyan t\u00e1rggy\u00e1 v\u00e1ltoztatj\u00e1k, amelyhez szoros k\u00f6tel\u00e9k f\u0171z majd.<\/div>\n<div><\/div>\n<div>A gramofon \u00f6sszeszerel\u00e9se \u00e9lvezetes \u00e9s pihentet\u0151 tev\u00e9kenys\u00e9g lesz, \u00e9s a v\u00e9g\u00e9n nem fogsz t\u00fal gyorsan f\u00e9lren\u00e9zni.<\/div>\n<div><\/div>\n<h2><strong>Ide\u00e1lis aj\u00e1nd\u00e9k n\u0151knek \u00e9s a zene szerelmeseinek<\/strong><\/h2>\n<div><\/div>\n<div>Eredeti aj\u00e1nd\u00e9k a zene, a kult\u00fara \u00e9s a m\u0171v\u00e9szet ir\u00e1nt rajong\u00f3 n\u0151knek \u00e9s f\u00e9rfiaknak. A doboz extra \u00e9rt\u00e9ket k\u00e9pvisel, \u00e9s kieg\u00e9sz\u00edthet\u0151 \u00f3r\u00e1kkal, \u00e9kszerekkel vagy szerelmes \u00fczenetekkel.<\/div>\n<div><\/div>\n<div>Gy\u00f6ny\u00f6r\u0171 dekor\u00e1ci\u00f3 otthonod b\u00e1rmelyik helyis\u00e9g\u00e9be.<\/div>\n<div><\/div>\n<div>Ha nem tudod, milyen aj\u00e1nd\u00e9kot v\u00e1lassz egy szerettednek vagy valakinek, akit tisztelsz, v\u00e1lassz egy gramofont.<\/div>\n<div><\/div>\n<div><strong>TERM\u00c9K R\u00c9SZLETEK:<\/strong><\/div>\n<div>Modell m\u00e9retei: 407*274*312 mm<\/div>\n<div>Csomagol\u00e1si m\u00e9retek: 377 x 243 x 45 mm<\/div>\n<div>Darabsz\u00e1m: 321<\/div>","protected":false},"excerpt":{"rendered":"<div>A gramofon \u00f6sszeszerel\u00e9se \u00e9lvezetes \u00e9s pihentet\u0151 tev\u00e9kenys\u00e9g lesz, \u00e9s a v\u00e9g\u00e9n nem fogsz t\u00fal gyorsan f\u00e9lren\u00e9zni.<\/div>\n<p>&nbsp;<\/p>","protected":false},"featured_media":839,"comment_status":"open","ping_status":"closed","template":"","meta":[],"product_brand":[],"product_cat":[73,74,76,89,90],"product_tag":[],"woo-feed-brand":[],"class_list":{"0":"post-834","1":"product","2":"type-product","3":"status-publish","4":"has-post-thumbnail","6":"product_cat-puzzle-3d","7":"product_cat-puzzle-3d-in-legno","8":"product_cat-puzzle-3d-per-bambini","9":"product_cat-puzzle-meccanici-3d-in-legno","10":"product_cat-puzzle-meccanici-per-bambini","12":"first","13":"instock","14":"shipping-taxable","15":"purchasable","16":"product-type-simple"},"_links":{"self":[{"href":"https:\/\/puzzle3d.co\/hu\/wp-json\/wp\/v2\/product\/834","targetHints":{"allow":["GET"]}}],"collection":[{"href":"https:\/\/puzzle3d.co\/hu\/wp-json\/wp\/v2\/product"}],"about":[{"href":"https:\/\/puzzle3d.co\/hu\/wp-json\/wp\/v2\/types\/product"}],"replies":[{"embeddable":true,"href":"https:\/\/puzzle3d.co\/hu\/wp-json\/wp\/v2\/comments?post=834"}],"wp:featuredmedia":[{"embeddable":true,"href":"https:\/\/puzzle3d.co\/hu\/wp-json\/wp\/v2\/media\/839"}],"wp:attachment":[{"href":"https:\/\/puzzle3d.co\/hu\/wp-json\/wp\/v2\/media?parent=834"}],"wp:term":[{"taxonomy":"product_brand","embeddable":true,"href":"https:\/\/puzzle3d.co\/hu\/wp-json\/wp\/v2\/product_brand?post=834"},{"taxonomy":"product_cat","embeddable":true,"href":"https:\/\/puzzle3d.co\/hu\/wp-json\/wp\/v2\/product_cat?post=834"},{"taxonomy":"product_tag","embeddable":true,"href":"https:\/\/puzzle3d.co\/hu\/wp-json\/wp\/v2\/product_tag?post=834"},{"taxonomy":"woo-feed-brand","embeddable":true,"href":"https:\/\/puzzle3d.co\/hu\/wp-json\/wp\/v2\/woo-feed-brand?post=834"}],"curies":[{"name":"wp","href":"https:\/\/api.w.org\/{rel}","templated":true}]}}