{"id":826,"date":"2023-01-25T14:32:39","date_gmt":"2023-01-25T14:32:39","guid":{"rendered":"https:\/\/puzzle3d.co\/product\/doll-house-puzzle-3d-copy\/"},"modified":"2025-05-11T08:14:48","modified_gmt":"2025-05-11T08:14:48","slug":"kinetikus-foldgomb-3d-mechanikus-puzzle-fa","status":"publish","type":"product","link":"https:\/\/puzzle3d.co\/hu\/prodotto\/globo-cinetico-puzzle-meccanico-3d-legno\/","title":{"rendered":"The Kinetic Globe - Mechanikus fa kirak\u00f3, 205 db"},"content":{"rendered":"<div>\n<p><strong>The Kinetic Globe - Mechanikus fa kirak\u00f3, 205 db<\/strong><\/p>\n<p><span style=\"color: #333333;\">Fedezd fel a mechanika sz\u00e9ps\u00e9g\u00e9t egy kinetikus f\u00f6ldg\u00f6mb seg\u00edts\u00e9g\u00e9vel! <\/span><span style=\"color: #333333;\">A 17. sz\u00e1zadban a kinetikus g\u00f6mb\u00f6ket oktat\u00e1si eszk\u00f6zk\u00e9nt kezdt\u00e9k haszn\u00e1lni az olyan fizikai alapelvek szeml\u00e9ltet\u00e9s\u00e9re, mint a forg\u00e1s \u00e9s a forg\u00e1s.<\/span><\/p>\n<\/div>\n<div>\n<div>\n<div>K\u00e9t \u00e9vsz\u00e1zaddal k\u00e9s\u0151bb kezdt\u00e9k \u0151ket d\u00edszt\u00e1rgyk\u00e9nt haszn\u00e1lni.<\/div>\n<div>A 20. sz\u00e1zadt\u00f3l kezdve a kinetikus g\u00f6mb\u00f6k egyre n\u00e9pszer\u0171bb\u00e9 v\u00e1ltak mint kort\u00e1rs m\u0171v\u00e9szeti t\u00e1rgyak.<\/div>\n<div><\/div>\n<div>Ma a g\u00f6mb\u00f6k tov\u00e1bb fejl\u0151dnek, a modern technol\u00f3gia \u00e9s a fejlett anyagok felhaszn\u00e1l\u00e1s\u00e1val leny\u0171g\u00f6z\u0151 mozg\u00e1sokat \u00e9s vizu\u00e1lis effektusokat hoznak l\u00e9tre.<\/div>\n<div><\/div>\n<div>Okos aj\u00e1nd\u00e9k b\u00e1rkinek<\/div>\n<div><\/div>\n<div>V\u00e1lassz egy okos aj\u00e1nd\u00e9kot magadnak vagy egy bar\u00e1todnak, rakd \u00f6ssze, majd hagyd, hogy p\u00f6r\u00f6gj\u00f6n. Pihentet\u0151 n\u00e9zni a forg\u00e1s \u00e9s a forg\u00e1s mozg\u00e1s\u00e1t.<\/div>\n<div><\/div>\n<div>Ezt megteheted, mik\u00f6zben egy projekten gondolkodsz, vagy nyugodtan \u00e9lvezhetsz egy k\u00e1v\u00e9t. \u00c9szre fogod venni, hogy felt\u00f6lt\u0151dnek az elemeid, \u00e9s a gondolataid mintha le\u00fclepedn\u00e9nek a polcon.<\/div>\n<div><\/div>\n<div><strong>TERM\u00c9K R\u00c9SZLETEK:<\/strong><\/div>\n<div>A modell m\u00e9retei: 161*132*251 mm<\/div>\n<div>Csomag m\u00e9rete: 245*188*30 mm<\/div>\n<div>Darabsz\u00e1m: 205<\/div>\n<\/div>\n<div><\/div>\n<\/div>","protected":false},"excerpt":{"rendered":"<p>Fedezd fel a mechanika sz\u00e9ps\u00e9g\u00e9t egy kinetikus f\u00f6ldg\u00f6mb seg\u00edts\u00e9g\u00e9vel! V\u00e1lassz egy okos aj\u00e1nd\u00e9kot magadnak vagy egy bar\u00e1todnak, rakd \u00f6ssze, majd hagyd forogni. Pihentet\u0151 n\u00e9zni a forg\u00e1s \u00e9s a forg\u00e1s mozg\u00e1s\u00e1t.<\/p>","protected":false},"featured_media":830,"comment_status":"open","ping_status":"closed","template":"","meta":[],"product_brand":[],"product_cat":[73,74,76,89,90],"product_tag":[],"woo-feed-brand":[],"class_list":{"0":"post-826","1":"product","2":"type-product","3":"status-publish","4":"has-post-thumbnail","6":"product_cat-puzzle-3d","7":"product_cat-puzzle-3d-in-legno","8":"product_cat-puzzle-3d-per-bambini","9":"product_cat-puzzle-meccanici-3d-in-legno","10":"product_cat-puzzle-meccanici-per-bambini","12":"first","13":"instock","14":"shipping-taxable","15":"purchasable","16":"product-type-simple"},"_links":{"self":[{"href":"https:\/\/puzzle3d.co\/hu\/wp-json\/wp\/v2\/product\/826","targetHints":{"allow":["GET"]}}],"collection":[{"href":"https:\/\/puzzle3d.co\/hu\/wp-json\/wp\/v2\/product"}],"about":[{"href":"https:\/\/puzzle3d.co\/hu\/wp-json\/wp\/v2\/types\/product"}],"replies":[{"embeddable":true,"href":"https:\/\/puzzle3d.co\/hu\/wp-json\/wp\/v2\/comments?post=826"}],"wp:featuredmedia":[{"embeddable":true,"href":"https:\/\/puzzle3d.co\/hu\/wp-json\/wp\/v2\/media\/830"}],"wp:attachment":[{"href":"https:\/\/puzzle3d.co\/hu\/wp-json\/wp\/v2\/media?parent=826"}],"wp:term":[{"taxonomy":"product_brand","embeddable":true,"href":"https:\/\/puzzle3d.co\/hu\/wp-json\/wp\/v2\/product_brand?post=826"},{"taxonomy":"product_cat","embeddable":true,"href":"https:\/\/puzzle3d.co\/hu\/wp-json\/wp\/v2\/product_cat?post=826"},{"taxonomy":"product_tag","embeddable":true,"href":"https:\/\/puzzle3d.co\/hu\/wp-json\/wp\/v2\/product_tag?post=826"},{"taxonomy":"woo-feed-brand","embeddable":true,"href":"https:\/\/puzzle3d.co\/hu\/wp-json\/wp\/v2\/woo-feed-brand?post=826"}],"curies":[{"name":"wp","href":"https:\/\/api.w.org\/{rel}","templated":true}]}}