{"id":818,"date":"2023-01-24T16:19:11","date_gmt":"2023-01-24T16:19:11","guid":{"rendered":"https:\/\/puzzle3d.co\/product\/tank-t-34-85-puzzle-3d-mecanic-copy\/"},"modified":"2025-05-12T06:12:44","modified_gmt":"2025-05-12T06:12:44","slug":"fa-baba-jatek-3d-fa-kirako","status":"publish","type":"product","link":"https:\/\/puzzle3d.co\/hu\/prodotto\/casa-delle-bambole-puzzle-3d-in-legno\/","title":{"rendered":"Fa h\u00e1zik\u00f3 bab\u00e1knak, 131 darab"},"content":{"rendered":"<div>\n<p><strong>GYERMEKH\u00c1Z 3D f\u00e1b\u00f3l k\u00e9sz\u00fclt puzzle -131 db<\/strong><\/p>\n<p>Ennek a babah\u00e1znak az \u00e9p\u00edt\u00e9se \u00f6r\u00f6m lesz, k\u00f6sz\u00f6nhet\u0151en a kiv\u00e1l\u00f3 min\u0151s\u00e9g\u0171 fa alkatr\u00e9szeknek. Minden egyes alkatr\u00e9sz l\u00e9zeres pontoss\u00e1ggal van kiv\u00e1gva, \u00e9s t\u00f6k\u00e9letesen illeszkedik a t\u00f6bbihez. A r\u00e9szletes \u00fatmutat\u00f3 l\u00e9p\u00e9sr\u0151l l\u00e9p\u00e9sre v\u00e9gigvezet az \u00f6sszeszerel\u00e9sen.<\/p>\n<p>Ha elk\u00e9sz\u00fclt, a h\u00e1z m\u00e9rete 48 x 37 x 54 cm, ami egy nagym\u00e9ret\u0171 modellt jelent. Teljes teret enged a k\u00e9pzeletnek \u00e9s a kreativit\u00e1snak, hogy a bels\u0151 teret saj\u00e1t \u00edzl\u00e9sed szerint rendezd be \u00e9s d\u00edsz\u00edtsd a k\u00fcls\u0151t, ak\u00e1rcsak egy igazi babah\u00e1zban!<\/p>\n<\/div>\n<p>A r\u00e9szletekre val\u00f3 odafigyel\u00e9s elk\u00e9peszt\u0151: d\u00edsz\u00edtett erk\u00e9lyek, teljes szoba \u00e9s konyhab\u00fator, kis sz\u00ednes f\u00fcgg\u00f6ny\u00f6k, cs\u00faszda \u00e9s m\u00e1s \u00e9rt\u00e9kes elemek j\u00e1rulnak hozz\u00e1 egy rendk\u00edv\u00fcl val\u00f3s\u00e1gh\u0171 miniat\u0171r vil\u00e1g megteremt\u00e9s\u00e9hez.<\/p>\n<p class=\"whitespace-pre-wrap\">Legyen elvar\u00e1zsolva ezzel a gy\u00f6ny\u00f6r\u0171 f\u00e1b\u00f3l k\u00e9sz\u00fclt babah\u00e1zzal - t\u00f6k\u00e9letes aj\u00e1nd\u00e9k kicsiknek \u00e9s nagyoknak!<\/p>\n<p class=\"whitespace-pre-wrap\">A vil\u00e1g egyik vezet\u0151 f\u00e1b\u00f3l k\u00e9sz\u00fclt kirak\u00f3s j\u00e1t\u00e9kgy\u00e1rt\u00f3ja, t\u00f6bb tucat izgalmas k\u00e9szlet k\u00f6z\u00fcl v\u00e1laszthat. A modelljeikben a r\u00e9szletekre ford\u00edtott figyelem egyszer\u0171en hihetetlen! K\u00fcl\u00f6nb\u00f6z\u0151 neh\u00e9zs\u00e9g\u0171, a gyermekek sz\u00e1m\u00e1ra alkalmas k\u00e9szletekt\u0151l a tapasztaltabb modellez\u0151knek sz\u00e1nt kih\u00edv\u00e1sokig. Hossz\u00fa m\u00falttal \u00e9s e m\u0171v\u00e9szet ir\u00e1nti szenved\u00e9llyel rendelkez\u0151 c\u00e9g.<\/p>\n<div>\n<div>\n<div>N\u00e9h\u00e1ny \u00e9vsz\u00e1zaddal ezel\u0151tt a f\u00e1b\u00f3l k\u00e9sz\u00fclt babah\u00e1z luxuscikk volt, amelyet csak a gazdag csal\u00e1dok sz\u00e1m\u00e1ra tartottak fenn.<\/div>\n<div><\/div>\n<div>Ma m\u00e1r nem luxus, hanem olyan t\u00e1rgy, amelyet a gyerekek szeretnek, \u00e9s amely a k\u00e9perny\u0151kt\u0151l t\u00e1vol, \u00f3r\u00e1kon \u00e1t tart\u00f3 j\u00e1t\u00e9kot \u00edg\u00e9r.<\/div>\n<div><\/div>\n<div>Teh\u00e1t, ha le szeretn\u00e9 foglalni gyermek\u00e9t, akkor ezt a j\u00e1tsz\u00f3h\u00e1zat sz\u00edvesen l\u00e1tjuk.<\/div>\n<div><\/div>\n<div>Sz\u00e1mos el\u0151nye van: az \u00f6sszeszerel\u00e9s fejleszti a r\u00e9szletekre val\u00f3 odafigyel\u00e9st, a motorikus k\u00e9szs\u00e9geket, a szem-k\u00e9z koordin\u00e1ci\u00f3t \u00e9s a t\u00e9rben val\u00f3 t\u00e1j\u00e9koz\u00f3d\u00e1st.<\/div>\n<div><\/div>\n<h2>Alkalmas aj\u00e1nd\u00e9k l\u00e1nyoknak<\/h2>\n<div>Sz\u00e1mos helyis\u00e9g \u00e9s b\u00fator tal\u00e1lhat\u00f3 benne, amelyek a k\u00e9pzelet \u00e9s a szerepj\u00e1t\u00e9kra \u00f6szt\u00f6n\u00f6znek: nappali, konyha, h\u00e1l\u00f3szoba, padl\u00e1s, erk\u00e9ly, gar\u00e1zs, asztal, sz\u00e9kek, kanap\u00e9k, h\u00e1l\u00f3szoba, mechanikus lift.<\/div>\n<div><\/div>\n<div>V\u00edzb\u00e1zis\u00fa fest\u00e9kkel d\u00edsz\u00edtheted, hozz\u00e1adhatod a csal\u00e1dtagokat, akik ebben a h\u00e1zban fognak \u00e9lni, az aut\u00f3t, a f\u00e1kat \u00e9s b\u00e1rmi m\u00e1st, amit a fant\u00e1zi\u00e1d kital\u00e1l.<\/div>\n<div><\/div>\n<div>A j\u00e1tsz\u00f3h\u00e1z \u00f6sszecsukhat\u00f3, \u00edgy k\u00e9nyelmesen sz\u00e1ll\u00edthat\u00f3 a szabadt\u00e9ri j\u00e1t\u00e9khoz vagy a nagysz\u00fcl\u0151k megl\u00e1togat\u00e1s\u00e1hoz.<\/div>\n<div>Vonz\u00f3 dekor\u00e1ci\u00f3 a nappaliban \u00e9s k\u00fcl\u00f6n\u00f6sen a gyerekszob\u00e1ban.<\/div>\n<div><\/div>\n<div><strong>TERM\u00c9K R\u00c9SZLETEK:<\/strong><\/div>\n<div>A modell m\u00e9retei: 486*376*540 mm<\/div>\n<div>Csomagol\u00e1si m\u00e9retek: 375 x 243 x 64 mm<\/div>\n<div>Darabsz\u00e1m: 131<\/div>\n<\/div>\n<\/div>","protected":false},"excerpt":{"rendered":"<div>A f\u00e1b\u00f3l k\u00e9sz\u00fclt babah\u00e1z fejleszti a r\u00e9szletekre val\u00f3 odafigyel\u00e9st, a motorikus k\u00e9szs\u00e9geket, a szem-k\u00e9z koordin\u00e1ci\u00f3t \u00e9s a t\u00e9rben val\u00f3 t\u00e1j\u00e9koz\u00f3d\u00e1st.<\/div>\n<p>&nbsp;<\/p>","protected":false},"featured_media":820,"comment_status":"open","ping_status":"closed","template":"","meta":[],"product_brand":[],"product_cat":[73,74,76,89,90],"product_tag":[],"woo-feed-brand":[],"class_list":{"0":"post-818","1":"product","2":"type-product","3":"status-publish","4":"has-post-thumbnail","6":"product_cat-puzzle-3d","7":"product_cat-puzzle-3d-in-legno","8":"product_cat-puzzle-3d-per-bambini","9":"product_cat-puzzle-meccanici-3d-in-legno","10":"product_cat-puzzle-meccanici-per-bambini","12":"first","13":"instock","14":"shipping-taxable","15":"purchasable","16":"product-type-simple"},"_links":{"self":[{"href":"https:\/\/puzzle3d.co\/hu\/wp-json\/wp\/v2\/product\/818","targetHints":{"allow":["GET"]}}],"collection":[{"href":"https:\/\/puzzle3d.co\/hu\/wp-json\/wp\/v2\/product"}],"about":[{"href":"https:\/\/puzzle3d.co\/hu\/wp-json\/wp\/v2\/types\/product"}],"replies":[{"embeddable":true,"href":"https:\/\/puzzle3d.co\/hu\/wp-json\/wp\/v2\/comments?post=818"}],"wp:featuredmedia":[{"embeddable":true,"href":"https:\/\/puzzle3d.co\/hu\/wp-json\/wp\/v2\/media\/820"}],"wp:attachment":[{"href":"https:\/\/puzzle3d.co\/hu\/wp-json\/wp\/v2\/media?parent=818"}],"wp:term":[{"taxonomy":"product_brand","embeddable":true,"href":"https:\/\/puzzle3d.co\/hu\/wp-json\/wp\/v2\/product_brand?post=818"},{"taxonomy":"product_cat","embeddable":true,"href":"https:\/\/puzzle3d.co\/hu\/wp-json\/wp\/v2\/product_cat?post=818"},{"taxonomy":"product_tag","embeddable":true,"href":"https:\/\/puzzle3d.co\/hu\/wp-json\/wp\/v2\/product_tag?post=818"},{"taxonomy":"woo-feed-brand","embeddable":true,"href":"https:\/\/puzzle3d.co\/hu\/wp-json\/wp\/v2\/woo-feed-brand?post=818"}],"curies":[{"name":"wp","href":"https:\/\/api.w.org\/{rel}","templated":true}]}}