{"id":806,"date":"2023-01-24T13:52:59","date_gmt":"2023-01-24T13:52:59","guid":{"rendered":"https:\/\/puzzle3d.co\/product\/mower-lemn-puzzle-3d-mecanic-copy\/"},"modified":"2025-06-11T19:09:39","modified_gmt":"2025-06-11T19:09:39","slug":"mechanikus-modell-tartaly-fa","status":"publish","type":"product","link":"https:\/\/puzzle3d.co\/hu\/prodotto\/carro-armato-modello-meccanico-legno\/","title":{"rendered":"T-34-85-\u00f6s tank mechanikus fa modellje , 965 darab"},"content":{"rendered":"<div>\n<h2><strong>Tank, Tank T-34-85 mechanikus fa modell - 965 db<\/strong><\/h2>\n<\/div>\n<div>\n<div>\n<div>Tudta, hogy az els\u0151 vil\u00e1gh\u00e1bor\u00faban megjelent els\u0151 tankok m\u0171szaki probl\u00e9m\u00e1kkal k\u00fczd\u00f6ttek, p\u00e9ld\u00e1ul t\u00falmeleged\u0151 motorokkal \u00e9s man\u0151verez\u00e9si probl\u00e9m\u00e1kkal.<\/div>\n<div>A k\u00f6zel 965 darabb\u00f3l \u00e1ll\u00f3, f\u00e1b\u00f3l k\u00e9sz\u00fclt, egyetlen csepp ragaszt\u00f3 n\u00e9lk\u00fcl k\u00e9sz\u00fclt mobil tankot te magad is meg\u00e9p\u00edtheted. Forgathat\u00f3 toronnyal, mozgathat\u00f3 ny\u00edl\u00e1ssal \u00e9s forg\u00f3 kerekekkel rendelkezik.<\/div>\n<div>A T 34-85 tank az\u00e9rt j\u00f6n, hogy pr\u00f3b\u00e1ra tegye a t\u00fcrelm\u00e9t \u00e9s a figyelm\u00e9t. Ez egy olyan szellemi kih\u00edv\u00e1s, amely csak j\u00f3t tesz az agynak.<\/div>\n<div>Ha szenved\u00e9lyesen rajongsz a mechanika \u00e9s a m\u00e9rn\u00f6ki tudom\u00e1nyok\u00e9rt vagy a hadt\u00f6rt\u00e9nelem\u00e9rt, ez a modell neked val\u00f3.<\/div>\n<h3>Aj\u00e1nd\u00e9k a t\u00f6rt\u00e9nelem szerelmeseinek<\/h3>\n<div><strong>TERM\u00c9K R\u00c9SZLETEK:<\/strong><\/div>\n<div>Modell m\u00e9retei: 330*128*95 mm<\/div>\n<div>Csomag m\u00e9rete: 245*188*50 mm<\/div>\n<div>Darabsz\u00e1m: 965<\/div>\n<\/div>\n<div><\/div>\n<\/div>\n<p><script type=\"application\/ld+json\" data-app=\"seomaster\">{\n    \"@context\": \"https:\\\/\\\/schema.org\\\/\",\n    \"@type\": \"Product\",\n    \"@id\": \"https:\\\/\\\/puzzle3d.co\\\/prodotto\\\/carro-armato-modello-meccanico-legno\\\/\",\n    \"url\": \"https:\\\/\\\/puzzle3d.co\\\/prodotto\\\/carro-armato-modello-meccanico-legno\\\/\",\n    \"name\": \"Carro Armato T-34-85 modello meccanico in legno del , 965 pezzi\",\n    \"image\": \"https:\\\/\\\/puzzle3d.co\\\/wp-content\\\/uploads\\\/2023\\\/01\\\/tank3.webp\",\n    \"description\": \"Modello Carro Armato Meccanico T-34-85 in legno - 965 pezzi\",\n    \"brand\": {\n        \"@type\": \"Brand\",\n        \"name\": \"Puzzle 3D\"\n    },\n    \"aggregateRating\": {\n        \"@type\": \"aggregateRating\",\n        \"bestRating\": \"5\",\n        \"worstRating\": \"1\",\n        \"ratingCount\": \"140\",\n        \"ratingValue\": \"4.8\"\n    }\n}<\/script><\/p>","protected":false},"excerpt":{"rendered":"<p>Ha szenved\u00e9lyesen szereted a mechanik\u00e1t, a m\u00e9rn\u00f6ki tudom\u00e1nyokat vagy a hadt\u00f6rt\u00e9nelmet, akkor a T-34-85 mechanikus tank 3D puzzle neked val\u00f3. A k\u00f6zel 300 darabb\u00f3l \u00e1ll\u00f3, f\u00e1b\u00f3l k\u00e9sz\u00fclt j\u00e1t\u00e9kban egyetlen csepp ragaszt\u00f3 n\u00e9lk\u00fcl \u00e9p\u00edthetsz magadnak egy mozg\u00f3 tankot.<\/p>","protected":false},"featured_media":810,"comment_status":"open","ping_status":"closed","template":"","meta":[],"product_brand":[],"product_cat":[73,88,74,89,90,91],"product_tag":[],"woo-feed-brand":[],"class_list":{"0":"post-806","1":"product","2":"type-product","3":"status-publish","4":"has-post-thumbnail","6":"product_cat-puzzle-3d","7":"product_cat-puzzle-3d-adulti","8":"product_cat-puzzle-3d-in-legno","9":"product_cat-puzzle-meccanici-3d-in-legno","10":"product_cat-puzzle-meccanici-per-bambini","11":"product_cat-puzzle-meccanici-per-adulti","13":"first","14":"instock","15":"shipping-taxable","16":"purchasable","17":"product-type-simple"},"_links":{"self":[{"href":"https:\/\/puzzle3d.co\/hu\/wp-json\/wp\/v2\/product\/806","targetHints":{"allow":["GET"]}}],"collection":[{"href":"https:\/\/puzzle3d.co\/hu\/wp-json\/wp\/v2\/product"}],"about":[{"href":"https:\/\/puzzle3d.co\/hu\/wp-json\/wp\/v2\/types\/product"}],"replies":[{"embeddable":true,"href":"https:\/\/puzzle3d.co\/hu\/wp-json\/wp\/v2\/comments?post=806"}],"wp:featuredmedia":[{"embeddable":true,"href":"https:\/\/puzzle3d.co\/hu\/wp-json\/wp\/v2\/media\/810"}],"wp:attachment":[{"href":"https:\/\/puzzle3d.co\/hu\/wp-json\/wp\/v2\/media?parent=806"}],"wp:term":[{"taxonomy":"product_brand","embeddable":true,"href":"https:\/\/puzzle3d.co\/hu\/wp-json\/wp\/v2\/product_brand?post=806"},{"taxonomy":"product_cat","embeddable":true,"href":"https:\/\/puzzle3d.co\/hu\/wp-json\/wp\/v2\/product_cat?post=806"},{"taxonomy":"product_tag","embeddable":true,"href":"https:\/\/puzzle3d.co\/hu\/wp-json\/wp\/v2\/product_tag?post=806"},{"taxonomy":"woo-feed-brand","embeddable":true,"href":"https:\/\/puzzle3d.co\/hu\/wp-json\/wp\/v2\/woo-feed-brand?post=806"}],"curies":[{"name":"wp","href":"https:\/\/api.w.org\/{rel}","templated":true}]}}