{"id":796,"date":"2023-01-24T12:45:30","date_gmt":"2023-01-24T12:45:30","guid":{"rendered":"https:\/\/puzzle3d.co\/product\/glob-lemn-puzzle-3d-mecanic-copy\/"},"modified":"2025-06-19T03:30:45","modified_gmt":"2025-06-19T03:30:45","slug":"kombajn-mezogazdasagi-3d-mechanikus-fa-puzzle","status":"publish","type":"product","link":"https:\/\/puzzle3d.co\/hu\/prodotto\/combina-agricola-puzzle-3d-meccanico-in-legno\/","title":{"rendered":"Combina Agricola - mechanikus fa kirak\u00f3, 963 db"},"content":{"rendered":"<div>\n<p><strong>Mez\u0151gazdas\u00e1gi komb\u00e1jn - Mechanikus fa modell - 963 darab<\/strong><\/p>\n<\/div>\n<div>\n<div>\n<div>A f\u00e1b\u00f3l k\u00e9sz\u00fclt komb\u00e1jn puzzle hasonl\u00edt egy val\u00f3di komb\u00e1jnhoz. C\u00e9lja, hogy \u00fagy m\u0171k\u00f6dj\u00f6n, mint a val\u00f3di megfelel\u0151je.<\/div>\n<div>A modell gumiszalaggal ell\u00e1tott motorral \u00e9s egy levehet\u0151, fel-le mozgathat\u00f3 v\u00e1g\u00f3szerkezettel rendelkezik. Igaz\u00e1n leny\u0171g\u00f6z\u0151 nyugalomban \u00e9s mozg\u00e1sban is megcsod\u00e1lni.<\/div>\n<h2>A f\u00e9rfiak \u00e1ltal nagyra \u00e9rt\u00e9kelt aj\u00e1nd\u00e9k<\/h2>\n<div>\u00d6ssze\u00e1ll\u00edt\u00e1sa \u00f6r\u00f6m, de egyben kih\u00edv\u00e1s is. K\u00f6vesse az utas\u00edt\u00e1sokat, nem olyan bonyolult, mint gondoln\u00e1.<\/div>\n<div>Az \u00e9p\u00edtkez\u00e9s sor\u00e1n garant\u00e1ltan adrenalinadagot kap, a r\u00e9szletekre koncentr\u00e1l, de kellemesen ellazul.<\/div>\n<div><\/div>\n<div>A neh\u00e9zs\u00e9gi szint 5 az 5-b\u0151l.<\/div>\n<div><\/div>\n<div><strong>Alkalmas \u00e9letkor &gt; 14 \u00e9v<\/strong><\/div>\n<div><\/div>\n<div><strong>TERM\u00c9K R\u00c9SZLETEK:<\/strong><\/div>\n<div>Modell m\u00e9retei: 315*261*145 mm<\/div>\n<div>Csomag m\u00e9rete: 375 x 183 x 32 mm<\/div>\n<div>Darabsz\u00e1m: 963<\/div>\n<\/div>\n<div><\/div>\n<\/div>","protected":false},"excerpt":{"rendered":"<p>A f\u00e1b\u00f3l k\u00e9sz\u00fclt komb\u00e1jn puzzle hasonl\u00edt egy val\u00f3di komb\u00e1jnhoz. C\u00e9lja, hogy \u00fagy m\u0171k\u00f6dj\u00f6n, mint a val\u00f3di megfelel\u0151je. A modell gumiszalagos motorral \u00e9s egy levehet\u0151 v\u00e1g\u00f3szerkezettel rendelkezik, amely fel-le mozog.<\/p>","protected":false},"featured_media":798,"comment_status":"open","ping_status":"closed","template":"","meta":{"slim_seo":{"title":"Combina Agricola - mechanikus fa kirak\u00f3, 963 db","description":"A komb\u00e1jn arat\u00f3\/m\u0171vel\u0151d\u00e9si komb\u00e1jn fapuzzle hasonl\u00edt egy val\u00f3di komb\u00e1jnhoz. C\u00e9lja, hogy \u00fagy m\u0171k\u00f6dj\u00f6n, mint a val\u00f3di megfelel\u0151je."}},"product_brand":[],"product_cat":[108,89,91,90,73,88,74],"product_tag":[],"woo-feed-brand":[],"class_list":{"0":"post-796","1":"product","2":"type-product","3":"status-publish","4":"has-post-thumbnail","6":"product_cat-modellismo-da-costruire-per-adulti","7":"product_cat-puzzle-meccanici-3d-in-legno","8":"product_cat-puzzle-meccanici-per-adulti","9":"product_cat-puzzle-meccanici-per-bambini","10":"product_cat-puzzle-3d","11":"product_cat-puzzle-3d-adulti","12":"product_cat-puzzle-3d-in-legno","14":"first","15":"instock","16":"shipping-taxable","17":"purchasable","18":"product-type-simple"},"_links":{"self":[{"href":"https:\/\/puzzle3d.co\/hu\/wp-json\/wp\/v2\/product\/796","targetHints":{"allow":["GET"]}}],"collection":[{"href":"https:\/\/puzzle3d.co\/hu\/wp-json\/wp\/v2\/product"}],"about":[{"href":"https:\/\/puzzle3d.co\/hu\/wp-json\/wp\/v2\/types\/product"}],"replies":[{"embeddable":true,"href":"https:\/\/puzzle3d.co\/hu\/wp-json\/wp\/v2\/comments?post=796"}],"wp:featuredmedia":[{"embeddable":true,"href":"https:\/\/puzzle3d.co\/hu\/wp-json\/wp\/v2\/media\/798"}],"wp:attachment":[{"href":"https:\/\/puzzle3d.co\/hu\/wp-json\/wp\/v2\/media?parent=796"}],"wp:term":[{"taxonomy":"product_brand","embeddable":true,"href":"https:\/\/puzzle3d.co\/hu\/wp-json\/wp\/v2\/product_brand?post=796"},{"taxonomy":"product_cat","embeddable":true,"href":"https:\/\/puzzle3d.co\/hu\/wp-json\/wp\/v2\/product_cat?post=796"},{"taxonomy":"product_tag","embeddable":true,"href":"https:\/\/puzzle3d.co\/hu\/wp-json\/wp\/v2\/product_tag?post=796"},{"taxonomy":"woo-feed-brand","embeddable":true,"href":"https:\/\/puzzle3d.co\/hu\/wp-json\/wp\/v2\/woo-feed-brand?post=796"}],"curies":[{"name":"wp","href":"https:\/\/api.w.org\/{rel}","templated":true}]}}