{"id":787,"date":"2023-01-24T12:02:30","date_gmt":"2023-01-24T12:02:30","guid":{"rendered":"https:\/\/puzzle3d.co\/product\/belaz75600-puzzle-3d-mecanic-copy\/"},"modified":"2025-05-11T08:14:31","modified_gmt":"2025-05-11T08:14:31","slug":"3d-mechanikus-fa-foldgomb-puzzle-393-darab","status":"publish","type":"product","link":"https:\/\/puzzle3d.co\/hu\/prodotto\/globo-puzzle-3d-meccanico-legno-393-pezzi\/","title":{"rendered":"GLOBO 3D mechanikus fa kirak\u00f3, 393 db"},"content":{"rendered":"<div>\n<p><strong>GLOBO 3D mechanikus fa kirak\u00f3 - 393 db<\/strong><\/p>\n<\/div>\n<div>\n<div>\n<div>A f\u00e1b\u00f3l k\u00e9sz\u00fclt f\u00f6ldg\u00f6mb dekorat\u00edv \u00e9s tanuls\u00e1gos darab, amely felkelti az \u00e9rdekl\u0151d\u00e9st a vil\u00e1g megismer\u00e9se ir\u00e1nt.<\/div>\n<div>Ak\u00e1r feln\u0151tt, ak\u00e1r gyermek, lehetetlen nem leny\u0171g\u00f6zni egy f\u00f6ldg\u00f6mb\u00f6t, k\u00fcl\u00f6n\u00f6sen, ha saj\u00e1t kez\u0171leg rakod \u00f6ssze.<\/div>\n<div>T\u00f6k\u00e9letes kih\u00edv\u00e1s az agy sz\u00e1m\u00e1ra, de egyben lehet\u0151s\u00e9g a medit\u00e1ci\u00f3ra \u00e9s az elm\u00e9lked\u00e9sre is.<\/div>\n<div>A titkos doboz legal\u00e1bb annyira hasznos, mint amennyire \u00e9rdekes. Egy \u00f3ra, egy gy\u0171r\u0171, egy kulcs, egy cukorka: ki tal\u00e1lja ki, mit rejt, mit rejt?<\/div>\n<h2>Okos aj\u00e1nd\u00e9k b\u00e1rkinek<\/h2>\n<div>\u00c1ll\u00edtsd \u00f6ssze egy k\u00f6zeli bar\u00e1toddal, mik\u00f6zben besz\u00e9lgetsz vele valami l\u00e9lekkel kapcsolatos dologr\u00f3l, vagy a gyerekkel, aki elmondja neki, hogy az \u00e9let az \u0151 kez\u00e9ben van. B\u00e1tor\u00edts\u00e1tok \u0151t, hogy helyes d\u00f6nt\u00e9sek r\u00e9v\u00e9n az eg\u00e9sz f\u00f6ldet \u00e1t\u00f6lelhesse.<\/div>\n<div><\/div>\n<div><strong>TERM\u00c9K R\u00c9SZLETEK:<\/strong><\/div>\n<div>Modell m\u00e9retei: 505*320*320 mm<\/div>\n<div>Csomagol\u00e1si m\u00e9retek: 374 x 242 x 64 mm<\/div>\n<div>Darabsz\u00e1m: 393<\/div>\n<\/div>\n<\/div>","protected":false},"excerpt":{"rendered":"<p>A f\u00e1b\u00f3l k\u00e9sz\u00fclt f\u00f6ldg\u00f6mb dekorat\u00edv \u00e9s tanuls\u00e1gos darab, amely felkelti az \u00e9rdekl\u0151d\u00e9st a vil\u00e1g megismer\u00e9se ir\u00e1nt.<\/p>","protected":false},"featured_media":789,"comment_status":"open","ping_status":"closed","template":"","meta":[],"product_brand":[],"product_cat":[73,88,74,76,89,90,91],"product_tag":[],"woo-feed-brand":[],"class_list":{"0":"post-787","1":"product","2":"type-product","3":"status-publish","4":"has-post-thumbnail","6":"product_cat-puzzle-3d","7":"product_cat-puzzle-3d-adulti","8":"product_cat-puzzle-3d-in-legno","9":"product_cat-puzzle-3d-per-bambini","10":"product_cat-puzzle-meccanici-3d-in-legno","11":"product_cat-puzzle-meccanici-per-bambini","12":"product_cat-puzzle-meccanici-per-adulti","14":"first","15":"instock","16":"shipping-taxable","17":"purchasable","18":"product-type-simple"},"_links":{"self":[{"href":"https:\/\/puzzle3d.co\/hu\/wp-json\/wp\/v2\/product\/787","targetHints":{"allow":["GET"]}}],"collection":[{"href":"https:\/\/puzzle3d.co\/hu\/wp-json\/wp\/v2\/product"}],"about":[{"href":"https:\/\/puzzle3d.co\/hu\/wp-json\/wp\/v2\/types\/product"}],"replies":[{"embeddable":true,"href":"https:\/\/puzzle3d.co\/hu\/wp-json\/wp\/v2\/comments?post=787"}],"wp:featuredmedia":[{"embeddable":true,"href":"https:\/\/puzzle3d.co\/hu\/wp-json\/wp\/v2\/media\/789"}],"wp:attachment":[{"href":"https:\/\/puzzle3d.co\/hu\/wp-json\/wp\/v2\/media?parent=787"}],"wp:term":[{"taxonomy":"product_brand","embeddable":true,"href":"https:\/\/puzzle3d.co\/hu\/wp-json\/wp\/v2\/product_brand?post=787"},{"taxonomy":"product_cat","embeddable":true,"href":"https:\/\/puzzle3d.co\/hu\/wp-json\/wp\/v2\/product_cat?post=787"},{"taxonomy":"product_tag","embeddable":true,"href":"https:\/\/puzzle3d.co\/hu\/wp-json\/wp\/v2\/product_tag?post=787"},{"taxonomy":"woo-feed-brand","embeddable":true,"href":"https:\/\/puzzle3d.co\/hu\/wp-json\/wp\/v2\/woo-feed-brand?post=787"}],"curies":[{"name":"wp","href":"https:\/\/api.w.org\/{rel}","templated":true}]}}