{"id":775,"date":"2023-01-23T22:33:39","date_gmt":"2023-01-23T22:33:39","guid":{"rendered":"https:\/\/puzzle3d.co\/product\/belaz-puzzle-3d-mecanic-copy\/"},"modified":"2025-06-11T19:11:18","modified_gmt":"2025-06-11T19:11:18","slug":"belaz-3d-mechanikus-rakos-jatek","status":"publish","type":"product","link":"https:\/\/puzzle3d.co\/hu\/prodotto\/camion-gigantesco-belaz-puzzle-meccanico-3d\/","title":{"rendered":"Camion Gigantesco BELAZ 75600. Mechanikus fa modell, 307 darab"},"content":{"rendered":"<div>\n<div>\n<div><strong>BELAZ Giant Truck 75600 - 3D mechanikus fa puzzle - 307 darab - 307 darab<\/strong><\/div>\n<div><\/div>\n<div>A Belaz sorozat egyik kiemelked\u0151 modellje az\u00e9rt j\u00f6n, hogy leny\u0171g\u00f6zze \u00d6nt a konstrukci\u00f3j\u00e1val.<\/div>\n<div>A neh\u00e9z teheraut\u00f3 motorj\u00e1t gumiszalag hajtja. Az egyik<\/div>\n<div>mozg\u00e1sa sor\u00e1n t\u00f6bb m\u00e9tert is elmozdulhat (az \u00fatfel\u00fclett\u0151l f\u00fcgg\u0151en).<\/div>\n<div><\/div>\n<div>A r\u00e9szletes kialak\u00edt\u00e1s tartalmazza a val\u00f3s\u00e1gos megfelel\u0151j\u00e9nek minden elem\u00e9t. Az ajt\u00f3k \u00e9s a motorh\u00e1ztet\u0151 kiny\u00edlnak, a p\u00f3tkocsi pedig felemelkedik.<\/div>\n<h2>Aj\u00e1nd\u00e9k teheraut\u00f3 \u00e9s \u00e9p\u00edt\u0151ipari rajong\u00f3knak<\/h2>\n<div>Ez a modell alkalmas egy ambici\u00f3zus szem\u00e9lynek vagy egy olyan kirak\u00f3j\u00e1t\u00e9k-rajong\u00f3nak, aki m\u00e1r rendelkezik n\u00e9mi tapasztalattal a mechanikus kirak\u00f3kkal kapcsolatban.<\/div>\n<div>Egy kis t\u00fcrelemmel \u00e9s kitart\u00e1ssal olyan teheraut\u00f3t \u00e1ll\u00edthat \u00f6ssze, amely megragadja a l\u00e1togat\u00f3k figyelm\u00e9t \u00e9s csod\u00e1lat\u00e1t.<\/div>\n<div><\/div>\n<\/div>\n<div style=\"width: 1020px;\" class=\"wp-video\"><video class=\"wp-video-shortcode\" id=\"video-775-1\" width=\"1020\" height=\"574\" preload=\"metadata\" controls=\"controls\"><source type=\"video\/mp4\" src=\"https:\/\/puzzle3d.co\/wp-content\/uploads\/2023\/01\/BELAZ-75600-IG.mp4?_=1\" \/><a href=\"https:\/\/puzzle3d.co\/wp-content\/uploads\/2023\/01\/BELAZ-75600-IG.mp4\">https:\/\/puzzle3d.co\/wp-content\/uploads\/2023\/01\/BELAZ-75600-IG.mp4<\/a><\/video><\/div>\n<div>\n<p><strong><span style=\"color: #333333;\">TERM\u00c9K R\u00c9SZLETEK:<br \/>\n<\/span><\/strong><span style=\"color: #333333;\">Modell m\u00e9retei: 310*200*155 mm<br \/>\n<\/span><span style=\"color: #333333;\">Csomag m\u00e9rete: 374*243*40 mm<br \/>\n<\/span><span style=\"color: #333333;\">Darabsz\u00e1m: 307<\/span><\/p>\n<\/div>\n<\/div>\n<div>\n<div><\/div>\n<\/div>","protected":false},"excerpt":{"rendered":"<div>A neh\u00e9z teheraut\u00f3 motorj\u00e1t gumiszalag hajtja. A r\u00e9szletes kialak\u00edt\u00e1s tartalmazza a val\u00f3di megfelel\u0151j\u00e9nek minden elem\u00e9t. Az ajt\u00f3k \u00e9s a motorh\u00e1ztet\u0151 kiny\u00edlnak, a p\u00f3tkocsi pedig felemelkedik.<\/div>\n<p>&nbsp;<\/p>","protected":false},"featured_media":785,"comment_status":"open","ping_status":"closed","template":"","meta":[],"product_brand":[],"product_cat":[73,88,76,89,90,91],"product_tag":[],"woo-feed-brand":[],"class_list":{"0":"post-775","1":"product","2":"type-product","3":"status-publish","4":"has-post-thumbnail","6":"product_cat-puzzle-3d","7":"product_cat-puzzle-3d-adulti","8":"product_cat-puzzle-3d-per-bambini","9":"product_cat-puzzle-meccanici-3d-in-legno","10":"product_cat-puzzle-meccanici-per-bambini","11":"product_cat-puzzle-meccanici-per-adulti","13":"first","14":"instock","15":"shipping-taxable","16":"purchasable","17":"product-type-simple"},"_links":{"self":[{"href":"https:\/\/puzzle3d.co\/hu\/wp-json\/wp\/v2\/product\/775","targetHints":{"allow":["GET"]}}],"collection":[{"href":"https:\/\/puzzle3d.co\/hu\/wp-json\/wp\/v2\/product"}],"about":[{"href":"https:\/\/puzzle3d.co\/hu\/wp-json\/wp\/v2\/types\/product"}],"replies":[{"embeddable":true,"href":"https:\/\/puzzle3d.co\/hu\/wp-json\/wp\/v2\/comments?post=775"}],"wp:featuredmedia":[{"embeddable":true,"href":"https:\/\/puzzle3d.co\/hu\/wp-json\/wp\/v2\/media\/785"}],"wp:attachment":[{"href":"https:\/\/puzzle3d.co\/hu\/wp-json\/wp\/v2\/media?parent=775"}],"wp:term":[{"taxonomy":"product_brand","embeddable":true,"href":"https:\/\/puzzle3d.co\/hu\/wp-json\/wp\/v2\/product_brand?post=775"},{"taxonomy":"product_cat","embeddable":true,"href":"https:\/\/puzzle3d.co\/hu\/wp-json\/wp\/v2\/product_cat?post=775"},{"taxonomy":"product_tag","embeddable":true,"href":"https:\/\/puzzle3d.co\/hu\/wp-json\/wp\/v2\/product_tag?post=775"},{"taxonomy":"woo-feed-brand","embeddable":true,"href":"https:\/\/puzzle3d.co\/hu\/wp-json\/wp\/v2\/woo-feed-brand?post=775"}],"curies":[{"name":"wp","href":"https:\/\/api.w.org\/{rel}","templated":true}]}}