{"id":766,"date":"2023-01-23T21:53:35","date_gmt":"2023-01-23T21:53:35","guid":{"rendered":"https:\/\/puzzle3d.co\/product\/belaz-puzzle-3d-mecanic-copy\/"},"modified":"2025-06-11T19:11:26","modified_gmt":"2025-06-11T19:11:26","slug":"hokamion-3d-mechanikus-fa-puzzle","status":"publish","type":"product","link":"https:\/\/puzzle3d.co\/hu\/prodotto\/camion-della-neve-puzzle-meccanico-3d-in-legno\/","title":{"rendered":"H\u00f3kamion - mechanikus fa puzzle, 460 darab"},"content":{"rendered":"<div>\n<p><strong>H\u00f3kamion - mechanikus fa puzzle - 460 darab<\/strong><\/p>\n<div>Neh\u00e9z megmondani, mit fogsz a legjobban szeretni a h\u00f3kotr\u00f3 teheraut\u00f3ban: az \u00f6sszeszerel\u00e9s\u00e9t, a haszn\u00e1latba v\u00e9tel\u00e9t vagy egyszer\u0171en csak azt, hogy milyen fantasztikus.<\/div>\n<\/div>\n<div>\n<div>\n<div>Ez a 417 f\u00e1b\u00f3l k\u00e9sz\u00fclt puzzle-darabot tartalmaz\u00f3 teheraut\u00f3 az eg\u00e9sz csal\u00e1dot megh\u00edvja az \u00f6sszeszerel\u00e9sre.<\/div>\n<div><\/div>\n<div>Az ind\u00edt\u00e1si mechanizmus egy gumiszalagra szerelt motornak k\u00f6sz\u00f6nhet\u0151, az ajt\u00f3k ny\u00edlnak \u00e9s z\u00e1r\u00f3dnak, a bels\u0151 t\u00e9r j\u00f3l n\u00e9z ki, \u00e9s a h\u00e1ts\u00f3 l\u00e9pcs\u0151 felemelkedik. Az els\u0151 \u00e9s az oldals\u00f3 lap\u00e1tok felemelhet\u0151k vagy ak\u00e1r le is vehet\u0151k.<\/div>\n<div><\/div>\n<div>Olyan t\u00e1rgy, amely mind kar\u00e1csonykor, mind eg\u00e9sz \u00e9vben feldobja a bels\u0151\u00e9p\u00edt\u00e9szeti dekor\u00e1ci\u00f3t.<\/div>\n<div>Hagyd, hogy a k\u00e9pzeleted dikt\u00e1lja, mit fogsz vele csin\u00e1lni, vagy hogyan fog illeszkedni egy gyermeki j\u00e1t\u00e9kforgat\u00f3k\u00f6nyvbe.<\/div>\n<div><\/div>\n<div><strong>TERM\u00c9K R\u00c9SZLETEK:<\/strong><\/div>\n<div>A modell m\u00e9retei: 400*148*141 mm<\/div>\n<div>Csomag m\u00e9rete: 374*242*20 mm<\/div>\n<div>Darabsz\u00e1m: 460<\/div>\n<\/div>\n<div><\/div>\n<\/div>","protected":false},"excerpt":{"rendered":"<div>Ez a 417 f\u00e1b\u00f3l k\u00e9sz\u00fclt puzzle-darabot tartalmaz\u00f3 teheraut\u00f3 az eg\u00e9sz csal\u00e1dot megh\u00edvja az \u00f6sszeszerel\u00e9sre.<\/div>\n<div><\/div>\n<div>Az ind\u00edt\u00e1si mechanizmus egy gumiszalagra szerelt motornak k\u00f6sz\u00f6nhet\u0151, az ajt\u00f3k ny\u00edlnak \u00e9s z\u00e1r\u00f3dnak, a bels\u0151 t\u00e9r j\u00f3l n\u00e9z ki, \u00e9s a h\u00e1ts\u00f3 l\u00e9pcs\u0151 felemelkedik. Az els\u0151 \u00e9s az oldals\u00f3 lap\u00e1tok felemelhet\u0151k vagy ak\u00e1r le is vehet\u0151k.<\/div>","protected":false},"featured_media":771,"comment_status":"open","ping_status":"closed","template":"","meta":{"slim_seo":{"title":"H\u00f3kamion - 3D mechanikus fa puzzle","description":"Neh\u00e9z megmondani, mit fogsz a legjobban szeretni a h\u00f3kotr\u00f3 teheraut\u00f3ban: az \u00f6sszeszerel\u00e9s\u00e9t, a haszn\u00e1latba v\u00e9tel\u00e9t vagy egyszer\u0171en csak azt, hogy milyen fantasztikus."}},"product_brand":[],"product_cat":[108,89,91,90,73,88,74,76],"product_tag":[],"woo-feed-brand":[],"class_list":{"0":"post-766","1":"product","2":"type-product","3":"status-publish","4":"has-post-thumbnail","6":"product_cat-modellismo-da-costruire-per-adulti","7":"product_cat-puzzle-meccanici-3d-in-legno","8":"product_cat-puzzle-meccanici-per-adulti","9":"product_cat-puzzle-meccanici-per-bambini","10":"product_cat-puzzle-3d","11":"product_cat-puzzle-3d-adulti","12":"product_cat-puzzle-3d-in-legno","13":"product_cat-puzzle-3d-per-bambini","15":"first","16":"instock","17":"shipping-taxable","18":"purchasable","19":"product-type-simple"},"_links":{"self":[{"href":"https:\/\/puzzle3d.co\/hu\/wp-json\/wp\/v2\/product\/766","targetHints":{"allow":["GET"]}}],"collection":[{"href":"https:\/\/puzzle3d.co\/hu\/wp-json\/wp\/v2\/product"}],"about":[{"href":"https:\/\/puzzle3d.co\/hu\/wp-json\/wp\/v2\/types\/product"}],"replies":[{"embeddable":true,"href":"https:\/\/puzzle3d.co\/hu\/wp-json\/wp\/v2\/comments?post=766"}],"wp:featuredmedia":[{"embeddable":true,"href":"https:\/\/puzzle3d.co\/hu\/wp-json\/wp\/v2\/media\/771"}],"wp:attachment":[{"href":"https:\/\/puzzle3d.co\/hu\/wp-json\/wp\/v2\/media?parent=766"}],"wp:term":[{"taxonomy":"product_brand","embeddable":true,"href":"https:\/\/puzzle3d.co\/hu\/wp-json\/wp\/v2\/product_brand?post=766"},{"taxonomy":"product_cat","embeddable":true,"href":"https:\/\/puzzle3d.co\/hu\/wp-json\/wp\/v2\/product_cat?post=766"},{"taxonomy":"product_tag","embeddable":true,"href":"https:\/\/puzzle3d.co\/hu\/wp-json\/wp\/v2\/product_tag?post=766"},{"taxonomy":"woo-feed-brand","embeddable":true,"href":"https:\/\/puzzle3d.co\/hu\/wp-json\/wp\/v2\/woo-feed-brand?post=766"}],"curies":[{"name":"wp","href":"https:\/\/api.w.org\/{rel}","templated":true}]}}