{"id":755,"date":"2023-01-23T21:00:33","date_gmt":"2023-01-23T21:00:33","guid":{"rendered":"https:\/\/puzzle3d.co\/product\/spider-puzzle-3d-mecanic-copy\/"},"modified":"2025-06-19T18:24:56","modified_gmt":"2025-06-19T18:24:56","slug":"3d-mechanikus-fa-kirakos-teherauto","status":"publish","type":"product","link":"https:\/\/puzzle3d.co\/hu\/prodotto\/camion-puzzle-3d-meccanico-legno\/","title":{"rendered":"BELAZ teheraut\u00f3 75710 3D mechanikus fa kirak\u00f3, 453 db"},"content":{"rendered":"<div>\n<p><strong>A vil\u00e1g legnagyobb teheraut\u00f3ja Belaz 75710 - 3D-s mechanikus modell<\/strong><\/p>\n<div>A vil\u00e1g legnagyobb teheraut\u00f3ja \u00e1ll el\u0151tted! Most meg\u00e9p\u00edtheted a saj\u00e1t Belazodat a kirak\u00f3sb\u00f3l. Az adrenalin- \u00e9s dopaminadagod garant\u00e1lt.<\/div>\n<\/div>\n<div>\n<div>\n<div><\/div>\n<div><em>Mit jelent val\u00f3j\u00e1ban Belaz mechanikus rejtv\u00e9nye?<\/em><\/div>\n<div><\/div>\n<div>Ez azt jelzi, hogy v\u00e1llalhatod a valaha k\u00e9sz\u00fclt legnagyobb d\u00f6mper \u00f6sszeszerel\u00e9s\u00e9nek kih\u00edv\u00e1s\u00e1t.<\/div>\n<div>T\u00fcrelm\u00e9t \u00e9s koncentr\u00e1ci\u00f3j\u00e1t a mechanizmus elind\u00edt\u00e1sakor \u00e9rzett el\u00e9gedetts\u00e9g fogja megh\u00e1l\u00e1lni. A teheraut\u00f3 a fut\u00f3szalagnak k\u00f6sz\u00f6nhet\u0151en mozog, az ajt\u00f3k \u00e9s a motorh\u00e1ztet\u0151 kiny\u00edlnak, a p\u00f3tkocsi pedig felemelkedik.<\/div>\n<div><\/div>\n<div>Ez a modell leny\u0171g\u00f6zi a gyerekeket \u00e9s a feln\u0151tteket egyar\u00e1nt. Egy kis k\u00e9pzel\u0151er\u0151vel ak\u00e1r szem\u00e9lyre is szabhatod fest\u00e9ssel.<\/div>\n<div>Belaz a gyerekek kedvenc teheraut\u00f3ja lesz, \u00e9s k\u00fcl\u00f6nb\u00f6z\u0151 j\u00e1t\u00e9kokba is bevonhat\u00f3, csak a fant\u00e1zi\u00e1n m\u00falik.<\/div>\n<h2>Aj\u00e1nd\u00e9k teheraut\u00f3 \u00e9s \u00e9p\u00edt\u0151ipari rajong\u00f3knak<\/h2>\n<div>A feln\u0151ttek dekor\u00e1ci\u00f3s t\u00e1rgyk\u00e9nt haszn\u00e1lhatj\u00e1k otthon vagy az irod\u00e1ban.<\/div>\n<div>Ez az \u00f3ri\u00e1s val\u00f3j\u00e1ban k\u00f6r\u00fclbel\u00fcl akkora, mint egy h\u00e1romemeletes lak\u00f3h\u00e1z. Nyolc ker\u00e9kkel van felszerelve, \u00e9s minden egyes gumiabroncs \u00e1tm\u00e9r\u0151je k\u00f6r\u00fclbel\u00fcl 4 m\u00e9ter.<\/div>\n<div>Nem fogsz vele tal\u00e1lkozni a v\u00e1rosban. Amikor el kell vinni arra a helyre, ahol dolgozni fog, sz\u00e9tszedik \u00e9s 25 vagonban sz\u00e1ll\u00edtj\u00e1k.<\/div>\n<div>P\u00f3tkocsija pontosan 400 Dacia Logan szem\u00e9lyg\u00e9pkocsit vagy a vil\u00e1g legnagyobb utassz\u00e1ll\u00edt\u00f3 rep\u00fcl\u0151g\u00e9p\u00e9t, az Airbus A380-ast k\u00e9pes befogadni.<\/div>\n<div><\/div>\n<div><strong>TERM\u00c9K R\u00c9SZLETEK:<\/strong><\/div>\n<div>Modell m\u00e9retei: 435*210*175 mm<\/div>\n<div>Csomagol\u00e1si m\u00e9retek: 375 x 243 x 62 mm<\/div>\n<div>Darabsz\u00e1m: 453<\/div>\n<\/div>\n<div><\/div>\n<\/div>","protected":false},"excerpt":{"rendered":"<p>A vil\u00e1g legnagyobb teheraut\u00f3ja \u00e1ll el\u0151tted! Most meg\u00e9p\u00edtheted a saj\u00e1t Belazodat a kirak\u00f3sb\u00f3l. A teheraut\u00f3 a fut\u00f3szalagnak k\u00f6sz\u00f6nhet\u0151en mozog, az ajt\u00f3k \u00e9s a motorh\u00e1ztet\u0151 kiny\u00edlnak, a p\u00f3tkocsi pedig felemelkedik.<\/p>","protected":false},"featured_media":759,"comment_status":"open","ping_status":"closed","template":"","meta":{"slim_seo":{"title":"\ud83d\ude9a BELAZ teheraut\u00f3 3D mechanikus fa puzzle, 453 db","description":"A vil\u00e1g legnagyobb teheraut\u00f3ja - A vil\u00e1g legnagyobb teheraut\u00f3ja \u00e1ll el\u0151tted! Most meg\u00e9p\u00edtheted a saj\u00e1t Belazodat a kirak\u00f3sb\u00f3l."}},"product_brand":[],"product_cat":[89,91,90,73,88,74,76],"product_tag":[],"woo-feed-brand":[],"class_list":{"0":"post-755","1":"product","2":"type-product","3":"status-publish","4":"has-post-thumbnail","6":"product_cat-puzzle-meccanici-3d-in-legno","7":"product_cat-puzzle-meccanici-per-adulti","8":"product_cat-puzzle-meccanici-per-bambini","9":"product_cat-puzzle-3d","10":"product_cat-puzzle-3d-adulti","11":"product_cat-puzzle-3d-in-legno","12":"product_cat-puzzle-3d-per-bambini","14":"first","15":"instock","16":"shipping-taxable","17":"purchasable","18":"product-type-simple"},"_links":{"self":[{"href":"https:\/\/puzzle3d.co\/hu\/wp-json\/wp\/v2\/product\/755","targetHints":{"allow":["GET"]}}],"collection":[{"href":"https:\/\/puzzle3d.co\/hu\/wp-json\/wp\/v2\/product"}],"about":[{"href":"https:\/\/puzzle3d.co\/hu\/wp-json\/wp\/v2\/types\/product"}],"replies":[{"embeddable":true,"href":"https:\/\/puzzle3d.co\/hu\/wp-json\/wp\/v2\/comments?post=755"}],"wp:featuredmedia":[{"embeddable":true,"href":"https:\/\/puzzle3d.co\/hu\/wp-json\/wp\/v2\/media\/759"}],"wp:attachment":[{"href":"https:\/\/puzzle3d.co\/hu\/wp-json\/wp\/v2\/media?parent=755"}],"wp:term":[{"taxonomy":"product_brand","embeddable":true,"href":"https:\/\/puzzle3d.co\/hu\/wp-json\/wp\/v2\/product_brand?post=755"},{"taxonomy":"product_cat","embeddable":true,"href":"https:\/\/puzzle3d.co\/hu\/wp-json\/wp\/v2\/product_cat?post=755"},{"taxonomy":"product_tag","embeddable":true,"href":"https:\/\/puzzle3d.co\/hu\/wp-json\/wp\/v2\/product_tag?post=755"},{"taxonomy":"woo-feed-brand","embeddable":true,"href":"https:\/\/puzzle3d.co\/hu\/wp-json\/wp\/v2\/woo-feed-brand?post=755"}],"curies":[{"name":"wp","href":"https:\/\/api.w.org\/{rel}","templated":true}]}}