{"id":743,"date":"2023-01-23T19:29:00","date_gmt":"2023-01-23T19:29:00","guid":{"rendered":"https:\/\/puzzle3d.co\/product\/puppy-puzzle-3d-mecanic-copy\/"},"modified":"2025-06-11T18:59:50","modified_gmt":"2025-06-11T18:59:50","slug":"pok-pok-3d-mechanikus-fa-puzzle","status":"publish","type":"product","link":"https:\/\/puzzle3d.co\/hu\/prodotto\/ragno-spider-puzzle-3d-meccanico-legno\/","title":{"rendered":"P\u00f3k 'SPIDER' - Mechanikus fa kirak\u00f3, 293 db"},"content":{"rendered":"<div>\n<div>\n<div><strong>P\u00f3k 'SPIDER' - 3D mechanikus fa kirak\u00f3 - 293 db<\/strong><\/div>\n<div><\/div>\n<div>Ennek az aranyos p\u00f3knak az \u00f6sszeszerel\u00e9se azt jelzi, hogy b\u00e1tor \u00e9s kitart\u00f3 vagy.<\/div>\n<div><\/div>\n<div>A gumimotornak k\u00f6sz\u00f6nhet\u0151en a p\u00f3k olyan kecsesen mozog, mint az igazi.<\/div>\n<div><\/div>\n<div>Ezzel feldobhatsz egy partit, meg\u00fcnnepelheted a Halloweent, vagy meg\u00f6rvendeztethetsz valakit, aki szereti a p\u00f3kokat.<\/div>\n<div>Izgalmas \u00f6sszeszerelni, n\u00e9zni, ahogy mozog, vagy egyszer\u0171en csak \u00f6sszegy\u0171jteni.<\/div>\n<div>Tartsa szem el\u0151tt, mert mindenki r\u00e9szletesen meg akarja majd csod\u00e1lni \u00e9s bekapcsolni.<\/div>\n<\/div>\n<div style=\"width: 1020px;\" class=\"wp-video\"><video class=\"wp-video-shortcode\" id=\"video-743-1\" width=\"1020\" height=\"574\" preload=\"metadata\" controls=\"controls\"><source type=\"video\/mp4\" src=\"https:\/\/puzzle3d.co\/wp-content\/uploads\/2023\/01\/Spider.mp4?_=1\" \/><a href=\"https:\/\/puzzle3d.co\/wp-content\/uploads\/2023\/01\/Spider.mp4\">https:\/\/puzzle3d.co\/wp-content\/uploads\/2023\/01\/Spider.mp4<\/a><\/video><\/div>\n<div>\n<p><span style=\"color: #333333;\"><strong>TERM\u00c9K R\u00c9SZLETEK:<\/strong><br \/>\n<\/span><span style=\"color: #333333;\">Modell m\u00e9retei: 240*350*100 mm<br \/>\n<\/span><span style=\"color: #333333;\">Csomagol\u00e1si m\u00e9retek: 245*188*24 mm<br \/>\n<\/span><span style=\"color: #333333;\">Darabsz\u00e1m: 293<\/span><\/p>\n<\/div>\n<\/div>\n<div>\n<div><\/div>\n<\/div>","protected":false},"excerpt":{"rendered":"<p>Ez a p\u00f3k: ennek az aranyos p\u00f3knak az \u00f6sszeszerel\u00e9se azt jelzi, hogy b\u00e1tor \u00e9s kitart\u00f3 vagy.<br \/>\nA gumimotornak k\u00f6sz\u00f6nhet\u0151en a p\u00f3k olyan kecsesen mozog, mint az igazi.<\/p>","protected":false},"featured_media":750,"comment_status":"open","ping_status":"closed","template":"","meta":{"slim_seo":{"title":"\ud83d\udd77 P\u00f3k 'SPIDER' - Mechanikus fa kirak\u00f3, 293 db","description":"\ud83d\udd78 Ennek az aranyos p\u00f3knak az \u00f6sszeszerel\u00e9se azt mutatja, hogy b\u00e1tor \u00e9s kem\u00e9ny vagy. A gumimotornak k\u00f6sz\u00f6nhet\u0151en a p\u00f3k olyan kecsesen mozog, mint az igazi."}},"product_brand":[],"product_cat":[89,91,90,73,88,74,76],"product_tag":[],"woo-feed-brand":[],"class_list":{"0":"post-743","1":"product","2":"type-product","3":"status-publish","4":"has-post-thumbnail","6":"product_cat-puzzle-meccanici-3d-in-legno","7":"product_cat-puzzle-meccanici-per-adulti","8":"product_cat-puzzle-meccanici-per-bambini","9":"product_cat-puzzle-3d","10":"product_cat-puzzle-3d-adulti","11":"product_cat-puzzle-3d-in-legno","12":"product_cat-puzzle-3d-per-bambini","14":"first","15":"instock","16":"shipping-taxable","17":"purchasable","18":"product-type-simple"},"_links":{"self":[{"href":"https:\/\/puzzle3d.co\/hu\/wp-json\/wp\/v2\/product\/743","targetHints":{"allow":["GET"]}}],"collection":[{"href":"https:\/\/puzzle3d.co\/hu\/wp-json\/wp\/v2\/product"}],"about":[{"href":"https:\/\/puzzle3d.co\/hu\/wp-json\/wp\/v2\/types\/product"}],"replies":[{"embeddable":true,"href":"https:\/\/puzzle3d.co\/hu\/wp-json\/wp\/v2\/comments?post=743"}],"wp:featuredmedia":[{"embeddable":true,"href":"https:\/\/puzzle3d.co\/hu\/wp-json\/wp\/v2\/media\/750"}],"wp:attachment":[{"href":"https:\/\/puzzle3d.co\/hu\/wp-json\/wp\/v2\/media?parent=743"}],"wp:term":[{"taxonomy":"product_brand","embeddable":true,"href":"https:\/\/puzzle3d.co\/hu\/wp-json\/wp\/v2\/product_brand?post=743"},{"taxonomy":"product_cat","embeddable":true,"href":"https:\/\/puzzle3d.co\/hu\/wp-json\/wp\/v2\/product_cat?post=743"},{"taxonomy":"product_tag","embeddable":true,"href":"https:\/\/puzzle3d.co\/hu\/wp-json\/wp\/v2\/product_tag?post=743"},{"taxonomy":"woo-feed-brand","embeddable":true,"href":"https:\/\/puzzle3d.co\/hu\/wp-json\/wp\/v2\/woo-feed-brand?post=743"}],"curies":[{"name":"wp","href":"https:\/\/api.w.org\/{rel}","templated":true}]}}