{"id":731,"date":"2023-01-23T17:25:32","date_gmt":"2023-01-23T17:25:32","guid":{"rendered":"https:\/\/puzzle3d.co\/product\/autospeciala-de-pompieri-copy\/"},"modified":"2025-06-19T18:25:58","modified_gmt":"2025-06-19T18:25:58","slug":"3d-mechanikus-kiskutya-puzzle-246-darab","status":"publish","type":"product","link":"https:\/\/puzzle3d.co\/hu\/prodotto\/cucciolo-puzzle-3d-meccanico-246-pezzi\/","title":{"rendered":"PUPPY kiskutya - mechanikus fa kirak\u00f3, 246 db"},"content":{"rendered":"<div><strong>PUPPY\" kiskutya - 3D mechanikus fa puzzle\/modell - 246 darab - \u00f6sszeszerelhet\u0151 - 246 darab<\/strong><\/div>\n<div><\/div>\n<div>Ez a 3D-s mechanikus fa moello Puppy, a h\u0171s\u00e9ges bar\u00e1tod. Felejthetetlen lesz az a kaland, amelynek sor\u00e1n 246 darabb\u00f3l \u00f6sszerakod.<\/div>\n<div>K\u00f6vesse az utas\u00edt\u00e1sokat, \u00e9s sorban szerelje \u00f6ssze a f\u00fcleket, a mancsokat \u00e9s a farkat. A tervez\u0151k nagyon alaposan \u00e1tgondolt\u00e1k, hogyan \u00e9p\u00edts\u00e9k fel \u00fagy, hogy minden \u00edz\u00fclet \u00e9s mozdulat hasonl\u00edtson egy igazi kutya\u00e9hoz.<\/div>\n<div><\/div>\n<div>Lefestheted vagy meghagyhatod a fa sz\u00edn\u00e9t, h\u00edvhatod Puppynak vagy adhatsz neki m\u00e1s nevet. Szabadon gondoskodhatsz r\u00f3la, \u00e9s \u00fagy szeretheted, mint egy igazi h\u00e1zi\u00e1llatot.<\/div>\n<div><\/div>\n<h2>Aj\u00e1nd\u00e9k \u00e1llatbar\u00e1toknak<\/h2>\n<div>\u00d6r\u00f6m \u00f6sszerakni egy puzzle-t, amelyb\u0151l egy ilyen aranyos kiskutya lesz. \u00cdgy ha olyan gyereknek vagy feln\u0151ttnek szeretne aj\u00e1nd\u00e9kot adni, aki szereti a kuty\u00e1kat, m\u00e1r tudja, mi lenne megfelel\u0151.<\/div>\n<div><\/div>\n<div><strong>TERM\u00c9K R\u00c9SZLETEK:<\/strong><\/div>\n<div>Modell m\u00e9retei: 285*175*95 mm<\/div>\n<div>Csomag m\u00e9rete: 245*188*30 mm<\/div>\n<div>Darabsz\u00e1m: 246<\/div>","protected":false},"excerpt":{"rendered":"<p>\u0150 itt Puppy, a h\u0171s\u00e9ges bar\u00e1tod. A tervez\u0151k nagyon alaposan \u00e1tgondolt\u00e1k, hogyan \u00e9p\u00edts\u00e9k fel, hogy minden \u00edz\u00fclete \u00e9s mozg\u00e1sa egy igazi kuty\u00e1\u00e9hoz hasonl\u00edtson.<\/p>","protected":false},"featured_media":737,"comment_status":"open","ping_status":"closed","template":"","meta":{"slim_seo":{"title":"\ud83d\udc36 PUPPY kiskutya - mechanikus fa puzzle, 246 db","description":"Ez itt Puppy Puppy, a h\u0171s\u00e9ges bar\u00e1tod. A tervez\u0151k nagyon alaposan \u00e1tgondolt\u00e1k, hogyan \u00e9p\u00edts\u00e9k fel \u00fagy, hogy minden \u00edz\u00fclete \u00e9s mozg\u00e1sa hasonl\u00edtson egy igazi kuty\u00e1\u00e9hoz."}},"product_brand":[],"product_cat":[89,91,90,73,88,74,76],"product_tag":[],"woo-feed-brand":[],"class_list":{"0":"post-731","1":"product","2":"type-product","3":"status-publish","4":"has-post-thumbnail","6":"product_cat-puzzle-meccanici-3d-in-legno","7":"product_cat-puzzle-meccanici-per-adulti","8":"product_cat-puzzle-meccanici-per-bambini","9":"product_cat-puzzle-3d","10":"product_cat-puzzle-3d-adulti","11":"product_cat-puzzle-3d-in-legno","12":"product_cat-puzzle-3d-per-bambini","14":"first","15":"instock","16":"shipping-taxable","17":"purchasable","18":"product-type-simple"},"_links":{"self":[{"href":"https:\/\/puzzle3d.co\/hu\/wp-json\/wp\/v2\/product\/731","targetHints":{"allow":["GET"]}}],"collection":[{"href":"https:\/\/puzzle3d.co\/hu\/wp-json\/wp\/v2\/product"}],"about":[{"href":"https:\/\/puzzle3d.co\/hu\/wp-json\/wp\/v2\/types\/product"}],"replies":[{"embeddable":true,"href":"https:\/\/puzzle3d.co\/hu\/wp-json\/wp\/v2\/comments?post=731"}],"wp:featuredmedia":[{"embeddable":true,"href":"https:\/\/puzzle3d.co\/hu\/wp-json\/wp\/v2\/media\/737"}],"wp:attachment":[{"href":"https:\/\/puzzle3d.co\/hu\/wp-json\/wp\/v2\/media?parent=731"}],"wp:term":[{"taxonomy":"product_brand","embeddable":true,"href":"https:\/\/puzzle3d.co\/hu\/wp-json\/wp\/v2\/product_brand?post=731"},{"taxonomy":"product_cat","embeddable":true,"href":"https:\/\/puzzle3d.co\/hu\/wp-json\/wp\/v2\/product_cat?post=731"},{"taxonomy":"product_tag","embeddable":true,"href":"https:\/\/puzzle3d.co\/hu\/wp-json\/wp\/v2\/product_tag?post=731"},{"taxonomy":"woo-feed-brand","embeddable":true,"href":"https:\/\/puzzle3d.co\/hu\/wp-json\/wp\/v2\/woo-feed-brand?post=731"}],"curies":[{"name":"wp","href":"https:\/\/api.w.org\/{rel}","templated":true}]}}