{"id":694,"date":"2023-01-23T14:19:26","date_gmt":"2023-01-23T14:19:26","guid":{"rendered":"https:\/\/puzzle3d.co\/product\/black-cat-copy\/"},"modified":"2025-06-11T19:12:00","modified_gmt":"2025-06-11T19:12:00","slug":"3d-mechanikus-fa-teknos-puzzle","status":"publish","type":"product","link":"https:\/\/puzzle3d.co\/hu\/prodotto\/tartaruga-puzzle-meccanico-3d-in-legno\/","title":{"rendered":"Tekn\u0151c - 3D mechanikus fa puzzle, 269 darab"},"content":{"rendered":"<div>\n<p><em><strong>Tekn\u0151c - 3D mechanikus fa puzzle, 269 darab<\/strong><\/em><\/p>\n<\/div>\n<div>\n<div>\n<div>Mit tudsz a tekn\u0151sr\u0151l?<\/div>\n<div><\/div>\n<div>Ez az egyik leg\u0151sibb \u00e9s legprimit\u00edvebb h\u00fcll\u0151, amely b\u00e1rmilyen \u00e9ghajlatot elvisel. Nem csak az Antarktiszon tal\u00e1lhat\u00f3 meg. \u00dajabban sokan annyira megszerett\u00e9k, hogy h\u00e1zi\u00e1llatk\u00e9nt fogadt\u00e1k \u00f6r\u00f6kbe.<\/div>\n<div><\/div>\n<div>Az \u00f6sszeszerel\u00e9s sor\u00e1n a b\u00e9ke \u00e9s a nyugalom \u00e1llapot\u00e1t tapasztalhatja meg, amely alkalmas az elemek felt\u00f6lt\u00e9s\u00e9re.<\/div>\n<div><\/div>\n<div>V\u00e9g\u00fcl ind\u00edtsd el a mechanizmust, \u00e9s a b\u00e9ka megmozdul, jobbra-balra ford\u00edtja a fej\u00e9t, \u00e9s szeretettel n\u00e9z r\u00e1d.<\/div>\n<div>Annyira sz\u00e9p, hogy neh\u00e9z lesz eld\u00f6nteni, hogy hagyja-e a fa \u00e1rny\u00e9k\u00e1ban, vagy fesse le.<\/div>\n<h2>Aj\u00e1nd\u00e9k \u00e1llatbar\u00e1toknak<\/h2>\n<div><strong>TERM\u00c9K R\u00c9SZLETEK:<\/strong><\/div>\n<div>Modell m\u00e9retei: 223*165*116 mm<\/div>\n<div>Csomag m\u00e9rete: 245*188*30<\/div>\n<div>Darabsz\u00e1m: 269<\/div>\n<\/div>\n<\/div>","protected":false},"excerpt":{"rendered":"<div>\n<div>Tekn\u0151s - 3D mechanikus puzzle<\/div>\n<div><\/div>\n<div>K\u00f6nnyen \u00f6sszeszerelhet\u0151 \u00e9s sz\u00f3rakoztat\u00f3 j\u00e1tszani vele! \u00c9s v\u00e9g\u00fcl ind\u00edtsd el a mechanizmust, \u00e9s a b\u00e9ka mozogni fog, jobbra-balra ford\u00edtja a fej\u00e9t, \u00e9s szeretettel n\u00e9z r\u00e1d.<\/div>\n<\/div>\n<p>&nbsp;<\/p>","protected":false},"featured_media":687,"comment_status":"open","ping_status":"closed","template":"","meta":{"slim_seo":{"title":"\ud83d\udc22 Tekn\u0151c - 3D mechanikus fa puzzle, 269 db","description":"Tekn\u0151s - 3D mechanikus fa puzzle. Kapcsold be a mechanik\u00e1t, \u00e9s a b\u00e9ka megmozdul, jobbra-balra ford\u00edtja a fej\u00e9t, \u00e9s szeretettel n\u00e9z r\u00e1d."}},"product_brand":[],"product_cat":[89,91,90,73,76],"product_tag":[],"woo-feed-brand":[],"class_list":{"0":"post-694","1":"product","2":"type-product","3":"status-publish","4":"has-post-thumbnail","6":"product_cat-puzzle-meccanici-3d-in-legno","7":"product_cat-puzzle-meccanici-per-adulti","8":"product_cat-puzzle-meccanici-per-bambini","9":"product_cat-puzzle-3d","10":"product_cat-puzzle-3d-per-bambini","12":"first","13":"instock","14":"shipping-taxable","15":"purchasable","16":"product-type-simple"},"_links":{"self":[{"href":"https:\/\/puzzle3d.co\/hu\/wp-json\/wp\/v2\/product\/694","targetHints":{"allow":["GET"]}}],"collection":[{"href":"https:\/\/puzzle3d.co\/hu\/wp-json\/wp\/v2\/product"}],"about":[{"href":"https:\/\/puzzle3d.co\/hu\/wp-json\/wp\/v2\/types\/product"}],"replies":[{"embeddable":true,"href":"https:\/\/puzzle3d.co\/hu\/wp-json\/wp\/v2\/comments?post=694"}],"wp:featuredmedia":[{"embeddable":true,"href":"https:\/\/puzzle3d.co\/hu\/wp-json\/wp\/v2\/media\/687"}],"wp:attachment":[{"href":"https:\/\/puzzle3d.co\/hu\/wp-json\/wp\/v2\/media?parent=694"}],"wp:term":[{"taxonomy":"product_brand","embeddable":true,"href":"https:\/\/puzzle3d.co\/hu\/wp-json\/wp\/v2\/product_brand?post=694"},{"taxonomy":"product_cat","embeddable":true,"href":"https:\/\/puzzle3d.co\/hu\/wp-json\/wp\/v2\/product_cat?post=694"},{"taxonomy":"product_tag","embeddable":true,"href":"https:\/\/puzzle3d.co\/hu\/wp-json\/wp\/v2\/product_tag?post=694"},{"taxonomy":"woo-feed-brand","embeddable":true,"href":"https:\/\/puzzle3d.co\/hu\/wp-json\/wp\/v2\/woo-feed-brand?post=694"}],"curies":[{"name":"wp","href":"https:\/\/api.w.org\/{rel}","templated":true}]}}