{"id":588,"date":"2023-01-18T23:04:09","date_gmt":"2023-01-18T23:04:09","guid":{"rendered":"https:\/\/puzzle3d.co\/?post_type=product&#038;p=588"},"modified":"2025-05-11T08:12:38","modified_gmt":"2025-05-11T08:12:38","slug":"3d-fa-puzzle-mechanikus-fa","status":"publish","type":"product","link":"https:\/\/puzzle3d.co\/hu\/prodotto\/aereo-puzzle-meccanico-3d-in-legno\/","title":{"rendered":"AEREO &#8211; Puzzle Mechanikus 3D fa &#8211; 346 darab"},"content":{"rendered":"<div><strong>AIRCRAFT - 3D mechanikus fa kirak\u00f3, 346 db<\/strong><\/div>\n<div><\/div>\n<div>A rep\u00fcl\u00e9s, a technol\u00f3gia, a sebess\u00e9g, a robotika minden rajong\u00f3ja egyet fog \u00e9rteni a kijelent\u00e9ssel: \"Ez a rep\u00fcl\u0151g\u00e9p t\u00e9nyleg csod\u00e1latos!\"<\/div>\n<div><\/div>\n<div>\u00d6sszepakolt\u00e1l m\u00e1r? Csomagolj be egy j\u00f3 adag k\u00e1v\u00e9babot, mert az \u00fat hossz\u00fa. A fed\u00e9lzeten 346 puzzle-darabbal indulunk, \u00e9s mindegyik f\u00e1b\u00f3l k\u00e9sz\u00fclt. Ha egy tubus ragaszt\u00f3t viszel magaddal, megb\u00fcntetnek. De nem is lesz r\u00e1 sz\u00fcks\u00e9ged. Ugyanis minden alkatr\u00e9sz olyan t\u00f6k\u00e9letes, hogy t\u00f6k\u00e9letesen illeszkedik egym\u00e1shoz \u00e9s stabilan \u00e1ll. A gumiszalagos motornak k\u00f6sz\u00f6nhet\u0151en \u00e9lvezni fogod az utaz\u00e1st.<\/div>\n<div><\/div>\n<div>Kit h\u00edvsz meg magaddal? Nincs olyan koroszt\u00e1ly vagy nem, amely ne tudn\u00e1 figyelmen k\u00edv\u00fcl hagyni a mechanikus kirak\u00f3s rep\u00fcl\u0151g\u00e9p \u00e9p\u00edt\u00e9s\u00e9t. Annyi adrenalint gener\u00e1l, hogy le\u00fclsz \u00e9s elgondolkodsz, mi a jobb: az, hogy t\u00f6bb sz\u00e1z alkatr\u00e9sz \u00e9s t\u00f6bb \u00f3r\u00e1nyi munka \u00e1ll el\u0151tted, vagy a rep\u00fcl\u0151g\u00e9p mozg\u00e1sban \u00e9s a m\u00f6g\u00f6tte l\u00e9v\u0151 egyed\u00fcl\u00e1ll\u00f3 \u00e9lm\u00e9ny.<\/div>\n<div><\/div>\n<div>Val\u00f3sz\u00edn\u0171leg k\u00edv\u00e1ncsi vagy, hogy h\u00e1ny \u00f3ra munka sz\u00fcks\u00e9ges 346 alkatr\u00e9sz \u00f6sszeszerel\u00e9s\u00e9hez. A leg\u00e9rdekesebb dolog az, hogy senki sem tudja. Ez sok t\u00e9nyez\u0151t\u0151l f\u00fcgg: h\u00e1ny t\u00e1rsad van veled, a te \u00e9s az \u0151 tapasztalatod a rejtv\u00e9nyek, k\u00fcl\u00f6n\u00f6sen a mechanika ter\u00e9n, milyen gyakran tartasz sz\u00fcnetet, \u00e9s mennyi ideig tart. Egyet azonban tudunk: ne siessetek bele min\u00e9l gyorsabban. 'Ny\u00fajtsd' az \u00f6r\u00f6m\u00f6t, mert m\u00e9g eljutsz addig a pillanatig, amikor beind\u00edtod a motort.<\/div>\n<div><\/div>\n<div>A szerkeszt\u00e9s sor\u00e1n \u00e9szre fogod venni, milyen j\u00f3 \u00e9rz\u00e9s koncentr\u00e1lni, megkeresni egy olyan darabot, amir\u0151l \u00fagy \u00e9rzed, hogy m\u00e1r nem tal\u00e1lod, annyira, hogy a kezed alatt van. N\u00e9h\u00e1ny j\u00f3 \u00f3r\u00e1nyi koncentr\u00e1ci\u00f3 hat\u00e1s\u00e1ra az agyad mindk\u00e9t agyf\u00e9ltek\u00e9ddel egyszerre fog dolgozni. \u00c9lvezni fogod az ellazul\u00e1s \u00e9rz\u00e9s\u00e9t, \u00e9s ez egy j\u00f3 alkalom lesz a medit\u00e1ci\u00f3ra.<\/div>\n<div><\/div>\n<div>A mechanikus rep\u00fcl\u0151g\u00e9p minden puzzle-rajong\u00f3 sz\u00e1m\u00e1ra \u00f6r\u00f6m, de azoknak is, akik elhanyagolt\u00e1k ezt a sok el\u0151nnyel j\u00e1r\u00f3 hobbit. \u00d6r\u00f6m\u00f6t szerezhet egy gyermeknek, egy feln\u0151ttnek \u00e9s m\u00e9g egy id\u0151s embernek is, aki alig v\u00e1rja, hogy az unok\u00e1it h\u00edvja, miel\u0151tt kibogozza a darabokat. Nem csak a kisebb gyerekek sz\u00e1m\u00e1ra alkalmas, de 4 \u00e9ves kort\u00f3l \u0151k is megb\u00edzhat\u00f3 partnerekk\u00e9 v\u00e1lhatnak a rep\u00fcl\u0151g\u00e9pek \u00f6ssze\u00e1ll\u00edt\u00e1s\u00e1ban.<\/div>\n<div><\/div>\n<div>\u00c9s innen m\u00e1r nem sok dolga marad egy tapasztalt pil\u00f3t\u00e1nak...<\/div>\n<div><\/div>\n<div><strong>TERM\u00c9K R\u00c9SZLETEK:<\/strong><\/div>\n<div>Modell m\u00e9retei: 420*287*154 mm<\/div>\n<div>Csomag m\u00e9rete: 245*188*38 mm<\/div>\n<div>Darabsz\u00e1m: 346<\/div>\n<div>\u00d6sszeszerel\u00e9s ragaszt\u00f3 n\u00e9lk\u00fcl.<\/div>","protected":false},"excerpt":{"rendered":"<p>K\u00e9szen \u00e1llsz a rep\u00fcl\u00e9sre?<br \/>\nA mechanikus rep\u00fcl\u0151g\u00e9p a rep\u00fcl\u00e9s, a rep\u00fcl\u0151g\u00e9pek \u00e9s mindenekel\u0151tt a rejtv\u00e9nyek minden rajong\u00f3j\u00e1nak \u00f6r\u00f6met okoz. Szeretn\u00e9l saj\u00e1t rep\u00fcl\u0151t? Tudd meg, hogy ez egyszer\u0171bb, mint ahogyan elk\u00e9pzelted.<br \/>\nA 346 puzzle-darabk\u00e1val a fed\u00e9lzeten megmutatja, hogy kitart\u00e1ssal \u00e9s t\u00fcrelemmel el lehet \u00e9rni a magass\u00e1gokat. Az elk\u00e9sz\u00edt\u00e9se igazi agyi kih\u00edv\u00e1s, amely dopamint szintetiz\u00e1l, \u00e9s mind a folyamatot, mind a v\u00e9gterm\u00e9ket \u00e9lvezni fogja.<\/p>","protected":false},"featured_media":592,"comment_status":"open","ping_status":"closed","template":"","meta":[],"product_brand":[],"product_cat":[73,88,74,76,89,91],"product_tag":[],"woo-feed-brand":[],"class_list":{"0":"post-588","1":"product","2":"type-product","3":"status-publish","4":"has-post-thumbnail","6":"product_cat-puzzle-3d","7":"product_cat-puzzle-3d-adulti","8":"product_cat-puzzle-3d-in-legno","9":"product_cat-puzzle-3d-per-bambini","10":"product_cat-puzzle-meccanici-3d-in-legno","11":"product_cat-puzzle-meccanici-per-adulti","13":"first","14":"instock","15":"shipping-taxable","16":"purchasable","17":"product-type-simple"},"_links":{"self":[{"href":"https:\/\/puzzle3d.co\/hu\/wp-json\/wp\/v2\/product\/588","targetHints":{"allow":["GET"]}}],"collection":[{"href":"https:\/\/puzzle3d.co\/hu\/wp-json\/wp\/v2\/product"}],"about":[{"href":"https:\/\/puzzle3d.co\/hu\/wp-json\/wp\/v2\/types\/product"}],"replies":[{"embeddable":true,"href":"https:\/\/puzzle3d.co\/hu\/wp-json\/wp\/v2\/comments?post=588"}],"wp:featuredmedia":[{"embeddable":true,"href":"https:\/\/puzzle3d.co\/hu\/wp-json\/wp\/v2\/media\/592"}],"wp:attachment":[{"href":"https:\/\/puzzle3d.co\/hu\/wp-json\/wp\/v2\/media?parent=588"}],"wp:term":[{"taxonomy":"product_brand","embeddable":true,"href":"https:\/\/puzzle3d.co\/hu\/wp-json\/wp\/v2\/product_brand?post=588"},{"taxonomy":"product_cat","embeddable":true,"href":"https:\/\/puzzle3d.co\/hu\/wp-json\/wp\/v2\/product_cat?post=588"},{"taxonomy":"product_tag","embeddable":true,"href":"https:\/\/puzzle3d.co\/hu\/wp-json\/wp\/v2\/product_tag?post=588"},{"taxonomy":"woo-feed-brand","embeddable":true,"href":"https:\/\/puzzle3d.co\/hu\/wp-json\/wp\/v2\/woo-feed-brand?post=588"}],"curies":[{"name":"wp","href":"https:\/\/api.w.org\/{rel}","templated":true}]}}