{"id":553,"date":"2023-01-18T11:36:30","date_gmt":"2023-01-18T11:36:30","guid":{"rendered":"https:\/\/puzzle3d.co\/?post_type=product&#038;p=553"},"modified":"2025-05-11T08:10:21","modified_gmt":"2025-05-11T08:10:21","slug":"fabol-keszult-vilagterkep-puzzle-127-darab","status":"publish","type":"product","link":"https:\/\/puzzle3d.co\/hu\/prodotto\/puzzle-in-legno-mappa-del-mondo-127-pezzi\/","title":{"rendered":"F\u00e1b\u00f3l k\u00e9sz\u00fclt fali planiszf\u00e9ra 'Smoky Dreams' 127 db, L\/M\/S"},"content":{"rendered":"<div><strong>F\u00e1b\u00f3l k\u00e9sz\u00fclt fali planiszf\u00e9ra 'Smoky Dreams' 127 darab<\/strong><\/div>\n<div><\/div>\n<div>H\u00e1romr\u00e9teg\u0171 felf\u00fcggesztett vil\u00e1gt\u00e9rk\u00e9p az EWA Eco-Wood-Art \u00e1ltal \u00f6sszeszerel\u00e9sre. Az \u00f6sszeszerel\u00e9s ragaszt\u00f3val t\u00f6rt\u00e9nik. A falra t\u00f6rt\u00e9n\u0151 r\u00f6gz\u00edt\u00e9s k\u00e9toldalas ragaszt\u00f3szalaggal t\u00f6rt\u00e9nhet. A puzzle \u00e9s az \u00f6sszeszerel\u00e9si \u00fatmutat\u00f3 k\u00e9toldalas ragaszt\u00f3szalaggal \u00e9s ragaszt\u00f3val egy\u00fctt ker\u00fcl sz\u00e1ll\u00edt\u00e1sra. K\u00e9r\u00e9sre 3 m\u00e9retben (S, M, L) \u00e9s 5 sz\u00ednben (Blue Fantasy, Untouched World, Emerald Planet, Smoky Dreams, Choco World) kaphat\u00f3.<\/div>\n<div><\/div>\n<div><strong>TERM\u00c9K R\u00c9SZLETEK:<\/strong><\/div>\n<div>Modell m\u00e9rete L: 1920*1050*12 mm<\/div>\n<div>Az M modell m\u00e9retei: 1440*790*12 mm<\/div>\n<div>Az S modell m\u00e9retei: 1000*550*12 mm<\/div>\n<div>Csomagol\u00e1si m\u00e9retek: 500*385*56 mm<\/div>\n<div><strong>Darabsz\u00e1m: 127<\/strong><\/div>\n<div><\/div>\n<div><\/div>\n<div>\u00d6sszeszerel\u00e9s ragaszt\u00f3val \u00e9s k\u00e9toldalas ragaszt\u00f3szalaggal (a dobozban tal\u00e1lhat\u00f3).<\/div>","protected":false},"excerpt":{"rendered":"<p>EWA Eco-Wood-Art h\u00e1romr\u00e9teg\u0171 f\u00fcggesztett fa fali planiszf\u00e9ra \u00f6sszeszerelend\u0151.<\/p>","protected":false},"featured_media":567,"comment_status":"open","ping_status":"closed","template":"","meta":[],"product_brand":[],"product_cat":[68],"product_tag":[],"woo-feed-brand":[],"class_list":{"0":"post-553","1":"product","2":"type-product","3":"status-publish","4":"has-post-thumbnail","6":"product_cat-mappamondo-da-parete-in-legno","8":"first","9":"instock","10":"shipping-taxable","11":"purchasable","12":"product-type-variable"},"_links":{"self":[{"href":"https:\/\/puzzle3d.co\/hu\/wp-json\/wp\/v2\/product\/553","targetHints":{"allow":["GET"]}}],"collection":[{"href":"https:\/\/puzzle3d.co\/hu\/wp-json\/wp\/v2\/product"}],"about":[{"href":"https:\/\/puzzle3d.co\/hu\/wp-json\/wp\/v2\/types\/product"}],"replies":[{"embeddable":true,"href":"https:\/\/puzzle3d.co\/hu\/wp-json\/wp\/v2\/comments?post=553"}],"wp:featuredmedia":[{"embeddable":true,"href":"https:\/\/puzzle3d.co\/hu\/wp-json\/wp\/v2\/media\/567"}],"wp:attachment":[{"href":"https:\/\/puzzle3d.co\/hu\/wp-json\/wp\/v2\/media?parent=553"}],"wp:term":[{"taxonomy":"product_brand","embeddable":true,"href":"https:\/\/puzzle3d.co\/hu\/wp-json\/wp\/v2\/product_brand?post=553"},{"taxonomy":"product_cat","embeddable":true,"href":"https:\/\/puzzle3d.co\/hu\/wp-json\/wp\/v2\/product_cat?post=553"},{"taxonomy":"product_tag","embeddable":true,"href":"https:\/\/puzzle3d.co\/hu\/wp-json\/wp\/v2\/product_tag?post=553"},{"taxonomy":"woo-feed-brand","embeddable":true,"href":"https:\/\/puzzle3d.co\/hu\/wp-json\/wp\/v2\/woo-feed-brand?post=553"}],"curies":[{"name":"wp","href":"https:\/\/api.w.org\/{rel}","templated":true}]}}