{"id":171,"date":"2014-07-06T10:43:57","date_gmt":"2014-07-06T10:43:57","guid":{"rendered":"http:\/\/flatsome.dev\/?post_type=product&#038;p=8263"},"modified":"2025-06-11T18:51:53","modified_gmt":"2025-06-11T18:51:53","slug":"fabol-keszult-fali-gomb-2","status":"publish","type":"product","link":"https:\/\/puzzle3d.co\/hu\/prodotto\/mappamondo-legno-parete-in-legno\/","title":{"rendered":"3D vil\u00e1gt\u00e9rk\u00e9p barna f\u00e1b\u00f3l"},"content":{"rendered":"<div><strong>Vil\u00e1gt\u00e9rk\u00e9p - barna 3D-s fa puzzle 'Choco World' 127 darab<\/strong><\/div>\n<div><\/div>\n<div>EWA Eco-Wood-Art h\u00e1romr\u00e9teg\u0171 fa akaszt\u00f3g\u00f6mb \u00f6sszeszerel\u00e9shez. Az \u00f6sszeszerel\u00e9s ragaszt\u00f3val t\u00f6rt\u00e9nik. A falra t\u00f6rt\u00e9n\u0151 r\u00f6gz\u00edt\u00e9s k\u00e9toldalas ragaszt\u00f3szalaggal t\u00f6rt\u00e9nhet. A puzzle \u00e9s az \u00f6sszeszerel\u00e9si \u00fatmutat\u00f3t k\u00e9toldalas ragaszt\u00f3szalaggal \u00e9s ragaszt\u00f3val sz\u00e1ll\u00edtjuk. K\u00e9r\u00e9sre 3 m\u00e9retben (S, M, L) \u00e9s 5 sz\u00ednben (Blue Fantasy, Untouched World, Emerald Planet, Smoky Dreams, Choco World) kaphat\u00f3.<\/div>\n<div><\/div>\n<div>\u00d6sszeszerel\u00e9s ragaszt\u00f3val \u00e9s k\u00e9toldalas ragaszt\u00f3szalaggal (a dobozban tal\u00e1lhat\u00f3).<\/div>","protected":false},"excerpt":{"rendered":"<div>H\u00e1romr\u00e9teg\u0171 felf\u00fcggesztett vil\u00e1gt\u00e9rk\u00e9p \u00f6sszeszerel\u00e9shez.<\/div>\n<p>&nbsp;<\/p>","protected":false},"featured_media":579,"comment_status":"open","ping_status":"closed","template":"","meta":[],"product_brand":[],"product_cat":[68],"product_tag":[],"woo-feed-brand":[],"class_list":{"0":"post-171","1":"product","2":"type-product","3":"status-publish","4":"has-post-thumbnail","6":"product_cat-mappamondo-da-parete-in-legno","8":"first","9":"outofstock","10":"shipping-taxable","11":"purchasable","12":"product-type-variable"},"_links":{"self":[{"href":"https:\/\/puzzle3d.co\/hu\/wp-json\/wp\/v2\/product\/171","targetHints":{"allow":["GET"]}}],"collection":[{"href":"https:\/\/puzzle3d.co\/hu\/wp-json\/wp\/v2\/product"}],"about":[{"href":"https:\/\/puzzle3d.co\/hu\/wp-json\/wp\/v2\/types\/product"}],"replies":[{"embeddable":true,"href":"https:\/\/puzzle3d.co\/hu\/wp-json\/wp\/v2\/comments?post=171"}],"wp:featuredmedia":[{"embeddable":true,"href":"https:\/\/puzzle3d.co\/hu\/wp-json\/wp\/v2\/media\/579"}],"wp:attachment":[{"href":"https:\/\/puzzle3d.co\/hu\/wp-json\/wp\/v2\/media?parent=171"}],"wp:term":[{"taxonomy":"product_brand","embeddable":true,"href":"https:\/\/puzzle3d.co\/hu\/wp-json\/wp\/v2\/product_brand?post=171"},{"taxonomy":"product_cat","embeddable":true,"href":"https:\/\/puzzle3d.co\/hu\/wp-json\/wp\/v2\/product_cat?post=171"},{"taxonomy":"product_tag","embeddable":true,"href":"https:\/\/puzzle3d.co\/hu\/wp-json\/wp\/v2\/product_tag?post=171"},{"taxonomy":"woo-feed-brand","embeddable":true,"href":"https:\/\/puzzle3d.co\/hu\/wp-json\/wp\/v2\/woo-feed-brand?post=171"}],"curies":[{"name":"wp","href":"https:\/\/api.w.org\/{rel}","templated":true}]}}