{"id":1466,"date":"2023-03-08T12:47:30","date_gmt":"2023-03-08T12:47:30","guid":{"rendered":"https:\/\/puzzle3d.co\/product\/tractor-puzzle-mecanic-din-lemn-358-piese-copy\/"},"modified":"2026-01-19T10:27:03","modified_gmt":"2026-01-19T10:27:03","slug":"traktor-mechanikus-fa-puzzle-342-darab","status":"publish","type":"product","link":"https:\/\/puzzle3d.co\/hu\/prodotto\/trattore-puzzle-meccanico-legno-342-pezzi\/","title":{"rendered":"Mecanical fa traktor modell \u00e9p\u00edt\u00e9se - 342 db"},"content":{"rendered":"<div>\n<p><strong>Traktor \u2013  Mechanikus fa traktor modell \u00e9p\u00edt\u00e9shez \u2013 342 darab<\/strong><\/p>\n<div>\n<div>T\u00e9ved\u00e9s azt gondolni, hogy a traktorok csak fi\u00faknak \u00e9s f\u00e9rfiaknak val\u00f3k.<\/div>\n<div><\/div>\n<div>A modell \u00f6sszeszerel\u00e9se ut\u00e1n igazi m\u0171alkot\u00e1sk\u00e9nt fogja \u00e9rz\u00e9kelni. \u00c9s az anyag, amelyb\u0151l a kirak\u00f3s darabjai k\u00e9sz\u00fcltek, a fa, megmutatja majd az igazi \u00e9rt\u00e9k\u00e9t.<\/div>\n<div><\/div>\n<div>A motor a gumiszalaggal lehet\u0151v\u00e9 teszi a mozgat\u00e1s\u00e1t, az ajt\u00f3k \u00e9s a motorh\u00e1ztet\u0151 kinyit\u00e1s\u00e1t. A traktor m\u00e9g jobban mutat a p\u00f3tkocsi mellett, amely k\u00fcl\u00f6n modellk\u00e9nt kaphat\u00f3.<\/div>\n<div><\/div>\n<div>Egy kamp\u00f3 seg\u00edts\u00e9g\u00e9vel k\u00f6nnyen a traktorhoz r\u00f6gz\u00edthet\u0151, \u00e9s egy kar seg\u00edts\u00e9g\u00e9vel pontosan \u00fagy ny\u00edlik, mint egy val\u00f3di p\u00f3tkocsi.<\/div>\n<div><\/div>\n<div>Sokoldal\u00fa aj\u00e1nd\u00e9k, amelyet a gyermek \u00e9s a feln\u0151tt egyar\u00e1nt \u00e9rt\u00e9kelni fog. Ez a modell minden kirak\u00f3s \u00e9s k\u00e9zm\u0171ves szerelmest leny\u0171g\u00f6z.<\/div>\n<div><\/div>\n<div>A k\u00e9szlet eszt\u00e9tikus, \u00e9s eredeti d\u00edszt\u00e1rgy lehet. T\u00f6ltse meg az ut\u00e1nfut\u00f3t f\u0171vel, gallyakkal, k\u00e1v\u00e9babokkal vagy b\u00e1rmivel, ami esz\u00e9be jut.<\/div>\n<div><\/div>\n<div>A gyerekek im\u00e1dni fogj\u00e1k a traktorokat \u00e9s a p\u00f3tkocsikat a k\u00f6zkedvelt \"A farm\" j\u00e1t\u00e9kb\u00f3l, de \u00faj j\u00e1t\u00e9kokat is ki fognak tal\u00e1lni.<\/div>\n<div>Ezut\u00e1n szerelje \u00f6ssze, j\u00e1tsszon, csod\u00e1lja meg \u00e9s teremtsen eml\u00e9keket a traktor \u00e9s a p\u00f3tkocsi k\u00f6r\u00fcl.<\/div>\n<div><\/div>\n<div><\/div>\n<div><strong>TERM\u00c9K R\u00c9SZLETEK:<\/strong><\/div>\n<div>A modell m\u00e9retei: 282*136*175 mm<\/div>\n<div>Csomagol\u00e1si m\u00e9retek: 375 x 243 x 30 mm<\/div>\n<div>Darabsz\u00e1m: 342<\/div>\n<\/div>\n<\/div>","protected":false},"excerpt":{"rendered":"<p>A gumiszalag-motor lehet\u0151v\u00e9 teszi a mozgat\u00e1s\u00e1t, az ajt\u00f3k \u00e9s a motorh\u00e1ztet\u0151 kinyit\u00e1s\u00e1t.<\/p>","protected":false},"featured_media":1469,"comment_status":"open","ping_status":"closed","template":"","meta":{"slim_seo":{"title":"\ud83d\ude9c F\u00e1b\u00f3l k\u00e9sz\u00fclt mecanikus makett traktor \u00e9p\u00edt\u00e9se","description":"Mecanical Traktor modell - A motor a gumiszalaggal lehet\u0151v\u00e9 teszi a mozgat\u00e1s\u00e1t, az ajt\u00f3k \u00e9s a motorh\u00e1ztet\u0151 kinyit\u00e1s\u00e1t. A traktor m\u00e9g jobban mutat a p\u00f3tkocsi mellett, amely k\u00fcl\u00f6n modellk\u00e9nt kaphat\u00f3."}},"product_brand":[],"product_cat":[108,89,91,90,73,88,74,76],"product_tag":[],"woo-feed-brand":[],"class_list":{"0":"post-1466","1":"product","2":"type-product","3":"status-publish","4":"has-post-thumbnail","6":"product_cat-modellismo-da-costruire-per-adulti","7":"product_cat-puzzle-meccanici-3d-in-legno","8":"product_cat-puzzle-meccanici-per-adulti","9":"product_cat-puzzle-meccanici-per-bambini","10":"product_cat-puzzle-3d","11":"product_cat-puzzle-3d-adulti","12":"product_cat-puzzle-3d-in-legno","13":"product_cat-puzzle-3d-per-bambini","15":"first","16":"instock","17":"shipping-taxable","18":"purchasable","19":"product-type-simple"},"_links":{"self":[{"href":"https:\/\/puzzle3d.co\/hu\/wp-json\/wp\/v2\/product\/1466","targetHints":{"allow":["GET"]}}],"collection":[{"href":"https:\/\/puzzle3d.co\/hu\/wp-json\/wp\/v2\/product"}],"about":[{"href":"https:\/\/puzzle3d.co\/hu\/wp-json\/wp\/v2\/types\/product"}],"replies":[{"embeddable":true,"href":"https:\/\/puzzle3d.co\/hu\/wp-json\/wp\/v2\/comments?post=1466"}],"wp:featuredmedia":[{"embeddable":true,"href":"https:\/\/puzzle3d.co\/hu\/wp-json\/wp\/v2\/media\/1469"}],"wp:attachment":[{"href":"https:\/\/puzzle3d.co\/hu\/wp-json\/wp\/v2\/media?parent=1466"}],"wp:term":[{"taxonomy":"product_brand","embeddable":true,"href":"https:\/\/puzzle3d.co\/hu\/wp-json\/wp\/v2\/product_brand?post=1466"},{"taxonomy":"product_cat","embeddable":true,"href":"https:\/\/puzzle3d.co\/hu\/wp-json\/wp\/v2\/product_cat?post=1466"},{"taxonomy":"product_tag","embeddable":true,"href":"https:\/\/puzzle3d.co\/hu\/wp-json\/wp\/v2\/product_tag?post=1466"},{"taxonomy":"woo-feed-brand","embeddable":true,"href":"https:\/\/puzzle3d.co\/hu\/wp-json\/wp\/v2\/woo-feed-brand?post=1466"}],"curies":[{"name":"wp","href":"https:\/\/api.w.org\/{rel}","templated":true}]}}