{"id":1454,"date":"2023-03-08T11:51:26","date_gmt":"2023-03-08T11:51:26","guid":{"rendered":"https:\/\/puzzle3d.co\/product\/angrenajul-planetar-puzzle-mecanic-din-lemn-153-piese-copy\/"},"modified":"2026-01-02T05:29:01","modified_gmt":"2026-01-02T05:29:01","slug":"mechanikus-fa-traktor-puzzle-358-darab","status":"publish","type":"product","link":"https:\/\/puzzle3d.co\/hu\/prodotto\/trattore-puzzle-meccanico-in-legno-358-pezzi\/","title":{"rendered":"Traktor - Mechanikus fa kirak\u00f3, 358 db"},"content":{"rendered":"<div>\n<p><strong>Traktor modell - Mechanikus fa puzzle, 358 darab<\/strong><\/p>\n<div><\/div>\n<\/div>\n<div>\n<div>\n<div>Kora reggel, j\u00f3val hajnal el\u0151tt a gazda beind\u00edtja a traktort.<\/div>\n<div><\/div>\n<div>Tudja, hogy a traktor n\u00e9lk\u00fcl\u00f6zhetetlen a munk\u00e1j\u00e1hoz, valamint ahhoz, hogy el tudja tartani a gazdas\u00e1g\u00e1t \u00e9s a csal\u00e1dj\u00e1t. Hangos hangja fel\u00e9breszti a gyerekeket, akik m\u00e9g mindig nyuszikr\u00f3l \u00e1lmodnak, de hamarosan visszaalszanak.<\/div>\n<div><\/div>\n<div>Ahogy a traktor elh\u00faz a tanya fel\u00e9, a h\u00e1zb\u00f3l m\u00e9g mindig hallatszik a motor \u00e9s a kerekek hangos zaja, keveredve a g\u00e1zolaj szag\u00e1val.<\/div>\n<div><\/div>\n<div>A frissen vetett b\u00fazamez\u0151 sz\u00e9l\u00e9n a farm \u00e9letre kel. Itt m\u00e1r a traktor zaja keveredik a madarak csicserg\u00e9s\u00e9vel \u00e9s a szeretett \u00e1llatok j\u00f3 reggelt \u00fczenget\u00e9s\u00e9vel, k\u00fcl\u00f6nleges harm\u00f3ni\u00e1t teremtve.<\/div>\n<div><\/div>\n<div>Az \u00e1llatok etet\u00e9se ut\u00e1n a gazda a traktorral a h\u00e1ta m\u00f6g\u00f6tt elindul, \u00e9s visszat\u00e9r az orsz\u00e1g\u00fatra. Most egy m\u00e1sik mez\u0151re hajt, amelyet nagy szeretettel vetett be. Azon a mez\u0151n kukorica fog n\u0151ni. A gazda h\u00e1l\u00e1s a traktorj\u00e1nak, mert \u00edgy tudja etetni a csal\u00e1dj\u00e1t \u00e9s a haszon\u00e1llatokat.<\/div>\n<div><\/div>\n<div>A traktor teh\u00e1t a modern technol\u00f3gia olyan elem\u00e9nek tekinthet\u0151, amely bar\u00e1ts\u00e1gos m\u00f3don l\u00e9p k\u00f6lcs\u00f6nhat\u00e1sba a term\u00e9szettel, alkalmazkodva az ember \u00e9s az \u00e1llatok ig\u00e9nyeihez.<\/div>\n<div><\/div>\n<div>Ez a 358 fa puzzle-darabb\u00f3l \u00e1ll\u00f3 csod\u00e1latos traktor a j\u00e1rm\u0171vek, kirak\u00f3k \u00e9s a vid\u00e9ki \u00e9let rajong\u00f3inak \u00f6r\u00f6me lesz.<\/div>\n<div><\/div>\n<div>A gyerekek \u00f6r\u00f6mmel fogj\u00e1k be\u00e9p\u00edteni az \u00e9p\u00edt\u0151ipari vagy mez\u0151gazdas\u00e1gi j\u00e1t\u00e9kokba.<\/div>\n<div><\/div>\n<div>Olyan, mint egy igazi miniat\u0171r traktor. M\u00e9g szebb, ha a f\u00e1ra utalunk, amelyb\u0151l k\u00e9sz\u00fclt. A traktor el\u0151re-h\u00e1tra mozog, \u00e9s a kerekek jobbra-balra tudnak fordulni. A motorh\u00e1ztet\u0151 kiny\u00edlik, \u00e9s l\u00e1thatjuk a n\u00e9gy hengert, amelyek a h\u0151energi\u00e1t mechanikai energi\u00e1v\u00e1 alak\u00edtj\u00e1k. Az ajt\u00f3k is ny\u00edlnak, \u00e9s a traktorba val\u00f3 besz\u00e1ll\u00e1st a l\u00e9pcs\u0151 megk\u00f6nny\u00edti. A szalont val\u00f3di modellek ihlett\u00e9k, \u00edgy lehetetlen nem beleszeretni ebbe a modellbe. A cs\u00facspont a traktor elind\u00edt\u00e1sa lesz a gumimotorral. Tegyen egy \u00ednyenc csokol\u00e1d\u00e9t a szalonba, \u00e9s k\u00fcldje el a j\u00e1rm\u0171v\u00f6n kereszt\u00fcl egy szerett\u00e9nek.<\/div>\n<div><\/div>\n<div>Gy\u00f6ny\u00f6r\u0171 d\u00edszt\u00e1rgy a gyerekszob\u00e1ba, de a nappaliba vagy az irod\u00e1ba is. Mag\u00e1ra vonzza a figyelmet, \u00e9s nem sok\u00e1ig b\u00edrja ki vil\u00e1g\u00edt\u00e1s n\u00e9lk\u00fcl.<\/div>\n<div><\/div>\n<div>\u00c1ll\u00edtsd \u00f6ssze gyermekeddel, csal\u00e1doddal vagy bar\u00e1taiddal a m\u00e9g nagyobb \u00e9lm\u00e9ny\u00e9rt!<\/div>\n<div><\/div>\n<div><strong>TERM\u00c9K R\u00c9SZLETEK:<\/strong><\/div>\n<div>Modell m\u00e9retei: 315*173*207 mm<\/div>\n<div>Csomagol\u00e1si m\u00e9retek: 375 x 243 x 43 mm<\/div>\n<div><strong>Darabsz\u00e1m: 358<\/strong><\/div>\n<\/div>\n<div><\/div>\n<\/div>","protected":false},"excerpt":{"rendered":"<p>Olyan, mint egy igazi miniat\u0171r traktor. M\u00e9g szebb, ha a f\u00e1ra utalunk, amelyb\u0151l k\u00e9sz\u00fclt.<\/p>","protected":false},"featured_media":1457,"comment_status":"open","ping_status":"closed","template":"","meta":[],"product_brand":[],"product_cat":[73,88,74,76,89,90,91],"product_tag":[],"woo-feed-brand":[],"class_list":{"0":"post-1454","1":"product","2":"type-product","3":"status-publish","4":"has-post-thumbnail","6":"product_cat-puzzle-3d","7":"product_cat-puzzle-3d-adulti","8":"product_cat-puzzle-3d-in-legno","9":"product_cat-puzzle-3d-per-bambini","10":"product_cat-puzzle-meccanici-3d-in-legno","11":"product_cat-puzzle-meccanici-per-bambini","12":"product_cat-puzzle-meccanici-per-adulti","14":"first","15":"instock","16":"shipping-taxable","17":"purchasable","18":"product-type-simple"},"_links":{"self":[{"href":"https:\/\/puzzle3d.co\/hu\/wp-json\/wp\/v2\/product\/1454","targetHints":{"allow":["GET"]}}],"collection":[{"href":"https:\/\/puzzle3d.co\/hu\/wp-json\/wp\/v2\/product"}],"about":[{"href":"https:\/\/puzzle3d.co\/hu\/wp-json\/wp\/v2\/types\/product"}],"replies":[{"embeddable":true,"href":"https:\/\/puzzle3d.co\/hu\/wp-json\/wp\/v2\/comments?post=1454"}],"wp:featuredmedia":[{"embeddable":true,"href":"https:\/\/puzzle3d.co\/hu\/wp-json\/wp\/v2\/media\/1457"}],"wp:attachment":[{"href":"https:\/\/puzzle3d.co\/hu\/wp-json\/wp\/v2\/media?parent=1454"}],"wp:term":[{"taxonomy":"product_brand","embeddable":true,"href":"https:\/\/puzzle3d.co\/hu\/wp-json\/wp\/v2\/product_brand?post=1454"},{"taxonomy":"product_cat","embeddable":true,"href":"https:\/\/puzzle3d.co\/hu\/wp-json\/wp\/v2\/product_cat?post=1454"},{"taxonomy":"product_tag","embeddable":true,"href":"https:\/\/puzzle3d.co\/hu\/wp-json\/wp\/v2\/product_tag?post=1454"},{"taxonomy":"woo-feed-brand","embeddable":true,"href":"https:\/\/puzzle3d.co\/hu\/wp-json\/wp\/v2\/woo-feed-brand?post=1454"}],"curies":[{"name":"wp","href":"https:\/\/api.w.org\/{rel}","templated":true}]}}