{"id":1441,"date":"2023-03-08T11:10:44","date_gmt":"2023-03-08T11:10:44","guid":{"rendered":"https:\/\/puzzle3d.co\/product\/triceratops-puzzle-mecanic-din-lemn-283-piese-copy\/"},"modified":"2026-01-19T16:26:02","modified_gmt":"2026-01-19T16:26:02","slug":"bolygomu-mechanikus-puzzle-fa-153-darab","status":"publish","type":"product","link":"https:\/\/puzzle3d.co\/hu\/prodotto\/ingranaggio-planetario-puzzle-meccanico-legno-153-pezzi\/","title":{"rendered":"Bolyg\u00f3m\u0171 mechanikus fa puzzle, 153 darab"},"content":{"rendered":"<div>\n<p>Bolyg\u00f3m\u0171 mechanikus fa puzzle, 153 darab<\/p>\n<div>\n<div>Hogyan lehet k\u00f6nnyebben meg\u00e9rteni a geometria \u00e9s a fizika neh\u00e9z aspektusait?<\/div>\n<div><\/div>\n<div>Mi a helyzet a t\u00e1rgyak k\u00f6z\u00f6tti t\u00e9rbeli kapcsolattal?<\/div>\n<div><\/div>\n<div>Tudom, hogy bonyolultnak hangzik, de a bolyg\u00f3m\u0171ves \u00e1tt\u00e9telez\u00e9ssel egyszer\u0171v\u00e9 \u00e9s sz\u00f3rakoztat\u00f3v\u00e1 v\u00e1lik.<\/div>\n<div><\/div>\n<div>A felszerel\u00e9shez vil\u00e1gos haszn\u00e1lati utas\u00edt\u00e1s \u00e9s 153 k\u00fcl\u00f6nb\u00f6z\u0151 form\u00e1j\u00fa \u00e9s m\u00e9ret\u0171 fadarab tartozik. Az \u00f6sszeszerel\u00e9s leny\u0171g\u00f6z\u0151 lesz, \u00e9s ahogy a modell \"\u00e9letre kel\", alig v\u00e1rja a pillanatot, amikor beind\u00edthatja a gumimotort.<\/div>\n<div><\/div>\n<div>Tov\u00e1bb\u00e1 a fogaskerekek seg\u00edts\u00e9g\u00e9vel megismerkedhet\u00fcnk olyan g\u00e9pekkel \u00e9s mechanikus eszk\u00f6z\u00f6kkel, amelyek egy nagy k\u00f6zponti ker\u00e9k k\u00f6r\u00fcl forg\u00f3 fogaskerekek sorozata alapj\u00e1n m\u0171k\u00f6dnek.<\/div>\n<div><\/div>\n<div>El sem tudod k\u00e9pzelni, milyen gyakran ker\u00fclsz kapcsolatba egy fogasker\u00e9kkel a mindennapi \u00e9letedben:<\/div>\n<div><\/div>\n<ul>\n<li>A sebess\u00e9gv\u00e1lt\u00f3 a fokozatnak megfelel\u0151en v\u00e1lt;<\/li>\n<li>Ennek alapj\u00e1n a ker\u00e9kp\u00e1roz\u00e1s sor\u00e1n az er\u0151 a ped\u00e1lokr\u00f3l a kerekekre ker\u00fcl;<\/li>\n<li>Sz\u00e1mos ipari g\u00e9p ind\u00edtja ezzel a mechanizmussal a motorokat, szivatty\u00fakat \u00e9s kompresszorokat;<\/li>\n<li>Az olyan mez\u0151gazdas\u00e1gi \u00e9s \u00e9p\u00edt\u0151ipari g\u00e9pek, mint a buld\u00f3zerek, kotr\u00f3g\u00e9pek, komb\u00e1jnok, traktorok \u00e9s vet\u0151g\u00e9pek nem m\u0171k\u00f6dhetn\u00e9nek szersz\u00e1mok n\u00e9lk\u00fcl.<\/li>\n<\/ul>\n<div><\/div>\n<div>\u00c9rdekes, hogy a v\u00edzszivatty\u00fakban \u00e9s a f\u00e9mmegmunk\u00e1l\u00e1sban er\u0151\u00e1tvitelre haszn\u00e1lt fa fogaskerekek i. e. 3000-re ny\u00falnak vissza.<\/div>\n<div><\/div>\n<div>Az egyik els\u0151 tud\u00f3s, aki elkezdte tanulm\u00e1nyozni \u00e9s meg\u00e9rteni a fogaskerekek m\u0171k\u00f6d\u00e9s\u00e9t, Leonardo da Vinci volt a 15. sz\u00e1zadban. K\u00fcl\u00f6nb\u00f6z\u0151 t\u00edpus\u00fa fogaskerekeket fejlesztett ki, \u00e9s \u00e9szrevette, hogy sokkal hat\u00e9konyabban m\u0171k\u00f6dnek, ha t\u00f6bb fogb\u00f3l \u00e1llnak.<\/div>\n<div><\/div>\n<div>Puzzle 3Dazonban megjegyezte, hogy a szerelmesekb\u0151l \u00e1ll\u00f3 csapatokban hat\u00e9konyabban \u00e9s \u00e9rdekesen \u00e1ll \u00f6ssze a felszerel\u00e9s: ahol sokan vannak, ott n\u0151 az er\u0151!<\/div>\n<div><\/div>\n<div>T\u00f6k\u00e9letes aj\u00e1nd\u00e9k iskol\u00e1soknak, de feln\u0151tteknek, k\u00fcl\u00f6n\u00f6sen tan\u00e1roknak is. K\u00fcl\u00f6n\u00f6sen akkor, ha az illet\u0151 szenved\u00e9lyesen szereti a m\u00e9rn\u00f6ki tudom\u00e1nyokat, a fizik\u00e1t, a matematik\u00e1t vagy egyszer\u0171en csak a rejtv\u00e9nyeket.<\/div>\n<div><\/div>\n<div>Az \u00f6sszeszerel\u00e9s ut\u00e1n egy gy\u00f6ny\u00f6r\u0171 dekor\u00e1ci\u00f3s darabot \u00e9lvezhet otthon\u00e1ban vagy irod\u00e1j\u00e1ban, amely vonzza a figyelmet.<\/div>\n<div><\/div>\n<div><\/div>\n<div>TERM\u00c9K R\u00c9SZLETEK:<\/div>\n<div>A modell m\u00e9retei: 247*118*204 mm<\/div>\n<div>Csomag m\u00e9rete: 245*188*30 mm<\/div>\n<div>Darabsz\u00e1m: 153<\/div>\n<\/div>\n<\/div>\n<div>\n<div><\/div>\n<\/div>","protected":false},"excerpt":{"rendered":"<div>A felszerel\u00e9shez vil\u00e1gos haszn\u00e1lati utas\u00edt\u00e1s \u00e9s 153 k\u00fcl\u00f6nb\u00f6z\u0151 form\u00e1j\u00fa \u00e9s m\u00e9ret\u0171 fadarab tartozik. Az \u00f6sszeszerel\u00e9s leny\u0171g\u00f6z\u0151 lesz, \u00e9s ahogy a modell \"\u00e9letre kel\", alig v\u00e1rja a pillanatot, amikor beind\u00edthatja a gumimotort.<\/div>\n<p>&nbsp;<\/p>","protected":false},"featured_media":1447,"comment_status":"open","ping_status":"closed","template":"","meta":[],"product_brand":[],"product_cat":[73,88,74,76,89,90,91],"product_tag":[],"woo-feed-brand":[],"class_list":{"0":"post-1441","1":"product","2":"type-product","3":"status-publish","4":"has-post-thumbnail","6":"product_cat-puzzle-3d","7":"product_cat-puzzle-3d-adulti","8":"product_cat-puzzle-3d-in-legno","9":"product_cat-puzzle-3d-per-bambini","10":"product_cat-puzzle-meccanici-3d-in-legno","11":"product_cat-puzzle-meccanici-per-bambini","12":"product_cat-puzzle-meccanici-per-adulti","14":"first","15":"instock","16":"shipping-taxable","17":"purchasable","18":"product-type-simple"},"_links":{"self":[{"href":"https:\/\/puzzle3d.co\/hu\/wp-json\/wp\/v2\/product\/1441","targetHints":{"allow":["GET"]}}],"collection":[{"href":"https:\/\/puzzle3d.co\/hu\/wp-json\/wp\/v2\/product"}],"about":[{"href":"https:\/\/puzzle3d.co\/hu\/wp-json\/wp\/v2\/types\/product"}],"replies":[{"embeddable":true,"href":"https:\/\/puzzle3d.co\/hu\/wp-json\/wp\/v2\/comments?post=1441"}],"wp:featuredmedia":[{"embeddable":true,"href":"https:\/\/puzzle3d.co\/hu\/wp-json\/wp\/v2\/media\/1447"}],"wp:attachment":[{"href":"https:\/\/puzzle3d.co\/hu\/wp-json\/wp\/v2\/media?parent=1441"}],"wp:term":[{"taxonomy":"product_brand","embeddable":true,"href":"https:\/\/puzzle3d.co\/hu\/wp-json\/wp\/v2\/product_brand?post=1441"},{"taxonomy":"product_cat","embeddable":true,"href":"https:\/\/puzzle3d.co\/hu\/wp-json\/wp\/v2\/product_cat?post=1441"},{"taxonomy":"product_tag","embeddable":true,"href":"https:\/\/puzzle3d.co\/hu\/wp-json\/wp\/v2\/product_tag?post=1441"},{"taxonomy":"woo-feed-brand","embeddable":true,"href":"https:\/\/puzzle3d.co\/hu\/wp-json\/wp\/v2\/woo-feed-brand?post=1441"}],"curies":[{"name":"wp","href":"https:\/\/api.w.org\/{rel}","templated":true}]}}