{"id":1431,"date":"2023-03-08T10:39:32","date_gmt":"2023-03-08T10:39:32","guid":{"rendered":"https:\/\/puzzle3d.co\/product\/pasare-puzzle-3d-mecanic-copy\/"},"modified":"2026-01-02T05:29:01","modified_gmt":"2026-01-02T05:29:01","slug":"fabol-keszult-mechanikus-triceratops-puzzle","status":"publish","type":"product","link":"https:\/\/puzzle3d.co\/hu\/prodotto\/triceratopo-puzzle-meccanico-in-legno\/","title":{"rendered":"Triceratops dinoszaurusz fa mechanikus modell - 283 db"},"content":{"rendered":"<div>\n<p><strong>Triceratops dinoszaurusz fa mechanikus modell<\/strong> \u2013 <strong>283 darab<\/strong><\/p>\n<div><\/div>\n<\/div>\n<div>\n<div>\n<div>K\u00f6r\u00fclbel\u00fcl 65-68 milli\u00f3 \u00e9vvel ezel\u0151tt az \u00e9szak-amerikai kontinensen m\u00e9g \u00e9lt egy n\u00f6v\u00e9nyev\u0151 dinoszauruszfaj, amelynek h\u00e1rom szarv volt az arc\u00e1n - a triceratops.<\/div>\n<div><\/div>\n<div>A dinoszauruszok kihal\u00e1s\u00e1nak ok\u00e1t m\u00e1r t\u00f6bb mint 100 \u00e9ve vizsg\u00e1lj\u00e1k. Csak hipot\u00e9zisek vannak, mint p\u00e9ld\u00e1ul a csontfert\u0151z\u00e9sek, genetikai probl\u00e9m\u00e1k, a 65 milli\u00f3 \u00e9vvel ezel\u0151tt a F\u00f6ldbe csap\u00f3dott aszteroida vagy a hatalmas vulk\u00e1nkit\u00f6r\u00e9s.<\/div>\n<div><\/div>\n<div>A dinoszauruszok m\u00e9g ma is \u00e9rdeklik a gyerekeket \u00e9s a feln\u0151tteket egyar\u00e1nt.<\/div>\n<div>Most lehet\u0151s\u00e9ge van arra, hogy maga is \u00f6sszeszereljen egyet, \u00e9s beind\u00edtsa.<\/div>\n<div><\/div>\n<div>Az \u0151skori bar\u00e1tod mozgatni tudja a fej\u00e9t, a fark\u00e1t \u00e9s a l\u00e1bait.<\/div>\n<div><\/div>\n<div>A tervez\u0151k gondosan tanulm\u00e1nyozt\u00e1k az anat\u00f3mi\u00e1t, \u00e9s \u00fcgyeltek arra, hogy minden \u00edz\u00fclet \u00e9s mozg\u00e1s hasonl\u00edtson a val\u00f3di triceratops\u00e9hoz.<\/div>\n<div><\/div>\n<div><\/div>\n<div><strong>TERM\u00c9K R\u00c9SZLETEK:<\/strong><\/div>\n<div>Modell m\u00e9retei: 320*160*105 mm<\/div>\n<div>Csomag m\u00e9rete: 245*188*33 mm<\/div>\n<div>Darabsz\u00e1m: 283<\/div>\n<\/div>\n<div><\/div>\n<\/div>","protected":false},"excerpt":{"rendered":"<div>A dinoszauruszok m\u00e9g ma is \u00e9rdeklik a gyerekeket \u00e9s a feln\u0151tteket egyar\u00e1nt.<br \/>\nMost lehet\u0151s\u00e9ge van arra, hogy maga is \u00f6sszeszereljen egyet, \u00e9s beind\u00edtsa.<\/div>\n<p>&nbsp;<\/p>","protected":false},"featured_media":1437,"comment_status":"open","ping_status":"closed","template":"","meta":[],"product_brand":[],"product_cat":[73,88,74,76,89,90,91],"product_tag":[],"woo-feed-brand":[],"class_list":{"0":"post-1431","1":"product","2":"type-product","3":"status-publish","4":"has-post-thumbnail","6":"product_cat-puzzle-3d","7":"product_cat-puzzle-3d-adulti","8":"product_cat-puzzle-3d-in-legno","9":"product_cat-puzzle-3d-per-bambini","10":"product_cat-puzzle-meccanici-3d-in-legno","11":"product_cat-puzzle-meccanici-per-bambini","12":"product_cat-puzzle-meccanici-per-adulti","14":"first","15":"outofstock","16":"shipping-taxable","17":"purchasable","18":"product-type-simple"},"_links":{"self":[{"href":"https:\/\/puzzle3d.co\/hu\/wp-json\/wp\/v2\/product\/1431","targetHints":{"allow":["GET"]}}],"collection":[{"href":"https:\/\/puzzle3d.co\/hu\/wp-json\/wp\/v2\/product"}],"about":[{"href":"https:\/\/puzzle3d.co\/hu\/wp-json\/wp\/v2\/types\/product"}],"replies":[{"embeddable":true,"href":"https:\/\/puzzle3d.co\/hu\/wp-json\/wp\/v2\/comments?post=1431"}],"wp:featuredmedia":[{"embeddable":true,"href":"https:\/\/puzzle3d.co\/hu\/wp-json\/wp\/v2\/media\/1437"}],"wp:attachment":[{"href":"https:\/\/puzzle3d.co\/hu\/wp-json\/wp\/v2\/media?parent=1431"}],"wp:term":[{"taxonomy":"product_brand","embeddable":true,"href":"https:\/\/puzzle3d.co\/hu\/wp-json\/wp\/v2\/product_brand?post=1431"},{"taxonomy":"product_cat","embeddable":true,"href":"https:\/\/puzzle3d.co\/hu\/wp-json\/wp\/v2\/product_cat?post=1431"},{"taxonomy":"product_tag","embeddable":true,"href":"https:\/\/puzzle3d.co\/hu\/wp-json\/wp\/v2\/product_tag?post=1431"},{"taxonomy":"woo-feed-brand","embeddable":true,"href":"https:\/\/puzzle3d.co\/hu\/wp-json\/wp\/v2\/woo-feed-brand?post=1431"}],"curies":[{"name":"wp","href":"https:\/\/api.w.org\/{rel}","templated":true}]}}