{"id":1423,"date":"2023-03-08T09:40:19","date_gmt":"2023-03-08T09:40:19","guid":{"rendered":"https:\/\/puzzle3d.co\/product\/retro-car-puzzle-3d-mecanic-copy\/"},"modified":"2026-01-02T05:29:01","modified_gmt":"2026-01-02T05:29:01","slug":"mechanikus-fa-madar-puzzle","status":"publish","type":"product","link":"https:\/\/puzzle3d.co\/hu\/prodotto\/uccello-puzzle-meccanico-in-legno\/","title":{"rendered":"Mad\u00e1r fa fogpiszk\u00e1l\u00f3 doboz - 37 db"},"content":{"rendered":"<p><strong>Mad\u00e1r - Fa fogpiszk\u00e1l\u00f3 doboz - 37 db<\/strong><\/p>\n<div>\n<div>Az apr\u00f3 r\u00e9szletek nagy k\u00fcl\u00f6nbs\u00e9get jelentenek!<\/div>\n<div><\/div>\n<div>Mi\u00e9rt szeretj\u00fck a legszebb tea \u00e9s k\u00e1v\u00e9 t\u00e1rol\u00f3kat v\u00e1lasztani?<\/div>\n<div>Mert gy\u00f6ny\u00f6rk\u00f6dteti a szem\u00fcnket \u00e9s a lelk\u00fcnket. V\u00e1lassza az eredetis\u00e9get a konyh\u00e1ban \u00e9s az asztal\u00e1n egy k\u00fcl\u00f6nleges, mad\u00e1rral d\u00edsz\u00edtett fogpiszk\u00e1l\u00f3 dobozk\u00e1val. M\u00e1s apr\u00f3 t\u00e1rgyakat, p\u00e9ld\u00e1ul gy\u0171r\u0171ket, \u00e9rm\u00e9ket vagy szerelmes \u00fczeneteket is t\u00e1rolhat benne.<\/div>\n<div><\/div>\n<div>Meghagyhatja a fa sz\u00edn\u00e9t, vagy lefestheti, hogy illeszkedjen otthona dekor\u00e1ci\u00f3j\u00e1hoz. Tavasszal a teraszon is elhelyezheti.<\/div>\n<div>Igen, egyetlen mad\u00e1rral nem lehet tavaszt csin\u00e1lni, de ezzel a csod\u00e1latos kirak\u00f3s j\u00e1t\u00e9kkal egy gy\u00f6ny\u00f6r\u0171 t\u00e1rgyat hozhatsz l\u00e9tre, amely minden alkalommal, amikor megcsod\u00e1lod, tavaszias \u00e9rz\u00e9st kelt benned. Val\u00f3sz\u00edn\u0171leg a legmegfelel\u0151bb aj\u00e1nd\u00e9k minden olyan anyuk\u00e1nak \u00e9s nagymam\u00e1nak, akinek gyermekei m\u00e1r feln\u0151ttek \u00e9s kirep\u00fcltek a f\u00e9szekb\u0151l...<\/div>\n<div><\/div>\n<div><strong>TERM\u00c9K R\u00c9SZLETEK:<\/strong><\/div>\n<div>Modell m\u00e9retei: 125*80*140 mm<\/div>\n<div>Csomagol\u00e1si m\u00e9retek: 190 x 123 x 19 mm<\/div>\n<div>Darabsz\u00e1m: 38<\/div>\n<\/div>","protected":false},"excerpt":{"rendered":"<div>V\u00e1lassza az eredetis\u00e9get a konyh\u00e1ban \u00e9s az asztal\u00e1n egy k\u00fcl\u00f6nleges, mad\u00e1rral d\u00edsz\u00edtett fogpiszk\u00e1l\u00f3s dobozzal.<\/div>\n<p>&nbsp;<\/p>","protected":false},"featured_media":1427,"comment_status":"open","ping_status":"closed","template":"","meta":{"slim_seo":{"title":"\ud83d\udc26Fa fogpiszk\u00e1l\u00f3 doboz - 37 darab","description":"V\u00e1lassza az eredetis\u00e9get a konyh\u00e1ban \u00e9s az asztal\u00e1n egy k\u00fcl\u00f6nleges, mad\u00e1rral d\u00edsz\u00edtett fogpiszk\u00e1l\u00f3s dobozzal."}},"product_brand":[],"product_cat":[89,91,90,73,88,74,76],"product_tag":[],"woo-feed-brand":[],"class_list":{"0":"post-1423","1":"product","2":"type-product","3":"status-publish","4":"has-post-thumbnail","6":"product_cat-puzzle-meccanici-3d-in-legno","7":"product_cat-puzzle-meccanici-per-adulti","8":"product_cat-puzzle-meccanici-per-bambini","9":"product_cat-puzzle-3d","10":"product_cat-puzzle-3d-adulti","11":"product_cat-puzzle-3d-in-legno","12":"product_cat-puzzle-3d-per-bambini","14":"first","15":"instock","16":"shipping-taxable","17":"purchasable","18":"product-type-simple"},"_links":{"self":[{"href":"https:\/\/puzzle3d.co\/hu\/wp-json\/wp\/v2\/product\/1423","targetHints":{"allow":["GET"]}}],"collection":[{"href":"https:\/\/puzzle3d.co\/hu\/wp-json\/wp\/v2\/product"}],"about":[{"href":"https:\/\/puzzle3d.co\/hu\/wp-json\/wp\/v2\/types\/product"}],"replies":[{"embeddable":true,"href":"https:\/\/puzzle3d.co\/hu\/wp-json\/wp\/v2\/comments?post=1423"}],"wp:featuredmedia":[{"embeddable":true,"href":"https:\/\/puzzle3d.co\/hu\/wp-json\/wp\/v2\/media\/1427"}],"wp:attachment":[{"href":"https:\/\/puzzle3d.co\/hu\/wp-json\/wp\/v2\/media?parent=1423"}],"wp:term":[{"taxonomy":"product_brand","embeddable":true,"href":"https:\/\/puzzle3d.co\/hu\/wp-json\/wp\/v2\/product_brand?post=1423"},{"taxonomy":"product_cat","embeddable":true,"href":"https:\/\/puzzle3d.co\/hu\/wp-json\/wp\/v2\/product_cat?post=1423"},{"taxonomy":"product_tag","embeddable":true,"href":"https:\/\/puzzle3d.co\/hu\/wp-json\/wp\/v2\/product_tag?post=1423"},{"taxonomy":"woo-feed-brand","embeddable":true,"href":"https:\/\/puzzle3d.co\/hu\/wp-json\/wp\/v2\/woo-feed-brand?post=1423"}],"curies":[{"name":"wp","href":"https:\/\/api.w.org\/{rel}","templated":true}]}}