{"id":1184,"date":"2023-02-06T10:42:01","date_gmt":"2023-02-06T10:42:01","guid":{"rendered":"https:\/\/puzzle3d.co\/product\/locomotiva-puzzle-3d-mecanic-copy\/"},"modified":"2026-03-27T20:03:28","modified_gmt":"2026-03-27T20:03:28","slug":"retro-mechanikus-automodellezes","status":"publish","type":"product","link":"https:\/\/puzzle3d.co\/hu\/prodotto\/modellismo-auto-retro-meccanico\/","title":{"rendered":"Retro mechanikus fa modellaut\u00f3, 315 darab"},"content":{"rendered":"<div>\n<p><strong>Retro mechanikus fa modellaut\u00f3, 315 darab<\/strong><\/p>\n<div>B\u00e1r a sebess\u00e9g kor\u00e1ban \u00e9l\u00fcnk, ahol a nagy teljes\u00edtm\u00e9ny\u0171 aut\u00f3k egyre keresettebbek, biztosan senki sem utas\u00edtan\u00e1 vissza az utaz\u00e1st egy retr\u00f3 aut\u00f3val.<\/div>\n<\/div>\n<div>\n<div>\n<div><\/div>\n<div>Mire h\u00edvja fel a figyelmet, ha lehet\u0151s\u00e9ge van megcsod\u00e1lni egy retro aut\u00f3kb\u00f3l \u00e1ll\u00f3 ki\u00e1ll\u00edt\u00e1st?<\/div>\n<div><\/div>\n<div>A kifinomult r\u00e9szletek, az eleg\u00e1ns kieg\u00e9sz\u00edt\u00e9s, a mai modellekben nem tal\u00e1lhat\u00f3 funkci\u00f3k, mindezek arra k\u00e9sztetik az embert, hogy egy kicsit tov\u00e1bb n\u00e9zzen egy klasszikus aut\u00f3ra.<\/div>\n<div><\/div>\n<div>A gyerekek, feln\u0151ttek \u00e9s id\u0151sek \u00e1ltal egyar\u00e1nt im\u00e1dott retroaut\u00f3 tov\u00e1bbra is az aut\u00f3ipar t\u00f6rt\u00e9net\u00e9nek \u00e9s sz\u00e9ps\u00e9g\u00e9nek egyetemes szimb\u00f3luma, amely gener\u00e1ci\u00f3kon \u00e1t\u00edvel\u0151 \u00e9s egyre n\u00e9pszer\u0171bb.<\/div>\n<div><\/div>\n<div>Egy utaz\u00e1sra invit\u00e1ljuk \u00d6nt a m\u00faltba egy leny\u0171g\u00f6z\u0151 vintage modellel.<\/div>\n<div><\/div>\n<div>Nem is tudom, mi izgatja majd jobban: a t\u00f6bb mint 300 puzzle-darab \u00f6sszeszerel\u00e9se, ami majdnem 8 \u00f3r\u00e1t vesz ig\u00e9nybe, vagy a v\u00e9gterm\u00e9k, amely \u00fagy \"elb\u0171v\u00f6l\", mint egy finom bor. Felejthetetlen \u00e9lm\u00e9ny lesz!<\/div>\n<div><\/div>\n<div>Az ind\u00edt\u00f3szerkezet rejt\u00e9lyes m\u00f3don az oldals\u00f3 p\u00f3tker\u00e9kben van elrejtve. Nyissa sz\u00e9lesre az ajt\u00f3kat, \u00e9s \u00fclj\u00f6n k\u00e9nyelmesen. Ford\u00edtsa a korm\u00e1nyt jobbra, \u00e9s a kerekek ugyanabba az ir\u00e1nyba fognak forogni. \u00d6n mellett m\u00e9g mindig van egy szabad hely, ki k\u00eds\u00e9ri el egy t\u00f6rt\u00e9nelmi utaz\u00e1sra?<\/div>\n<div><\/div>\n<div><\/div>\n<div>A retro aut\u00f3 nagyszer\u0171 aj\u00e1nd\u00e9k az aut\u00f3k, a t\u00f6rt\u00e9nelem, az utaz\u00e1s, a gy\u0171jt\u0151k \u00e9s a legjobb bar\u00e1tok rajong\u00f3inak, kort\u00f3l f\u00fcggetlen\u00fcl.<\/div>\n<div><\/div>\n<div>A fa, amelyb\u0151l az aut\u00f3 k\u00e9sz\u00fclt, luxus \u00e9s tart\u00f3ss\u00e1got k\u00f6lcs\u00f6n\u00f6z neki. \u0150szint\u00e9n mondhatjuk, hogy ez egy befektet\u00e9s egy lelk\u00fcnknek kedves t\u00e1rgyba.<\/div>\n<div><\/div>\n<div>Vegyen most egy szem\u00e9lyes klasszikus aut\u00f3t, szerelje \u00f6ssze saj\u00e1t kez\u0171leg, \u00e9s az id\u0151 m\u00fal\u00e1s\u00e1val egyre \u00e9rt\u00e9kesebb lesz.<\/div>\n<div><\/div>\n<div><\/div>\n<div><strong>TERM\u00c9K R\u00c9SZLETEK:<\/strong><\/div>\n<div>Modell m\u00e9retei: 300*170*155 mm<\/div>\n<div>Csomag m\u00e9rete: 374*243*28 mm<\/div>\n<div>Darabsz\u00e1m: 315<\/div>\n<\/div>\n<div><\/div>\n<\/div>","protected":false},"excerpt":{"rendered":"<div>A gyerekek, feln\u0151ttek \u00e9s id\u0151sek \u00e1ltal egyar\u00e1nt im\u00e1dott retroaut\u00f3 tov\u00e1bbra is az aut\u00f3ipar t\u00f6rt\u00e9net\u00e9nek \u00e9s sz\u00e9ps\u00e9g\u00e9nek egyetemes szimb\u00f3luma, amely gener\u00e1ci\u00f3kon \u00e1t\u00edvel\u0151 \u00e9s egyre n\u00e9pszer\u0171bb.<\/div>","protected":false},"featured_media":1187,"comment_status":"open","ping_status":"closed","template":"","meta":{"slim_seo":{"title":"\ud83d\ude97 Retro mechanikus fa modellaut\u00f3, 315 darab","description":"\u00c1ll\u00edtsd \u00f6ssze a retro mechanikus aut\u00f3modellt egy szeretteddel egy\u00fctt, ahogy egy utaz\u00e1snak lennie kell. Ezut\u00e1n tegye mag\u00e1ra a j\u00e1rm\u0171vet, \u00e9s m\u00e1r indulhatunk is!"}},"product_brand":[],"product_cat":[89,91,90,73,88,74,76],"product_tag":[],"woo-feed-brand":[],"class_list":{"0":"post-1184","1":"product","2":"type-product","3":"status-publish","4":"has-post-thumbnail","6":"product_cat-puzzle-meccanici-3d-in-legno","7":"product_cat-puzzle-meccanici-per-adulti","8":"product_cat-puzzle-meccanici-per-bambini","9":"product_cat-puzzle-3d","10":"product_cat-puzzle-3d-adulti","11":"product_cat-puzzle-3d-in-legno","12":"product_cat-puzzle-3d-per-bambini","14":"first","15":"instock","16":"shipping-taxable","17":"purchasable","18":"product-type-simple"},"_links":{"self":[{"href":"https:\/\/puzzle3d.co\/hu\/wp-json\/wp\/v2\/product\/1184","targetHints":{"allow":["GET"]}}],"collection":[{"href":"https:\/\/puzzle3d.co\/hu\/wp-json\/wp\/v2\/product"}],"about":[{"href":"https:\/\/puzzle3d.co\/hu\/wp-json\/wp\/v2\/types\/product"}],"replies":[{"embeddable":true,"href":"https:\/\/puzzle3d.co\/hu\/wp-json\/wp\/v2\/comments?post=1184"}],"wp:featuredmedia":[{"embeddable":true,"href":"https:\/\/puzzle3d.co\/hu\/wp-json\/wp\/v2\/media\/1187"}],"wp:attachment":[{"href":"https:\/\/puzzle3d.co\/hu\/wp-json\/wp\/v2\/media?parent=1184"}],"wp:term":[{"taxonomy":"product_brand","embeddable":true,"href":"https:\/\/puzzle3d.co\/hu\/wp-json\/wp\/v2\/product_brand?post=1184"},{"taxonomy":"product_cat","embeddable":true,"href":"https:\/\/puzzle3d.co\/hu\/wp-json\/wp\/v2\/product_cat?post=1184"},{"taxonomy":"product_tag","embeddable":true,"href":"https:\/\/puzzle3d.co\/hu\/wp-json\/wp\/v2\/product_tag?post=1184"},{"taxonomy":"woo-feed-brand","embeddable":true,"href":"https:\/\/puzzle3d.co\/hu\/wp-json\/wp\/v2\/woo-feed-brand?post=1184"}],"curies":[{"name":"wp","href":"https:\/\/api.w.org\/{rel}","templated":true}]}}