{"id":1177,"date":"2023-02-06T10:20:19","date_gmt":"2023-02-06T10:20:19","guid":{"rendered":"https:\/\/puzzle3d.co\/product\/gramophone-puzzle-3d-copy\/"},"modified":"2026-01-02T05:29:01","modified_gmt":"2026-01-02T05:29:01","slug":"gozmozdony-mechanikus-puzzle","status":"publish","type":"product","link":"https:\/\/puzzle3d.co\/hu\/prodotto\/locomotiva-a-vapore-puzzle-meccanico\/","title":{"rendered":"Mechanikus fa vonatmodell, 325 darab"},"content":{"rendered":"<div>\n<p><strong>F\u00e1b\u00f3l k\u00e9sz\u00fclt mechanikus vonatmodell, 325 darab - G\u0151zmozdony<\/strong><\/p>\n<div>A vil\u00e1g els\u0151 mozdony\u00e1t 1804-ben George Stephenson \u00e9s fia, Robert tal\u00e1lta fel Angli\u00e1ban.<\/div>\n<\/div>\n<div>\n<div>\n<div><\/div>\n<div>Anglia lakoss\u00e1ga egyre n\u0151tt, egyre t\u00f6bb gy\u00e1r l\u00e9tes\u00fclt, \u00e9s sz\u00fcks\u00e9g volt az emberek \u00e9s \u00e1ruk nagy t\u00e1vols\u00e1gokra t\u00f6rt\u00e9n\u0151 sz\u00e1ll\u00edt\u00e1s\u00e1ra.<\/div>\n<div><\/div>\n<div>G\u0151zmozdonynak nevezt\u00e9k, \u00e9s a v\u00e9gsebess\u00e9ge 16 km\/h volt.<\/div>\n<div><\/div>\n<div>\u00c9rdekes, hogy az ellens\u00e9ges gazd\u00e1k akad\u00e1lyozt\u00e1k \u0151ket, akik lovakat haszn\u00e1ltak a vontat\u00e1shoz, \u00e9s nem \u00f6r\u00fcltek annak, hogy a vas\u00fat miatt \u00f6sszeomlott a zabpiac.<\/div>\n<div><\/div>\n<div>\u00c9rdekes, nem igaz?<\/div>\n<div><\/div>\n<div>Most egyetlen csepp ragaszt\u00f3 n\u00e9lk\u00fcl \u00f6ssze\u00e1ll\u00edthatod az els\u0151 gumimotoros mozdonyt. A term\u00e9szetes fadarabok vintage jelleget \u00e9s kifinomult megjelen\u00e9st k\u00f6lcs\u00f6n\u00f6znek neki.<\/div>\n<div><\/div>\n<div>Aj\u00e1nd\u00e9k az eg\u00e9sz csal\u00e1dnak<\/div>\n<div><\/div>\n<div>Rakd \u00f6ssze a mechanikus mozdonyt egy szeretteddel egy\u00fctt, ahogy egy utaz\u00e1snak lennie kell. Ezut\u00e1n tegye mag\u00e1ra a j\u00e1rm\u0171vet, \u00e9s m\u00e1r indulhat is!<\/div>\n<div>Mit szeretn\u00e9l a kocsiba tenni? Van ott el\u00e9g hely... (egy gy\u0171r\u0171, egy jegy vagy egy kulcs sz\u00e1m\u00e1ra).<\/div>\n<div><\/div>\n<div>Az utaz\u00e1s v\u00e9g\u00e9n helyezze el ezt a csod\u00e1latos mozdonyt otthon\u00e1ban egy j\u00f3l l\u00e1that\u00f3 helyre.<\/div>\n<div><\/div>\n<div>T\u00f6k\u00e9letes aj\u00e1nd\u00e9k az utaz\u00e1s szerelmeseinek, a mechanika szerelmeseinek \u00e9s 99 \u00e9ves korig minden gyermeknek.<\/div>\n<div><\/div>\n<div>Most, hogy m\u00e1r van saj\u00e1t szem\u00e9lyes mozdonyod, \u00e9lvezd a romantikus utaz\u00e1sokat min\u00e9l gyakrabban!<\/div>\n<div><\/div>\n<div><\/div>\n<div><\/div>\n<div><strong>TERM\u00c9K R\u00c9SZLETEK:<\/strong><\/div>\n<div>A modell m\u00e9retei: 400*103*178 mm<\/div>\n<div>Csomag m\u00e9rete: 245*188*30 mm<\/div>\n<div><strong>Darabsz\u00e1m: 325<\/strong><\/div>\n<\/div>\n<div><\/div>\n<\/div>","protected":false},"excerpt":{"rendered":"<div>T\u00f6k\u00e9letes aj\u00e1nd\u00e9k az utaz\u00e1s szerelmeseinek, a mechanika szerelmeseinek \u00e9s 99 \u00e9ves korig minden gyermeknek.<\/div>\n<p>&nbsp;<\/p>","protected":false},"featured_media":1180,"comment_status":"open","ping_status":"closed","template":"","meta":{"slim_seo":{"title":"\ud83d\ude82 F\u00e1b\u00f3l k\u00e9sz\u00fclt mechanikus vonatmodell 325 db. Mozdony","description":"Mechanikus fa vonatmodell, 325 darab. Mechanikus mozdony szeretteivel egy\u00fctt, ahogy egy utaz\u00e1snak lennie kell."}},"product_brand":[],"product_cat":[108,89,91,90,73,88,74,76],"product_tag":[],"woo-feed-brand":[],"class_list":{"0":"post-1177","1":"product","2":"type-product","3":"status-publish","4":"has-post-thumbnail","6":"product_cat-modellismo-da-costruire-per-adulti","7":"product_cat-puzzle-meccanici-3d-in-legno","8":"product_cat-puzzle-meccanici-per-adulti","9":"product_cat-puzzle-meccanici-per-bambini","10":"product_cat-puzzle-3d","11":"product_cat-puzzle-3d-adulti","12":"product_cat-puzzle-3d-in-legno","13":"product_cat-puzzle-3d-per-bambini","15":"first","16":"instock","17":"shipping-taxable","18":"purchasable","19":"product-type-simple"},"_links":{"self":[{"href":"https:\/\/puzzle3d.co\/hu\/wp-json\/wp\/v2\/product\/1177","targetHints":{"allow":["GET"]}}],"collection":[{"href":"https:\/\/puzzle3d.co\/hu\/wp-json\/wp\/v2\/product"}],"about":[{"href":"https:\/\/puzzle3d.co\/hu\/wp-json\/wp\/v2\/types\/product"}],"replies":[{"embeddable":true,"href":"https:\/\/puzzle3d.co\/hu\/wp-json\/wp\/v2\/comments?post=1177"}],"wp:featuredmedia":[{"embeddable":true,"href":"https:\/\/puzzle3d.co\/hu\/wp-json\/wp\/v2\/media\/1180"}],"wp:attachment":[{"href":"https:\/\/puzzle3d.co\/hu\/wp-json\/wp\/v2\/media?parent=1177"}],"wp:term":[{"taxonomy":"product_brand","embeddable":true,"href":"https:\/\/puzzle3d.co\/hu\/wp-json\/wp\/v2\/product_brand?post=1177"},{"taxonomy":"product_cat","embeddable":true,"href":"https:\/\/puzzle3d.co\/hu\/wp-json\/wp\/v2\/product_cat?post=1177"},{"taxonomy":"product_tag","embeddable":true,"href":"https:\/\/puzzle3d.co\/hu\/wp-json\/wp\/v2\/product_tag?post=1177"},{"taxonomy":"woo-feed-brand","embeddable":true,"href":"https:\/\/puzzle3d.co\/hu\/wp-json\/wp\/v2\/woo-feed-brand?post=1177"}],"curies":[{"name":"wp","href":"https:\/\/api.w.org\/{rel}","templated":true}]}}