{"id":1139,"date":"2023-02-03T13:44:29","date_gmt":"2023-02-03T13:44:29","guid":{"rendered":"https:\/\/puzzle3d.co\/product\/moara-de-vant-puzzle-3d-mecanic-copy\/"},"modified":"2026-01-02T05:29:02","modified_gmt":"2026-01-02T05:29:02","slug":"fekete-fa-macskahaz","status":"publish","type":"product","link":"https:\/\/puzzle3d.co\/hu\/prodotto\/casetta-per-gatti-in-legno-nero\/","title":{"rendered":"152 darabos fa macskah\u00e1z"},"content":{"rendered":"<p><strong>152 darabos fa macskah\u00e1z k\u00fcl\u00f6nb\u00f6z\u0151 sz\u00ednekben<\/strong><\/p>\n<div>\n<div>Amikor \u00e1lmodnak, a macsk\u00e1k r\u00e1zz\u00e1k a l\u00e1bukat, dorombolnak \u00e9s mosolyognak. Egy kellemes \u00e1lom ut\u00e1n rendk\u00edv\u00fcli hangulatban vannak: gazd\u00e1juknak sok szeretetet \u00e9s simogat\u00e1st ny\u00fajtanak.<\/div>\n<div><\/div>\n<div>Tudjuk, hogy mennyire t\u00f6r\u0151dik szeretett h\u00e1zi\u00e1llat\u00e1val. Ez\u00e9rt a term\u00e9szetes fadarabokat olyan ide\u00e1lisan v\u00e1gjuk \u00e9s illesztj\u00fck \u00f6ssze, hogy egyetlen csepp ragaszt\u00f3ra sincs sz\u00fcks\u00e9g. Csak egy puha takar\u00f3.<\/div>\n<div><\/div>\n<div>A f\u00e1b\u00f3l k\u00e9sz\u00fclt j\u00e1tsz\u00f3h\u00e1z olyan, mint egy szerelmi vallom\u00e1s a macsk\u00e1nak. Szeresd \u0151t annyira, amennyire \u0151 szeret t\u00e9ged.<\/div>\n<div><\/div>\n<div>F\u00e1b\u00f3l k\u00e9sz\u00fclt macskah\u00e1z sz\u0151rrel. 4 sz\u00ednv\u00e1laszt\u00e9kban kaphat\u00f3:<\/div>\n<\/div>\n<ul>\n<li>kis fekete h\u00e1z feh\u00e9r sz\u0151rrel<\/li>\n<li>feh\u00e9r h\u00e1z fekete bund\u00e1val<\/li>\n<li>feh\u00e9r h\u00e1z r\u00f3zsasz\u00edn bund\u00e1val<\/li>\n<li>fah\u00e1z feh\u00e9r bund\u00e1val.<\/li>\n<\/ul>\n<div>\n<div><\/div>\n<div><strong>TERM\u00c9K R\u00c9SZLETEK:<\/strong><\/div>\n<div><\/div>\n<div>A modell m\u00e9retei: 480*362*456 mm<\/div>\n<div>Csomag m\u00e9rete: 580*380*40 mm<\/div>\n<div>Darabsz\u00e1m: 152<\/div>\n<\/div>\n<div><\/div>","protected":false},"excerpt":{"rendered":"<div><\/div>\n<p>&nbsp;<\/p>","protected":false},"featured_media":2672,"comment_status":"open","ping_status":"closed","template":"","meta":[],"product_brand":[],"product_cat":[99],"product_tag":[],"woo-feed-brand":[],"class_list":{"0":"post-1139","1":"product","2":"type-product","3":"status-publish","4":"has-post-thumbnail","6":"product_cat-casette-per-gatti-da-interno","8":"first","9":"instock","10":"shipping-taxable","11":"purchasable","12":"product-type-variable"},"_links":{"self":[{"href":"https:\/\/puzzle3d.co\/hu\/wp-json\/wp\/v2\/product\/1139","targetHints":{"allow":["GET"]}}],"collection":[{"href":"https:\/\/puzzle3d.co\/hu\/wp-json\/wp\/v2\/product"}],"about":[{"href":"https:\/\/puzzle3d.co\/hu\/wp-json\/wp\/v2\/types\/product"}],"replies":[{"embeddable":true,"href":"https:\/\/puzzle3d.co\/hu\/wp-json\/wp\/v2\/comments?post=1139"}],"wp:featuredmedia":[{"embeddable":true,"href":"https:\/\/puzzle3d.co\/hu\/wp-json\/wp\/v2\/media\/2672"}],"wp:attachment":[{"href":"https:\/\/puzzle3d.co\/hu\/wp-json\/wp\/v2\/media?parent=1139"}],"wp:term":[{"taxonomy":"product_brand","embeddable":true,"href":"https:\/\/puzzle3d.co\/hu\/wp-json\/wp\/v2\/product_brand?post=1139"},{"taxonomy":"product_cat","embeddable":true,"href":"https:\/\/puzzle3d.co\/hu\/wp-json\/wp\/v2\/product_cat?post=1139"},{"taxonomy":"product_tag","embeddable":true,"href":"https:\/\/puzzle3d.co\/hu\/wp-json\/wp\/v2\/product_tag?post=1139"},{"taxonomy":"woo-feed-brand","embeddable":true,"href":"https:\/\/puzzle3d.co\/hu\/wp-json\/wp\/v2\/woo-feed-brand?post=1139"}],"curies":[{"name":"wp","href":"https:\/\/api.w.org\/{rel}","templated":true}]}}