{"id":457,"date":"2023-01-12T16:12:45","date_gmt":"2023-01-12T16:12:45","guid":{"rendered":"https:\/\/puzzle3d.co\/?page_id=457"},"modified":"2025-02-16T07:17:23","modified_gmt":"2025-02-16T07:17:23","slug":"kik-vagyunk","status":"publish","type":"page","link":"https:\/\/puzzle3d.co\/hu\/chi-siamo\/","title":{"rendered":"R\u00f3lunk"},"content":{"rendered":"<section class=\"section\" id=\"section_2066496316\">\n\t\t<div class=\"section-bg fill\" >\n\t\t\t\t\t\t\t\t\t\n\t\t\t\n\n\t\t<\/div>\n\n\t\t\n\n\t\t<div class=\"section-content relative\">\n\t\t\t\n<div class=\"row row-collapse row-full-width align-middle\"  id=\"row-770187423\">\n\n\t<div id=\"col-2140782076\" class=\"col medium-12 small-12 large-6\"  >\n\t\t\t\t<div class=\"col-inner\"  >\n\t\t\t\n\t\t\t\n\t<div id=\"gap-2123053231\" class=\"gap-element clearfix\" style=\"display:block; height:auto;\">\n\t\t\n<style>\n#gap-2123053231 {\n  padding-top: 50px;\n}\n<\/style>\n\t<\/div>\n\t\n<div class=\"row align-center\"  id=\"row-1090900933\">\n\n\t<div id=\"col-79115619\" class=\"col small-12 large-12\"  >\n\t\t\t\t<div class=\"col-inner text-center\"  >\n\t\t\t\n\t\t\t\n\t<div id=\"text-75080480\" class=\"text\">\n\t\t\n<h1 class=\"uppercase\">R\u00f3lunk<\/h1>\n\t\t\n<style>\n#text-75080480 {\n  font-size: 1.75rem;\n}\n@media (min-width:550px) {\n  #text-75080480 {\n    font-size: 2rem;\n  }\n}\n<\/style>\n\t<\/div>\n\t\n<div>Az Ewa Eco Wood Art Italia m\u00e1rka hivatalos forgalmaz\u00f3i vagyunk. Term\u00e9szetes anyagokb\u00f3l k\u00e9sz\u00fclt mechanikus modellek \u00e9p\u00edt\u0151anyag form\u00e1j\u00e1ban, melyeket \u00f6nmaga \u00e1ll\u00edthat \u00f6ssze (ragaszt\u00f3 \u00e9s speci\u00e1lis szersz\u00e1mok n\u00e9lk\u00fcl), kirak\u00f3k, j\u00e1t\u00e9kok, aj\u00e1nd\u00e9kt\u00e1rgyak \u00e9s c\u00e9ges aj\u00e1nd\u00e9kok.<\/div>\n<div><\/div>\n<div>Egy egyre rohan\u00f3 vil\u00e1gban \u00fagy d\u00f6nt\u00f6tt\u00fcnk, hogy \u00f6sszehozzuk a csal\u00e1dot \u00e9s a bar\u00e1tokat, hogy egy\u00fctt t\u00f6ltsenek el egy kis min\u0151s\u00e9gi id\u0151t, \u00e9s \u00f6ssze\u00e1ll\u00edtunk egy <a class=\"wpil_keyword_link\" title=\"kirak\u00f3s\" href=\"https:\/\/puzzle3d.co\/collection\/puzzle-3d\/\" data-wpil-keyword-link=\"linked\">kirak\u00f3s<\/a>.<\/div>\n<div><\/div>\n<div>\u00c9rt\u00e9keink a csal\u00e1d, az eg\u00e9szs\u00e9g \u00e9s a term\u00e9szet.<\/div>\n<div>Ha minden csal\u00e1dban kialakul a rejtv\u00e9ny k\u00f6z\u00f6s megold\u00e1s\u00e1nak kult\u00far\u00e1ja, a m\u00e9ly \u00e9s hiteles kommunik\u00e1ci\u00f3 h\u00e1tter\u00e9ben, az azt jelenti, hogy k\u00fcldet\u00e9s\u00fcnk teljes\u00fclni fog.<\/div>\n<div><\/div>\n<div>Idegseb\u00e9szek \u00e9s pszichol\u00f3gus professzorok \u00e1ltal v\u00e9gzett kutat\u00e1sok bizony\u00edtott\u00e1k a rejtv\u00e9nyek j\u00f3t\u00e9kony hat\u00e1s\u00e1t az agy eg\u00e9szs\u00e9g\u00e9re \u00e9s az emberi viselked\u00e9sre.<\/div>\n<div><\/div>\n<div>A fenntarthat\u00f3 anyagok \u00e9s a term\u00e9szet ir\u00e1nti gondoskod\u00e1s az egyik legfontosabb szempontunk. A darabok f\u00e1b\u00f3l k\u00e9sz\u00fclnek, \u00e9s egyetlen csepp ragaszt\u00f3 n\u00e9lk\u00fcl vannak \u00f6sszeszerelve.<\/div>\n<div><\/div>\n<div>Egyre t\u00f6bb feln\u0151tt van tiszt\u00e1ban ezekkel az el\u0151ny\u00f6kkel, \u00e9s egyre t\u00f6bben v\u00e1lasztj\u00e1k a rejtv\u00e9nyfejt\u00e9st el\u00e9rhet\u0151 \u00e9s \u00e9rdekes hobbinak. \u00c9s ez boldogg\u00e1 tesz minket!<\/div>\n<div>A vil\u00e1gj\u00e1rv\u00e1ny megtan\u00edtott minket a kommunik\u00e1ci\u00f3 \u00e9s a szeretteinkkel val\u00f3 tal\u00e1lkoz\u00e1s igazi \u00e9rt\u00e9k\u00e9re. Ne habozzon teh\u00e1t: v\u00e1lassza kedvenc kirak\u00f3j\u00e1t, \u00e9s \u00e9lje sz\u00e9pen az \u00e9letet!<\/div>\n<div><\/div>\n<div>Hisz\u00fcnk abban, hogy \"A sz\u00e9ps\u00e9g megmenti a vil\u00e1got!\" A technol\u00f3gia \u00e9s a robotika kor\u00e1ban pedig saj\u00e1t kez\u0171leg l\u00e9trehozni valami sz\u00e9pet olyan, mintha saj\u00e1t sz\u00e1rnyaiddal rep\u00fcln\u00e9l az \u00e9gen.<\/div>\n\t<div id=\"gap-1735270365\" class=\"gap-element clearfix\" style=\"display:block; height:auto;\">\n\t\t\n<style>\n#gap-1735270365 {\n  padding-top: 20px;\n}\n@media (min-width:550px) {\n  #gap-1735270365 {\n    padding-top: 0px;\n  }\n}\n<\/style>\n\t<\/div>\n\t\n<a href=\"https:\/\/puzzle3d.co\/\" class=\"button secondary is-underline\" >\n\t\t<span>fedezze fel a<\/span>\n\t<\/a>\n\n\t\t<\/div>\n\t\t\t\t\n<style>\n#col-79115619 > .col-inner {\n  padding: 30px 5% 30px 5%;\n}\n@media (min-width:550px) {\n  #col-79115619 > .col-inner {\n    padding: 50px 10% 50px 10%;\n  }\n}\n@media (min-width:850px) {\n  #col-79115619 > .col-inner {\n    padding: 0px 5% 0px 5%;\n  }\n}\n<\/style>\n\t<\/div>\n\n\t\n<\/div>\n\t\t<\/div>\n\t\t\t\t\t<\/div>\n\n\t\n\n\t<div id=\"col-464618998\" class=\"col medium-12 small-12 large-6\"  >\n\t\t\t\t<div class=\"col-inner\" style=\"background-color:rgb(255, 255, 255);\" >\n\t\t\t\n\t\t\t\n<div class=\"slider-wrapper relative\" id=\"slider-1706930192\" >\n    <div class=\"slider slider-nav-circle slider-nav-large slider-nav-light slider-style-container\"\n        data-flickity-options='{            \"cellAlign\": \"center\",            \"imagesLoaded\": true,            \"lazyLoad\": 1,            \"freeScroll\": true,            \"wrapAround\": true,            \"autoPlay\": 100,            \"pauseAutoPlayOnHover\" : false,            \"prevNextButtons\": false,            \"contain\" : true,            \"adaptiveHeight\" : true,            \"dragThreshold\" : 10,            \"percentPosition\": true,            \"pageDots\": true,            \"rightToLeft\": false,            \"draggable\": true,            \"selectedAttraction\": 0.1,            \"parallax\" : 0,            \"friction\": 0.6        }'\n        >\n        \n\n  <div class=\"banner has-hover\" id=\"banner-216359481\">\n          <div class=\"banner-inner fill\">\n        <div class=\"banner-bg fill\" >\n            <img loading=\"lazy\" decoding=\"async\" width=\"1000\" height=\"650\" src=\"https:\/\/puzzle3d.co\/wp-content\/uploads\/2013\/12\/tren-abur2.jpg\" class=\"bg attachment-large size-large\" alt=\"\">                                    \n                    <\/div>\n\t\t\n        <div class=\"banner-layers container\">\n            <div class=\"fill banner-link\"><\/div>            \n   <div id=\"text-box-240451917\" class=\"text-box banner-layer x50 md-x50 lg-x50 y50 md-y50 lg-y50 res-text\">\n                                <div class=\"text-box-content text dark\">\n              \n              <div class=\"text-inner text-center\">\n                  \n              <\/div>\n           <\/div>\n                            \n<style>\n#text-box-240451917 {\n  width: 60%;\n}\n#text-box-240451917 .text-box-content {\n  font-size: 100%;\n}\n<\/style>\n    <\/div>\n \n        <\/div>\n      <\/div>\n\n            \n<style>\n#banner-216359481 {\n  padding-top: 300px;\n  background-color: rgba(255, 255, 255, 0);\n}\n#banner-216359481 .banner-bg img {\n  object-position: 28% 50%;\n}\n@media (min-width:550px) {\n  #banner-216359481 {\n    padding-top: 450px;\n  }\n}\n@media (min-width:850px) {\n  #banner-216359481 {\n    padding-top: 750px;\n  }\n}\n<\/style>\n  <\/div>\n\n\n\n  <div class=\"banner has-hover\" id=\"banner-704376799\">\n          <div class=\"banner-inner fill\">\n        <div class=\"banner-bg fill\" >\n            <img loading=\"lazy\" decoding=\"async\" width=\"1000\" height=\"650\" src=\"https:\/\/puzzle3d.co\/wp-content\/uploads\/2023\/01\/caine.jpg\" class=\"bg attachment-large size-large\" alt=\"\">                                    \n                    <\/div>\n\t\t\n        <div class=\"banner-layers container\">\n            <div class=\"fill banner-link\"><\/div>            \n   <div id=\"text-box-1749631843\" class=\"text-box banner-layer x50 md-x50 lg-x50 y50 md-y50 lg-y50 res-text\">\n                                <div class=\"text-box-content text dark\">\n              \n              <div class=\"text-inner text-center\">\n                  \n              <\/div>\n           <\/div>\n                            \n<style>\n#text-box-1749631843 {\n  width: 60%;\n}\n#text-box-1749631843 .text-box-content {\n  font-size: 100%;\n}\n<\/style>\n    <\/div>\n \n        <\/div>\n      <\/div>\n\n            \n<style>\n#banner-704376799 {\n  padding-top: 300px;\n  background-color: rgba(255, 255, 255, 0);\n}\n#banner-704376799 .banner-bg img {\n  object-position: 41% 8%;\n}\n@media (min-width:550px) {\n  #banner-704376799 {\n    padding-top: 450px;\n  }\n}\n@media (min-width:850px) {\n  #banner-704376799 {\n    padding-top: 750px;\n  }\n}\n<\/style>\n  <\/div>\n\n\n\n  <div class=\"banner has-hover\" id=\"banner-1146530463\">\n          <div class=\"banner-inner fill\">\n        <div class=\"banner-bg fill\" >\n            <img loading=\"lazy\" decoding=\"async\" width=\"1000\" height=\"650\" src=\"https:\/\/puzzle3d.co\/wp-content\/uploads\/2023\/01\/lion.jpg\" class=\"bg attachment-large size-large\" alt=\"\">                                    \n                    <\/div>\n\t\t\n        <div class=\"banner-layers container\">\n            <div class=\"fill banner-link\"><\/div>            \n   <div id=\"text-box-208738768\" class=\"text-box banner-layer x50 md-x50 lg-x50 y50 md-y50 lg-y50 res-text\">\n                                <div class=\"text-box-content text dark\">\n              \n              <div class=\"text-inner text-center\">\n                  \n              <\/div>\n           <\/div>\n                            \n<style>\n#text-box-208738768 {\n  width: 60%;\n}\n#text-box-208738768 .text-box-content {\n  font-size: 100%;\n}\n<\/style>\n    <\/div>\n \n        <\/div>\n      <\/div>\n\n            \n<style>\n#banner-1146530463 {\n  padding-top: 300px;\n  background-color: rgba(255, 255, 255, 0);\n}\n#banner-1146530463 .banner-bg img {\n  object-position: 42% 48%;\n}\n@media (min-width:550px) {\n  #banner-1146530463 {\n    padding-top: 450px;\n  }\n}\n@media (min-width:850px) {\n  #banner-1146530463 {\n    padding-top: 750px;\n  }\n}\n<\/style>\n  <\/div>\n\n\n     <\/div>\n\n     <div class=\"loading-spin dark large centered\"><\/div>\n\n\t<\/div>\n\n\n\t<div id=\"gap-1159249775\" class=\"gap-element clearfix\" style=\"display:block; height:auto;\">\n\t\t\n<style>\n#gap-1159249775 {\n  padding-top: 30px;\n}\n<\/style>\n\t<\/div>\n\t\n<div class=\"row\"  id=\"row-1145328490\">\n\n\t<div id=\"col-169236942\" class=\"col small-12 large-12\"  >\n\t\t\t\t<div class=\"col-inner\"  >\n\t\t\t\n\t\t\t\n<div class=\"row row-solid\"  id=\"row-1719430985\">\n\n\t<div id=\"col-1673412907\" class=\"col medium-4 small-12 large-4\"  >\n\t\t\t\t<div class=\"col-inner text-center\"  >\n\t\t\t\n\t\t\t\n\t<div id=\"gap-1254882444\" class=\"gap-element clearfix\" style=\"display:block; height:auto;\">\n\t\t\n<style>\n#gap-1254882444 {\n  padding-top: 5px;\n}\n<\/style>\n\t<\/div>\n\t\n\t<div id=\"text-3581650484\" class=\"text\">\n\t\t\n<h4>Cola n\u00e9lk\u00fcl<\/h4>\n\t\t\n<style>\n#text-3581650484 {\n  line-height: 0.75;\n}\n<\/style>\n\t<\/div>\n\t\n\t\t<\/div>\n\t\t\t\t\t<\/div>\n\n\t\n\n\t<div id=\"col-177748375\" class=\"col medium-4 small-12 large-4\"  >\n\t\t\t\t<div class=\"col-inner text-center\"  >\n\t\t\t\n\t\t\t\n\t<div id=\"gap-2135222858\" class=\"gap-element clearfix\" style=\"display:block; height:auto;\">\n\t\t\n<style>\n#gap-2135222858 {\n  padding-top: 5px;\n}\n<\/style>\n\t<\/div>\n\t\n\t<div id=\"text-3911409684\" class=\"text\">\n\t\t\n<h4>Fenntarthat\u00f3<\/h4>\n\t\t\n<style>\n#text-3911409684 {\n  line-height: 0.75;\n}\n<\/style>\n\t<\/div>\n\t\n\t\t<\/div>\n\t\t\t\t\t<\/div>\n\n\t\n\n\t<div id=\"col-1230640236\" class=\"col medium-4 small-12 large-4\"  >\n\t\t\t\t<div class=\"col-inner text-center\"  >\n\t\t\t\n\t\t\t\n\t<div id=\"gap-2116846807\" class=\"gap-element clearfix\" style=\"display:block; height:auto;\">\n\t\t\n<style>\n#gap-2116846807 {\n  padding-top: 5px;\n}\n<\/style>\n\t<\/div>\n\t\n\t<div id=\"text-2525030772\" class=\"text\">\n\t\t\n<h4>Kreat\u00edv<\/h4>\n\t\t\n<style>\n#text-2525030772 {\n  line-height: 0.75;\n}\n<\/style>\n\t<\/div>\n\t\n\t\t<\/div>\n\t\t\t\t\t<\/div>\n\n\t\n<\/div>\n\t\t<\/div>\n\t\t\t\t\n<style>\n#col-169236942 > .col-inner {\n  padding: 0px 5% 0px 5%;\n  margin: 0px 0px 0px 0px;\n}\n@media (min-width:850px) {\n  #col-169236942 > .col-inner {\n    padding: 0px 10% 0px 10%;\n    margin: 0px 0px -15px 0px;\n  }\n}\n<\/style>\n\t<\/div>\n\n\t\n<\/div>\n\t\t<\/div>\n\t\t\t\t\t<\/div>\n\n\t\n<\/div>\n\t\t<\/div>\n\n\t\t\n<style>\n#section_2066496316 {\n  padding-top: 50px;\n  padding-bottom: 50px;\n  background-color: rgb(237, 236, 232);\n}\n<\/style>\n\t<\/section>","protected":false},"excerpt":{"rendered":"","protected":false},"author":10,"featured_media":0,"parent":0,"menu_order":0,"comment_status":"closed","ping_status":"closed","template":"","meta":{"footnotes":""},"class_list":["post-457","page","type-page","status-publish","hentry"],"_links":{"self":[{"href":"https:\/\/puzzle3d.co\/hu\/wp-json\/wp\/v2\/pages\/457","targetHints":{"allow":["GET"]}}],"collection":[{"href":"https:\/\/puzzle3d.co\/hu\/wp-json\/wp\/v2\/pages"}],"about":[{"href":"https:\/\/puzzle3d.co\/hu\/wp-json\/wp\/v2\/types\/page"}],"author":[{"embeddable":true,"href":"https:\/\/puzzle3d.co\/hu\/wp-json\/wp\/v2\/users\/10"}],"replies":[{"embeddable":true,"href":"https:\/\/puzzle3d.co\/hu\/wp-json\/wp\/v2\/comments?post=457"}],"version-history":[{"count":0,"href":"https:\/\/puzzle3d.co\/hu\/wp-json\/wp\/v2\/pages\/457\/revisions"}],"wp:attachment":[{"href":"https:\/\/puzzle3d.co\/hu\/wp-json\/wp\/v2\/media?parent=457"}],"curies":[{"name":"wp","href":"https:\/\/api.w.org\/{rel}","templated":true}]}}