{"id":3037,"date":"2023-11-15T18:15:18","date_gmt":"2023-11-15T18:15:18","guid":{"rendered":"https:\/\/puzzle3d.co\/?page_id=3037"},"modified":"2025-02-16T07:14:26","modified_gmt":"2025-02-16T07:14:26","slug":"eu-adatvedelmi-nyilatkozat","status":"publish","type":"page","link":"https:\/\/puzzle3d.co\/hu\/dichiarazione-sulla-privacy-ue\/","title":{"rendered":"Adatv\u00e9delmi nyilatkozat (EU)"},"content":{"rendered":"<h1><span id=\"Dichiarazione_sulla_Privacy_UE\"><strong>Adatv\u00e9delmi nyilatkozat (EU)<\/strong><\/span><\/h1>\n<p><em>Ezt az adatv\u00e9delmi nyilatkozatot legut\u00f3bb 2022. okt\u00f3ber 21-\u00e9n friss\u00edtett\u00fck, \u00e9s az Eur\u00f3pai Gazdas\u00e1gi T\u00e9rs\u00e9g \u00e9s Sv\u00e1jc \u00e1llampolg\u00e1raira \u00e9s \u00e1lland\u00f3 lakosaira vonatkozik.<\/em><\/p>\n<p>Ebben az adatv\u00e9delmi nyilatkozatban elmagyar\u00e1zzuk, hogy mit tesz\u00fcnk azokkal az adatokkal, amelyeket a https:\/\/puzzle3d.co oldalon kereszt\u00fcl kapunk \u00d6nt\u0151l. Javasoljuk, hogy figyelmesen olvassa el a nyilatkozatot. A feldolgoz\u00e1s sor\u00e1n betartjuk az adatv\u00e9delmi jogszab\u00e1lyok k\u00f6vetelm\u00e9nyeit. Ez t\u00f6bbek k\u00f6z\u00f6tt azt jelenti, hogy:<\/p>\n<ul>\n<li>vil\u00e1gosan k\u00f6z\u00f6lj\u00fck, hogy mi\u00e9rt dolgozunk fel szem\u00e9lyes adatokat. Ezt a jelen adatv\u00e9delmi nyilatkozat seg\u00edts\u00e9g\u00e9vel tessz\u00fck;<\/li>\n<li>C\u00e9lunk, hogy a szem\u00e9lyes adatok gy\u0171jt\u00e9s\u00e9t csak a t\u00f6rv\u00e9nyes c\u00e9lokhoz sz\u00fcks\u00e9ges adatokra korl\u00e1tozzuk;<\/li>\n<li>a hozz\u00e1j\u00e1rul\u00e1s\u00e1t ig\u00e9nyl\u0151 esetekben el\u0151sz\u00f6r az \u00d6n kifejezett hozz\u00e1j\u00e1rul\u00e1s\u00e1t k\u00e9rj\u00fck az \u00d6n szem\u00e9lyes adatainak feldolgoz\u00e1s\u00e1hoz;<\/li>\n<li>Megfelel\u0151 biztons\u00e1gi int\u00e9zked\u00e9seket tesz\u00fcnk az \u00d6n szem\u00e9lyes adatainak v\u00e9delme \u00e9rdek\u00e9ben, \u00e9s ezt megk\u00f6vetelj\u00fck a szem\u00e9lyes adatokat a nev\u00fcnkben feldolgoz\u00f3 felekt\u0151l is;<\/li>\n<li>tiszteletben tartjuk a szem\u00e9lyes adataihoz val\u00f3 hozz\u00e1f\u00e9r\u00e9shez, illetve k\u00e9r\u00e9s\u00e9re azok helyesb\u00edt\u00e9s\u00e9hez vagy t\u00f6rl\u00e9s\u00e9hez val\u00f3 jog\u00e1t.<\/li>\n<\/ul>\n<p>Ha b\u00e1rmilyen k\u00e9rd\u00e9se van, vagy szeretn\u00e9 tudni, hogy pontosan milyen adatokat t\u00e1rolunk, k\u00e9rj\u00fck, l\u00e9pjen kapcsolatba vel\u00fcnk.<\/p>\n<ol>\n<li><strong>C\u00e9l, adatok \u00e9s meg\u0151rz\u00e9si id\u0151szak<\/strong><\/li>\n<\/ol>\n<p>Szem\u00e9lyes adatokat gy\u0171jthet\u00fcnk vagy kaphatunk az \u00fczleti tev\u00e9kenys\u00e9g\u00fcnkkel kapcsolatos k\u00fcl\u00f6nf\u00e9le c\u00e9lokb\u00f3l, amelyek a k\u00f6vetkez\u0151k lehetnek: (kattintson a b\u0151v\u00edt\u00e9shez)<\/p>\n<h3><span id=\"11_Contatto_8211_Tramite_telefono_posta_email_eo_moduli_web\">1.1 Kapcsolatfelv\u00e9tel - telefonon, postai \u00faton, e-mailben \u00e9s\/vagy webes \u0171rlapokon kereszt\u00fcl<\/span><\/h3>\n<p><strong>Ebb\u0151l a c\u00e9lb\u00f3l a k\u00f6vetkez\u0151 adatokat haszn\u00e1ljuk:<\/strong><\/p>\n<ul>\n<li>Kereszt- \u00e9s vezet\u00e9kn\u00e9v<\/li>\n<li>Fi\u00f3kn\u00e9v vagy \u00e1ln\u00e9v<\/li>\n<li>Egy h\u00e1z vagy egy m\u00e1sik fizikai c\u00edm, bele\u00e9rtve az utcanevet \u00e9s a v\u00e1rost is.<\/li>\n<li>Egy e-mail c\u00edm<\/li>\n<li>Telefonsz\u00e1m<\/li>\n<li>IP-c\u00edm<\/li>\n<li>internetes tev\u00e9kenys\u00e9gre vonatkoz\u00f3 inform\u00e1ci\u00f3k, bele\u00e9rtve, de nem kiz\u00e1r\u00f3lagosan, a b\u00f6ng\u00e9sz\u00e9si el\u0151zm\u00e9nyeket, a keres\u00e9si el\u0151zm\u00e9nyeket \u00e9s a felhaszn\u00e1l\u00f3 internetes weboldallal, alkalmaz\u00e1ssal vagy hirdet\u00e9ssel val\u00f3 interakci\u00f3j\u00e1ra vonatkoz\u00f3 inform\u00e1ci\u00f3kat.<\/li>\n<li>Geolok\u00e1ci\u00f3s adatok<\/li>\n<\/ul>\n<p><strong>Az adatok feldolgoz\u00e1s\u00e1nak alapja:<\/strong><\/p>\n<p><a href=\"https:\/\/cookiedatabase.org\/legal-bases\/#consent\" target=\"_blank\" rel=\"noopener\">A beleegyez\u00e9sr\u0151l.<\/a><\/p>\n<p><strong>T\u00e1rol\u00e1si id\u0151szak<\/strong><\/p>\n<p>A szolg\u00e1ltat\u00e1s megsz\u0171n\u00e9sekor ezeket az adatokat a k\u00f6vetkez\u0151 ideig \u0151rizz\u00fck meg: 24 h\u00f3nap.<\/p>\n<h3><span id=\"12_Pagamenti\">1.2 Kifizet\u00e9sek<\/span><\/h3>\n<p><strong>Ebb\u0151l a c\u00e9lb\u00f3l a k\u00f6vetkez\u0151 adatokat haszn\u00e1ljuk:<\/strong><\/p>\n<ul>\n<li>Kereszt- \u00e9s vezet\u00e9kn\u00e9v<\/li>\n<li>Fi\u00f3kn\u00e9v vagy \u00e1ln\u00e9v<\/li>\n<li>Egy h\u00e1z vagy egy m\u00e1sik fizikai c\u00edm, bele\u00e9rtve az utcanevet \u00e9s a v\u00e1rost is.<\/li>\n<li>Egy e-mail c\u00edm<\/li>\n<li>Telefonsz\u00e1m<\/li>\n<li>IP-c\u00edm<\/li>\n<li>internetes tev\u00e9kenys\u00e9gre vonatkoz\u00f3 inform\u00e1ci\u00f3k, bele\u00e9rtve, de nem kiz\u00e1r\u00f3lagosan, a b\u00f6ng\u00e9sz\u00e9si el\u0151zm\u00e9nyeket, a keres\u00e9si el\u0151zm\u00e9nyeket \u00e9s a felhaszn\u00e1l\u00f3 internetes weboldallal, alkalmaz\u00e1ssal vagy hirdet\u00e9ssel val\u00f3 interakci\u00f3j\u00e1ra vonatkoz\u00f3 inform\u00e1ci\u00f3kat.<\/li>\n<\/ul>\n<p><strong>Az adatok feldolgoz\u00e1s\u00e1nak alapja:<\/strong><\/p>\n<p><a href=\"https:\/\/cookiedatabase.org\/legal-bases\/#consent\" target=\"_blank\" rel=\"noopener\">A beleegyez\u00e9sr\u0151l.<\/a><\/p>\n<p><strong>T\u00e1rol\u00e1si id\u0151szak<\/strong><\/p>\n<p>A szolg\u00e1ltat\u00e1s megsz\u0171n\u00e9sekor ezeket az adatokat a k\u00f6vetkez\u0151 ideig \u0151rizz\u00fck meg: 24 h\u00f3nap.<\/p>\n<h3><span id=\"13_Registrazione_account\">1.3 Sz\u00e1mla regisztr\u00e1ci\u00f3<\/span><\/h3>\n<p><strong>Ebb\u0151l a c\u00e9lb\u00f3l a k\u00f6vetkez\u0151 adatokat haszn\u00e1ljuk:<\/strong><\/p>\n<ul>\n<li>Kereszt- \u00e9s vezet\u00e9kn\u00e9v<\/li>\n<li>Fi\u00f3kn\u00e9v vagy \u00e1ln\u00e9v<\/li>\n<li>Egy h\u00e1z vagy egy m\u00e1sik fizikai c\u00edm, bele\u00e9rtve az utcanevet \u00e9s a v\u00e1rost is.<\/li>\n<li>Egy e-mail c\u00edm<\/li>\n<li>Telefonsz\u00e1m<\/li>\n<li>IP-c\u00edm<\/li>\n<li>internetes tev\u00e9kenys\u00e9gre vonatkoz\u00f3 inform\u00e1ci\u00f3k, bele\u00e9rtve, de nem kiz\u00e1r\u00f3lagosan, a b\u00f6ng\u00e9sz\u00e9si el\u0151zm\u00e9nyeket, a keres\u00e9si el\u0151zm\u00e9nyeket \u00e9s a felhaszn\u00e1l\u00f3 internetes weboldallal, alkalmaz\u00e1ssal vagy hirdet\u00e9ssel val\u00f3 interakci\u00f3j\u00e1ra vonatkoz\u00f3 inform\u00e1ci\u00f3kat.<\/li>\n<\/ul>\n<p><strong>Az adatok feldolgoz\u00e1s\u00e1nak alapja:<\/strong><\/p>\n<p><a href=\"https:\/\/cookiedatabase.org\/legal-bases\/#consent\" target=\"_blank\" rel=\"noopener\">A beleegyez\u00e9sr\u0151l.<\/a><\/p>\n<p><strong>T\u00e1rol\u00e1si id\u0151szak<\/strong><\/p>\n<p>A szolg\u00e1ltat\u00e1s megsz\u0171n\u00e9sekor ezeket az adatokat a k\u00f6vetkez\u0151 ideig \u0151rizz\u00fck meg: 24 h\u00f3nap.<\/p>\n<h3><span id=\"14_Newsletter\">1.4 H\u00edrlev\u00e9l<\/span><\/h3>\n<p><strong>Ebb\u0151l a c\u00e9lb\u00f3l a k\u00f6vetkez\u0151 adatokat haszn\u00e1ljuk:<\/strong><\/p>\n<ul>\n<li>Kereszt- \u00e9s vezet\u00e9kn\u00e9v<\/li>\n<li>Fi\u00f3kn\u00e9v vagy \u00e1ln\u00e9v<\/li>\n<li>Egy h\u00e1z vagy egy m\u00e1sik fizikai c\u00edm, bele\u00e9rtve az utcanevet \u00e9s a v\u00e1rost is.<\/li>\n<li>Egy e-mail c\u00edm<\/li>\n<li>Telefonsz\u00e1m<\/li>\n<li>IP-c\u00edm<\/li>\n<li>internetes tev\u00e9kenys\u00e9gre vonatkoz\u00f3 inform\u00e1ci\u00f3k, bele\u00e9rtve, de nem kiz\u00e1r\u00f3lagosan, a b\u00f6ng\u00e9sz\u00e9si el\u0151zm\u00e9nyeket, a keres\u00e9si el\u0151zm\u00e9nyeket \u00e9s a felhaszn\u00e1l\u00f3 internetes weboldallal, alkalmaz\u00e1ssal vagy hirdet\u00e9ssel val\u00f3 interakci\u00f3j\u00e1ra vonatkoz\u00f3 inform\u00e1ci\u00f3kat.<\/li>\n<\/ul>\n<p><strong>Az adatok feldolgoz\u00e1s\u00e1nak alapja:<\/strong><\/p>\n<p><a href=\"https:\/\/cookiedatabase.org\/legal-bases\/#consent\" target=\"_blank\" rel=\"noopener\">A beleegyez\u00e9sr\u0151l.<\/a><\/p>\n<p><strong>T\u00e1rol\u00e1si id\u0151szak<\/strong><\/p>\n<p>A szolg\u00e1ltat\u00e1s megsz\u0171n\u00e9sekor ezeket az adatokat a k\u00f6vetkez\u0151 ideig \u0151rizz\u00fck meg: 24 h\u00f3nap.<\/p>\n<h3><span id=\"15_Per_supportare_servizi_o_prodotti_che_un_cliente_vogliono_o_hanno_comprato\">1.5 Az \u00fcgyf\u00e9l \u00e1ltal ig\u00e9nyelt vagy megv\u00e1s\u00e1rolt szolg\u00e1ltat\u00e1sok vagy term\u00e9kek t\u00e1mogat\u00e1s\u00e1ra<\/span><\/h3>\n<p><strong>Ebb\u0151l a c\u00e9lb\u00f3l a k\u00f6vetkez\u0151 adatokat haszn\u00e1ljuk:<\/strong><\/p>\n<ul>\n<li>Kereszt- \u00e9s vezet\u00e9kn\u00e9v<\/li>\n<li>Fi\u00f3kn\u00e9v vagy \u00e1ln\u00e9v<\/li>\n<li>Egy h\u00e1z vagy egy m\u00e1sik fizikai c\u00edm, bele\u00e9rtve az utcanevet \u00e9s a v\u00e1rost is.<\/li>\n<li>Egy e-mail c\u00edm<\/li>\n<li>Telefonsz\u00e1m<\/li>\n<li>IP-c\u00edm<\/li>\n<li>internetes tev\u00e9kenys\u00e9gre vonatkoz\u00f3 inform\u00e1ci\u00f3k, bele\u00e9rtve, de nem kiz\u00e1r\u00f3lagosan, a b\u00f6ng\u00e9sz\u00e9si el\u0151zm\u00e9nyeket, a keres\u00e9si el\u0151zm\u00e9nyeket \u00e9s a felhaszn\u00e1l\u00f3 internetes weboldallal, alkalmaz\u00e1ssal vagy hirdet\u00e9ssel val\u00f3 interakci\u00f3j\u00e1ra vonatkoz\u00f3 inform\u00e1ci\u00f3kat.<\/li>\n<li>Geolok\u00e1ci\u00f3s adatok<\/li>\n<\/ul>\n<p><strong>Az adatok feldolgoz\u00e1s\u00e1nak alapja:<\/strong><\/p>\n<p><a href=\"https:\/\/cookiedatabase.org\/legal-bases\/#consent\" target=\"_blank\" rel=\"noopener\">A beleegyez\u00e9sr\u0151l.<\/a><\/p>\n<p><strong>T\u00e1rol\u00e1si id\u0151szak<\/strong><\/p>\n<p>A szolg\u00e1ltat\u00e1s megsz\u0171n\u00e9sekor ezeket az adatokat a k\u00f6vetkez\u0151 ideig \u0151rizz\u00fck meg: 24 h\u00f3nap.<\/p>\n<h3><span id=\"16_Per_essere_in_grado_di_rispettare_gli_obblighi_legali\">1.6 A jogi k\u00f6telezetts\u00e9geknek val\u00f3 megfelel\u00e9s \u00e9rdek\u00e9ben<\/span><\/h3>\n<p><strong>Ebb\u0151l a c\u00e9lb\u00f3l a k\u00f6vetkez\u0151 adatokat haszn\u00e1ljuk:<\/strong><\/p>\n<ul>\n<li>Kereszt- \u00e9s vezet\u00e9kn\u00e9v<\/li>\n<li>Fi\u00f3kn\u00e9v vagy \u00e1ln\u00e9v<\/li>\n<li>Egy h\u00e1z vagy egy m\u00e1sik fizikai c\u00edm, bele\u00e9rtve az utcanevet \u00e9s a v\u00e1rost is.<\/li>\n<li>Egy e-mail c\u00edm<\/li>\n<li>Telefonsz\u00e1m<\/li>\n<li>IP-c\u00edm<\/li>\n<li>internetes tev\u00e9kenys\u00e9gre vonatkoz\u00f3 inform\u00e1ci\u00f3k, bele\u00e9rtve, de nem kiz\u00e1r\u00f3lagosan, a b\u00f6ng\u00e9sz\u00e9si el\u0151zm\u00e9nyeket, a keres\u00e9si el\u0151zm\u00e9nyeket \u00e9s a felhaszn\u00e1l\u00f3 internetes weboldallal, alkalmaz\u00e1ssal vagy hirdet\u00e9ssel val\u00f3 interakci\u00f3j\u00e1ra vonatkoz\u00f3 inform\u00e1ci\u00f3kat.<\/li>\n<\/ul>\n<p><strong>Az adatok feldolgoz\u00e1s\u00e1nak alapja:<\/strong><\/p>\n<p><a href=\"https:\/\/cookiedatabase.org\/legal-bases\/#consent\" target=\"_blank\" rel=\"noopener\">A beleegyez\u00e9sr\u0151l.<\/a><\/p>\n<p><strong>T\u00e1rol\u00e1si id\u0151szak<\/strong><\/p>\n<p>A szolg\u00e1ltat\u00e1s megsz\u0171n\u00e9sekor ezeket az adatokat a k\u00f6vetkez\u0151 ideig \u0151rizz\u00fck meg: 24 h\u00f3nap.<\/p>\n<h3><span id=\"17_Compilazione_ed_analisi_di_statistiche_per_migliore_il_sito\">1.7 Statisztik\u00e1k \u00f6ssze\u00e1ll\u00edt\u00e1sa \u00e9s elemz\u00e9se az oldal fejleszt\u00e9se \u00e9rdek\u00e9ben.<\/span><\/h3>\n<p><strong>Ebb\u0151l a c\u00e9lb\u00f3l a k\u00f6vetkez\u0151 adatokat haszn\u00e1ljuk:<\/strong><\/p>\n<ul>\n<li>Kereszt- \u00e9s vezet\u00e9kn\u00e9v<\/li>\n<li>Fi\u00f3kn\u00e9v vagy \u00e1ln\u00e9v<\/li>\n<li>Egy h\u00e1z vagy egy m\u00e1sik fizikai c\u00edm, bele\u00e9rtve az utcanevet \u00e9s a v\u00e1rost is.<\/li>\n<li>Egy e-mail c\u00edm<\/li>\n<li>Telefonsz\u00e1m<\/li>\n<li>IP-c\u00edm<\/li>\n<li>internetes tev\u00e9kenys\u00e9gre vonatkoz\u00f3 inform\u00e1ci\u00f3k, bele\u00e9rtve, de nem kiz\u00e1r\u00f3lagosan, a b\u00f6ng\u00e9sz\u00e9si el\u0151zm\u00e9nyeket, a keres\u00e9si el\u0151zm\u00e9nyeket \u00e9s a felhaszn\u00e1l\u00f3 internetes weboldallal, alkalmaz\u00e1ssal vagy hirdet\u00e9ssel val\u00f3 interakci\u00f3j\u00e1ra vonatkoz\u00f3 inform\u00e1ci\u00f3kat.<\/li>\n<li>Geolok\u00e1ci\u00f3s adatok<\/li>\n<\/ul>\n<p><strong>Az adatok feldolgoz\u00e1s\u00e1nak alapja:<\/strong><\/p>\n<p><a href=\"https:\/\/cookiedatabase.org\/legal-bases\/#consent\" target=\"_blank\" rel=\"noopener\">A beleegyez\u00e9sr\u0151l.<\/a><\/p>\n<p><strong>T\u00e1rol\u00e1si id\u0151szak<\/strong><\/p>\n<p>A szolg\u00e1ltat\u00e1s megsz\u0171n\u00e9sekor ezeket az adatokat a k\u00f6vetkez\u0151 ideig \u0151rizz\u00fck meg: 24 h\u00f3nap.<\/p>\n<h3><span id=\"18_Per_poter_offrire_prodotti_e_servizi_personalizzati\">1.8 Hogy szem\u00e9lyre szabott term\u00e9keket \u00e9s szolg\u00e1ltat\u00e1sokat tudjunk k\u00edn\u00e1lni<\/span><\/h3>\n<p><strong>Ebb\u0151l a c\u00e9lb\u00f3l a k\u00f6vetkez\u0151 adatokat haszn\u00e1ljuk:<\/strong><\/p>\n<ul>\n<li>Kereszt- \u00e9s vezet\u00e9kn\u00e9v<\/li>\n<li>Fi\u00f3kn\u00e9v vagy \u00e1ln\u00e9v<\/li>\n<li>Egy h\u00e1z vagy egy m\u00e1sik fizikai c\u00edm, bele\u00e9rtve az utcanevet \u00e9s a v\u00e1rost is.<\/li>\n<li>Egy e-mail c\u00edm<\/li>\n<li>Telefonsz\u00e1m<\/li>\n<li>IP-c\u00edm<\/li>\n<li>internetes tev\u00e9kenys\u00e9gre vonatkoz\u00f3 inform\u00e1ci\u00f3k, bele\u00e9rtve, de nem kiz\u00e1r\u00f3lagosan, a b\u00f6ng\u00e9sz\u00e9si el\u0151zm\u00e9nyeket, a keres\u00e9si el\u0151zm\u00e9nyeket \u00e9s a felhaszn\u00e1l\u00f3 internetes weboldallal, alkalmaz\u00e1ssal vagy hirdet\u00e9ssel val\u00f3 interakci\u00f3j\u00e1ra vonatkoz\u00f3 inform\u00e1ci\u00f3kat.<\/li>\n<li>Geolok\u00e1ci\u00f3s adatok<\/li>\n<\/ul>\n<p><strong>Az adatok feldolgoz\u00e1s\u00e1nak alapja:<\/strong><\/p>\n<p><a href=\"https:\/\/cookiedatabase.org\/legal-bases\/#consent\" target=\"_blank\" rel=\"noopener\">A beleegyez\u00e9sr\u0151l.<\/a><\/p>\n<p><strong>T\u00e1rol\u00e1si id\u0151szak<\/strong><\/p>\n<p>A szolg\u00e1ltat\u00e1s megsz\u0171n\u00e9sekor ezeket az adatokat a k\u00f6vetkez\u0151 ideig \u0151rizz\u00fck meg: 24 h\u00f3nap.<\/p>\n<ol start=\"2\">\n<li><strong>S\u00fctik<\/strong><\/li>\n<\/ol>\n<p>Weboldalunk s\u00fctiket haszn\u00e1l. A s\u00fctikr\u0151l tov\u00e1bbi inform\u00e1ci\u00f3kat a Cookie-szab\u00e1lyzatunkban tal\u00e1l.<\/p>\n<p>Adatfeldolgoz\u00e1si meg\u00e1llapod\u00e1st k\u00f6t\u00f6tt\u00fcnk a Google-lal.<\/p>\n<p>A Google nem haszn\u00e1lhatja fel az adatokat m\u00e1s Google-szolg\u00e1ltat\u00e1sokhoz.<\/p>\n<ol start=\"3\">\n<li><strong>Biztons\u00e1g<\/strong><\/li>\n<\/ol>\n<p>Elk\u00f6telezettek vagyunk a szem\u00e9lyes adatok biztons\u00e1ga ir\u00e1nt. Megfelel\u0151 biztons\u00e1gi int\u00e9zked\u00e9seket tesz\u00fcnk a szem\u00e9lyes adatokkal val\u00f3 vissza\u00e9l\u00e9s \u00e9s a jogosulatlan hozz\u00e1f\u00e9r\u00e9s korl\u00e1toz\u00e1sa \u00e9rdek\u00e9ben. Ez biztos\u00edtja, hogy csak a sz\u00fcks\u00e9ges szem\u00e9lyek f\u00e9rjenek hozz\u00e1 az \u00d6n adataihoz, hogy az adatokhoz val\u00f3 hozz\u00e1f\u00e9r\u00e9s v\u00e9dett legyen, \u00e9s hogy biztons\u00e1gi int\u00e9zked\u00e9seinket rendszeresen fel\u00fclvizsg\u00e1ljuk.<\/p>\n<ol start=\"4\">\n<li><strong>Harmadik f\u00e9l webhelyei<\/strong><\/li>\n<\/ol>\n<p>Ez az adatv\u00e9delmi nyilatkozat nem vonatkozik a weboldalunkhoz kapcsol\u00f3d\u00f3, harmadik f\u00e9l \u00e1ltal \u00fczemeltetett weboldalakra. Nem tudjuk garant\u00e1lni, hogy ezek a harmadik felek megb\u00edzhat\u00f3an \u00e9s biztons\u00e1gosan kezelik az \u00d6n szem\u00e9lyes adatait. Javasoljuk, hogy haszn\u00e1latuk el\u0151tt olvassa el ezen weboldalak adatv\u00e9delmi nyilatkozat\u00e1t.<\/p>\n<ol start=\"5\">\n<li><strong>B\u00edrs\u00e1gok az adatv\u00e9delmi nyilatkozatra vonatkoz\u00f3an.<\/strong><\/li>\n<\/ol>\n<p>Fenntartjuk a jogot, hogy v\u00e1ltoztat\u00e1sokat eszk\u00f6z\u00f6lj\u00fcnk ezen adatv\u00e9delmi nyilatkozatban. Javasoljuk, hogy rendszeresen olvassa el ezt az adatv\u00e9delmi nyilatkozatot, hogy tiszt\u00e1ban legyen a v\u00e1ltoz\u00e1sokkal. Ezen t\u00falmen\u0151en, ahol csak lehets\u00e9ges, akt\u00edvan t\u00e1j\u00e9koztatni fogjuk \u00d6nt.<\/p>\n<ol start=\"6\">\n<li><strong>Az adatok el\u00e9r\u00e9se \u00e9s szerkeszt\u00e9se<\/strong><\/li>\n<\/ol>\n<p>Ha b\u00e1rmilyen k\u00e9rd\u00e9se van, vagy szeretn\u00e9 tudni, hogy pontosan milyen szem\u00e9lyes adatokat t\u00e1rolunk \u00d6nr\u0151l, k\u00e9rj\u00fck, l\u00e9pjen kapcsolatba vel\u00fcnk.<\/p>\n<ul>\n<li>\u00d6nnek joga van tudni, hogy mikor van sz\u00fcks\u00e9g az \u00d6n szem\u00e9lyes adataira, mi t\u00f6rt\u00e9nik vel\u00fck, mennyi ideig t\u00e1rolj\u00e1k \u0151ket.<\/li>\n<li>Hozz\u00e1f\u00e9r\u00e9si jog: \u00d6nnek joga van hozz\u00e1f\u00e9rni a tudom\u00e1sunkra jutott szem\u00e9lyes adataihoz.<\/li>\n<li>Helyesb\u00edt\u00e9shez val\u00f3 jog: \u00d6n b\u00e1rmikor jogosult szem\u00e9lyes adatait kieg\u00e9sz\u00edteni, helyesb\u00edteni, t\u00f6r\u00f6lni vagy z\u00e1rolni.<\/li>\n<li>Ha b\u00e1rmilyen k\u00e9rd\u00e9se vagy probl\u00e9m\u00e1ja van a weboldal el\u00e9rhet\u0151s\u00e9g\u00e9vel kapcsolatban, k\u00e9rj\u00fck, forduljon hozz\u00e1nk bizalommal.<\/li>\n<li>Az adatok tov\u00e1bb\u00edt\u00e1s\u00e1hoz val\u00f3 jog: \u00d6n jogosult arra, hogy az adatkezel\u0151t\u0151l az \u00f6sszes adat\u00e1t elk\u00e9rje, \u00e9s azokat egy m\u00e1sik adatkezel\u0151nek tov\u00e1bb\u00edtsa.<\/li>\n<li>Tiltakoz\u00e1si jog: \u00d6n jogosult tiltakozni adatai feldolgoz\u00e1sa ellen. Ezt a v\u00e1laszt\u00e1si lehet\u0151s\u00e9get tiszteletben tartjuk, kiv\u00e9ve, ha a feldolgoz\u00e1snak van \u00e9rv\u00e9nyes alapja.<\/li>\n<\/ul>\n<p>\u00dcgyeljen arra, hogy mindig egy\u00e9rtelm\u0171en jelezze, hogy ki \u00d6n, \u00edgy biztos lehet benne, hogy nem egy rossz szem\u00e9ly adatait t\u00f6rli vagy m\u00f3dos\u00edtja.<\/p>\n<ol start=\"7\">\n<li><strong>Panasz elk\u00fcld\u00e9se<\/strong><\/li>\n<\/ol>\n<p>Ha nem el\u00e9gedett azzal, ahogyan a szem\u00e9lyes adatai feldolgoz\u00e1s\u00e1t kezelj\u00fck (panaszt tesz), jog\u00e1ban \u00e1ll panaszt tenni az Adatv\u00e9delmi Hat\u00f3s\u00e1gn\u00e1l.<\/p>\n<ol start=\"8\">\n<li><strong>El\u00e9rhet\u0151s\u00e9gek<\/strong><\/li>\n<\/ol>\n<p><strong>PUZZLE3D.CO<\/strong><br \/>\n<span style=\"font-size: 75%;\">(MEDDYS SNC)<\/span><\/p>\n<p>Via Bologna 10<br \/>\nBovezzo (BS) 25073<br \/>\nOlaszorsz\u00e1g<\/p>\n<p>Honlap: https:\/\/puzzle3d.co<br \/>\nE-mail: support@puzzle3d.co<br \/>\nTelefonsz\u00e1m: 371 5394 647<\/p>","protected":false},"excerpt":{"rendered":"<p>Dichiarazione sulla Privacy (UE) Questa dichiarazione sulla privacy \u00e8 stata aggiornata l\u2019ultima volta il Ottobre 21, 2022 e si applica ai cittadini e ai residenti permanenti legali dello Spazio Economico Europeo e della Svizzera In questa dichiarazione sulla privacy, spieghiamo cosa facciamo con i dati che otteniamo da te attraverso\u00a0https:\/\/puzzle3d.co\u00a0Ti consigliamo di leggere attentamente la [&#8230;]\n","protected":false},"author":10,"featured_media":0,"parent":0,"menu_order":0,"comment_status":"closed","ping_status":"closed","template":"","meta":{"footnotes":""},"class_list":["post-3037","page","type-page","status-publish","hentry"],"_links":{"self":[{"href":"https:\/\/puzzle3d.co\/hu\/wp-json\/wp\/v2\/pages\/3037","targetHints":{"allow":["GET"]}}],"collection":[{"href":"https:\/\/puzzle3d.co\/hu\/wp-json\/wp\/v2\/pages"}],"about":[{"href":"https:\/\/puzzle3d.co\/hu\/wp-json\/wp\/v2\/types\/page"}],"author":[{"embeddable":true,"href":"https:\/\/puzzle3d.co\/hu\/wp-json\/wp\/v2\/users\/10"}],"replies":[{"embeddable":true,"href":"https:\/\/puzzle3d.co\/hu\/wp-json\/wp\/v2\/comments?post=3037"}],"version-history":[{"count":0,"href":"https:\/\/puzzle3d.co\/hu\/wp-json\/wp\/v2\/pages\/3037\/revisions"}],"wp:attachment":[{"href":"https:\/\/puzzle3d.co\/hu\/wp-json\/wp\/v2\/media?parent=3037"}],"curies":[{"name":"wp","href":"https:\/\/api.w.org\/{rel}","templated":true}]}}