{"id":1249,"date":"2023-02-09T10:27:01","date_gmt":"2023-02-09T10:27:01","guid":{"rendered":"https:\/\/puzzle3d.co\/politica-de-confidentialitate-ro-copy\/"},"modified":"2025-02-16T07:14:42","modified_gmt":"2025-02-16T07:14:42","slug":"elallasi-jog","status":"publish","type":"page","link":"https:\/\/puzzle3d.co\/hu\/diritto-di-recesso\/","title":{"rendered":"Visszal\u00e9p\u00e9si jog"},"content":{"rendered":"<header class=\"entry-header ast-no-thumbnail ast-no-meta\">\n<h1 class=\"h3-classico-pag\"><span id=\"Diritto_di_recessodirettiva_201183UE_ratificata_in_Italia_con_il_D_LGS_21_febbraio_2014_N_21\"><strong>El\u00e1ll\u00e1si jog<\/strong><\/span><\/h1>\n<div><strong>SZ\u00c1LL\u00cdT\u00c1S<\/strong><\/div>\n<div>\u00a0<\/div>\n<div>A term\u00e9keket gyors fut\u00e1rszolg\u00e1lattal sz\u00e1ll\u00edtjuk. A Puzzle 3D k\u00f6telezetts\u00e9geinek maxim\u00e1lis \u00e9rt\u00e9ke b\u00e1rmely \u00fcgyf\u00e9llel szemben a megv\u00e1s\u00e1rolt term\u00e9kek nem vagy nem megfelel\u0151 sz\u00e1ll\u00edt\u00e1sa eset\u00e9n a v\u00e1llalatunk \u00e1ltal az adott \u00fcgyf\u00e9lt\u0151l beszedett \u00f6sszeg. Abban az esetben, ha az \u00e1rak vagy egy\u00e9b term\u00e9kadatok hib\u00e1san jelennek meg, ak\u00e1r az\u00e9rt is, mert azokat hib\u00e1san adt\u00e1k meg az adatb\u00e1zisban, a Puzzle3D.co fenntartja a jogot, hogy az adott term\u00e9k sz\u00e1ll\u00edt\u00e1s\u00e1t lemondja, \u00e9s a lehet\u0151 leghamarabb \u00e9rtes\u00edtse a v\u00e1s\u00e1rl\u00f3t a felmer\u00fclt hib\u00e1r\u00f3l.<\/div>\n<div>\u00a0<\/div>\n<div><strong>A telefonon vissza nem igazolt ut\u00e1nv\u00e9tes rendel\u00e9seket t\u00f6r\u00f6lj\u00fck.<\/strong><\/div>\n<div>\u00a0<\/div>\n<div>A sz\u00e1ll\u00edt\u00e1si d\u00edj 3,95 eur\u00f3 80 lejig, s\u00falyt\u00f3l \u00e9s sz\u00e1ll\u00edt\u00e1si c\u00edmt\u0151l f\u00fcggetlen\u00fcl.<\/div>\n<div>A 80 eur\u00f3n\u00e1l nagyobb \u00e9rt\u00e9k\u0171 megrendel\u00e9sek ingyenes kisz\u00e1ll\u00edt\u00e1sban r\u00e9szes\u00fclnek.<\/div>\n<div>Az ut\u00e1nv\u00e9ttel leadott megrendel\u00e9seket, amennyiben azokat nem er\u0151s\u00edtik meg telefonon, t\u00f6r\u00f6lj\u00fck.<\/div>\n<div>Az oldalr\u00f3l megrendelt term\u00e9keket azonnal kisz\u00e1ll\u00edtjuk, amint a megrendel\u00e9st \u00d6n telefonon meger\u0151s\u00edtette egyik oper\u00e1torunknak.<\/div>\n<div>A megrendel\u00e9s visszaigazol\u00e1s\u00e1nak pillanat\u00e1t\u00f3l kezdve e-mailben vagy telefonon felvessz\u00fck \u00d6nnel a kapcsolatot, majd megkapja az AWB-sz\u00e1m\u00e1t, \u00e9s a fut\u00e1rszolg\u00e1lat weboldal\u00e1n k\u00f6zvetlen\u00fcl nyomon k\u00f6vetheti, hogy hol van a csomagja.<\/div>\n<div>\u00a0<\/div>\n<div>A term\u00e9kek sz\u00e1ll\u00edt\u00e1si ideje a mindenkori k\u00e9szlett\u0151l f\u00fcgg. \u00c1ltal\u00e1ban a megrendel\u00e9s visszaigazol\u00e1s\u00e1t k\u00f6vet\u0151 24-48 \u00f3r\u00e1n bel\u00fcl megkapja a term\u00e9ket otthon\u00e1ba, ha az adott term\u00e9k rakt\u00e1ron van. Ha bizonyos esetekben a term\u00e9k nincs rakt\u00e1ron, egy oper\u00e1tor telefonon vagy e-mailben t\u00e1j\u00e9koztatja \u00d6nt a megrendelt term\u00e9kek sz\u00e1ll\u00edt\u00e1si idej\u00e9r\u0151l.<\/div>\n<h3 class=\"h3-classico-pag\"><span id=\"Diritto_di_recessodirettiva_201183UE_ratificata_in_Italia_con_il_D_LGS_21_febbraio_2014_N_21\">(2011\/83\/EU ir\u00e1nyelv, amelyet Olaszorsz\u00e1gban a 2014. febru\u00e1r 21-i 21. sz. t\u00f6rv\u00e9nyerej\u0171 rendelet ratifik\u00e1lt)<\/span><\/h3>\n<p class=\"p-classico-pag\">A \"fogyaszt\u00f3\" (azaz az a term\u00e9szetes szem\u00e9ly, aki nem a szakmai tev\u00e9kenys\u00e9g\u00e9hez kapcsol\u00f3d\u00f3 c\u00e9lb\u00f3l v\u00e1s\u00e1rol \u00e1rut, azaz aki a v\u00e1s\u00e1rl\u00e1st nem a megrendel\u0151lapon felt\u00fcntetett H\u00c9A-sz\u00e1mmal v\u00e9gzi) jogosult indokl\u00e1s \u00e9s szankci\u00f3 n\u00e9lk\u00fcl el\u00e1llni a t\u00e1vollev\u0151k k\u00f6z\u00f6tt k\u00f6t\u00f6tt ad\u00e1sv\u00e9teli szerz\u0151d\u00e9st\u0151l.<\/p>\n<p class=\"p-classico-pag\">Az \u00e1ru \u00e1tv\u00e9telekor a fogyaszt\u00f3nak <strong>14 nap<\/strong> k\u00f6z\u00f6lni, hogy k\u00edv\u00e1nnak-e \u00e9lni a visszavon\u00e1sukkal. A kommunik\u00e1ci\u00f3 t\u00f6rt\u00e9nhet p\u00e9ld\u00e1ul szolg\u00e1lati jegy, aj\u00e1nlott lev\u00e9l vagy e-mail \u00fatj\u00e1n. Az ilyen \u00e9rtes\u00edt\u00e9snek tartalmaznia kell a v\u00e1s\u00e1rl\u00f3 kereszt- \u00e9s vezet\u00e9knev\u00e9t, a rendel\u00e9si sz\u00e1mot, a sz\u00e1mla sz\u00e1m\u00e1t \u00e9s a v\u00e1s\u00e1rl\u00e1s d\u00e1tum\u00e1t.<\/p>\n<p class=\"p-classico-pag\">A Fogyaszt\u00f3 k\u00f6teles a term\u00e9keket ugyanolyan \u00e1llapotban visszaszolg\u00e1ltatni, ahogyan azokat \u00e1tvette, az eredeti csomagol\u00e1ssal (s\u00e9rtetlen\u00fcl \u00e9s hi\u00e1nytalanul, mivel ezek az \u00e1ru szerves r\u00e9sz\u00e9nek tekintend\u0151k), a k\u00e9zik\u00f6nyvekkel, tartoz\u00e9kokkal, alkatr\u00e9szekkel, kulcsokkal \u00e9s minden m\u00e1s, a term\u00e9khez mell\u00e9kelt dologgal egy\u00fctt, hi\u00e1nytalanul.<\/p>\n<p class=\"p-classico-pag\">A fogyaszt\u00f3 csak az \u00e1ru term\u00e9szet\u00e9nek, jellemz\u0151inek \u00e9s m\u0171k\u00f6d\u00e9s\u00e9nek meg\u00e1llap\u00edt\u00e1s\u00e1hoz sz\u00fcks\u00e9ges kezel\u00e9s\u00e9b\u0151l ered\u0151 \u00e9rt\u00e9kcs\u00f6kken\u00e9s\u00e9rt felel.<br \/>Abban az esetben, ha az \u00e1ru nyilv\u00e1nval\u00f3an haszn\u00e1lt \u00e9s\/vagy hi\u00e1nyzik vagy s\u00e9rtetlen csomagol\u00e1ssal rendelkezik, a \"haszn\u00e1lt term\u00e9kk\u00e9nt\" t\u00f6rt\u00e9n\u0151 \u00fajb\u00f3li forgalomba hozatalkor bek\u00f6vetkez\u0151 kereskedelmi \u00e9rt\u00e9kcs\u00f6kken\u00e9s \u00e9rt\u00e9kcs\u00f6kken\u00e9st eredm\u00e9nyez.<\/p>\n<p class=\"p-classico-pag\">Az eredeti csomagol\u00e1s s\u00e9r\u00fcl\u00e9s\u00e9nek korl\u00e1toz\u00e1sa \u00e9rdek\u00e9ben, amennyiben lehets\u00e9ges, javasoljuk, hogy azt egy m\u00e1sodik dobozba tegye, \u00e9s minden esetben ker\u00fclje a c\u00edmk\u00e9k vagy ragaszt\u00f3szalagok k\u00f6zvetlen felragaszt\u00e1s\u00e1t az eredeti term\u00e9kcsomagol\u00e1sra.<\/p>\n<p class=\"p-classico-pag\">Az el\u00e1ll\u00e1sr\u00f3l sz\u00f3l\u00f3 \u00e9rtes\u00edt\u00e9st\u0151l sz\u00e1m\u00edtott 14 napon bel\u00fcl a Fogyaszt\u00f3nak gondoskodnia kell arr\u00f3l, hogy a term\u00e9ket a saj\u00e1t sz\u00e1ll\u00edtm\u00e1nyoz\u00f3ja juttassa vissza a Puzzle 3D (MEDDYS SNC ) - Via Bologna 10, 25073 Bovezzo (BS), Olaszorsz\u00e1g - r\u00e9sz\u00e9re. A visszak\u00fcld\u00e9s k\u00f6lts\u00e9gei a fogyaszt\u00f3t terhelik.<br \/>A fent eml\u00edtett c\u00edmre t\u00f6rt\u00e9n\u0151 \u00e1tv\u00e9tel visszaigazol\u00e1s\u00e1ig az \u00e1ru a Fogyaszt\u00f3 felel\u0151ss\u00e9ge alatt utazik; ez\u00e9rt aj\u00e1nlatos a visszasz\u00e1ll\u00edt\u00e1st biztos\u00edtani lop\u00e1s, elveszt\u00e9s vagy sz\u00e1ll\u00edt\u00e1s k\u00f6zbeni s\u00e9r\u00fcl\u00e9s ellen, amely\u00e9rt az AgriEuro nem v\u00e1llal felel\u0151ss\u00e9get.<\/p>\n<p class=\"p-classico-pag\">Az \u00e1ru \u00e1tv\u00e9tel\u00e9t\u0151l sz\u00e1m\u00edtott 14 napon bel\u00fcl visszat\u00e9r\u00edtj\u00fck a v\u00e1s\u00e1rl\u00f3nak a tranzakci\u00f3 teljes \u00f6sszeg\u00e9t (a fent meghat\u00e1rozott korl\u00e1toz\u00e1sokkal), az eredeti v\u00e1s\u00e1rl\u00e1skor haszn\u00e1lt fizet\u00e9si m\u00f3ddal. A visszat\u00e9r\u00edt\u00e9s mindaddig felf\u00fcggeszthet\u0151, am\u00edg a fogyaszt\u00f3 nem bizony\u00edtja, hogy t\u00e9nylegesen visszak\u00fcldte az \u00e1rut.<\/p>\n<h3 class=\"h3-classico-pag\"><span id=\"Recesso_del_Fornitore\"><strong>A sz\u00e1ll\u00edt\u00f3 visszal\u00e9p\u00e9se<\/strong><\/span><\/h3>\n<p class=\"p-classico-pag\">A MEDDYS SNC-nek joga van el\u00e1llni az ad\u00e1sv\u00e9teli szerz\u0151d\u00e9st\u0151l az \u00fcgyf\u00e9lnek k\u00fcld\u00f6tt egyszer\u0171, indokolt \u00e9rtes\u00edt\u00e9ssel, amennyiben vis maior vagy a web\u00e1ruh\u00e1znak vagy a fuvaroz\u00f3nak fel nem r\u00f3hat\u00f3, fel\u00fcgyelt lehetetlens\u00e9g \u00e1ll fenn. Ilyen esetben a v\u00e1s\u00e1rl\u00f3 csak a m\u00e1r kifizetett \u00f6sszeg visszat\u00e9r\u00edt\u00e9s\u00e9re jogosult.<\/p>\n<div><strong>\u00a0<\/strong><\/div>\n<div><strong>HOGYAN LEHET VISSZAK\u00dcLDENI A TERM\u00c9KET?<\/strong><\/div>\n<div>\u00a0<\/div>\n<div>A hat\u00e1lyos GEO 34\/2014-es rendelet \u00e9rtelm\u00e9ben a Puzzle3D.co oldalon v\u00e1s\u00e1rolt term\u00e9keket a v\u00e1s\u00e1rl\u00e1st\u00f3l sz\u00e1m\u00edtott 14 napon bel\u00fcl visszak\u00fcldheti.<\/div>\n<div>\u00a0<\/div>\n<div>A term\u00e9k a k\u00f6vetkez\u0151 felt\u00e9telek mellett k\u00fcldhet\u0151 vissza:<\/div>\n<div>\u00a0<\/div>\n<div>nincs nyoma \u00f6sszeszerel\u00e9snek, karcol\u00e1soknak, \u00fct\u0151d\u00e9seknek<\/div>\n<div>s\u00e9rtetlen csomagol\u00e1s, c\u00edmk\u00e9k \u00e9s tartoz\u00e9kok<\/div>\n<div>nem mutatja a haszn\u00e1lat nyomait<\/div>\n<div>A term\u00e9k csak akkor k\u00fcldhet\u0151 vissza, ha t\u00f6k\u00e9letes \u00e1llapotban van (a csomagol\u00e1ssal egy\u00fctt), \u00e9s nem mutatja kop\u00e1s jeleit. A term\u00e9k visszautas\u00edt\u00e1sa eset\u00e9n k\u00e9rj\u00fck, hogy a term\u00e9k \u00e1tv\u00e9tel\u00e9t\u0151l sz\u00e1m\u00edtott 24 \u00f3r\u00e1n bel\u00fcl vegye fel vel\u00fcnk a kapcsolatot telefonon vagy e-mailben a visszak\u00fcld\u00e9s r\u00e9szleteinek meg\u00e1llap\u00edt\u00e1sa \u00e9rdek\u00e9ben.<\/div>\n<div>\u00a0<\/div>\n<div>A visszak\u00fcld\u00e9s k\u00f6lts\u00e9gei a v\u00e1s\u00e1rl\u00f3t terhelik, \u00e9s a term\u00e9k \u00e9rt\u00e9k\u00e9nek visszat\u00e9r\u00edt\u00e9se k\u00f6r\u00fclbel\u00fcl 5-7 munkanapon bel\u00fcl t\u00f6rt\u00e9nik, \u00e9s nem haladhatja meg a t\u00f6rv\u00e9nyes 14 napos hat\u00e1rid\u0151t.<\/div>\n<div>\u00a0<\/div>\n<div>Ha a visszak\u00fcld\u00f6tt term\u00e9k s\u00e9r\u00fclt, nyilv\u00e1nval\u00f3 haszn\u00e1lati nyomokat mutat, \u00e9s nem \u00e9rt\u00e9kes\u00edthet\u0151 \u00faj term\u00e9kk\u00e9nt, fenntartjuk a jogot a term\u00e9k visszautas\u00edt\u00e1s\u00e1ra. Mindezen z\u00e1rad\u00e9kok \u00e9s felt\u00e9telek a k\u00f6vetkez\u0151kben vannak meghat\u00e1rozva:<\/div>\n<div>\u00a0<\/div>\n<div>34\/2014. sz. s\u00fcrg\u0151ss\u00e9gi rendelet a t\u00e1vollev\u0151k k\u00f6z\u00f6tt k\u00f6t\u00f6tt szerz\u0151d\u00e9sek jogi szab\u00e1lyoz\u00e1s\u00e1r\u00f3l.<\/div>\n<div>\u00a0<\/div>\n<div>K\u00e9rj\u00fck, l\u00e9pjen kapcsolatba vel\u00fcnk e-mailben: support@puzzle3D.co<\/div>\n<div>A term\u00e9k visszak\u00fcld\u00e9si c\u00edme:<\/div>\n<div>\u00a0<\/div>\n<div>Via Bologna 10<\/div>\n<div>Bovezz (BS) 25073<\/div>\n<div>Olaszorsz\u00e1g<\/div>\n<div>\u00a0<\/div>\n<div>Figyelem: ne k\u00fcldje el a term\u00e9ket, am\u00edg nem kapta meg a visszak\u00fcld\u00e9si oszt\u00e1ly hozz\u00e1j\u00e1rul\u00e1s\u00e1t, a visszak\u00fcld\u00e9si c\u00edm elt\u00e9rhet a c\u00e9g c\u00edm\u00e9t\u0151l!<\/div>\n<div>\u00a0<\/div>\n<div>HOGYAN T\u00c9R\u00cdTJ\u00dcK VISSZA A P\u00c9NZ\u00c9T?<\/div>\n<div>\u00a0<\/div>\n<div>online k\u00e1rty\u00e1val fizetett megrendel\u00e9sek eset\u00e9n - visszat\u00e9r\u00edt\u00e9ssel a banksz\u00e1ml\u00e1ra, amelyr\u0151l a fizet\u00e9s t\u00f6rt\u00e9nt.<\/div>\n<div>ut\u00e1nv\u00e9ttel\/iTransferrel\/ banki \u00e1tutal\u00e1ssal fizetett megrendel\u00e9sek eset\u00e9n<\/div>\n<div>A Puzzle3D.co elhalaszthatja az \u00f6sszeg visszat\u00e9r\u00edt\u00e9s\u00e9t az eladott \u00c1ruk \u00e1tv\u00e9tel\u00e9ig, vagy az azok sz\u00e1ll\u00edt\u00e1s\u00e1r\u00f3l sz\u00f3l\u00f3 igazol\u00e1s k\u00e9zhezv\u00e9tel\u00e9ig, amennyiben nem aj\u00e1nlotta fel, hogy maga vegye \u00e1t az \u00c1rut (att\u00f3l f\u00fcgg\u0151en, hogy melyik a legk\u00e9s\u0151bbi id\u0151pont). .<\/div>\n<div>\u00a0<\/div>\n<div>Ha a Vev\u0151 \u00e1ltal megrendelt term\u00e9ket az Elad\u00f3 nem tudja lesz\u00e1ll\u00edtani, az Elad\u00f3 k\u00f6teles err\u0151l a t\u00e9nyr\u0151l a Vev\u0151t\/V\u00e1s\u00e1rl\u00f3t t\u00e1j\u00e9koztatni, \u00e9s a term\u00e9k ellen\u00e9rt\u00e9k\u00e9t a Vev\u0151 sz\u00e1ml\u00e1j\u00e1ra visszautalni, legfeljebb 14 napon bel\u00fcl att\u00f3l a napt\u00f3l sz\u00e1m\u00edtva, amikor az Elad\u00f3 tudom\u00e1st szerzett err\u0151l a t\u00e9nyr\u0151l.<\/div>\n<\/header>\n<p>\u00a0<\/p>\n<div class=\"is-divider divider clearfix\" style=\"max-width:0px;height:25px;background-color:rgb(255, 255, 255);\"><\/div>","protected":false},"excerpt":{"rendered":"<p>Diritto di recesso CONSEGNA \u00a0 La consegna dei prodotti viene effettuata tramite corriere veloce. Il valore massimo degli obblighi di Puzzle 3D nei confronti di qualsiasi cliente in caso di mancata consegna o consegna impropria dei prodotti acquistati \u00e8 l&#8217;importo riscosso dalla nostra azienda dal rispettivo cliente. Nel caso in cui i prezzi o altri [&#8230;]\n","protected":false},"author":10,"featured_media":0,"parent":0,"menu_order":0,"comment_status":"closed","ping_status":"closed","template":"","meta":{"footnotes":""},"class_list":["post-1249","page","type-page","status-publish","hentry"],"_links":{"self":[{"href":"https:\/\/puzzle3d.co\/hu\/wp-json\/wp\/v2\/pages\/1249","targetHints":{"allow":["GET"]}}],"collection":[{"href":"https:\/\/puzzle3d.co\/hu\/wp-json\/wp\/v2\/pages"}],"about":[{"href":"https:\/\/puzzle3d.co\/hu\/wp-json\/wp\/v2\/types\/page"}],"author":[{"embeddable":true,"href":"https:\/\/puzzle3d.co\/hu\/wp-json\/wp\/v2\/users\/10"}],"replies":[{"embeddable":true,"href":"https:\/\/puzzle3d.co\/hu\/wp-json\/wp\/v2\/comments?post=1249"}],"version-history":[{"count":0,"href":"https:\/\/puzzle3d.co\/hu\/wp-json\/wp\/v2\/pages\/1249\/revisions"}],"wp:attachment":[{"href":"https:\/\/puzzle3d.co\/hu\/wp-json\/wp\/v2\/media?parent=1249"}],"curies":[{"name":"wp","href":"https:\/\/api.w.org\/{rel}","templated":true}]}}