{"id":1196,"date":"2023-02-07T09:58:30","date_gmt":"2023-02-07T09:58:30","guid":{"rendered":"https:\/\/puzzle3d.co\/cookie-policy-eu\/"},"modified":"2025-02-16T07:14:09","modified_gmt":"2025-02-16T07:14:09","slug":"cookie-szabalyzat-eu","status":"publish","type":"page","link":"https:\/\/puzzle3d.co\/hu\/cookie-policy-eu\/","title":{"rendered":"Cookie-szab\u00e1lyzat (EU)"},"content":{"rendered":"<h1><i>Politica sui Cookie UE<\/i><\/h1>\n[cmplz-document type=&#8221;cookie-statement&#8221; region=&#8221;eu&#8221;]\n","protected":false},"excerpt":{"rendered":"<p>Politica sui Cookie UE [cmplz-document type=&#8221;cookie-statement&#8221; region=&#8221;eu&#8221;]\n","protected":false},"author":10,"featured_media":0,"parent":0,"menu_order":0,"comment_status":"closed","ping_status":"closed","template":"","meta":{"slim_seo":{"title":"Cookie szab\u00e1lyzat (EU) - 3D Puzzles","description":"Weboldalunk cookie-kat \u00e9s m\u00e1s kapcsol\u00f3d\u00f3 technol\u00f3gi\u00e1kat haszn\u00e1l (az egyszer\u0171s\u00e9g kedv\u00e9\u00e9rt minden technol\u00f3gi\u00e1ra \"cookie-k\u00e9nt\" hivatkozunk)."},"footnotes":""},"class_list":["post-1196","page","type-page","status-publish","hentry"],"_links":{"self":[{"href":"https:\/\/puzzle3d.co\/hu\/wp-json\/wp\/v2\/pages\/1196","targetHints":{"allow":["GET"]}}],"collection":[{"href":"https:\/\/puzzle3d.co\/hu\/wp-json\/wp\/v2\/pages"}],"about":[{"href":"https:\/\/puzzle3d.co\/hu\/wp-json\/wp\/v2\/types\/page"}],"author":[{"embeddable":true,"href":"https:\/\/puzzle3d.co\/hu\/wp-json\/wp\/v2\/users\/10"}],"replies":[{"embeddable":true,"href":"https:\/\/puzzle3d.co\/hu\/wp-json\/wp\/v2\/comments?post=1196"}],"version-history":[{"count":0,"href":"https:\/\/puzzle3d.co\/hu\/wp-json\/wp\/v2\/pages\/1196\/revisions"}],"wp:attachment":[{"href":"https:\/\/puzzle3d.co\/hu\/wp-json\/wp\/v2\/media?parent=1196"}],"curies":[{"name":"wp","href":"https:\/\/api.w.org\/{rel}","templated":true}]}}