{"id":942,"date":"2023-01-31T09:32:58","date_gmt":"2023-01-31T09:32:58","guid":{"rendered":"https:\/\/puzzle3d.co\/product\/kinetic-globe-puzzle-3d-copy\/"},"modified":"2025-06-11T19:04:17","modified_gmt":"2025-06-11T19:04:17","slug":"moulin-a-vent-mecanique-3d-puzzle","status":"publish","type":"product","link":"https:\/\/puzzle3d.co\/fr\/prodotto\/mulino-a-vento-meccanico-puzzle-3d\/","title":{"rendered":"Moulin \u00e0 vent m\u00e9canique en bois \u00e0 construire 227 pi\u00e8ces"},"content":{"rendered":"<div>\n<div>\n<div>\n<p><strong>Moulin \u00e0 vent m\u00e9canique en bois \u00e0 construire 227 pi\u00e8ces<\/strong><\/p>\n<\/div>\n<div><\/div>\n<div>Les moulins \u00e0 vent ont sauv\u00e9 les Pays-Bas des inondations.<\/div>\n<div><\/div>\n<div>Comment cela pourrait-il vous \"sauver\" aussi ?<\/div>\n<div><\/div>\n<div>Assemblez un moulin \u00e0 vent lorsque vous voulez \u00e9chapper \u00e0 la routine, regardez les h\u00e9lices tourner lorsque vous \u00eates fatigu\u00e9 ou offrez simplement un moulin \u00e0 vent \u00e0 un \u00eatre cher qui vous en sera tr\u00e8s reconnaissant.<\/div>\n<div><\/div>\n<div>Cadeau id\u00e9al pour les amoureux de la nature<\/div>\n<div><\/div>\n<div>Vous pouvez l'assembler avec votre enfant. Votre petit compagnon sera fascin\u00e9 par ce mod\u00e8le et racontera en m\u00eame temps l'histoire, imaginant comment, il y a des centaines d'ann\u00e9es, les gens moulaient les grains, les c\u00e9r\u00e9ales, pressaient l'huile, d\u00e9chiquetaient le tabac et fabriquaient m\u00eame du papier.<\/div>\n<div><\/div>\n<div>D'ailleurs, les premiers moulins \u00e0 vent ont \u00e9t\u00e9 invent\u00e9s vers le 9e si\u00e8cle dans l'ancienne Perse et se sont r\u00e9pandus en Europe vers le 18e si\u00e8cle.<\/div>\n<div><\/div>\n<div>Le moulin \u00e0 vent est un meuble que vous voudrez exposer l\u00e0 o\u00f9 vous passez le plus clair de votre temps.<\/div>\n<div><\/div>\n<\/div>\n<div>\n<div><strong>D\u00c9TAILS DU PRODUIT :<\/strong><\/div>\n<div><\/div>\n<div>Dimensions du mod\u00e8le : 195*340*400 mm<\/div>\n<div>Dimensions de l'emballage : 375 x 243 x 20 mm<\/div>\n<div>Nombre de pi\u00e8ces : 227<\/div>\n<\/div>\n<\/div>\n<div>\n<div><\/div>\n<\/div>","protected":false},"excerpt":{"rendered":"<div>Assemblez un moulin \u00e0 vent lorsque vous voulez \u00e9chapper \u00e0 la routine, regardez les h\u00e9lices tourner lorsque vous \u00eates fatigu\u00e9 ou offrez simplement un moulin \u00e0 vent \u00e0 un \u00eatre cher qui vous en sera tr\u00e8s reconnaissant.<\/div>\n<p>&nbsp;<\/p>","protected":false},"featured_media":948,"comment_status":"open","ping_status":"closed","template":"","meta":[],"product_brand":[],"product_cat":[73,74,76,89,90,91],"product_tag":[],"woo-feed-brand":[],"class_list":{"0":"post-942","1":"product","2":"type-product","3":"status-publish","4":"has-post-thumbnail","6":"product_cat-puzzle-3d","7":"product_cat-puzzle-3d-in-legno","8":"product_cat-puzzle-3d-per-bambini","9":"product_cat-puzzle-meccanici-3d-in-legno","10":"product_cat-puzzle-meccanici-per-bambini","11":"product_cat-puzzle-meccanici-per-adulti","13":"first","14":"instock","15":"shipping-taxable","16":"purchasable","17":"product-type-simple"},"_links":{"self":[{"href":"https:\/\/puzzle3d.co\/fr\/wp-json\/wp\/v2\/product\/942","targetHints":{"allow":["GET"]}}],"collection":[{"href":"https:\/\/puzzle3d.co\/fr\/wp-json\/wp\/v2\/product"}],"about":[{"href":"https:\/\/puzzle3d.co\/fr\/wp-json\/wp\/v2\/types\/product"}],"replies":[{"embeddable":true,"href":"https:\/\/puzzle3d.co\/fr\/wp-json\/wp\/v2\/comments?post=942"}],"wp:featuredmedia":[{"embeddable":true,"href":"https:\/\/puzzle3d.co\/fr\/wp-json\/wp\/v2\/media\/948"}],"wp:attachment":[{"href":"https:\/\/puzzle3d.co\/fr\/wp-json\/wp\/v2\/media?parent=942"}],"wp:term":[{"taxonomy":"product_brand","embeddable":true,"href":"https:\/\/puzzle3d.co\/fr\/wp-json\/wp\/v2\/product_brand?post=942"},{"taxonomy":"product_cat","embeddable":true,"href":"https:\/\/puzzle3d.co\/fr\/wp-json\/wp\/v2\/product_cat?post=942"},{"taxonomy":"product_tag","embeddable":true,"href":"https:\/\/puzzle3d.co\/fr\/wp-json\/wp\/v2\/product_tag?post=942"},{"taxonomy":"woo-feed-brand","embeddable":true,"href":"https:\/\/puzzle3d.co\/fr\/wp-json\/wp\/v2\/woo-feed-brand?post=942"}],"curies":[{"name":"wp","href":"https:\/\/api.w.org\/{rel}","templated":true}]}}